{"id":5506,"date":"2020-01-15T13:39:35","date_gmt":"2020-01-15T12:39:35","guid":{"rendered":"https:\/\/www.hotel-roessle.de\/?page_id=5506"},"modified":"2025-04-24T18:00:07","modified_gmt":"2025-04-24T16:00:07","slug":"naturparkhotel-schwarzwald","status":"publish","type":"page","link":"https:\/\/www.hotel-roessle.de\/fr\/naturparkhotel-schwarzwald\/","title":{"rendered":"Genie\u00dfen Sie erholsame Tage im R\u00f6\u00dfle &#8211; barrierefreies Naturparkhotel im Schwarzwald"},"content":{"rendered":"<p>Mit seinen bewaldeten H\u00f6henz\u00fcgen, den idyllischen T\u00e4lern und der tief im Bewusstsein der Menschen verankerten Kultur ist der Schwarzwald heute eine der beliebtesten Urlaubsregionen der Bundesrepublik. Im Herzen dieser traditionsreichen Region befindet sich mit dem R\u00f6\u00dfle unser familiengef\u00fchrtes Naturparkhotel. Unser R\u00f6\u00dfle bietet Ihnen als Gast ein Hotel, welches es Ihnen erm\u00f6glicht sich barrierefrei im Schwarzwald zu erholen und l\u00e4dt Sie unter allen Umst\u00e4nden zu einem erholsamen Aufenthalt mit unvergesslichen Erlebnissen ein.<\/p>\n<p><span style=\"color: #1b4100; font-family: 'Ubuntu Condensed', sans-serif; font-size: 20px; font-weight: 300;\">Unvergessliche Urlaubstage im Naturparkhotel im Schwarzwald<br \/>\n<\/span>Schon seit 1670 befindet sich das Hotel R\u00f6\u00dfle in Familienbesitz und wird seitdem mit Leidenschaft und Liebe gef\u00fchrt. Freuen Sie sich auf unbeschwerte und unvergessliche Urlaubstage im Herzen des Schwarzwaldes. Unser Naturparkhotel im Schwarzwald ist modern und komfortabel eingerichtet. Die hellen und freundlich gestalteten Zimmer laden Sie dazu ein, den Trubel des Alltags zu vergessen. Als Wanderhotel im Schwarzwald sind wir der hervorragende Ausgangspunkt f\u00fcr Wanderungen unterschiedlicher L\u00e4nge. Wagen Sie sich auf die kulinarische Lebk\u00fcchler-Wanderung oder nehmen Sie an einem unserer Saisonh\u00f6hepunkte teil. M\u00f6chten Sie die Seele baumeln lassen, sind unsere Angebote mit Wellness-Anwendungen genau die richtige Wahl f\u00fcr Sie.<\/p>\n<p><span style=\"color: #1b4100; font-family: 'Ubuntu Condensed', sans-serif; font-size: 20px; font-weight: 300;\">Schwarzwald Urlaub im \u00f6kologischen Holzhaus<br \/>\n<\/span>Wir betreiben unser liebevoll eingerichtetes Hotel im Einklang mit der Natur. Unser \u00f6kologisches Holzhaus wirkt nicht nur besonders einladend, sondern wird durch die \u00fcberwiegende Verwendung von Holz von einem nat\u00fcrlichen Charme gepr\u00e4gt. Die zahlreichen Naturmaterialien unterst\u00fctzen in unserem Wanderhotel im Schwarzwald ein angenehmes Raumklima. Zugleich macht uns dieses Umwelt- und Baukonzept zu einem Unikat in Todtmoos. In unserem \u00f6kologischen Holzhaus befinden sich modern eingerichtete Appartements sowie Komfort-Einzelzimmer.<\/p>\n","protected":false},"excerpt":{"rendered":"<p>Mit seinen bewaldeten H\u00f6henz\u00fcgen, den idyllischen T\u00e4lern und der tief im Bewusstsein der Menschen verankerten Kultur ist der Schwarzwald heute eine der beliebtesten Urlaubsregionen der Bundesrepublik. Im Herzen dieser traditionsreichen Region befindet sich mit dem R\u00f6\u00dfle unser familiengef\u00fchrtes Naturparkhotel. Unser R\u00f6\u00dfle bietet Ihnen als Gast ein Hotel, welches es Ihnen erm\u00f6glicht sich barrierefrei im Schwarzwald [&hellip;]<\/p>\n","protected":false},"author":2,"featured_media":0,"parent":0,"menu_order":222,"comment_status":"closed","ping_status":"closed","template":"","meta":{"_acf_changed":false,"_glsr_average":0,"_glsr_ranking":0,"_glsr_reviews":0,"footnotes":""},"class_list":["post-5506","page","type-page","status-publish","hentry"],"acf":[],"yoast_head":"<!-- This site is optimized with the Yoast SEO plugin v26.6 - https:\/\/yoast.com\/wordpress\/plugins\/seo\/ -->\n<title>Entspannen ohne Grenzen: Barrierefreies Hotel im Schwarzwald<\/title>\n<meta name=\"description\" content=\"Barrierefreier Schwarzwaldurlaub erwartet Sie im Naturparkhotel R\u00f6\u00dfle. Entspannen Sie ohne Grenzen und genie\u00dfen Sie inklusiven Komfort in traumhafter Lage.\" \/>\n<meta name=\"robots\" content=\"index, follow, max-snippet:-1, max-image-preview:large, max-video-preview:-1\" \/>\n<link rel=\"canonical\" href=\"https:\/\/www.hotel-roessle.de\/naturparkhotel-schwarzwald\/\" \/>\n<meta property=\"og:locale\" content=\"fr_FR\" \/>\n<meta property=\"og:type\" content=\"article\" \/>\n<meta property=\"og:title\" content=\"Entspannen ohne Grenzen: Barrierefreies Hotel im Schwarzwald\" \/>\n<meta property=\"og:description\" content=\"Barrierefreier Schwarzwaldurlaub erwartet Sie im Naturparkhotel R\u00f6\u00dfle. Entspannen Sie ohne Grenzen und genie\u00dfen Sie inklusiven Komfort in traumhafter Lage.\" \/>\n<meta property=\"og:url\" content=\"https:\/\/www.hotel-roessle.de\/naturparkhotel-schwarzwald\/\" \/>\n<meta property=\"og:site_name\" content=\"4* Hotel Schwarzwald-Resort R\u00f6\u00dfle Todtmoos\" \/>\n<meta property=\"article:modified_time\" content=\"2025-04-24T16:00:07+00:00\" \/>\n<meta name=\"twitter:card\" content=\"summary_large_image\" \/>\n<meta name=\"twitter:label1\" content=\"Dur\u00e9e de lecture estim\u00e9e\" \/>\n\t<meta name=\"twitter:data1\" content=\"2 minutes\" \/>\n<script type=\"application\/ld+json\" class=\"yoast-schema-graph\">{\"@context\":\"https:\/\/schema.org\",\"@graph\":[{\"@type\":\"WebPage\",\"@id\":\"https:\/\/www.hotel-roessle.de\/naturparkhotel-schwarzwald\/\",\"url\":\"https:\/\/www.hotel-roessle.de\/naturparkhotel-schwarzwald\/\",\"name\":\"Entspannen ohne Grenzen: Barrierefreies Hotel im Schwarzwald\",\"isPartOf\":{\"@id\":\"https:\/\/www.hotel-roessle.de\/#website\"},\"datePublished\":\"2020-01-15T12:39:35+00:00\",\"dateModified\":\"2025-04-24T16:00:07+00:00\",\"description\":\"Barrierefreier Schwarzwaldurlaub erwartet Sie im Naturparkhotel R\u00f6\u00dfle. Entspannen Sie ohne Grenzen und genie\u00dfen Sie inklusiven Komfort in traumhafter Lage.\",\"breadcrumb\":{\"@id\":\"https:\/\/www.hotel-roessle.de\/naturparkhotel-schwarzwald\/#breadcrumb\"},\"inLanguage\":\"fr-FR\",\"potentialAction\":[{\"@type\":\"ReadAction\",\"target\":[\"https:\/\/www.hotel-roessle.de\/naturparkhotel-schwarzwald\/\"]}]},{\"@type\":\"BreadcrumbList\",\"@id\":\"https:\/\/www.hotel-roessle.de\/naturparkhotel-schwarzwald\/#breadcrumb\",\"itemListElement\":[{\"@type\":\"ListItem\",\"position\":1,\"name\":\"Startseite\",\"item\":\"https:\/\/www.hotel-roessle.de\/fr\/\"},{\"@type\":\"ListItem\",\"position\":2,\"name\":\"Genie\u00dfen Sie erholsame Tage im R\u00f6\u00dfle &#8211; barrierefreies Naturparkhotel im Schwarzwald\"}]},{\"@type\":\"WebSite\",\"@id\":\"https:\/\/www.hotel-roessle.de\/#website\",\"url\":\"https:\/\/www.hotel-roessle.de\/\",\"name\":\"4* Hotel Schwarzwald-Resort R\u00f6\u00dfle Todtmoos\",\"description\":\"Familiengef\u00fchrtes Vier Sterne Superior Hotel in Todtmoos\/Schwarzwald\",\"publisher\":{\"@id\":\"https:\/\/www.hotel-roessle.de\/#organization\"},\"potentialAction\":[{\"@type\":\"SearchAction\",\"target\":{\"@type\":\"EntryPoint\",\"urlTemplate\":\"https:\/\/www.hotel-roessle.de\/?s={search_term_string}\"},\"query-input\":{\"@type\":\"PropertyValueSpecification\",\"valueRequired\":true,\"valueName\":\"search_term_string\"}}],\"inLanguage\":\"fr-FR\"},{\"@type\":\"Organization\",\"@id\":\"https:\/\/www.hotel-roessle.de\/#organization\",\"name\":\"4* Hotel Schwarzwald-Resort R\u00f6\u00dfle Todtmoos\",\"url\":\"https:\/\/www.hotel-roessle.de\/\",\"logo\":{\"@type\":\"ImageObject\",\"inLanguage\":\"fr-FR\",\"@id\":\"https:\/\/www.hotel-roessle.de\/#\/schema\/logo\/image\/\",\"url\":\"https:\/\/www.hotel-roessle.de\/cms\/wp-content\/uploads\/2025\/04\/header-logo.jpg\",\"contentUrl\":\"https:\/\/www.hotel-roessle.de\/cms\/wp-content\/uploads\/2025\/04\/header-logo.jpg\",\"width\":400,\"height\":186,\"caption\":\"4* Hotel Schwarzwald-Resort R\u00f6\u00dfle Todtmoos\"},\"image\":{\"@id\":\"https:\/\/www.hotel-roessle.de\/#\/schema\/logo\/image\/\"}}]}<\/script>\n<!-- \/ Yoast SEO plugin. -->","yoast_head_json":{"title":"Entspannen ohne Grenzen: Barrierefreies Hotel im Schwarzwald","description":"Barrierefreier Schwarzwaldurlaub erwartet Sie im Naturparkhotel R\u00f6\u00dfle. Entspannen Sie ohne Grenzen und genie\u00dfen Sie inklusiven Komfort in traumhafter Lage.","robots":{"index":"index","follow":"follow","max-snippet":"max-snippet:-1","max-image-preview":"max-image-preview:large","max-video-preview":"max-video-preview:-1"},"canonical":"https:\/\/www.hotel-roessle.de\/naturparkhotel-schwarzwald\/","og_locale":"fr_FR","og_type":"article","og_title":"Entspannen ohne Grenzen: Barrierefreies Hotel im Schwarzwald","og_description":"Barrierefreier Schwarzwaldurlaub erwartet Sie im Naturparkhotel R\u00f6\u00dfle. Entspannen Sie ohne Grenzen und genie\u00dfen Sie inklusiven Komfort in traumhafter Lage.","og_url":"https:\/\/www.hotel-roessle.de\/naturparkhotel-schwarzwald\/","og_site_name":"4* Hotel Schwarzwald-Resort R\u00f6\u00dfle Todtmoos","article_modified_time":"2025-04-24T16:00:07+00:00","twitter_card":"summary_large_image","twitter_misc":{"Dur\u00e9e de lecture estim\u00e9e":"2 minutes"},"schema":{"@context":"https:\/\/schema.org","@graph":[{"@type":"WebPage","@id":"https:\/\/www.hotel-roessle.de\/naturparkhotel-schwarzwald\/","url":"https:\/\/www.hotel-roessle.de\/naturparkhotel-schwarzwald\/","name":"Entspannen ohne Grenzen: Barrierefreies Hotel im Schwarzwald","isPartOf":{"@id":"https:\/\/www.hotel-roessle.de\/#website"},"datePublished":"2020-01-15T12:39:35+00:00","dateModified":"2025-04-24T16:00:07+00:00","description":"Barrierefreier Schwarzwaldurlaub erwartet Sie im Naturparkhotel R\u00f6\u00dfle. Entspannen Sie ohne Grenzen und genie\u00dfen Sie inklusiven Komfort in traumhafter Lage.","breadcrumb":{"@id":"https:\/\/www.hotel-roessle.de\/naturparkhotel-schwarzwald\/#breadcrumb"},"inLanguage":"fr-FR","potentialAction":[{"@type":"ReadAction","target":["https:\/\/www.hotel-roessle.de\/naturparkhotel-schwarzwald\/"]}]},{"@type":"BreadcrumbList","@id":"https:\/\/www.hotel-roessle.de\/naturparkhotel-schwarzwald\/#breadcrumb","itemListElement":[{"@type":"ListItem","position":1,"name":"Startseite","item":"https:\/\/www.hotel-roessle.de\/fr\/"},{"@type":"ListItem","position":2,"name":"Genie\u00dfen Sie erholsame Tage im R\u00f6\u00dfle &#8211; barrierefreies Naturparkhotel im Schwarzwald"}]},{"@type":"WebSite","@id":"https:\/\/www.hotel-roessle.de\/#website","url":"https:\/\/www.hotel-roessle.de\/","name":"4* Hotel Schwarzwald-Resort R\u00f6\u00dfle Todtmoos","description":"Familiengef\u00fchrtes Vier Sterne Superior Hotel in Todtmoos\/Schwarzwald","publisher":{"@id":"https:\/\/www.hotel-roessle.de\/#organization"},"potentialAction":[{"@type":"SearchAction","target":{"@type":"EntryPoint","urlTemplate":"https:\/\/www.hotel-roessle.de\/?s={search_term_string}"},"query-input":{"@type":"PropertyValueSpecification","valueRequired":true,"valueName":"search_term_string"}}],"inLanguage":"fr-FR"},{"@type":"Organization","@id":"https:\/\/www.hotel-roessle.de\/#organization","name":"4* Hotel Schwarzwald-Resort R\u00f6\u00dfle Todtmoos","url":"https:\/\/www.hotel-roessle.de\/","logo":{"@type":"ImageObject","inLanguage":"fr-FR","@id":"https:\/\/www.hotel-roessle.de\/#\/schema\/logo\/image\/","url":"https:\/\/www.hotel-roessle.de\/cms\/wp-content\/uploads\/2025\/04\/header-logo.jpg","contentUrl":"https:\/\/www.hotel-roessle.de\/cms\/wp-content\/uploads\/2025\/04\/header-logo.jpg","width":400,"height":186,"caption":"4* Hotel Schwarzwald-Resort R\u00f6\u00dfle Todtmoos"},"image":{"@id":"https:\/\/www.hotel-roessle.de\/#\/schema\/logo\/image\/"}}]}},"_links":{"self":[{"href":"https:\/\/www.hotel-roessle.de\/fr\/wp-json\/wp\/v2\/pages\/5506","targetHints":{"allow":["GET"]}}],"collection":[{"href":"https:\/\/www.hotel-roessle.de\/fr\/wp-json\/wp\/v2\/pages"}],"about":[{"href":"https:\/\/www.hotel-roessle.de\/fr\/wp-json\/wp\/v2\/types\/page"}],"author":[{"embeddable":true,"href":"https:\/\/www.hotel-roessle.de\/fr\/wp-json\/wp\/v2\/users\/2"}],"replies":[{"embeddable":true,"href":"https:\/\/www.hotel-roessle.de\/fr\/wp-json\/wp\/v2\/comments?post=5506"}],"version-history":[{"count":0,"href":"https:\/\/www.hotel-roessle.de\/fr\/wp-json\/wp\/v2\/pages\/5506\/revisions"}],"wp:attachment":[{"href":"https:\/\/www.hotel-roessle.de\/fr\/wp-json\/wp\/v2\/media?parent=5506"}],"curies":[{"name":"wp","href":"https:\/\/api.w.org\/{rel}","templated":true}]}}