{"id":31522,"date":"2025-10-26T22:04:34","date_gmt":"2025-10-26T21:04:34","guid":{"rendered":"https:\/\/www.hotel-roessle.de\/?page_id=31522"},"modified":"2025-10-26T22:08:47","modified_gmt":"2025-10-26T21:08:47","slug":"demande-de-conference","status":"publish","type":"page","link":"https:\/\/www.hotel-roessle.de\/fr\/conferences\/demande-de-conference\/","title":{"rendered":"Demande de conf\u00e9rence"},"content":{"rendered":"\t\t<div data-elementor-type=\"wp-page\" data-elementor-id=\"31522\" class=\"elementor elementor-31522 elementor-31520\" data-elementor-post-type=\"page\">\n\t\t\t\t\t\t<section class=\"elementor-section elementor-top-section elementor-element elementor-element-8c03bda elementor-section-full_width elementor-reverse-mobile elementor-reverse-tablet elementor-section-height-default elementor-section-height-default\" data-id=\"8c03bda\" data-element_type=\"section\">\n\t\t\t\t\t\t<div class=\"elementor-container elementor-column-gap-default\">\n\t\t\t\t\t<div class=\"elementor-column elementor-col-50 elementor-top-column elementor-element elementor-element-cc0ea96\" data-id=\"cc0ea96\" data-element_type=\"column\" data-settings=\"{&quot;background_background&quot;:&quot;classic&quot;}\">\n\t\t\t<div class=\"elementor-widget-wrap elementor-element-populated\">\n\t\t\t\t\t\t<div class=\"elementor-element elementor-element-8f10797 elementor-widget elementor-widget-image\" data-id=\"8f10797\" data-element_type=\"widget\" data-widget_type=\"image.default\">\n\t\t\t\t<div class=\"elementor-widget-container\">\n\t\t\t\t\t\t\t\t\t\t\t\t\t\t\t<img fetchpriority=\"high\" decoding=\"async\" width=\"768\" height=\"1024\" src=\"https:\/\/www.hotel-roessle.de\/cms\/wp-content\/uploads\/2025\/10\/tagung-anfragen-768x1024.jpg\" class=\"attachment-large size-large wp-image-180293\" alt=\"\" srcset=\"https:\/\/www.hotel-roessle.de\/cms\/wp-content\/uploads\/2025\/10\/tagung-anfragen-768x1024.jpg 768w, https:\/\/www.hotel-roessle.de\/cms\/wp-content\/uploads\/2025\/10\/tagung-anfragen-225x300.jpg 225w, https:\/\/www.hotel-roessle.de\/cms\/wp-content\/uploads\/2025\/10\/tagung-anfragen.jpg 1200w\" sizes=\"(max-width: 768px) 100vw, 768px\" \/>\t\t\t\t\t\t\t\t\t\t\t\t\t\t\t<\/div>\n\t\t\t\t<\/div>\n\t\t\t\t\t<\/div>\n\t\t<\/div>\n\t\t\t\t<div class=\"elementor-column elementor-col-50 elementor-top-column elementor-element elementor-element-8488ac5\" data-id=\"8488ac5\" data-element_type=\"column\" data-settings=\"{&quot;background_background&quot;:&quot;classic&quot;}\">\n\t\t\t<div class=\"elementor-widget-wrap elementor-element-populated\">\n\t\t\t\t\t\t<div class=\"elementor-element elementor-element-0cf34c4 elementor-invisible elementor-widget elementor-widget-heading\" data-id=\"0cf34c4\" data-element_type=\"widget\" data-settings=\"{&quot;_animation&quot;:&quot;fadeInDown&quot;}\" data-widget_type=\"heading.default\">\n\t\t\t\t<div class=\"elementor-widget-container\">\n\t\t\t\t\t<h1 class=\"elementor-heading-title elementor-size-default\">Demande de conf\u00e9rence<\/h1>\t\t\t\t<\/div>\n\t\t\t\t<\/div>\n\t\t\t\t<div class=\"elementor-element elementor-element-7ac1574 elementor-widget elementor-widget-text-editor\" data-id=\"7ac1574\" data-element_type=\"widget\" data-widget_type=\"text-editor.default\">\n\t\t\t\t<div class=\"elementor-widget-container\">\n\t\t\t\t\t\t\t\t\t<p>Veuillez nous communiquer le plus de d\u00e9tails possible sur vos projets et vos souhaits afin que nous puissions adapter votre \u00e9v\u00e9nement \u00e0 vos besoins exacts.<\/p>\t\t\t\t\t\t\t\t<\/div>\n\t\t\t\t<\/div>\n\t\t\t\t<div class=\"elementor-element elementor-element-1add08e elementor-widget elementor-widget-shortcode\" data-id=\"1add08e\" data-element_type=\"widget\" data-widget_type=\"shortcode.default\">\n\t\t\t\t<div class=\"elementor-widget-container\">\n\t\t\t\t\t\t\t<div class=\"elementor-shortcode\">\n<div class=\"wpcf7 no-js\" id=\"wpcf7-f180336-o1\" lang=\"fr-FR\" dir=\"ltr\" data-wpcf7-id=\"180336\">\n<div class=\"screen-reader-response\"><p role=\"status\" aria-live=\"polite\" aria-atomic=\"true\"><\/p> <ul><\/ul><\/div>\n<form action=\"\/fr\/wp-json\/wp\/v2\/pages\/31522#wpcf7-f180336-o1\" method=\"post\" class=\"wpcf7-form init\" aria-label=\"Formulaire de contact\" novalidate=\"novalidate\" data-status=\"init\">\n<fieldset class=\"hidden-fields-container\"><input type=\"hidden\" name=\"_wpcf7\" value=\"180336\" \/><input type=\"hidden\" name=\"_wpcf7_version\" value=\"6.1.4\" \/><input type=\"hidden\" name=\"_wpcf7_locale\" value=\"fr_FR\" \/><input type=\"hidden\" name=\"_wpcf7_unit_tag\" value=\"wpcf7-f180336-o1\" \/><input type=\"hidden\" name=\"_wpcf7_container_post\" value=\"0\" \/><input type=\"hidden\" name=\"_wpcf7_posted_data_hash\" value=\"\" \/><input type=\"hidden\" name=\"_wpcf7cf_hidden_group_fields\" value=\"[]\" \/><input type=\"hidden\" name=\"_wpcf7cf_hidden_groups\" value=\"[]\" \/><input type=\"hidden\" name=\"_wpcf7cf_visible_groups\" value=\"[]\" \/><input type=\"hidden\" name=\"_wpcf7cf_repeaters\" value=\"[]\" \/><input type=\"hidden\" name=\"_wpcf7cf_steps\" value=\"{}\" \/><input type=\"hidden\" name=\"_wpcf7cf_options\" value=\"{&quot;form_id&quot;:180336,&quot;conditions&quot;:[],&quot;settings&quot;:{&quot;animation&quot;:&quot;yes&quot;,&quot;animation_intime&quot;:200,&quot;animation_outtime&quot;:200,&quot;conditions_ui&quot;:&quot;normal&quot;,&quot;notice_dismissed&quot;:false,&quot;notice_dismissed_update-cf7-6.1&quot;:true}}\" \/><input type=\"hidden\" name=\"_wpcf7_recaptcha_response\" value=\"\" \/>\n<\/fieldset>\n<div class=\"kont\">\n\t<h2>D\u00e9tails de la conf\u00e9rence\n\t<\/h2>\n\t<div class=\"third\">\n\t\t<p><label> Participants *<br \/>\n<span class=\"wpcf7-form-control-wrap\" data-name=\"your-teilnehmerzahl\"><input class=\"wpcf7-form-control wpcf7-number wpcf7-validates-as-required wpcf7-validates-as-number\" aria-required=\"true\" aria-invalid=\"false\" value=\"0\" type=\"number\" name=\"your-teilnehmerzahl\" \/><\/span> <\/label>\n\t\t<\/p>\n\t<\/div>\n\t<div class=\"third\">\n\t\t<p><label> Arriv\u00e9 *<br \/>\n<span class=\"wpcf7-form-control-wrap\" data-name=\"date-anreise\"><input class=\"wpcf7-form-control wpcf7-date wpcf7-validates-as-required wpcf7-validates-as-date\" aria-required=\"true\" aria-invalid=\"false\" value=\"\" type=\"date\" name=\"date-anreise\" \/><\/span><\/label>\n\t\t<\/p>\n\t<\/div>\n\t<div class=\"third\">\n\t\t<p><label> D\u00e9part *<br \/>\n<span class=\"wpcf7-form-control-wrap\" data-name=\"date-abreise\"><input class=\"wpcf7-form-control wpcf7-date wpcf7-validates-as-required wpcf7-validates-as-date\" aria-required=\"true\" aria-invalid=\"false\" value=\"\" type=\"date\" name=\"date-abreise\" \/><\/span><\/label>\n\t\t<\/p>\n\t<\/div>\n\t<div class=\"clear\">\n\t<\/div>\n\t<div class=\"fifty\">\n\t\t<p><label> Heure de d\u00e9but*<br \/>\n<span class=\"wpcf7-form-control-wrap\" data-name=\"your-startzeit\"><input size=\"40\" maxlength=\"400\" class=\"wpcf7-form-control wpcf7-text wpcf7-validates-as-required\" aria-required=\"true\" aria-invalid=\"false\" value=\"\" type=\"text\" name=\"your-startzeit\" \/><\/span><\/label>\n\t\t<\/p>\n\t<\/div>\n\t<div class=\"fifty\">\n\t\t<p><label> Heure de fin*<br \/>\n<span class=\"wpcf7-form-control-wrap\" data-name=\"your-endzeit\"><input size=\"40\" maxlength=\"400\" class=\"wpcf7-form-control wpcf7-text wpcf7-validates-as-required\" aria-required=\"true\" aria-invalid=\"false\" value=\"\" type=\"text\" name=\"your-endzeit\" \/><\/span><\/label>\n\t\t<\/p>\n\t<\/div>\n\t<div class=\"clear\">\n\t<\/div>\n\t<p><label> Salle de conf\u00e9rence souhait\u00e9e * <\/label><br \/>\n<span class=\"wpcf7-form-control-wrap\" data-name=\"select-tagungsraum\"><select class=\"wpcf7-form-control wpcf7-select wpcf7-validates-as-required\" aria-required=\"true\" aria-invalid=\"false\" name=\"select-tagungsraum\"><option value=\"Aucune pr\u00e9f\u00e9rence\">Aucune pr\u00e9f\u00e9rence<\/option><option value=\"Salle de conf\u00e9rence 1 &quot;Talblick &amp; Bergblick&quot;\">Salle de conf\u00e9rence 1 &quot;Talblick &amp; Bergblick&quot;<\/option><option value=\"Salle de conf\u00e9rence 2 &quot;Panoramablick&quot;\">Salle de conf\u00e9rence 2 &quot;Panoramablick&quot;<\/option><option value=\"Salle de conf\u00e9rence 3 &quot;Tatendrang&quot;\">Salle de conf\u00e9rence 3 &quot;Tatendrang&quot;<\/option><\/select><\/span>\n\t<\/p>\n\t<p><label> Type d'offre * <\/label><br \/>\n<span class=\"wpcf7-form-control-wrap\" data-name=\"select-angebotstyp\"><select class=\"wpcf7-form-control wpcf7-select wpcf7-validates-as-required\" aria-required=\"true\" aria-invalid=\"false\" name=\"select-angebotstyp\"><option value=\"Journ\u00e9e de conf\u00e9rence sans d\u00eener\">Journ\u00e9e de conf\u00e9rence sans d\u00eener<\/option><option value=\"Journ\u00e9e de conf\u00e9rence avec d\u00eener\">Journ\u00e9e de conf\u00e9rence avec d\u00eener<\/option><option value=\"Conf\u00e9rence de plusieurs jours avec nuit\u00e9e\">Conf\u00e9rence de plusieurs jours avec nuit\u00e9e<\/option><option value=\"Type d&#039;offre individuelle\">Type d&#039;offre individuelle<\/option><\/select><\/span>\n\t<\/p>\n\t<p><label> Programme d'accompagnement <\/label><br \/>\n<span class=\"wpcf7-form-control-wrap\" data-name=\"checkbox-programm\"><span class=\"wpcf7-form-control wpcf7-checkbox\"><span class=\"wpcf7-list-item first\"><label><input type=\"checkbox\" name=\"checkbox-programm[]\" value=\"Soir\u00e9e en chalet avec buffet barbecue\" \/><span class=\"wpcf7-list-item-label\">Soir\u00e9e en chalet avec buffet barbecue<\/span><\/label><\/span><span class=\"wpcf7-list-item\"><label><input type=\"checkbox\" name=\"checkbox-programm[]\" value=\"Cours de p\u00e2tisserie\" \/><span class=\"wpcf7-list-item-label\">Cours de p\u00e2tisserie<\/span><\/label><\/span><span class=\"wpcf7-list-item\"><label><input type=\"checkbox\" name=\"checkbox-programm[]\" value=\"Fondue\" \/><span class=\"wpcf7-list-item-label\">Fondue<\/span><\/label><\/span><span class=\"wpcf7-list-item\"><label><input type=\"checkbox\" name=\"checkbox-programm[]\" value=\"Randonn\u00e9e guid\u00e9e\" \/><span class=\"wpcf7-list-item-label\">Randonn\u00e9e guid\u00e9e<\/span><\/label><\/span><span class=\"wpcf7-list-item\"><label><input type=\"checkbox\" name=\"checkbox-programm[]\" value=\"Randonn\u00e9e en raquettes\" \/><span class=\"wpcf7-list-item-label\">Randonn\u00e9e en raquettes<\/span><\/label><\/span><span class=\"wpcf7-list-item\"><label><input type=\"checkbox\" name=\"checkbox-programm[]\" value=\"Randonn\u00e9e guid\u00e9e illumin\u00e9e\" \/><span class=\"wpcf7-list-item-label\">Randonn\u00e9e guid\u00e9e illumin\u00e9e<\/span><\/label><\/span><span class=\"wpcf7-list-item\"><label><input type=\"checkbox\" name=\"checkbox-programm[]\" value=\"Randonn\u00e9e illumin\u00e9e en raquettes\" \/><span class=\"wpcf7-list-item-label\">Randonn\u00e9e illumin\u00e9e en raquettes<\/span><\/label><\/span><span class=\"wpcf7-list-item\"><label><input type=\"checkbox\" name=\"checkbox-programm[]\" value=\"Tir \u00e0 l&#039;arc\" \/><span class=\"wpcf7-list-item-label\">Tir \u00e0 l&#039;arc<\/span><\/label><\/span><span class=\"wpcf7-list-item\"><label><input type=\"checkbox\" name=\"checkbox-programm[]\" value=\"Biathlon en raquettes\" \/><span class=\"wpcf7-list-item-label\">Biathlon en raquettes<\/span><\/label><\/span><span class=\"wpcf7-list-item\"><label><input type=\"checkbox\" name=\"checkbox-programm[]\" value=\"Jenga g\u00e9ant\" \/><span class=\"wpcf7-list-item-label\">Jenga g\u00e9ant<\/span><\/label><\/span><span class=\"wpcf7-list-item\"><label><input type=\"checkbox\" name=\"checkbox-programm[]\" value=\"D\u00e9tente au bar Maya l&#039;abeille\" \/><span class=\"wpcf7-list-item-label\">D\u00e9tente au bar Maya l&#039;abeille<\/span><\/label><\/span><span class=\"wpcf7-list-item\"><label><input type=\"checkbox\" name=\"checkbox-programm[]\" value=\"Plaisirs d&#039;hiver\" \/><span class=\"wpcf7-list-item-label\">Plaisirs d&#039;hiver<\/span><\/label><\/span><span class=\"wpcf7-list-item last\"><label><input type=\"checkbox\" name=\"checkbox-programm[]\" value=\"Photomaton\" \/><span class=\"wpcf7-list-item-label\">Photomaton<\/span><\/label><\/span><\/span><\/span>\n\t<\/p>\n\t<h2>Coordonn\u00e9es\n\t<\/h2>\n\t<p><label> Entreprise *<br \/>\n<span class=\"wpcf7-form-control-wrap\" data-name=\"your-firma\"><input size=\"40\" maxlength=\"400\" class=\"wpcf7-form-control wpcf7-text wpcf7-validates-as-required\" aria-required=\"true\" aria-invalid=\"false\" value=\"\" type=\"text\" name=\"your-firma\" \/><\/span> <\/label>\n\t<\/p>\n\t<div class=\"fifty\">\n\t\t<p><label> Pr\u00e9nom *<br \/>\n<span class=\"wpcf7-form-control-wrap\" data-name=\"your-firstname\"><input size=\"40\" maxlength=\"400\" class=\"wpcf7-form-control wpcf7-text wpcf7-validates-as-required\" aria-required=\"true\" aria-invalid=\"false\" value=\"\" type=\"text\" name=\"your-firstname\" \/><\/span> <\/label>\n\t\t<\/p>\n\t<\/div>\n\t<div class=\"fifty\">\n\t\t<p><label> Nom *<br \/>\n<span class=\"wpcf7-form-control-wrap\" data-name=\"your-surname\"><input size=\"40\" maxlength=\"400\" class=\"wpcf7-form-control wpcf7-text wpcf7-validates-as-required\" aria-required=\"true\" aria-invalid=\"false\" value=\"\" type=\"text\" name=\"your-surname\" \/><\/span> <\/label>\n\t\t<\/p>\n\t<\/div>\n\t<div class=\"fifty\">\n\t\t<p><label> E-Mail *<br \/>\n<span class=\"wpcf7-form-control-wrap\" data-name=\"your-email\"><input size=\"40\" maxlength=\"400\" class=\"wpcf7-form-control wpcf7-email wpcf7-validates-as-required wpcf7-text wpcf7-validates-as-email\" aria-required=\"true\" aria-invalid=\"false\" value=\"\" type=\"email\" name=\"your-email\" \/><\/span> <\/label>\n\t\t<\/p>\n\t<\/div>\n\t<div class=\"fifty\">\n\t\t<p><label> T\u00e9l\u00e9phone *<br \/>\n<span class=\"wpcf7-form-control-wrap\" data-name=\"your-phone\"><input size=\"40\" maxlength=\"400\" class=\"wpcf7-form-control wpcf7-text wpcf7-validates-as-required\" aria-required=\"true\" aria-invalid=\"false\" value=\"\" type=\"text\" name=\"your-phone\" \/><\/span> <\/label>\n\t\t<\/p>\n\t<\/div>\n\t<p><label> Votre message, demandes compl\u00e9mentaires, commentaires<br \/>\n<span class=\"wpcf7-form-control-wrap\" data-name=\"your-message\"><textarea cols=\"40\" rows=\"10\" maxlength=\"2000\" class=\"wpcf7-form-control wpcf7-textarea\" aria-invalid=\"false\" name=\"your-message\"><\/textarea><\/span> <\/label>\n\t<\/p>\n<\/div>\n<p class=\"absatz\"><span class=\"wpcf7-form-control-wrap\" data-name=\"acceptance-datenschutz\"><span class=\"wpcf7-form-control wpcf7-acceptance\"><span class=\"wpcf7-list-item\"><label><input type=\"checkbox\" name=\"acceptance-datenschutz\" value=\"1\" aria-invalid=\"false\" \/><span class=\"wpcf7-list-item-label\">J'ai lu la <a href=\"\/datenschutz\/\" target=\"_blank\">politique de confidentialit\u00e9<\/a>. J'accepte que mes informations et donn\u00e9es soient collect\u00e9es et stock\u00e9es \u00e9lectroniquement pour r\u00e9pondre \u00e0 ma demande. Jesais que je peux r\u00e9voquer mon consentement \u00e0 tout moment en envoyant un e-mail \u00e0 info(at)hotel-roessle.de.<\/span><\/label><\/span><\/span><\/span>\n<\/p>\n<p class=\"absatz\"><input class=\"wpcf7-form-control wpcf7-submit has-spinner\" type=\"submit\" value=\"Envoyer\" \/>\n<\/p><div class=\"wpcf7-response-output\" aria-hidden=\"true\"><\/div>\n<\/form>\n<\/div>\n<\/div>\n\t\t\t\t\t\t<\/div>\n\t\t\t\t<\/div>\n\t\t\t\t\t<\/div>\n\t\t<\/div>\n\t\t\t\t\t<\/div>\n\t\t<\/section>\n\t\t\t\t<\/div>\n\t\t","protected":false},"excerpt":{"rendered":"<p>Demande de conf\u00e9rence Veuillez nous communiquer le plus de d\u00e9tails possible sur vos projets et vos souhaits afin que nous puissions adapter votre \u00e9v\u00e9nement \u00e0 vos besoins exacts.<\/p>\n","protected":false},"author":2,"featured_media":0,"parent":1545,"menu_order":165,"comment_status":"closed","ping_status":"closed","template":"","meta":{"_acf_changed":false,"_glsr_average":0,"_glsr_ranking":0,"_glsr_reviews":0,"footnotes":""},"class_list":["post-31522","page","type-page","status-publish","hentry"],"acf":[],"yoast_head":"<!-- This site is optimized with the Yoast SEO plugin v26.6 - https:\/\/yoast.com\/wordpress\/plugins\/seo\/ -->\n<title>Demande de conf\u00e9rence - 4* Hotel Schwarzwald-Resort R\u00f6\u00dfle Todtmoos<\/title>\n<meta name=\"robots\" content=\"index, follow, max-snippet:-1, max-image-preview:large, max-video-preview:-1\" \/>\n<link rel=\"canonical\" href=\"https:\/\/www.hotel-roessle.de\/tagungen\/tagung-anfragen\/\" \/>\n<meta property=\"og:locale\" content=\"fr_FR\" \/>\n<meta property=\"og:type\" content=\"article\" \/>\n<meta property=\"og:title\" content=\"Demande de conf\u00e9rence - 4* Hotel Schwarzwald-Resort R\u00f6\u00dfle Todtmoos\" \/>\n<meta property=\"og:description\" content=\"Demande de conf\u00e9rence Veuillez nous communiquer le plus de d\u00e9tails possible sur vos projets et vos souhaits afin que nous puissions adapter votre \u00e9v\u00e9nement \u00e0 vos besoins exacts.\" \/>\n<meta property=\"og:url\" content=\"https:\/\/www.hotel-roessle.de\/tagungen\/tagung-anfragen\/\" \/>\n<meta property=\"og:site_name\" content=\"4* Hotel Schwarzwald-Resort R\u00f6\u00dfle Todtmoos\" \/>\n<meta property=\"article:modified_time\" content=\"2025-10-26T21:08:47+00:00\" \/>\n<meta property=\"og:image\" content=\"https:\/\/www.hotel-roessle.de\/cms\/wp-content\/uploads\/2025\/10\/tagung-anfragen.jpg\" \/>\n\t<meta property=\"og:image:width\" content=\"1200\" \/>\n\t<meta property=\"og:image:height\" content=\"1600\" \/>\n\t<meta property=\"og:image:type\" content=\"image\/jpeg\" \/>\n<meta name=\"twitter:card\" content=\"summary_large_image\" \/>\n<meta name=\"twitter:label1\" content=\"Dur\u00e9e de lecture estim\u00e9e\" \/>\n\t<meta name=\"twitter:data1\" content=\"1 minute\" \/>\n<script type=\"application\/ld+json\" class=\"yoast-schema-graph\">{\"@context\":\"https:\/\/schema.org\",\"@graph\":[{\"@type\":\"WebPage\",\"@id\":\"https:\/\/www.hotel-roessle.de\/tagungen\/tagung-anfragen\/\",\"url\":\"https:\/\/www.hotel-roessle.de\/tagungen\/tagung-anfragen\/\",\"name\":\"Demande de conf\u00e9rence - 4* Hotel Schwarzwald-Resort R\u00f6\u00dfle Todtmoos\",\"isPartOf\":{\"@id\":\"https:\/\/www.hotel-roessle.de\/#website\"},\"primaryImageOfPage\":{\"@id\":\"https:\/\/www.hotel-roessle.de\/tagungen\/tagung-anfragen\/#primaryimage\"},\"image\":{\"@id\":\"https:\/\/www.hotel-roessle.de\/tagungen\/tagung-anfragen\/#primaryimage\"},\"thumbnailUrl\":\"https:\/\/www.hotel-roessle.de\/cms\/wp-content\/uploads\/2025\/10\/tagung-anfragen-768x1024.jpg\",\"datePublished\":\"2025-10-26T21:04:34+00:00\",\"dateModified\":\"2025-10-26T21:08:47+00:00\",\"breadcrumb\":{\"@id\":\"https:\/\/www.hotel-roessle.de\/tagungen\/tagung-anfragen\/#breadcrumb\"},\"inLanguage\":\"fr-FR\",\"potentialAction\":[{\"@type\":\"ReadAction\",\"target\":[\"https:\/\/www.hotel-roessle.de\/tagungen\/tagung-anfragen\/\"]}]},{\"@type\":\"ImageObject\",\"inLanguage\":\"fr-FR\",\"@id\":\"https:\/\/www.hotel-roessle.de\/tagungen\/tagung-anfragen\/#primaryimage\",\"url\":\"https:\/\/www.hotel-roessle.de\/cms\/wp-content\/uploads\/2025\/10\/tagung-anfragen-768x1024.jpg\",\"contentUrl\":\"https:\/\/www.hotel-roessle.de\/cms\/wp-content\/uploads\/2025\/10\/tagung-anfragen-768x1024.jpg\"},{\"@type\":\"BreadcrumbList\",\"@id\":\"https:\/\/www.hotel-roessle.de\/tagungen\/tagung-anfragen\/#breadcrumb\",\"itemListElement\":[{\"@type\":\"ListItem\",\"position\":1,\"name\":\"Startseite\",\"item\":\"https:\/\/www.hotel-roessle.de\/fr\/\"},{\"@type\":\"ListItem\",\"position\":2,\"name\":\"Conf\u00e9rences\",\"item\":\"https:\/\/www.hotel-roessle.de\/tagungen\/\"},{\"@type\":\"ListItem\",\"position\":3,\"name\":\"Demande de conf\u00e9rence\"}]},{\"@type\":\"WebSite\",\"@id\":\"https:\/\/www.hotel-roessle.de\/#website\",\"url\":\"https:\/\/www.hotel-roessle.de\/\",\"name\":\"4* Hotel Schwarzwald-Resort R\u00f6\u00dfle Todtmoos\",\"description\":\"Familiengef\u00fchrtes Vier Sterne Superior Hotel in Todtmoos\/Schwarzwald\",\"publisher\":{\"@id\":\"https:\/\/www.hotel-roessle.de\/#organization\"},\"potentialAction\":[{\"@type\":\"SearchAction\",\"target\":{\"@type\":\"EntryPoint\",\"urlTemplate\":\"https:\/\/www.hotel-roessle.de\/?s={search_term_string}\"},\"query-input\":{\"@type\":\"PropertyValueSpecification\",\"valueRequired\":true,\"valueName\":\"search_term_string\"}}],\"inLanguage\":\"fr-FR\"},{\"@type\":\"Organization\",\"@id\":\"https:\/\/www.hotel-roessle.de\/#organization\",\"name\":\"4* Hotel Schwarzwald-Resort R\u00f6\u00dfle Todtmoos\",\"url\":\"https:\/\/www.hotel-roessle.de\/\",\"logo\":{\"@type\":\"ImageObject\",\"inLanguage\":\"fr-FR\",\"@id\":\"https:\/\/www.hotel-roessle.de\/#\/schema\/logo\/image\/\",\"url\":\"https:\/\/www.hotel-roessle.de\/cms\/wp-content\/uploads\/2025\/04\/header-logo.jpg\",\"contentUrl\":\"https:\/\/www.hotel-roessle.de\/cms\/wp-content\/uploads\/2025\/04\/header-logo.jpg\",\"width\":400,\"height\":186,\"caption\":\"4* Hotel Schwarzwald-Resort R\u00f6\u00dfle Todtmoos\"},\"image\":{\"@id\":\"https:\/\/www.hotel-roessle.de\/#\/schema\/logo\/image\/\"}}]}<\/script>\n<!-- \/ Yoast SEO plugin. -->","yoast_head_json":{"title":"Demande de conf\u00e9rence - 4* Hotel Schwarzwald-Resort R\u00f6\u00dfle Todtmoos","robots":{"index":"index","follow":"follow","max-snippet":"max-snippet:-1","max-image-preview":"max-image-preview:large","max-video-preview":"max-video-preview:-1"},"canonical":"https:\/\/www.hotel-roessle.de\/tagungen\/tagung-anfragen\/","og_locale":"fr_FR","og_type":"article","og_title":"Demande de conf\u00e9rence - 4* Hotel Schwarzwald-Resort R\u00f6\u00dfle Todtmoos","og_description":"Demande de conf\u00e9rence Veuillez nous communiquer le plus de d\u00e9tails possible sur vos projets et vos souhaits afin que nous puissions adapter votre \u00e9v\u00e9nement \u00e0 vos besoins exacts.","og_url":"https:\/\/www.hotel-roessle.de\/tagungen\/tagung-anfragen\/","og_site_name":"4* Hotel Schwarzwald-Resort R\u00f6\u00dfle Todtmoos","article_modified_time":"2025-10-26T21:08:47+00:00","og_image":[{"width":1200,"height":1600,"url":"https:\/\/www.hotel-roessle.de\/cms\/wp-content\/uploads\/2025\/10\/tagung-anfragen.jpg","type":"image\/jpeg"}],"twitter_card":"summary_large_image","twitter_misc":{"Dur\u00e9e de lecture estim\u00e9e":"1 minute"},"schema":{"@context":"https:\/\/schema.org","@graph":[{"@type":"WebPage","@id":"https:\/\/www.hotel-roessle.de\/tagungen\/tagung-anfragen\/","url":"https:\/\/www.hotel-roessle.de\/tagungen\/tagung-anfragen\/","name":"Demande de conf\u00e9rence - 4* Hotel Schwarzwald-Resort R\u00f6\u00dfle Todtmoos","isPartOf":{"@id":"https:\/\/www.hotel-roessle.de\/#website"},"primaryImageOfPage":{"@id":"https:\/\/www.hotel-roessle.de\/tagungen\/tagung-anfragen\/#primaryimage"},"image":{"@id":"https:\/\/www.hotel-roessle.de\/tagungen\/tagung-anfragen\/#primaryimage"},"thumbnailUrl":"https:\/\/www.hotel-roessle.de\/cms\/wp-content\/uploads\/2025\/10\/tagung-anfragen-768x1024.jpg","datePublished":"2025-10-26T21:04:34+00:00","dateModified":"2025-10-26T21:08:47+00:00","breadcrumb":{"@id":"https:\/\/www.hotel-roessle.de\/tagungen\/tagung-anfragen\/#breadcrumb"},"inLanguage":"fr-FR","potentialAction":[{"@type":"ReadAction","target":["https:\/\/www.hotel-roessle.de\/tagungen\/tagung-anfragen\/"]}]},{"@type":"ImageObject","inLanguage":"fr-FR","@id":"https:\/\/www.hotel-roessle.de\/tagungen\/tagung-anfragen\/#primaryimage","url":"https:\/\/www.hotel-roessle.de\/cms\/wp-content\/uploads\/2025\/10\/tagung-anfragen-768x1024.jpg","contentUrl":"https:\/\/www.hotel-roessle.de\/cms\/wp-content\/uploads\/2025\/10\/tagung-anfragen-768x1024.jpg"},{"@type":"BreadcrumbList","@id":"https:\/\/www.hotel-roessle.de\/tagungen\/tagung-anfragen\/#breadcrumb","itemListElement":[{"@type":"ListItem","position":1,"name":"Startseite","item":"https:\/\/www.hotel-roessle.de\/fr\/"},{"@type":"ListItem","position":2,"name":"Conf\u00e9rences","item":"https:\/\/www.hotel-roessle.de\/tagungen\/"},{"@type":"ListItem","position":3,"name":"Demande de conf\u00e9rence"}]},{"@type":"WebSite","@id":"https:\/\/www.hotel-roessle.de\/#website","url":"https:\/\/www.hotel-roessle.de\/","name":"4* Hotel Schwarzwald-Resort R\u00f6\u00dfle Todtmoos","description":"Familiengef\u00fchrtes Vier Sterne Superior Hotel in Todtmoos\/Schwarzwald","publisher":{"@id":"https:\/\/www.hotel-roessle.de\/#organization"},"potentialAction":[{"@type":"SearchAction","target":{"@type":"EntryPoint","urlTemplate":"https:\/\/www.hotel-roessle.de\/?s={search_term_string}"},"query-input":{"@type":"PropertyValueSpecification","valueRequired":true,"valueName":"search_term_string"}}],"inLanguage":"fr-FR"},{"@type":"Organization","@id":"https:\/\/www.hotel-roessle.de\/#organization","name":"4* Hotel Schwarzwald-Resort R\u00f6\u00dfle Todtmoos","url":"https:\/\/www.hotel-roessle.de\/","logo":{"@type":"ImageObject","inLanguage":"fr-FR","@id":"https:\/\/www.hotel-roessle.de\/#\/schema\/logo\/image\/","url":"https:\/\/www.hotel-roessle.de\/cms\/wp-content\/uploads\/2025\/04\/header-logo.jpg","contentUrl":"https:\/\/www.hotel-roessle.de\/cms\/wp-content\/uploads\/2025\/04\/header-logo.jpg","width":400,"height":186,"caption":"4* Hotel Schwarzwald-Resort R\u00f6\u00dfle Todtmoos"},"image":{"@id":"https:\/\/www.hotel-roessle.de\/#\/schema\/logo\/image\/"}}]}},"_links":{"self":[{"href":"https:\/\/www.hotel-roessle.de\/fr\/wp-json\/wp\/v2\/pages\/31522","targetHints":{"allow":["GET"]}}],"collection":[{"href":"https:\/\/www.hotel-roessle.de\/fr\/wp-json\/wp\/v2\/pages"}],"about":[{"href":"https:\/\/www.hotel-roessle.de\/fr\/wp-json\/wp\/v2\/types\/page"}],"author":[{"embeddable":true,"href":"https:\/\/www.hotel-roessle.de\/fr\/wp-json\/wp\/v2\/users\/2"}],"replies":[{"embeddable":true,"href":"https:\/\/www.hotel-roessle.de\/fr\/wp-json\/wp\/v2\/comments?post=31522"}],"version-history":[{"count":0,"href":"https:\/\/www.hotel-roessle.de\/fr\/wp-json\/wp\/v2\/pages\/31522\/revisions"}],"up":[{"embeddable":true,"href":"https:\/\/www.hotel-roessle.de\/fr\/wp-json\/wp\/v2\/pages\/1545"}],"wp:attachment":[{"href":"https:\/\/www.hotel-roessle.de\/fr\/wp-json\/wp\/v2\/media?parent=31522"}],"curies":[{"name":"wp","href":"https:\/\/api.w.org\/{rel}","templated":true}]}}