{"id":187853,"date":"2026-03-17T18:37:29","date_gmt":"2026-03-17T17:37:29","guid":{"rendered":"https:\/\/www.hotel-roessle.de\/?page_id=187853"},"modified":"2026-03-17T19:49:17","modified_gmt":"2026-03-17T18:49:17","slug":"conditions-dannulation","status":"publish","type":"page","link":"https:\/\/www.hotel-roessle.de\/fr\/conditions-dannulation\/","title":{"rendered":"Conditions d&rsquo;annulation"},"content":{"rendered":"\t\t<div data-elementor-type=\"wp-page\" data-elementor-id=\"187853\" class=\"elementor elementor-187853 elementor-187851\" data-elementor-post-type=\"page\">\n\t\t\t\t\t\t<section class=\"elementor-section elementor-top-section elementor-element elementor-element-53b6efa elementor-section-full_width elementor-section-height-default elementor-section-height-default\" data-id=\"53b6efa\" data-element_type=\"section\">\n\t\t\t\t\t\t<div class=\"elementor-container elementor-column-gap-default\">\n\t\t\t\t\t<div class=\"elementor-column elementor-col-100 elementor-top-column elementor-element elementor-element-1d2c27d\" data-id=\"1d2c27d\" data-element_type=\"column\">\n\t\t\t<div class=\"elementor-widget-wrap elementor-element-populated\">\n\t\t\t\t\t\t<div class=\"elementor-element elementor-element-f7f7777 elementor-invisible elementor-widget elementor-widget-heading\" data-id=\"f7f7777\" data-element_type=\"widget\" data-settings=\"{&quot;_animation&quot;:&quot;fadeInDown&quot;}\" data-widget_type=\"heading.default\">\n\t\t\t\t<div class=\"elementor-widget-container\">\n\t\t\t\t\t<h1 class=\"elementor-heading-title elementor-size-default\">Conditions d&rsquo;annulation<\/h1>\t\t\t\t<\/div>\n\t\t\t\t<\/div>\n\t\t\t\t<div class=\"elementor-element elementor-element-ef4b49a elementor-invisible elementor-widget elementor-widget-heading\" data-id=\"ef4b49a\" data-element_type=\"widget\" data-settings=\"{&quot;_animation&quot;:&quot;fadeInDown&quot;}\" data-widget_type=\"heading.default\">\n\t\t\t\t<div class=\"elementor-widget-container\">\n\t\t\t\t\t<h3 class=\"elementor-heading-title elementor-size-default\">Passez des vacances en toute s\u00e9curit\u00e9 - annulation sans risque<\/h3>\t\t\t\t<\/div>\n\t\t\t\t<\/div>\n\t\t\t\t<div class=\"elementor-element elementor-element-3611658 elementor-widget elementor-widget-text-editor\" data-id=\"3611658\" data-element_type=\"widget\" data-widget_type=\"text-editor.default\">\n\t\t\t\t<div class=\"elementor-widget-container\">\n\t\t\t\t\t\t\t\t\t<p>Pour vous assurer un remboursement en cas de pertes financi\u00e8res potentielles li\u00e9es \u00e0 l&rsquo;annulation ou \u00e0 l&rsquo;interruption de vos vacances pour cause de maladie, d&rsquo;accident ou de ch\u00f4mage \u2013 m\u00eame au sein de votre famille \u2013, nous vous recommandons les produits de notre partenaire ERGO Travel Insurance, leader du march\u00e9 de l&rsquo;assurance voyage en Allemagne.<br \/><span data-contrast=\"none\">\u202f<\/span><a href=\"https:\/\/www.reiseversicherung.de\/de\/versicherung\/index.html?agency=029088000000\"><span data-contrast=\"none\">Anticipez et souscrivez une assurance voyage d\u00e8s maintenant &gt;&gt;<br \/><\/span><\/a><\/p><p>Organisme de r\u00e8glement des litiges et d&rsquo;arbitrage\u00a0: Association du M\u00e9diateur des Assurances, B.P. 080632, 10006 Berlin<\/p><p>T\u00e9l.\u00a0: 0800 3696000, Courriel\u00a0: beschwerde@versicherungsombudsmann.de, Site web\u00a0: https:\/\/www.versicherungsombudsmann.de<\/p>\t\t\t\t\t\t\t\t<\/div>\n\t\t\t\t<\/div>\n\t\t\t\t<div class=\"elementor-element elementor-element-d36b673 elementor-invisible elementor-widget elementor-widget-heading\" data-id=\"d36b673\" data-element_type=\"widget\" data-settings=\"{&quot;_animation&quot;:&quot;fadeInDown&quot;}\" data-widget_type=\"heading.default\">\n\t\t\t\t<div class=\"elementor-widget-container\">\n\t\t\t\t\t<h3 class=\"elementor-heading-title elementor-size-default\">Arriv\u00e9e et d\u00e9part<\/h3>\t\t\t\t<\/div>\n\t\t\t\t<\/div>\n\t\t\t\t<div class=\"elementor-element elementor-element-defa8ac elementor-widget elementor-widget-text-editor\" data-id=\"defa8ac\" data-element_type=\"widget\" data-widget_type=\"text-editor.default\">\n\t\t\t\t<div class=\"elementor-widget-container\">\n\t\t\t\t\t\t\t\t\t<p>Votre chambre sera disponible \u00e0 partir de 14h00 le jour de votre arriv\u00e9e.<\/p><p>Si vous pr\u00e9voyez d&rsquo;arriver apr\u00e8s 18h00, veuillez nous en informer, car nous ne pourrons plus r\u00e9server votre chambre apr\u00e8s cette heure. Le d\u00e9part doit avoir lieu au plus tard \u00e0 11h00\u00a0; \u00e0 d\u00e9faut, toute occupation suppl\u00e9mentaire de la chambre vous sera factur\u00e9e conform\u00e9ment \u00e0 l&rsquo;article 7.3 de nos Conditions g\u00e9n\u00e9rales.<\/p>\t\t\t\t\t\t\t\t<\/div>\n\t\t\t\t<\/div>\n\t\t\t\t<div class=\"elementor-element elementor-element-2ef79df elementor-invisible elementor-widget elementor-widget-heading\" data-id=\"2ef79df\" data-element_type=\"widget\" data-settings=\"{&quot;_animation&quot;:&quot;fadeInDown&quot;}\" data-widget_type=\"heading.default\">\n\t\t\t\t<div class=\"elementor-widget-container\">\n\t\t\t\t\t<h3 class=\"elementor-heading-title elementor-size-default\">Nos contitions d'annulation<\/h3>\t\t\t\t<\/div>\n\t\t\t\t<\/div>\n\t\t\t\t<div class=\"elementor-element elementor-element-b23c188 elementor-invisible elementor-widget elementor-widget-heading\" data-id=\"b23c188\" data-element_type=\"widget\" data-settings=\"{&quot;_animation&quot;:&quot;fadeInDown&quot;}\" data-widget_type=\"heading.default\">\n\t\t\t\t<div class=\"elementor-widget-container\">\n\t\t\t\t\t<h4 class=\"elementor-heading-title elementor-size-default\">(Extrait de nos conditions g\u00e9n\u00e9rales)<\/h4>\t\t\t\t<\/div>\n\t\t\t\t<\/div>\n\t\t\t\t<div class=\"elementor-element elementor-element-8727857 elementor-widget__width-inherit elementor-align-left elementor-widget elementor-widget-button\" data-id=\"8727857\" data-element_type=\"widget\" data-widget_type=\"button.default\">\n\t\t\t\t<div class=\"elementor-widget-container\">\n\t\t\t\t\t\t\t\t\t<div class=\"elementor-button-wrapper\">\n\t\t\t\t\t<a class=\"elementor-button elementor-button-link elementor-size-sm\" href=\"https:\/\/www.hotel-roessle.de\/agb\/\" target=\"_blank\">\n\t\t\t\t\t\t<span class=\"elementor-button-content-wrapper\">\n\t\t\t\t\t\t\t\t\t<span class=\"elementor-button-text\">Conditions g\u00e9n\u00e9rales (en Allemand)<\/span>\n\t\t\t\t\t<\/span>\n\t\t\t\t\t<\/a>\n\t\t\t\t<\/div>\n\t\t\t\t\t\t\t\t<\/div>\n\t\t\t\t<\/div>\n\t\t\t\t<div class=\"elementor-element elementor-element-966a4c8 elementor-widget elementor-widget-text-editor\" data-id=\"966a4c8\" data-element_type=\"widget\" data-widget_type=\"text-editor.default\">\n\t\t\t\t<div class=\"elementor-widget-container\">\n\t\t\t\t\t\t\t\t\t<p><strong>[&#8230;]<\/strong><\/p><p><strong>4. Annulation par le client (Annulation, Non-pr\u00e9sentation)<\/strong><\/p><p><strong>4.1<\/strong> Le client ne peut annuler un contrat avec l&rsquo;h\u00f4tel que si un droit d&rsquo;annulation a \u00e9t\u00e9 express\u00e9ment pr\u00e9vu au contrat, s&rsquo;il existe un autre droit d&rsquo;annulation l\u00e9gal, ou si l&rsquo;h\u00f4tel accepte express\u00e9ment l&rsquo;annulation.<\/p><p>Tout accord relatif au droit d&rsquo;annulation, ainsi que tout consentement \u00e0 une annulation, doit \u00eatre \u00e9tabli par \u00e9crit.<\/p><p><strong>4.2<\/strong> Si un d\u00e9lai d&rsquo;annulation sans frais a \u00e9t\u00e9 convenu entre l&rsquo;h\u00f4tel et le client, ce dernier peut annuler le contrat jusqu&rsquo;\u00e0 ce d\u00e9lai sans encourir de frais ni de dommages-int\u00e9r\u00eats de la part de l&rsquo;h\u00f4tel. Le droit d&rsquo;annulation du client expire s&rsquo;il ne l&rsquo;exerce pas aupr\u00e8s de l&rsquo;h\u00f4tel avant le d\u00e9lai convenu.<\/p><p><strong>4.3<\/strong> Si le client annule entre la date de r\u00e9servation et le d\u00e9lai d&rsquo;annulation, l&rsquo;h\u00f4tel est en droit de facturer au client des frais de traitement de 10 % du prix des prestations r\u00e9serv\u00e9es.<\/p><p>Si le client annule moins de :<\/p><p>a) pour 5 chambres maximum, jusqu\u2019\u00e0 14 jours avant la date d\u2019arriv\u00e9e r\u00e9serv\u00e9e\u00a0;<\/p><p>b) pour 20 chambres maximum, jusqu\u2019\u00e0 28 jours avant la date d\u2019arriv\u00e9e r\u00e9serv\u00e9e\u00a0;<\/p><p>c) pour 20 chambres ou plus, jusqu\u2019\u00e0 42 jours avant la date d\u2019arriv\u00e9e r\u00e9serv\u00e9e\u00a0;<\/p><p>l\u2019h\u00f4tel est en droit de facturer au client les frais d\u2019annulation mentionn\u00e9s aux articles 4.5, 4.6, 4.7 et 4.8.<\/p><p><strong>4.4<\/strong> Si aucun droit de r\u00e9tractation n&rsquo;a \u00e9t\u00e9 convenu ou s&rsquo;il a expir\u00e9, et si l&rsquo;h\u00f4tel refuse l&rsquo;annulation du contrat, il conserve son droit \u00e0 la r\u00e9mun\u00e9ration convenue, m\u00eame si le client n&rsquo;a pas utilis\u00e9 les services.<\/p><p>L&rsquo;h\u00f4tel doit imputer sur le prix tout revenu provenant de la location des chambres \u00e0 d&rsquo;autres clients, ainsi que les d\u00e9penses \u00e9conomis\u00e9es.<\/p><p>Si les chambres ne sont pas lou\u00e9es, l&rsquo;h\u00f4tel peut appliquer une d\u00e9duction forfaitaire correspondant aux d\u00e9penses \u00e9conomis\u00e9es, conform\u00e9ment aux articles 4.5, 4.6, 4.7 et 4.8. Le client peut prouver que la cr\u00e9ance susmentionn\u00e9e n&rsquo;est pas n\u00e9e ou que son montant est inf\u00e9rieur \u00e0 celui r\u00e9clam\u00e9. L&rsquo;h\u00f4tel peut prouver qu&rsquo;une cr\u00e9ance plus importante est n\u00e9e.<\/p><p><strong>4.5<\/strong> Dans ce cas, le client est tenu de payer au moins 90 % du prix convenu contractuellement pour les s\u00e9jours d&rsquo;une nuit avec ou sans petit-d\u00e9jeuner, ainsi que pour les forfaits incluant des services de tiers, 70 % pour la demi-pension et 60 % pour la pension compl\u00e8te.<\/p><p>Si les chambres ne sont pas relou\u00e9es, l&rsquo;h\u00f4tel peut appliquer une d\u00e9duction forfaitaire correspondant aux d\u00e9penses \u00e9conomis\u00e9es, conform\u00e9ment aux articles 4.5, 4.6, 4.7 et 4.8. Le client peut prouver que la r\u00e9clamation susmentionn\u00e9e n&rsquo;est pas fond\u00e9e ou que son montant est inf\u00e9rieur \u00e0 celui r\u00e9clam\u00e9.<\/p><p><strong>4.6<\/strong> En cas d&rsquo;annulation par le client entre 28 et 14 jours (conform\u00e9ment \u00e0 l&rsquo;article 4.3.b) ou entre 42 et 14 jours (conform\u00e9ment \u00e0 l&rsquo;article 4.3.c) avant la date de l&rsquo;\u00e9v\u00e9nement, l&rsquo;h\u00f4tel est en droit de facturer, en sus du prix de location convenu, 35 % du manque \u00e0 gagner li\u00e9 \u00e0 la restauration. Pour toute annulation ult\u00e9rieure, les frais s&rsquo;\u00e9l\u00e8vent \u00e0 70 % du manque \u00e0 gagner li\u00e9 \u00e0 la restauration.<\/p><p><strong>4.7<\/strong> Le manque \u00e0 gagner li\u00e9 \u00e0 la restauration est calcul\u00e9 selon la formule suivante\u00a0: Prix du menu convenu x nombre de participants. Si aucun prix n&rsquo;a encore \u00e9t\u00e9 convenu pour le menu, le menu 3 plats le moins cher parmi les offres en vigueur servira de base de calcul.<\/p><p><strong>4.8<\/strong> Si un forfait conf\u00e9rence par participant a \u00e9t\u00e9 convenu, l&rsquo;h\u00f4tel est en droit de facturer 60 % du prix du forfait multipli\u00e9 par le nombre de participants convenu pour toute annulation effectu\u00e9e entre 28 et 14 jours (conform\u00e9ment \u00e0 la section 4.3.b) ou entre 46 et 14 jours avant la date de l&rsquo;\u00e9v\u00e9nement. Pour toute annulation ult\u00e9rieure, les frais s&rsquo;\u00e9l\u00e8vent \u00e0 85 % du prix du forfait multipli\u00e9 par le nombre de participants convenu. Jusqu&rsquo;\u00e0 10 % des chambres r\u00e9serv\u00e9es peuvent \u00eatre annul\u00e9es sans frais jusqu&rsquo;\u00e0 3 jours avant l&rsquo;arriv\u00e9e.<\/p><p><strong>[&#8230;]<\/strong><\/p>\t\t\t\t\t\t\t\t<\/div>\n\t\t\t\t<\/div>\n\t\t\t\t\t<\/div>\n\t\t<\/div>\n\t\t\t\t\t<\/div>\n\t\t<\/section>\n\t\t\t\t<\/div>\n\t\t","protected":false},"excerpt":{"rendered":"<p>Passez des vacances en toute s\u00e9curit\u00e9 &#8211; annulation sans risque Pour vous assurer un remboursement en cas de pertes financi\u00e8res potentielles li\u00e9es \u00e0 l&rsquo;annulation ou \u00e0 l&rsquo;interruption de vos vacances pour cause de maladie, d&rsquo;accident ou de ch\u00f4mage \u2013 m\u00eame au sein de votre famille \u2013, nous vous recommandons les produits de notre partenaire ERGO [&hellip;]<\/p>\n","protected":false},"author":1,"featured_media":0,"parent":0,"menu_order":204,"comment_status":"closed","ping_status":"closed","template":"","meta":{"_acf_changed":false,"_glsr_average":0,"_glsr_ranking":0,"_glsr_reviews":0,"footnotes":""},"class_list":["post-187853","page","type-page","status-publish","hentry"],"acf":[],"yoast_head":"<!-- This site is optimized with the Yoast SEO plugin v26.6 - https:\/\/yoast.com\/wordpress\/plugins\/seo\/ -->\n<title>Conditions d&#039;annulation - 4* Hotel Schwarzwald-Resort R\u00f6\u00dfle Todtmoos<\/title>\n<meta name=\"robots\" content=\"index, follow, max-snippet:-1, max-image-preview:large, max-video-preview:-1\" \/>\n<link rel=\"canonical\" href=\"https:\/\/www.hotel-roessle.de\/fr\/conditions-dannulation\/\" \/>\n<meta property=\"og:locale\" content=\"fr_FR\" \/>\n<meta property=\"og:type\" content=\"article\" \/>\n<meta property=\"og:title\" content=\"Conditions d&#039;annulation - 4* Hotel Schwarzwald-Resort R\u00f6\u00dfle Todtmoos\" \/>\n<meta property=\"og:description\" content=\"Passez des vacances en toute s\u00e9curit\u00e9 &#8211; annulation sans risque Pour vous assurer un remboursement en cas de pertes financi\u00e8res potentielles li\u00e9es \u00e0 l&rsquo;annulation ou \u00e0 l&rsquo;interruption de vos vacances pour cause de maladie, d&rsquo;accident ou de ch\u00f4mage \u2013 m\u00eame au sein de votre famille \u2013, nous vous recommandons les produits de notre partenaire ERGO [&hellip;]\" \/>\n<meta property=\"og:url\" content=\"https:\/\/www.hotel-roessle.de\/fr\/conditions-dannulation\/\" \/>\n<meta property=\"og:site_name\" content=\"4* Hotel Schwarzwald-Resort R\u00f6\u00dfle Todtmoos\" \/>\n<meta property=\"article:modified_time\" content=\"2026-03-17T18:49:17+00:00\" \/>\n<meta name=\"twitter:card\" content=\"summary_large_image\" \/>\n<meta name=\"twitter:label1\" content=\"Dur\u00e9e de lecture estim\u00e9e\" \/>\n\t<meta name=\"twitter:data1\" content=\"5 minutes\" \/>\n<script type=\"application\/ld+json\" class=\"yoast-schema-graph\">{\"@context\":\"https:\/\/schema.org\",\"@graph\":[{\"@type\":\"WebPage\",\"@id\":\"https:\/\/www.hotel-roessle.de\/fr\/conditions-dannulation\/\",\"url\":\"https:\/\/www.hotel-roessle.de\/fr\/conditions-dannulation\/\",\"name\":\"Conditions d'annulation - 4* Hotel Schwarzwald-Resort R\u00f6\u00dfle Todtmoos\",\"isPartOf\":{\"@id\":\"https:\/\/www.hotel-roessle.de\/#website\"},\"datePublished\":\"2026-03-17T17:37:29+00:00\",\"dateModified\":\"2026-03-17T18:49:17+00:00\",\"breadcrumb\":{\"@id\":\"https:\/\/www.hotel-roessle.de\/fr\/conditions-dannulation\/#breadcrumb\"},\"inLanguage\":\"fr-FR\",\"potentialAction\":[{\"@type\":\"ReadAction\",\"target\":[\"https:\/\/www.hotel-roessle.de\/fr\/conditions-dannulation\/\"]}]},{\"@type\":\"BreadcrumbList\",\"@id\":\"https:\/\/www.hotel-roessle.de\/fr\/conditions-dannulation\/#breadcrumb\",\"itemListElement\":[{\"@type\":\"ListItem\",\"position\":1,\"name\":\"Startseite\",\"item\":\"https:\/\/www.hotel-roessle.de\/fr\/\"},{\"@type\":\"ListItem\",\"position\":2,\"name\":\"Conditions d&rsquo;annulation\"}]},{\"@type\":\"WebSite\",\"@id\":\"https:\/\/www.hotel-roessle.de\/#website\",\"url\":\"https:\/\/www.hotel-roessle.de\/\",\"name\":\"4* Hotel Schwarzwald-Resort R\u00f6\u00dfle Todtmoos\",\"description\":\"Familiengef\u00fchrtes Vier Sterne Superior Hotel in Todtmoos\/Schwarzwald\",\"publisher\":{\"@id\":\"https:\/\/www.hotel-roessle.de\/#organization\"},\"potentialAction\":[{\"@type\":\"SearchAction\",\"target\":{\"@type\":\"EntryPoint\",\"urlTemplate\":\"https:\/\/www.hotel-roessle.de\/?s={search_term_string}\"},\"query-input\":{\"@type\":\"PropertyValueSpecification\",\"valueRequired\":true,\"valueName\":\"search_term_string\"}}],\"inLanguage\":\"fr-FR\"},{\"@type\":\"Organization\",\"@id\":\"https:\/\/www.hotel-roessle.de\/#organization\",\"name\":\"4* Hotel Schwarzwald-Resort R\u00f6\u00dfle Todtmoos\",\"url\":\"https:\/\/www.hotel-roessle.de\/\",\"logo\":{\"@type\":\"ImageObject\",\"inLanguage\":\"fr-FR\",\"@id\":\"https:\/\/www.hotel-roessle.de\/#\/schema\/logo\/image\/\",\"url\":\"https:\/\/www.hotel-roessle.de\/cms\/wp-content\/uploads\/2025\/04\/header-logo.jpg\",\"contentUrl\":\"https:\/\/www.hotel-roessle.de\/cms\/wp-content\/uploads\/2025\/04\/header-logo.jpg\",\"width\":400,\"height\":186,\"caption\":\"4* Hotel Schwarzwald-Resort R\u00f6\u00dfle Todtmoos\"},\"image\":{\"@id\":\"https:\/\/www.hotel-roessle.de\/#\/schema\/logo\/image\/\"}}]}<\/script>\n<!-- \/ Yoast SEO plugin. -->","yoast_head_json":{"title":"Conditions d'annulation - 4* Hotel Schwarzwald-Resort R\u00f6\u00dfle Todtmoos","robots":{"index":"index","follow":"follow","max-snippet":"max-snippet:-1","max-image-preview":"max-image-preview:large","max-video-preview":"max-video-preview:-1"},"canonical":"https:\/\/www.hotel-roessle.de\/fr\/conditions-dannulation\/","og_locale":"fr_FR","og_type":"article","og_title":"Conditions d'annulation - 4* Hotel Schwarzwald-Resort R\u00f6\u00dfle Todtmoos","og_description":"Passez des vacances en toute s\u00e9curit\u00e9 &#8211; annulation sans risque Pour vous assurer un remboursement en cas de pertes financi\u00e8res potentielles li\u00e9es \u00e0 l&rsquo;annulation ou \u00e0 l&rsquo;interruption de vos vacances pour cause de maladie, d&rsquo;accident ou de ch\u00f4mage \u2013 m\u00eame au sein de votre famille \u2013, nous vous recommandons les produits de notre partenaire ERGO [&hellip;]","og_url":"https:\/\/www.hotel-roessle.de\/fr\/conditions-dannulation\/","og_site_name":"4* Hotel Schwarzwald-Resort R\u00f6\u00dfle Todtmoos","article_modified_time":"2026-03-17T18:49:17+00:00","twitter_card":"summary_large_image","twitter_misc":{"Dur\u00e9e de lecture estim\u00e9e":"5 minutes"},"schema":{"@context":"https:\/\/schema.org","@graph":[{"@type":"WebPage","@id":"https:\/\/www.hotel-roessle.de\/fr\/conditions-dannulation\/","url":"https:\/\/www.hotel-roessle.de\/fr\/conditions-dannulation\/","name":"Conditions d'annulation - 4* Hotel Schwarzwald-Resort R\u00f6\u00dfle Todtmoos","isPartOf":{"@id":"https:\/\/www.hotel-roessle.de\/#website"},"datePublished":"2026-03-17T17:37:29+00:00","dateModified":"2026-03-17T18:49:17+00:00","breadcrumb":{"@id":"https:\/\/www.hotel-roessle.de\/fr\/conditions-dannulation\/#breadcrumb"},"inLanguage":"fr-FR","potentialAction":[{"@type":"ReadAction","target":["https:\/\/www.hotel-roessle.de\/fr\/conditions-dannulation\/"]}]},{"@type":"BreadcrumbList","@id":"https:\/\/www.hotel-roessle.de\/fr\/conditions-dannulation\/#breadcrumb","itemListElement":[{"@type":"ListItem","position":1,"name":"Startseite","item":"https:\/\/www.hotel-roessle.de\/fr\/"},{"@type":"ListItem","position":2,"name":"Conditions d&rsquo;annulation"}]},{"@type":"WebSite","@id":"https:\/\/www.hotel-roessle.de\/#website","url":"https:\/\/www.hotel-roessle.de\/","name":"4* Hotel Schwarzwald-Resort R\u00f6\u00dfle Todtmoos","description":"Familiengef\u00fchrtes Vier Sterne Superior Hotel in Todtmoos\/Schwarzwald","publisher":{"@id":"https:\/\/www.hotel-roessle.de\/#organization"},"potentialAction":[{"@type":"SearchAction","target":{"@type":"EntryPoint","urlTemplate":"https:\/\/www.hotel-roessle.de\/?s={search_term_string}"},"query-input":{"@type":"PropertyValueSpecification","valueRequired":true,"valueName":"search_term_string"}}],"inLanguage":"fr-FR"},{"@type":"Organization","@id":"https:\/\/www.hotel-roessle.de\/#organization","name":"4* Hotel Schwarzwald-Resort R\u00f6\u00dfle Todtmoos","url":"https:\/\/www.hotel-roessle.de\/","logo":{"@type":"ImageObject","inLanguage":"fr-FR","@id":"https:\/\/www.hotel-roessle.de\/#\/schema\/logo\/image\/","url":"https:\/\/www.hotel-roessle.de\/cms\/wp-content\/uploads\/2025\/04\/header-logo.jpg","contentUrl":"https:\/\/www.hotel-roessle.de\/cms\/wp-content\/uploads\/2025\/04\/header-logo.jpg","width":400,"height":186,"caption":"4* Hotel Schwarzwald-Resort R\u00f6\u00dfle Todtmoos"},"image":{"@id":"https:\/\/www.hotel-roessle.de\/#\/schema\/logo\/image\/"}}]}},"_links":{"self":[{"href":"https:\/\/www.hotel-roessle.de\/fr\/wp-json\/wp\/v2\/pages\/187853","targetHints":{"allow":["GET"]}}],"collection":[{"href":"https:\/\/www.hotel-roessle.de\/fr\/wp-json\/wp\/v2\/pages"}],"about":[{"href":"https:\/\/www.hotel-roessle.de\/fr\/wp-json\/wp\/v2\/types\/page"}],"author":[{"embeddable":true,"href":"https:\/\/www.hotel-roessle.de\/fr\/wp-json\/wp\/v2\/users\/1"}],"replies":[{"embeddable":true,"href":"https:\/\/www.hotel-roessle.de\/fr\/wp-json\/wp\/v2\/comments?post=187853"}],"version-history":[{"count":10,"href":"https:\/\/www.hotel-roessle.de\/fr\/wp-json\/wp\/v2\/pages\/187853\/revisions"}],"predecessor-version":[{"id":187992,"href":"https:\/\/www.hotel-roessle.de\/fr\/wp-json\/wp\/v2\/pages\/187853\/revisions\/187992"}],"wp:attachment":[{"href":"https:\/\/www.hotel-roessle.de\/fr\/wp-json\/wp\/v2\/media?parent=187853"}],"curies":[{"name":"wp","href":"https:\/\/api.w.org\/{rel}","templated":true}]}}