{"id":185062,"date":"2026-01-02T14:49:57","date_gmt":"2026-01-02T13:49:57","guid":{"rendered":"https:\/\/www.hotel-roessle.de\/?page_id=185062"},"modified":"2026-01-02T16:29:35","modified_gmt":"2026-01-02T15:29:35","slug":"vacances-avec-chien","status":"publish","type":"page","link":"https:\/\/www.hotel-roessle.de\/fr\/bienvenue\/vacances-avec-chien\/","title":{"rendered":"Vacances avec chien"},"content":{"rendered":"\t\t<div data-elementor-type=\"wp-page\" data-elementor-id=\"185062\" class=\"elementor elementor-185062 elementor-185060\" data-elementor-post-type=\"page\">\n\t\t\t\t\t\t<section class=\"elementor-section elementor-top-section elementor-element elementor-element-fe4aea1 elementor-section-full_width elementor-reverse-mobile elementor-reverse-tablet elementor-section-height-default elementor-section-height-default\" data-id=\"fe4aea1\" data-element_type=\"section\">\n\t\t\t\t\t\t<div class=\"elementor-container elementor-column-gap-default\">\n\t\t\t\t\t<div class=\"elementor-column elementor-col-50 elementor-top-column elementor-element elementor-element-2de90197\" data-id=\"2de90197\" data-element_type=\"column\" data-settings=\"{&quot;background_background&quot;:&quot;classic&quot;}\">\n\t\t\t<div class=\"elementor-widget-wrap elementor-element-populated\">\n\t\t\t\t\t\t<div class=\"elementor-element elementor-element-6b9b8f6 elementor-widget elementor-widget-image\" data-id=\"6b9b8f6\" data-element_type=\"widget\" data-widget_type=\"image.default\">\n\t\t\t\t<div class=\"elementor-widget-container\">\n\t\t\t\t\t\t\t\t\t\t\t\t\t\t\t<img fetchpriority=\"high\" decoding=\"async\" width=\"800\" height=\"600\" src=\"https:\/\/www.hotel-roessle.de\/cms\/wp-content\/uploads\/2026\/01\/urlaub-mit-hund-01-1024x768.jpg\" class=\"attachment-large size-large wp-image-185069\" alt=\"\" srcset=\"https:\/\/www.hotel-roessle.de\/cms\/wp-content\/uploads\/2026\/01\/urlaub-mit-hund-01-1024x768.jpg 1024w, https:\/\/www.hotel-roessle.de\/cms\/wp-content\/uploads\/2026\/01\/urlaub-mit-hund-01-300x225.jpg 300w, https:\/\/www.hotel-roessle.de\/cms\/wp-content\/uploads\/2026\/01\/urlaub-mit-hund-01.jpg 1200w\" sizes=\"(max-width: 800px) 100vw, 800px\" \/>\t\t\t\t\t\t\t\t\t\t\t\t\t\t\t<\/div>\n\t\t\t\t<\/div>\n\t\t\t\t\t<\/div>\n\t\t<\/div>\n\t\t\t\t<div class=\"elementor-column elementor-col-50 elementor-top-column elementor-element elementor-element-2c436f09\" data-id=\"2c436f09\" data-element_type=\"column\" data-settings=\"{&quot;background_background&quot;:&quot;classic&quot;}\">\n\t\t\t<div class=\"elementor-widget-wrap elementor-element-populated\">\n\t\t\t\t\t\t<div class=\"elementor-element elementor-element-7002ad0f elementor-invisible elementor-widget elementor-widget-heading\" data-id=\"7002ad0f\" data-element_type=\"widget\" data-settings=\"{&quot;_animation&quot;:&quot;fadeInDown&quot;}\" data-widget_type=\"heading.default\">\n\t\t\t\t<div class=\"elementor-widget-container\">\n\t\t\t\t\t<h1 class=\"elementor-heading-title elementor-size-default\">Vacances  avec  \nchien  en  For\u00eat-Noire<\/h1>\t\t\t\t<\/div>\n\t\t\t\t<\/div>\n\t\t\t\t<div class=\"elementor-element elementor-element-3d6be7f6 elementor-widget elementor-widget-text-editor\" data-id=\"3d6be7f6\" data-element_type=\"widget\" data-widget_type=\"text-editor.default\">\n\t\t\t\t<div class=\"elementor-widget-container\">\n\t\t\t\t\t\t\t\t\t<p>Nous aimons les animaux, et votre chien en particulier. Nous accueillons jusqu&rsquo;\u00e0 deux chiens par chambre. Nous disposons de chambres tout confort pour vos compagnons \u00e0 quatre pattes, afin qu&rsquo;ils puissent profiter de la For\u00eat-Noire autant que vous.<\/p><p><strong>Des vacances pour deux et quatre pattes !<\/strong><\/p><p>Afin de pr\u00e9parer au mieux votre s\u00e9jour avec votre chien, veuillez l&rsquo;indiquer lors de votre r\u00e9servation. Un l\u00e9ger suppl\u00e9ment par chien sera appliqu\u00e9 afin que tout soit pr\u00eat pour votre compagnon \u00e0 quatre pattes. Ainsi, nous pourrons vous offrir, \u00e0 vous et \u00e0 votre chien, un s\u00e9jour parfaitement adapt\u00e9.<\/p><p>Nous vous garantissons un s\u00e9jour agr\u00e9able chez nous \u00e0 l&rsquo;H\u00f4tel Resort R\u00f6\u00dfle !<\/p>\t\t\t\t\t\t\t\t<\/div>\n\t\t\t\t<\/div>\n\t\t\t\t\t<\/div>\n\t\t<\/div>\n\t\t\t\t\t<\/div>\n\t\t<\/section>\n\t\t\t\t<section class=\"elementor-section elementor-top-section elementor-element elementor-element-346bfb47 elementor-section-full_width elementor-section-height-default elementor-section-height-default\" data-id=\"346bfb47\" data-element_type=\"section\" data-settings=\"{&quot;background_background&quot;:&quot;classic&quot;}\">\n\t\t\t\t\t\t<div class=\"elementor-container elementor-column-gap-default\">\n\t\t\t\t\t<div class=\"elementor-column elementor-col-50 elementor-top-column elementor-element elementor-element-17b81c48\" data-id=\"17b81c48\" data-element_type=\"column\" data-settings=\"{&quot;background_background&quot;:&quot;classic&quot;}\">\n\t\t\t<div class=\"elementor-widget-wrap elementor-element-populated\">\n\t\t\t\t\t\t<div class=\"elementor-element elementor-element-6923ac81 elementor-invisible elementor-widget elementor-widget-heading\" data-id=\"6923ac81\" data-element_type=\"widget\" data-settings=\"{&quot;_animation&quot;:&quot;fadeInDown&quot;}\" data-widget_type=\"heading.default\">\n\t\t\t\t<div class=\"elementor-widget-container\">\n\t\t\t\t\t<h2 class=\"elementor-heading-title elementor-size-default\">Profitez ensemble<\/h2>\t\t\t\t<\/div>\n\t\t\t\t<\/div>\n\t\t\t\t<div class=\"elementor-element elementor-element-12cec995 elementor-widget elementor-widget-text-editor\" data-id=\"12cec995\" data-element_type=\"widget\" data-widget_type=\"text-editor.default\">\n\t\t\t\t<div class=\"elementor-widget-container\">\n\t\t\t\t\t\t\t\t\t<p>Les chiens sont autoris\u00e9s presque partout chez nous \u2013 seulement le restaurant principal et l&rsquo;espace bien\u00eatre sont r\u00e9serv\u00e9s aux humains. Vos chiens sont toutefois les bienvenus dans notre chambre douillette, o\u00f9 ils se sentiront aussi bien que vous.<\/p>\t\t\t\t\t\t\t\t<\/div>\n\t\t\t\t<\/div>\n\t\t\t\t\t<\/div>\n\t\t<\/div>\n\t\t\t\t<div class=\"elementor-column elementor-col-50 elementor-top-column elementor-element elementor-element-38e9de8c\" data-id=\"38e9de8c\" data-element_type=\"column\" data-settings=\"{&quot;background_background&quot;:&quot;classic&quot;}\">\n\t\t\t<div class=\"elementor-widget-wrap elementor-element-populated\">\n\t\t\t\t\t\t<div class=\"elementor-element elementor-element-7a35d56 elementor-widget elementor-widget-image\" data-id=\"7a35d56\" data-element_type=\"widget\" data-widget_type=\"image.default\">\n\t\t\t\t<div class=\"elementor-widget-container\">\n\t\t\t\t\t\t\t\t\t\t\t\t\t\t\t<img decoding=\"async\" width=\"800\" height=\"600\" src=\"https:\/\/www.hotel-roessle.de\/cms\/wp-content\/uploads\/2026\/01\/urlaub-mit-hund-02-1024x768.jpg\" class=\"attachment-large size-large wp-image-185072\" alt=\"\" srcset=\"https:\/\/www.hotel-roessle.de\/cms\/wp-content\/uploads\/2026\/01\/urlaub-mit-hund-02-1024x768.jpg 1024w, https:\/\/www.hotel-roessle.de\/cms\/wp-content\/uploads\/2026\/01\/urlaub-mit-hund-02-300x225.jpg 300w, https:\/\/www.hotel-roessle.de\/cms\/wp-content\/uploads\/2026\/01\/urlaub-mit-hund-02.jpg 1200w\" sizes=\"(max-width: 800px) 100vw, 800px\" \/>\t\t\t\t\t\t\t\t\t\t\t\t\t\t\t<\/div>\n\t\t\t\t<\/div>\n\t\t\t\t\t<\/div>\n\t\t<\/div>\n\t\t\t\t\t<\/div>\n\t\t<\/section>\n\t\t\t\t<section class=\"elementor-section elementor-top-section elementor-element elementor-element-2ae3da57 elementor-section-full_width elementor-section-height-default elementor-section-height-default\" data-id=\"2ae3da57\" data-element_type=\"section\">\n\t\t\t\t\t\t<div class=\"elementor-container elementor-column-gap-default\">\n\t\t\t\t\t<div class=\"elementor-column elementor-col-100 elementor-top-column elementor-element elementor-element-4c410844\" data-id=\"4c410844\" data-element_type=\"column\">\n\t\t\t<div class=\"elementor-widget-wrap elementor-element-populated\">\n\t\t\t\t\t\t<div class=\"elementor-element elementor-element-4586bc21 elementor-invisible elementor-widget elementor-widget-heading\" data-id=\"4586bc21\" data-element_type=\"widget\" data-settings=\"{&quot;_animation&quot;:&quot;fadeInDown&quot;}\" data-widget_type=\"heading.default\">\n\t\t\t\t<div class=\"elementor-widget-container\">\n\t\t\t\t\t<h2 class=\"elementor-heading-title elementor-size-default\">Promenades  parfaites  dans  la  For\u00eat-Noire<\/h2>\t\t\t\t<\/div>\n\t\t\t\t<\/div>\n\t\t\t\t<div class=\"elementor-element elementor-element-426d0864 elementor-widget elementor-widget-heading\" data-id=\"426d0864\" data-element_type=\"widget\" data-widget_type=\"heading.default\">\n\t\t\t\t<div class=\"elementor-widget-container\">\n\t\t\t\t\t<h3 class=\"elementor-heading-title elementor-size-default\">Porte  d'entr\u00e9e  directe<\/h3>\t\t\t\t<\/div>\n\t\t\t\t<\/div>\n\t\t\t\t<div class=\"elementor-element elementor-element-25b9fec3 elementor-widget elementor-widget-spacer\" data-id=\"25b9fec3\" data-element_type=\"widget\" data-widget_type=\"spacer.default\">\n\t\t\t\t<div class=\"elementor-widget-container\">\n\t\t\t\t\t\t\t<div class=\"elementor-spacer\">\n\t\t\t<div class=\"elementor-spacer-inner\"><\/div>\n\t\t<\/div>\n\t\t\t\t\t\t<\/div>\n\t\t\t\t<\/div>\n\t\t\t\t<section class=\"elementor-section elementor-inner-section elementor-element elementor-element-46b46a6d elementor-section-full_width elementor-section-height-default elementor-section-height-default\" data-id=\"46b46a6d\" data-element_type=\"section\">\n\t\t\t\t\t\t<div class=\"elementor-container elementor-column-gap-default\">\n\t\t\t\t\t<div class=\"elementor-column elementor-col-100 elementor-inner-column elementor-element elementor-element-10b531eb\" data-id=\"10b531eb\" data-element_type=\"column\">\n\t\t\t<div class=\"elementor-widget-wrap elementor-element-populated\">\n\t\t\t\t\t\t<div class=\"elementor-element elementor-element-2f7aed49 elementor-widget elementor-widget-text-editor\" data-id=\"2f7aed49\" data-element_type=\"widget\" data-widget_type=\"text-editor.default\">\n\t\t\t\t<div class=\"elementor-widget-container\">\n\t\t\t\t\t\t\t\t\t<p>De longs trajets en voiture pour votre prochaine promenade ? Avec nous, plus besoin de prendre la voiture ! De magnifiques sentiers de randonn\u00e9e d\u00e9butent juste devant l&rsquo;h\u00f4tel et vous emm\u00e8nent, avec votre chien, \u00e0 la d\u00e9couverte des for\u00eats idylliques de la For\u00eat-Noire. Finies les longues promenades pour profiter du grand air et de la nature. Plongez dans un monde de vastes sentiers de randonn\u00e9e qui serpentent \u00e0 travers la for\u00eat dense et offrent des vues \u00e0 couper le souffle. L&rsquo;air frais de la for\u00eat, le chant des oiseaux et le bruissement des feuilles vous invitent \u00e0 la d\u00e9tente.<\/p><p>Que ce soit pour une petite promenade matinale ou une longue promenade o\u00f9 vous pourrez pleinement vous impr\u00e9gner du calme et de la magie de la For\u00eat-Noire, vous trouverez ici l&rsquo;environnement id\u00e9al pour respirer profond\u00e9ment avec votre chien et profiter pleinement de la libert\u00e9.<\/p>\t\t\t\t\t\t\t\t<\/div>\n\t\t\t\t<\/div>\n\t\t\t\t<div class=\"elementor-element elementor-element-61efa8a5 elementor-widget elementor-widget-heading\" data-id=\"61efa8a5\" data-element_type=\"widget\" data-widget_type=\"heading.default\">\n\t\t\t\t<div class=\"elementor-widget-container\">\n\t\t\t\t\t<div class=\"elementor-heading-title elementor-size-default\">Que vous commenciez la journ\u00e9e par une courte promenade ou que vous planifiiez une randonn\u00e9e plus longue, avec nous, l'aventure commence juste devant notre porte !<\/div>\t\t\t\t<\/div>\n\t\t\t\t<\/div>\n\t\t\t\t\t<\/div>\n\t\t<\/div>\n\t\t\t\t\t<\/div>\n\t\t<\/section>\n\t\t\t\t\t<\/div>\n\t\t<\/div>\n\t\t\t\t\t<\/div>\n\t\t<\/section>\n\t\t\t\t<section class=\"elementor-section elementor-top-section elementor-element elementor-element-fea886a elementor-section-full_width elementor-reverse-tablet elementor-reverse-mobile elementor-section-height-default elementor-section-height-default\" data-id=\"fea886a\" data-element_type=\"section\" data-settings=\"{&quot;background_background&quot;:&quot;classic&quot;}\">\n\t\t\t\t\t\t<div class=\"elementor-container elementor-column-gap-default\">\n\t\t\t\t\t<div class=\"elementor-column elementor-col-100 elementor-top-column elementor-element elementor-element-b27e711\" data-id=\"b27e711\" data-element_type=\"column\" data-settings=\"{&quot;background_background&quot;:&quot;classic&quot;}\">\n\t\t\t<div class=\"elementor-widget-wrap elementor-element-populated\">\n\t\t\t\t\t\t<div class=\"elementor-element elementor-element-1ae5994a elementor-widget elementor-widget-gallery\" data-id=\"1ae5994a\" data-element_type=\"widget\" data-settings=\"{&quot;columns&quot;:3,&quot;columns_tablet&quot;:3,&quot;gap&quot;:{&quot;unit&quot;:&quot;px&quot;,&quot;size&quot;:0,&quot;sizes&quot;:[]},&quot;gap_tablet&quot;:{&quot;unit&quot;:&quot;px&quot;,&quot;size&quot;:0,&quot;sizes&quot;:[]},&quot;gap_mobile&quot;:{&quot;unit&quot;:&quot;px&quot;,&quot;size&quot;:0,&quot;sizes&quot;:[]},&quot;lazyload&quot;:&quot;yes&quot;,&quot;gallery_layout&quot;:&quot;grid&quot;,&quot;columns_mobile&quot;:1,&quot;link_to&quot;:&quot;file&quot;,&quot;aspect_ratio&quot;:&quot;3:2&quot;,&quot;overlay_background&quot;:&quot;yes&quot;,&quot;content_hover_animation&quot;:&quot;fade-in&quot;}\" data-widget_type=\"gallery.default\">\n\t\t\t\t<div class=\"elementor-widget-container\">\n\t\t\t\t\t\t\t<div class=\"elementor-gallery__container\">\n\t\t\t\t\t\t\t<a class=\"e-gallery-item elementor-gallery-item elementor-animated-content\" href=\"https:\/\/www.hotel-roessle.de\/cms\/wp-content\/uploads\/2026\/01\/urlaub-mit-hund-03.jpg\" data-elementor-open-lightbox=\"yes\" data-elementor-lightbox-slideshow=\"1ae5994a\" data-e-action-hash=\"#elementor-action%3Aaction%3Dlightbox%26settings%3DeyJpZCI6MTg1MDc1LCJ1cmwiOiJodHRwczpcL1wvd3d3LmhvdGVsLXJvZXNzbGUuZGVcL2Ntc1wvd3AtY29udGVudFwvdXBsb2Fkc1wvMjAyNlwvMDFcL3VybGF1Yi1taXQtaHVuZC0wMy5qcGciLCJzbGlkZXNob3ciOiIxYWU1OTk0YSJ9\">\n\t\t\t\t\t<div class=\"e-gallery-image elementor-gallery-item__image\" data-thumbnail=\"https:\/\/www.hotel-roessle.de\/cms\/wp-content\/uploads\/2026\/01\/urlaub-mit-hund-03.jpg\" data-width=\"800\" data-height=\"800\" aria-label=\"\" role=\"img\" ><\/div>\n\t\t\t\t\t\t\t\t\t\t\t<div class=\"elementor-gallery-item__overlay\"><\/div>\n\t\t\t\t\t\t\t\t\t\t\t\t\t\t<\/a>\n\t\t\t\t\t\t\t<a class=\"e-gallery-item elementor-gallery-item elementor-animated-content\" href=\"https:\/\/www.hotel-roessle.de\/cms\/wp-content\/uploads\/2026\/01\/urlaub-mit-hund-04.jpg\" data-elementor-open-lightbox=\"yes\" data-elementor-lightbox-slideshow=\"1ae5994a\" data-e-action-hash=\"#elementor-action%3Aaction%3Dlightbox%26settings%3DeyJpZCI6MTg1MDc4LCJ1cmwiOiJodHRwczpcL1wvd3d3LmhvdGVsLXJvZXNzbGUuZGVcL2Ntc1wvd3AtY29udGVudFwvdXBsb2Fkc1wvMjAyNlwvMDFcL3VybGF1Yi1taXQtaHVuZC0wNC5qcGciLCJzbGlkZXNob3ciOiIxYWU1OTk0YSJ9\">\n\t\t\t\t\t<div class=\"e-gallery-image elementor-gallery-item__image\" data-thumbnail=\"https:\/\/www.hotel-roessle.de\/cms\/wp-content\/uploads\/2026\/01\/urlaub-mit-hund-04.jpg\" data-width=\"800\" data-height=\"800\" aria-label=\"\" role=\"img\" ><\/div>\n\t\t\t\t\t\t\t\t\t\t\t<div class=\"elementor-gallery-item__overlay\"><\/div>\n\t\t\t\t\t\t\t\t\t\t\t\t\t\t<\/a>\n\t\t\t\t\t\t\t<a class=\"e-gallery-item elementor-gallery-item elementor-animated-content\" href=\"https:\/\/www.hotel-roessle.de\/cms\/wp-content\/uploads\/2026\/01\/urlaub-mit-hund-05.jpg\" data-elementor-open-lightbox=\"yes\" data-elementor-lightbox-slideshow=\"1ae5994a\" data-e-action-hash=\"#elementor-action%3Aaction%3Dlightbox%26settings%3DeyJpZCI6MTg1MDgxLCJ1cmwiOiJodHRwczpcL1wvd3d3LmhvdGVsLXJvZXNzbGUuZGVcL2Ntc1wvd3AtY29udGVudFwvdXBsb2Fkc1wvMjAyNlwvMDFcL3VybGF1Yi1taXQtaHVuZC0wNS5qcGciLCJzbGlkZXNob3ciOiIxYWU1OTk0YSJ9\">\n\t\t\t\t\t<div class=\"e-gallery-image elementor-gallery-item__image\" data-thumbnail=\"https:\/\/www.hotel-roessle.de\/cms\/wp-content\/uploads\/2026\/01\/urlaub-mit-hund-05.jpg\" data-width=\"800\" data-height=\"800\" aria-label=\"\" role=\"img\" ><\/div>\n\t\t\t\t\t\t\t\t\t\t\t<div class=\"elementor-gallery-item__overlay\"><\/div>\n\t\t\t\t\t\t\t\t\t\t\t\t\t\t<\/a>\n\t\t\t\t\t<\/div>\n\t\t\t\t\t<\/div>\n\t\t\t\t<\/div>\n\t\t\t\t\t<\/div>\n\t\t<\/div>\n\t\t\t\t\t<\/div>\n\t\t<\/section>\n\t\t\t\t<\/div>\n\t\t","protected":false},"excerpt":{"rendered":"<p>Vacances avec chien en For\u00eat-Noire Nous aimons les animaux, et votre chien en particulier. Nous accueillons jusqu&rsquo;\u00e0 deux chiens par chambre. Nous disposons de chambres tout confort pour vos compagnons \u00e0 quatre pattes, afin qu&rsquo;ils puissent profiter de la For\u00eat-Noire autant que vous. Des vacances pour deux et quatre pattes ! Afin de pr\u00e9parer au [&hellip;]<\/p>\n","protected":false},"author":1,"featured_media":0,"parent":1471,"menu_order":15,"comment_status":"closed","ping_status":"closed","template":"","meta":{"_acf_changed":false,"_glsr_average":0,"_glsr_ranking":0,"_glsr_reviews":0,"footnotes":""},"class_list":["post-185062","page","type-page","status-publish","hentry"],"acf":[],"yoast_head":"<!-- This site is optimized with the Yoast SEO plugin v26.6 - https:\/\/yoast.com\/wordpress\/plugins\/seo\/ -->\n<title>Vacances avec chien - 4* Hotel Schwarzwald-Resort R\u00f6\u00dfle Todtmoos<\/title>\n<meta name=\"robots\" content=\"index, follow, max-snippet:-1, max-image-preview:large, max-video-preview:-1\" \/>\n<link rel=\"canonical\" href=\"https:\/\/www.hotel-roessle.de\/willkommen\/urlaub-mit-hund\/\" \/>\n<meta property=\"og:locale\" content=\"fr_FR\" \/>\n<meta property=\"og:type\" content=\"article\" \/>\n<meta property=\"og:title\" content=\"Vacances avec chien - 4* Hotel Schwarzwald-Resort R\u00f6\u00dfle Todtmoos\" \/>\n<meta property=\"og:description\" content=\"Vacances avec chien en For\u00eat-Noire Nous aimons les animaux, et votre chien en particulier. Nous accueillons jusqu&rsquo;\u00e0 deux chiens par chambre. Nous disposons de chambres tout confort pour vos compagnons \u00e0 quatre pattes, afin qu&rsquo;ils puissent profiter de la For\u00eat-Noire autant que vous. Des vacances pour deux et quatre pattes ! Afin de pr\u00e9parer au [&hellip;]\" \/>\n<meta property=\"og:url\" content=\"https:\/\/www.hotel-roessle.de\/willkommen\/urlaub-mit-hund\/\" \/>\n<meta property=\"og:site_name\" content=\"4* Hotel Schwarzwald-Resort R\u00f6\u00dfle Todtmoos\" \/>\n<meta property=\"article:modified_time\" content=\"2026-01-02T15:29:35+00:00\" \/>\n<meta property=\"og:image\" content=\"https:\/\/www.hotel-roessle.de\/cms\/wp-content\/uploads\/2026\/01\/urlaub-mit-hund-01.jpg\" \/>\n\t<meta property=\"og:image:width\" content=\"1200\" \/>\n\t<meta property=\"og:image:height\" content=\"900\" \/>\n\t<meta property=\"og:image:type\" content=\"image\/jpeg\" \/>\n<meta name=\"twitter:card\" content=\"summary_large_image\" \/>\n<meta name=\"twitter:label1\" content=\"Dur\u00e9e de lecture estim\u00e9e\" \/>\n\t<meta name=\"twitter:data1\" content=\"3 minutes\" \/>\n<script type=\"application\/ld+json\" class=\"yoast-schema-graph\">{\"@context\":\"https:\/\/schema.org\",\"@graph\":[{\"@type\":\"WebPage\",\"@id\":\"https:\/\/www.hotel-roessle.de\/willkommen\/urlaub-mit-hund\/\",\"url\":\"https:\/\/www.hotel-roessle.de\/willkommen\/urlaub-mit-hund\/\",\"name\":\"Vacances avec chien - 4* Hotel Schwarzwald-Resort R\u00f6\u00dfle Todtmoos\",\"isPartOf\":{\"@id\":\"https:\/\/www.hotel-roessle.de\/#website\"},\"primaryImageOfPage\":{\"@id\":\"https:\/\/www.hotel-roessle.de\/willkommen\/urlaub-mit-hund\/#primaryimage\"},\"image\":{\"@id\":\"https:\/\/www.hotel-roessle.de\/willkommen\/urlaub-mit-hund\/#primaryimage\"},\"thumbnailUrl\":\"https:\/\/www.hotel-roessle.de\/cms\/wp-content\/uploads\/2026\/01\/urlaub-mit-hund-01-1024x768.jpg\",\"datePublished\":\"2026-01-02T13:49:57+00:00\",\"dateModified\":\"2026-01-02T15:29:35+00:00\",\"breadcrumb\":{\"@id\":\"https:\/\/www.hotel-roessle.de\/willkommen\/urlaub-mit-hund\/#breadcrumb\"},\"inLanguage\":\"fr-FR\",\"potentialAction\":[{\"@type\":\"ReadAction\",\"target\":[\"https:\/\/www.hotel-roessle.de\/willkommen\/urlaub-mit-hund\/\"]}]},{\"@type\":\"ImageObject\",\"inLanguage\":\"fr-FR\",\"@id\":\"https:\/\/www.hotel-roessle.de\/willkommen\/urlaub-mit-hund\/#primaryimage\",\"url\":\"https:\/\/www.hotel-roessle.de\/cms\/wp-content\/uploads\/2026\/01\/urlaub-mit-hund-01-1024x768.jpg\",\"contentUrl\":\"https:\/\/www.hotel-roessle.de\/cms\/wp-content\/uploads\/2026\/01\/urlaub-mit-hund-01-1024x768.jpg\"},{\"@type\":\"BreadcrumbList\",\"@id\":\"https:\/\/www.hotel-roessle.de\/willkommen\/urlaub-mit-hund\/#breadcrumb\",\"itemListElement\":[{\"@type\":\"ListItem\",\"position\":1,\"name\":\"Startseite\",\"item\":\"https:\/\/www.hotel-roessle.de\/fr\/\"},{\"@type\":\"ListItem\",\"position\":2,\"name\":\"Bienvenue\",\"item\":\"https:\/\/www.hotel-roessle.de\/fr\/\"},{\"@type\":\"ListItem\",\"position\":3,\"name\":\"Vacances avec chien\"}]},{\"@type\":\"WebSite\",\"@id\":\"https:\/\/www.hotel-roessle.de\/#website\",\"url\":\"https:\/\/www.hotel-roessle.de\/\",\"name\":\"4* Hotel Schwarzwald-Resort R\u00f6\u00dfle Todtmoos\",\"description\":\"Familiengef\u00fchrtes Vier Sterne Superior Hotel in Todtmoos\/Schwarzwald\",\"publisher\":{\"@id\":\"https:\/\/www.hotel-roessle.de\/#organization\"},\"potentialAction\":[{\"@type\":\"SearchAction\",\"target\":{\"@type\":\"EntryPoint\",\"urlTemplate\":\"https:\/\/www.hotel-roessle.de\/?s={search_term_string}\"},\"query-input\":{\"@type\":\"PropertyValueSpecification\",\"valueRequired\":true,\"valueName\":\"search_term_string\"}}],\"inLanguage\":\"fr-FR\"},{\"@type\":\"Organization\",\"@id\":\"https:\/\/www.hotel-roessle.de\/#organization\",\"name\":\"4* Hotel Schwarzwald-Resort R\u00f6\u00dfle Todtmoos\",\"url\":\"https:\/\/www.hotel-roessle.de\/\",\"logo\":{\"@type\":\"ImageObject\",\"inLanguage\":\"fr-FR\",\"@id\":\"https:\/\/www.hotel-roessle.de\/#\/schema\/logo\/image\/\",\"url\":\"https:\/\/www.hotel-roessle.de\/cms\/wp-content\/uploads\/2025\/04\/header-logo.jpg\",\"contentUrl\":\"https:\/\/www.hotel-roessle.de\/cms\/wp-content\/uploads\/2025\/04\/header-logo.jpg\",\"width\":400,\"height\":186,\"caption\":\"4* Hotel Schwarzwald-Resort R\u00f6\u00dfle Todtmoos\"},\"image\":{\"@id\":\"https:\/\/www.hotel-roessle.de\/#\/schema\/logo\/image\/\"}}]}<\/script>\n<!-- \/ Yoast SEO plugin. -->","yoast_head_json":{"title":"Vacances avec chien - 4* Hotel Schwarzwald-Resort R\u00f6\u00dfle Todtmoos","robots":{"index":"index","follow":"follow","max-snippet":"max-snippet:-1","max-image-preview":"max-image-preview:large","max-video-preview":"max-video-preview:-1"},"canonical":"https:\/\/www.hotel-roessle.de\/willkommen\/urlaub-mit-hund\/","og_locale":"fr_FR","og_type":"article","og_title":"Vacances avec chien - 4* Hotel Schwarzwald-Resort R\u00f6\u00dfle Todtmoos","og_description":"Vacances avec chien en For\u00eat-Noire Nous aimons les animaux, et votre chien en particulier. Nous accueillons jusqu&rsquo;\u00e0 deux chiens par chambre. Nous disposons de chambres tout confort pour vos compagnons \u00e0 quatre pattes, afin qu&rsquo;ils puissent profiter de la For\u00eat-Noire autant que vous. Des vacances pour deux et quatre pattes ! Afin de pr\u00e9parer au [&hellip;]","og_url":"https:\/\/www.hotel-roessle.de\/willkommen\/urlaub-mit-hund\/","og_site_name":"4* Hotel Schwarzwald-Resort R\u00f6\u00dfle Todtmoos","article_modified_time":"2026-01-02T15:29:35+00:00","og_image":[{"width":1200,"height":900,"url":"https:\/\/www.hotel-roessle.de\/cms\/wp-content\/uploads\/2026\/01\/urlaub-mit-hund-01.jpg","type":"image\/jpeg"}],"twitter_card":"summary_large_image","twitter_misc":{"Dur\u00e9e de lecture estim\u00e9e":"3 minutes"},"schema":{"@context":"https:\/\/schema.org","@graph":[{"@type":"WebPage","@id":"https:\/\/www.hotel-roessle.de\/willkommen\/urlaub-mit-hund\/","url":"https:\/\/www.hotel-roessle.de\/willkommen\/urlaub-mit-hund\/","name":"Vacances avec chien - 4* Hotel Schwarzwald-Resort R\u00f6\u00dfle Todtmoos","isPartOf":{"@id":"https:\/\/www.hotel-roessle.de\/#website"},"primaryImageOfPage":{"@id":"https:\/\/www.hotel-roessle.de\/willkommen\/urlaub-mit-hund\/#primaryimage"},"image":{"@id":"https:\/\/www.hotel-roessle.de\/willkommen\/urlaub-mit-hund\/#primaryimage"},"thumbnailUrl":"https:\/\/www.hotel-roessle.de\/cms\/wp-content\/uploads\/2026\/01\/urlaub-mit-hund-01-1024x768.jpg","datePublished":"2026-01-02T13:49:57+00:00","dateModified":"2026-01-02T15:29:35+00:00","breadcrumb":{"@id":"https:\/\/www.hotel-roessle.de\/willkommen\/urlaub-mit-hund\/#breadcrumb"},"inLanguage":"fr-FR","potentialAction":[{"@type":"ReadAction","target":["https:\/\/www.hotel-roessle.de\/willkommen\/urlaub-mit-hund\/"]}]},{"@type":"ImageObject","inLanguage":"fr-FR","@id":"https:\/\/www.hotel-roessle.de\/willkommen\/urlaub-mit-hund\/#primaryimage","url":"https:\/\/www.hotel-roessle.de\/cms\/wp-content\/uploads\/2026\/01\/urlaub-mit-hund-01-1024x768.jpg","contentUrl":"https:\/\/www.hotel-roessle.de\/cms\/wp-content\/uploads\/2026\/01\/urlaub-mit-hund-01-1024x768.jpg"},{"@type":"BreadcrumbList","@id":"https:\/\/www.hotel-roessle.de\/willkommen\/urlaub-mit-hund\/#breadcrumb","itemListElement":[{"@type":"ListItem","position":1,"name":"Startseite","item":"https:\/\/www.hotel-roessle.de\/fr\/"},{"@type":"ListItem","position":2,"name":"Bienvenue","item":"https:\/\/www.hotel-roessle.de\/fr\/"},{"@type":"ListItem","position":3,"name":"Vacances avec chien"}]},{"@type":"WebSite","@id":"https:\/\/www.hotel-roessle.de\/#website","url":"https:\/\/www.hotel-roessle.de\/","name":"4* Hotel Schwarzwald-Resort R\u00f6\u00dfle Todtmoos","description":"Familiengef\u00fchrtes Vier Sterne Superior Hotel in Todtmoos\/Schwarzwald","publisher":{"@id":"https:\/\/www.hotel-roessle.de\/#organization"},"potentialAction":[{"@type":"SearchAction","target":{"@type":"EntryPoint","urlTemplate":"https:\/\/www.hotel-roessle.de\/?s={search_term_string}"},"query-input":{"@type":"PropertyValueSpecification","valueRequired":true,"valueName":"search_term_string"}}],"inLanguage":"fr-FR"},{"@type":"Organization","@id":"https:\/\/www.hotel-roessle.de\/#organization","name":"4* Hotel Schwarzwald-Resort R\u00f6\u00dfle Todtmoos","url":"https:\/\/www.hotel-roessle.de\/","logo":{"@type":"ImageObject","inLanguage":"fr-FR","@id":"https:\/\/www.hotel-roessle.de\/#\/schema\/logo\/image\/","url":"https:\/\/www.hotel-roessle.de\/cms\/wp-content\/uploads\/2025\/04\/header-logo.jpg","contentUrl":"https:\/\/www.hotel-roessle.de\/cms\/wp-content\/uploads\/2025\/04\/header-logo.jpg","width":400,"height":186,"caption":"4* Hotel Schwarzwald-Resort R\u00f6\u00dfle Todtmoos"},"image":{"@id":"https:\/\/www.hotel-roessle.de\/#\/schema\/logo\/image\/"}}]}},"_links":{"self":[{"href":"https:\/\/www.hotel-roessle.de\/fr\/wp-json\/wp\/v2\/pages\/185062","targetHints":{"allow":["GET"]}}],"collection":[{"href":"https:\/\/www.hotel-roessle.de\/fr\/wp-json\/wp\/v2\/pages"}],"about":[{"href":"https:\/\/www.hotel-roessle.de\/fr\/wp-json\/wp\/v2\/types\/page"}],"author":[{"embeddable":true,"href":"https:\/\/www.hotel-roessle.de\/fr\/wp-json\/wp\/v2\/users\/1"}],"replies":[{"embeddable":true,"href":"https:\/\/www.hotel-roessle.de\/fr\/wp-json\/wp\/v2\/comments?post=185062"}],"version-history":[{"count":0,"href":"https:\/\/www.hotel-roessle.de\/fr\/wp-json\/wp\/v2\/pages\/185062\/revisions"}],"up":[{"embeddable":true,"href":"https:\/\/www.hotel-roessle.de\/fr\/wp-json\/wp\/v2\/pages\/1471"}],"wp:attachment":[{"href":"https:\/\/www.hotel-roessle.de\/fr\/wp-json\/wp\/v2\/media?parent=185062"}],"curies":[{"name":"wp","href":"https:\/\/api.w.org\/{rel}","templated":true}]}}