{"id":182328,"date":"2025-11-10T22:16:19","date_gmt":"2025-11-10T21:16:19","guid":{"rendered":"https:\/\/www.hotel-roessle.de\/?page_id=182328"},"modified":"2025-11-10T22:26:24","modified_gmt":"2025-11-10T21:26:24","slug":"clubs-et-reunions","status":"publish","type":"page","link":"https:\/\/www.hotel-roessle.de\/fr\/conferences\/clubs-et-reunions\/","title":{"rendered":"Clubs  et  r\u00e9unions"},"content":{"rendered":"\t\t<div data-elementor-type=\"wp-page\" data-elementor-id=\"182328\" class=\"elementor elementor-182328 elementor-182326\" data-elementor-post-type=\"page\">\n\t\t\t\t\t\t<section class=\"elementor-section elementor-top-section elementor-element elementor-element-db3fcc0 elementor-section-full_width elementor-reverse-mobile elementor-section-height-default elementor-section-height-default\" data-id=\"db3fcc0\" data-element_type=\"section\">\n\t\t\t\t\t\t<div class=\"elementor-container elementor-column-gap-default\">\n\t\t\t\t\t<div class=\"elementor-column elementor-col-50 elementor-top-column elementor-element elementor-element-b08403c\" data-id=\"b08403c\" data-element_type=\"column\" data-settings=\"{&quot;background_background&quot;:&quot;classic&quot;}\">\n\t\t\t<div class=\"elementor-widget-wrap elementor-element-populated\">\n\t\t\t\t\t\t<div class=\"elementor-element elementor-element-d039081 elementor-widget elementor-widget-spacer\" data-id=\"d039081\" data-element_type=\"widget\" data-widget_type=\"spacer.default\">\n\t\t\t\t<div class=\"elementor-widget-container\">\n\t\t\t\t\t\t\t<div class=\"elementor-spacer\">\n\t\t\t<div class=\"elementor-spacer-inner\"><\/div>\n\t\t<\/div>\n\t\t\t\t\t\t<\/div>\n\t\t\t\t<\/div>\n\t\t\t\t\t<\/div>\n\t\t<\/div>\n\t\t\t\t<div class=\"elementor-column elementor-col-50 elementor-top-column elementor-element elementor-element-fef26db\" data-id=\"fef26db\" data-element_type=\"column\" data-settings=\"{&quot;background_background&quot;:&quot;classic&quot;}\">\n\t\t\t<div class=\"elementor-widget-wrap elementor-element-populated\">\n\t\t\t\t\t\t<div class=\"elementor-element elementor-element-27c5129 elementor-invisible elementor-widget elementor-widget-heading\" data-id=\"27c5129\" data-element_type=\"widget\" data-settings=\"{&quot;_animation&quot;:&quot;fadeInDown&quot;}\" data-widget_type=\"heading.default\">\n\t\t\t\t<div class=\"elementor-widget-container\">\n\t\t\t\t\t<h1 class=\"elementor-heading-title elementor-size-default\"> Clubs  et  r\u00e9unions<\/h1>\t\t\t\t<\/div>\n\t\t\t\t<\/div>\n\t\t\t\t<div class=\"elementor-element elementor-element-00d722c elementor-widget elementor-widget-text-editor\" data-id=\"00d722c\" data-element_type=\"widget\" data-widget_type=\"text-editor.default\">\n\t\t\t\t<div class=\"elementor-widget-container\">\n\t\t\t\t\t\t\t\t\t<p>Qu&rsquo;il s&rsquo;agisse d&rsquo;une assembl\u00e9e g\u00e9n\u00e9rale annuelle, d&rsquo;un conseil d&rsquo;administration, d&rsquo;une f\u00eate de club ou d&rsquo;une r\u00e9union strat\u00e9gique, nous accueillons chaleureusement les clubs et associations au Schwarzwald Resort R\u00f6\u00dfle ! Nos salles de conf\u00e9rence modulables offrent le cadre id\u00e9al pour des \u00e9v\u00e9nements de toute taille et s&rsquo;adaptent \u00e0 vos besoins. Gr\u00e2ce \u00e0 une technologie moderne, un \u00e9quipement de pr\u00e9sentation de haute qualit\u00e9 et un accompagnement professionnel, nous garantissons le bon d\u00e9roulement de votre r\u00e9union.<\/p><p>Outre un lieu id\u00e9al, vous b\u00e9n\u00e9ficierez d&rsquo;un service traiteur de premier ordre, que ce soit avec un service sur mesure ou des sp\u00e9cialit\u00e9s culinaires de notre cuisine. Nous serons \u00e9galement ravis d&rsquo;organiser un programme d&rsquo;accompagnement sur mesure pour parfaire votre \u00e9v\u00e9nement, des soir\u00e9es conviviales aux activit\u00e9s de plein air dans le cadre naturel de la For\u00eat-Noire.<\/p>\t\t\t\t\t\t\t\t<\/div>\n\t\t\t\t<\/div>\n\t\t\t\t\t<\/div>\n\t\t<\/div>\n\t\t\t\t\t<\/div>\n\t\t<\/section>\n\t\t\t\t<section class=\"elementor-section elementor-top-section elementor-element elementor-element-cd4809d elementor-section-full_width elementor-section-height-default elementor-section-height-default\" data-id=\"cd4809d\" data-element_type=\"section\">\n\t\t\t\t\t\t<div class=\"elementor-container elementor-column-gap-default\">\n\t\t\t\t\t<div class=\"elementor-column elementor-col-100 elementor-top-column elementor-element elementor-element-b508e5c\" data-id=\"b508e5c\" data-element_type=\"column\">\n\t\t\t<div class=\"elementor-widget-wrap elementor-element-populated\">\n\t\t\t\t\t\t<div class=\"elementor-element elementor-element-e38a8c1 elementor-invisible elementor-widget elementor-widget-heading\" data-id=\"e38a8c1\" data-element_type=\"widget\" data-settings=\"{&quot;_animation&quot;:&quot;fadeInDown&quot;}\" data-widget_type=\"heading.default\">\n\t\t\t\t<div class=\"elementor-widget-container\">\n\t\t\t\t\t<h2 class=\"elementor-heading-title elementor-size-default\"> Votre  lieu  d'\u00e9v\u00e9nement  id\u00e9al<\/h2>\t\t\t\t<\/div>\n\t\t\t\t<\/div>\n\t\t\t\t<div class=\"elementor-element elementor-element-4f85a22 elementor-invisible elementor-widget elementor-widget-heading\" data-id=\"4f85a22\" data-element_type=\"widget\" data-settings=\"{&quot;_animation&quot;:&quot;fadeInDown&quot;}\" data-widget_type=\"heading.default\">\n\t\t\t\t<div class=\"elementor-widget-container\">\n\t\t\t\t\t<h3 class=\"elementor-heading-title elementor-size-default\">\u00e0 l'h\u00f4tel For\u00eat-Noire R\u00f6\u00dfle<\/h3>\t\t\t\t<\/div>\n\t\t\t\t<\/div>\n\t\t\t\t<div class=\"elementor-element elementor-element-c22f621 elementor-widget elementor-widget-text-editor\" data-id=\"c22f621\" data-element_type=\"widget\" data-widget_type=\"text-editor.default\">\n\t\t\t\t<div class=\"elementor-widget-container\">\n\t\t\t\t\t\t\t\t\t<p>Notre emplacement central, notre grand parking et nos h\u00e9bergements confortables vous assureront un s\u00e9jour agr\u00e9able. Qu&rsquo;il s&rsquo;agisse d&rsquo;une r\u00e9union d&rsquo;une journ\u00e9e ou d&rsquo;une r\u00e9union de club de plusieurs jours, nous vous accompagnerons dans sa planification et sa mise en \u0153uvre. Contactez-nous d\u00e8s aujourd&rsquo;hui et travaillons ensemble pour cr\u00e9er le concept parfait pour votre \u00e9v\u00e9nement de club !<\/p>\t\t\t\t\t\t\t\t<\/div>\n\t\t\t\t<\/div>\n\t\t\t\t<div class=\"elementor-element elementor-element-2bc69bb elementor-widget elementor-widget-heading\" data-id=\"2bc69bb\" data-element_type=\"widget\" data-widget_type=\"heading.default\">\n\t\t\t\t<div class=\"elementor-widget-container\">\n\t\t\t\t\t<div class=\"elementor-heading-title elementor-size-default\">En  principe,  vous  disposez  de  deux  options  de  location  flexibles  pour  concevoir  votre  conf\u00e9rence,  \u00e9v\u00e9nement  ou  fonction  exactement  \nselon  vos  souhaits.<\/div>\t\t\t\t<\/div>\n\t\t\t\t<\/div>\n\t\t\t\t<section class=\"elementor-section elementor-inner-section elementor-element elementor-element-199da1c elementor-section-full_width elementor-section-height-default elementor-section-height-default\" data-id=\"199da1c\" data-element_type=\"section\">\n\t\t\t\t\t\t<div class=\"elementor-container elementor-column-gap-default\">\n\t\t\t\t\t<div class=\"elementor-column elementor-col-50 elementor-inner-column elementor-element elementor-element-20ba023\" data-id=\"20ba023\" data-element_type=\"column\" data-settings=\"{&quot;background_background&quot;:&quot;classic&quot;}\">\n\t\t\t<div class=\"elementor-widget-wrap elementor-element-populated\">\n\t\t\t\t\t\t<div class=\"elementor-element elementor-element-e8c1a71 elementor-widget elementor-widget-heading\" data-id=\"e8c1a71\" data-element_type=\"widget\" data-widget_type=\"heading.default\">\n\t\t\t\t<div class=\"elementor-widget-container\">\n\t\t\t\t\t<h4 class=\"elementor-heading-title elementor-size-default\">Option  1  |  Pour  les  petits  groupes<\/h4>\t\t\t\t<\/div>\n\t\t\t\t<\/div>\n\t\t\t\t<div class=\"elementor-element elementor-element-26892bf elementor-icon-list--layout-traditional elementor-list-item-link-full_width elementor-widget elementor-widget-icon-list\" data-id=\"26892bf\" data-element_type=\"widget\" data-widget_type=\"icon-list.default\">\n\t\t\t\t<div class=\"elementor-widget-container\">\n\t\t\t\t\t\t\t<ul class=\"elementor-icon-list-items\">\n\t\t\t\t\t\t\t<li class=\"elementor-icon-list-item\">\n\t\t\t\t\t\t\t\t\t\t\t<span class=\"elementor-icon-list-icon\">\n\t\t\t\t\t\t\t<svg aria-hidden=\"true\" class=\"e-font-icon-svg e-fas-check\" viewBox=\"0 0 512 512\" xmlns=\"http:\/\/www.w3.org\/2000\/svg\"><path d=\"M173.898 439.404l-166.4-166.4c-9.997-9.997-9.997-26.206 0-36.204l36.203-36.204c9.997-9.998 26.207-9.998 36.204 0L192 312.69 432.095 72.596c9.997-9.997 26.207-9.997 36.204 0l36.203 36.204c9.997 9.997 9.997 26.206 0 36.204l-294.4 294.401c-9.998 9.997-26.207 9.997-36.204-.001z\"><\/path><\/svg>\t\t\t\t\t\t<\/span>\n\t\t\t\t\t\t\t\t\t\t<span class=\"elementor-icon-list-text\">Jusqu'\u00e0  10  personnes  <\/span>\n\t\t\t\t\t\t\t\t\t<\/li>\n\t\t\t\t\t\t\t\t<li class=\"elementor-icon-list-item\">\n\t\t\t\t\t\t\t\t\t\t\t<span class=\"elementor-icon-list-icon\">\n\t\t\t\t\t\t\t<svg aria-hidden=\"true\" class=\"e-font-icon-svg e-fas-check\" viewBox=\"0 0 512 512\" xmlns=\"http:\/\/www.w3.org\/2000\/svg\"><path d=\"M173.898 439.404l-166.4-166.4c-9.997-9.997-9.997-26.206 0-36.204l36.203-36.204c9.997-9.998 26.207-9.998 36.204 0L192 312.69 432.095 72.596c9.997-9.997 26.207-9.997 36.204 0l36.203 36.204c9.997 9.997 9.997 26.206 0 36.204l-294.4 294.401c-9.998 9.997-26.207 9.997-36.204-.001z\"><\/path><\/svg>\t\t\t\t\t\t<\/span>\n\t\t\t\t\t\t\t\t\t\t<span class=\"elementor-icon-list-text\">Inclus :  Eau  et  jus  de  pomme  <\/span>\n\t\t\t\t\t\t\t\t\t<\/li>\n\t\t\t\t\t\t\t\t<li class=\"elementor-icon-list-item\">\n\t\t\t\t\t\t\t\t\t\t\t<span class=\"elementor-icon-list-icon\">\n\t\t\t\t\t\t\t<svg aria-hidden=\"true\" class=\"e-font-icon-svg e-fas-check\" viewBox=\"0 0 512 512\" xmlns=\"http:\/\/www.w3.org\/2000\/svg\"><path d=\"M173.898 439.404l-166.4-166.4c-9.997-9.997-9.997-26.206 0-36.204l36.203-36.204c9.997-9.998 26.207-9.998 36.204 0L192 312.69 432.095 72.596c9.997-9.997 26.207-9.997 36.204 0l36.203 36.204c9.997 9.997 9.997 26.206 0 36.204l-294.4 294.401c-9.998 9.997-26.207 9.997-36.204-.001z\"><\/path><\/svg>\t\t\t\t\t\t<\/span>\n\t\t\t\t\t\t\t\t\t\t<span class=\"elementor-icon-list-text\">Dur\u00e9e  de  location :  jusqu'\u00e0  3  heures  <\/span>\n\t\t\t\t\t\t\t\t\t<\/li>\n\t\t\t\t\t\t\t\t<li class=\"elementor-icon-list-item\">\n\t\t\t\t\t\t\t\t\t\t\t<span class=\"elementor-icon-list-icon\">\n\t\t\t\t\t\t\t<svg aria-hidden=\"true\" class=\"e-font-icon-svg e-fas-check\" viewBox=\"0 0 512 512\" xmlns=\"http:\/\/www.w3.org\/2000\/svg\"><path d=\"M173.898 439.404l-166.4-166.4c-9.997-9.997-9.997-26.206 0-36.204l36.203-36.204c9.997-9.998 26.207-9.998 36.204 0L192 312.69 432.095 72.596c9.997-9.997 26.207-9.997 36.204 0l36.203 36.204c9.997 9.997 9.997 26.206 0 36.204l-294.4 294.401c-9.998 9.997-26.207 9.997-36.204-.001z\"><\/path><\/svg>\t\t\t\t\t\t<\/span>\n\t\t\t\t\t\t\t\t\t\t<span class=\"elementor-icon-list-text\">Location  de  salle :  50  \u20ac<\/span>\n\t\t\t\t\t\t\t\t\t<\/li>\n\t\t\t\t\t\t<\/ul>\n\t\t\t\t\t\t<\/div>\n\t\t\t\t<\/div>\n\t\t\t\t\t<\/div>\n\t\t<\/div>\n\t\t\t\t<div class=\"elementor-column elementor-col-50 elementor-inner-column elementor-element elementor-element-23f2538\" data-id=\"23f2538\" data-element_type=\"column\" data-settings=\"{&quot;background_background&quot;:&quot;classic&quot;}\">\n\t\t\t<div class=\"elementor-widget-wrap elementor-element-populated\">\n\t\t\t\t\t\t<div class=\"elementor-element elementor-element-2fa13e2 elementor-widget elementor-widget-heading\" data-id=\"2fa13e2\" data-element_type=\"widget\" data-widget_type=\"heading.default\">\n\t\t\t\t<div class=\"elementor-widget-container\">\n\t\t\t\t\t<h4 class=\"elementor-heading-title elementor-size-default\">Option  2  |  Pour  les  \u00e9v\u00e9nements  de  plus  grande  envergure<\/h4>\t\t\t\t<\/div>\n\t\t\t\t<\/div>\n\t\t\t\t<div class=\"elementor-element elementor-element-ac3a239 elementor-icon-list--layout-traditional elementor-list-item-link-full_width elementor-widget elementor-widget-icon-list\" data-id=\"ac3a239\" data-element_type=\"widget\" data-widget_type=\"icon-list.default\">\n\t\t\t\t<div class=\"elementor-widget-container\">\n\t\t\t\t\t\t\t<ul class=\"elementor-icon-list-items\">\n\t\t\t\t\t\t\t<li class=\"elementor-icon-list-item\">\n\t\t\t\t\t\t\t\t\t\t\t<span class=\"elementor-icon-list-icon\">\n\t\t\t\t\t\t\t<svg aria-hidden=\"true\" class=\"e-font-icon-svg e-fas-check\" viewBox=\"0 0 512 512\" xmlns=\"http:\/\/www.w3.org\/2000\/svg\"><path d=\"M173.898 439.404l-166.4-166.4c-9.997-9.997-9.997-26.206 0-36.204l36.203-36.204c9.997-9.998 26.207-9.998 36.204 0L192 312.69 432.095 72.596c9.997-9.997 26.207-9.997 36.204 0l36.203 36.204c9.997 9.997 9.997 26.206 0 36.204l-294.4 294.401c-9.998 9.997-26.207 9.997-36.204-.001z\"><\/path><\/svg>\t\t\t\t\t\t<\/span>\n\t\t\t\t\t\t\t\t\t\t<span class=\"elementor-icon-list-text\">Jusqu'\u00e0  40  personnes  tables  et  chaises  comprises <\/span>\n\t\t\t\t\t\t\t\t\t<\/li>\n\t\t\t\t\t\t\t\t<li class=\"elementor-icon-list-item\">\n\t\t\t\t\t\t\t\t\t\t\t<span class=\"elementor-icon-list-icon\">\n\t\t\t\t\t\t\t<svg aria-hidden=\"true\" class=\"e-font-icon-svg e-fas-check\" viewBox=\"0 0 512 512\" xmlns=\"http:\/\/www.w3.org\/2000\/svg\"><path d=\"M173.898 439.404l-166.4-166.4c-9.997-9.997-9.997-26.206 0-36.204l36.203-36.204c9.997-9.998 26.207-9.998 36.204 0L192 312.69 432.095 72.596c9.997-9.997 26.207-9.997 36.204 0l36.203 36.204c9.997 9.997 9.997 26.206 0 36.204l-294.4 294.401c-9.998 9.997-26.207 9.997-36.204-.001z\"><\/path><\/svg>\t\t\t\t\t\t<\/span>\n\t\t\t\t\t\t\t\t\t\t<span class=\"elementor-icon-list-text\">Jusqu'\u00e0  100  personnes  en  si\u00e8ges  de  cin\u00e9ma  <\/span>\n\t\t\t\t\t\t\t\t\t<\/li>\n\t\t\t\t\t\t\t\t<li class=\"elementor-icon-list-item\">\n\t\t\t\t\t\t\t\t\t\t\t<span class=\"elementor-icon-list-icon\">\n\t\t\t\t\t\t\t<svg aria-hidden=\"true\" class=\"e-font-icon-svg e-fas-check\" viewBox=\"0 0 512 512\" xmlns=\"http:\/\/www.w3.org\/2000\/svg\"><path d=\"M173.898 439.404l-166.4-166.4c-9.997-9.997-9.997-26.206 0-36.204l36.203-36.204c9.997-9.998 26.207-9.998 36.204 0L192 312.69 432.095 72.596c9.997-9.997 26.207-9.997 36.204 0l36.203 36.204c9.997 9.997 9.997 26.206 0 36.204l-294.4 294.401c-9.998 9.997-26.207 9.997-36.204-.001z\"><\/path><\/svg>\t\t\t\t\t\t<\/span>\n\t\t\t\t\t\t\t\t\t\t<span class=\"elementor-icon-list-text\">P\u00e9riode   de  location :  Jusqu'\u00e0  3  heures  <\/span>\n\t\t\t\t\t\t\t\t\t<\/li>\n\t\t\t\t\t\t\t\t<li class=\"elementor-icon-list-item\">\n\t\t\t\t\t\t\t\t\t\t\t<span class=\"elementor-icon-list-icon\">\n\t\t\t\t\t\t\t<svg aria-hidden=\"true\" class=\"e-font-icon-svg e-fas-check\" viewBox=\"0 0 512 512\" xmlns=\"http:\/\/www.w3.org\/2000\/svg\"><path d=\"M173.898 439.404l-166.4-166.4c-9.997-9.997-9.997-26.206 0-36.204l36.203-36.204c9.997-9.998 26.207-9.998 36.204 0L192 312.69 432.095 72.596c9.997-9.997 26.207-9.997 36.204 0l36.203 36.204c9.997 9.997 9.997 26.206 0 36.204l-294.4 294.401c-9.998 9.997-26.207 9.997-36.204-.001z\"><\/path><\/svg>\t\t\t\t\t\t<\/span>\n\t\t\t\t\t\t\t\t\t\t<span class=\"elementor-icon-list-text\">Location   de  la  salle :  300  \u20ac  plus  boissons<\/span>\n\t\t\t\t\t\t\t\t\t<\/li>\n\t\t\t\t\t\t<\/ul>\n\t\t\t\t\t\t<\/div>\n\t\t\t\t<\/div>\n\t\t\t\t\t<\/div>\n\t\t<\/div>\n\t\t\t\t\t<\/div>\n\t\t<\/section>\n\t\t\t\t<div class=\"elementor-element elementor-element-172385a elementor-widget elementor-widget-heading\" data-id=\"172385a\" data-element_type=\"widget\" data-widget_type=\"heading.default\">\n\t\t\t\t<div class=\"elementor-widget-container\">\n\t\t\t\t\t<div class=\"elementor-heading-title elementor-size-default\"> Si  aucune  de  nos  offres  ne  correspond  \u00e0  vos  besoins,  n'h\u00e9sitez  pas  \u00e0  nous  contacter.  Ensemble,  nous  trouverons  la  solution id\u00e9ale  et  r\u00e9aliserons  votre  projet  selon  vos  souhaits.<\/div>\t\t\t\t<\/div>\n\t\t\t\t<\/div>\n\t\t\t\t<div class=\"elementor-element elementor-element-c73b8f6 elementor-widget__width-inherit elementor-align-center elementor-widget elementor-widget-button\" data-id=\"c73b8f6\" data-element_type=\"widget\" data-widget_type=\"button.default\">\n\t\t\t\t<div class=\"elementor-widget-container\">\n\t\t\t\t\t\t\t\t\t<div class=\"elementor-button-wrapper\">\n\t\t\t\t\t<a class=\"elementor-button elementor-button-link elementor-size-sm\" href=\"https:\/\/www.hotel-roessle.de\/fr\/conferences\/demande-de-conference\/\">\n\t\t\t\t\t\t<span class=\"elementor-button-content-wrapper\">\n\t\t\t\t\t\t\t\t\t<span class=\"elementor-button-text\">Demander maintenant<\/span>\n\t\t\t\t\t<\/span>\n\t\t\t\t\t<\/a>\n\t\t\t\t<\/div>\n\t\t\t\t\t\t\t\t<\/div>\n\t\t\t\t<\/div>\n\t\t\t\t\t<\/div>\n\t\t<\/div>\n\t\t\t\t\t<\/div>\n\t\t<\/section>\n\t\t\t\t<\/div>\n\t\t","protected":false},"excerpt":{"rendered":"<p>Clubs et r\u00e9unions Qu&rsquo;il s&rsquo;agisse d&rsquo;une assembl\u00e9e g\u00e9n\u00e9rale annuelle, d&rsquo;un conseil d&rsquo;administration, d&rsquo;une f\u00eate de club ou d&rsquo;une r\u00e9union strat\u00e9gique, nous accueillons chaleureusement les clubs et associations au Schwarzwald Resort R\u00f6\u00dfle ! Nos salles de conf\u00e9rence modulables offrent le cadre id\u00e9al pour des \u00e9v\u00e9nements de toute taille et s&rsquo;adaptent \u00e0 vos besoins. Gr\u00e2ce \u00e0 une [&hellip;]<\/p>\n","protected":false},"author":1,"featured_media":0,"parent":1545,"menu_order":163,"comment_status":"closed","ping_status":"closed","template":"","meta":{"_acf_changed":false,"_glsr_average":0,"_glsr_ranking":0,"_glsr_reviews":0,"footnotes":""},"class_list":["post-182328","page","type-page","status-publish","hentry"],"acf":[],"yoast_head":"<!-- This site is optimized with the Yoast SEO plugin v26.6 - https:\/\/yoast.com\/wordpress\/plugins\/seo\/ -->\n<title>Clubs et r\u00e9unions - 4* Hotel Schwarzwald-Resort R\u00f6\u00dfle Todtmoos<\/title>\n<meta name=\"robots\" content=\"index, follow, max-snippet:-1, max-image-preview:large, max-video-preview:-1\" \/>\n<link rel=\"canonical\" href=\"https:\/\/www.hotel-roessle.de\/fr\/conferences\/clubs-et-reunions\/\" \/>\n<meta property=\"og:locale\" content=\"fr_FR\" \/>\n<meta property=\"og:type\" content=\"article\" \/>\n<meta property=\"og:title\" content=\"Clubs et r\u00e9unions - 4* Hotel Schwarzwald-Resort R\u00f6\u00dfle Todtmoos\" \/>\n<meta property=\"og:description\" content=\"Clubs et r\u00e9unions Qu&rsquo;il s&rsquo;agisse d&rsquo;une assembl\u00e9e g\u00e9n\u00e9rale annuelle, d&rsquo;un conseil d&rsquo;administration, d&rsquo;une f\u00eate de club ou d&rsquo;une r\u00e9union strat\u00e9gique, nous accueillons chaleureusement les clubs et associations au Schwarzwald Resort R\u00f6\u00dfle ! Nos salles de conf\u00e9rence modulables offrent le cadre id\u00e9al pour des \u00e9v\u00e9nements de toute taille et s&rsquo;adaptent \u00e0 vos besoins. Gr\u00e2ce \u00e0 une [&hellip;]\" \/>\n<meta property=\"og:url\" content=\"https:\/\/www.hotel-roessle.de\/fr\/conferences\/clubs-et-reunions\/\" \/>\n<meta property=\"og:site_name\" content=\"4* Hotel Schwarzwald-Resort R\u00f6\u00dfle Todtmoos\" \/>\n<meta property=\"article:modified_time\" content=\"2025-11-10T21:26:24+00:00\" \/>\n<meta name=\"twitter:card\" content=\"summary_large_image\" \/>\n<meta name=\"twitter:label1\" content=\"Dur\u00e9e de lecture estim\u00e9e\" \/>\n\t<meta name=\"twitter:data1\" content=\"2 minutes\" \/>\n<script type=\"application\/ld+json\" class=\"yoast-schema-graph\">{\"@context\":\"https:\/\/schema.org\",\"@graph\":[{\"@type\":\"WebPage\",\"@id\":\"https:\/\/www.hotel-roessle.de\/fr\/conferences\/clubs-et-reunions\/\",\"url\":\"https:\/\/www.hotel-roessle.de\/fr\/conferences\/clubs-et-reunions\/\",\"name\":\"Clubs et r\u00e9unions - 4* Hotel Schwarzwald-Resort R\u00f6\u00dfle Todtmoos\",\"isPartOf\":{\"@id\":\"https:\/\/www.hotel-roessle.de\/#website\"},\"datePublished\":\"2025-11-10T21:16:19+00:00\",\"dateModified\":\"2025-11-10T21:26:24+00:00\",\"breadcrumb\":{\"@id\":\"https:\/\/www.hotel-roessle.de\/fr\/conferences\/clubs-et-reunions\/#breadcrumb\"},\"inLanguage\":\"fr-FR\",\"potentialAction\":[{\"@type\":\"ReadAction\",\"target\":[\"https:\/\/www.hotel-roessle.de\/fr\/conferences\/clubs-et-reunions\/\"]}]},{\"@type\":\"BreadcrumbList\",\"@id\":\"https:\/\/www.hotel-roessle.de\/fr\/conferences\/clubs-et-reunions\/#breadcrumb\",\"itemListElement\":[{\"@type\":\"ListItem\",\"position\":1,\"name\":\"Startseite\",\"item\":\"https:\/\/www.hotel-roessle.de\/fr\/\"},{\"@type\":\"ListItem\",\"position\":2,\"name\":\"Conf\u00e9rences\",\"item\":\"https:\/\/www.hotel-roessle.de\/tagungen\/\"},{\"@type\":\"ListItem\",\"position\":3,\"name\":\"Clubs et r\u00e9unions\"}]},{\"@type\":\"WebSite\",\"@id\":\"https:\/\/www.hotel-roessle.de\/#website\",\"url\":\"https:\/\/www.hotel-roessle.de\/\",\"name\":\"4* Hotel Schwarzwald-Resort R\u00f6\u00dfle Todtmoos\",\"description\":\"Familiengef\u00fchrtes Vier Sterne Superior Hotel in Todtmoos\/Schwarzwald\",\"publisher\":{\"@id\":\"https:\/\/www.hotel-roessle.de\/#organization\"},\"potentialAction\":[{\"@type\":\"SearchAction\",\"target\":{\"@type\":\"EntryPoint\",\"urlTemplate\":\"https:\/\/www.hotel-roessle.de\/?s={search_term_string}\"},\"query-input\":{\"@type\":\"PropertyValueSpecification\",\"valueRequired\":true,\"valueName\":\"search_term_string\"}}],\"inLanguage\":\"fr-FR\"},{\"@type\":\"Organization\",\"@id\":\"https:\/\/www.hotel-roessle.de\/#organization\",\"name\":\"4* Hotel Schwarzwald-Resort R\u00f6\u00dfle Todtmoos\",\"url\":\"https:\/\/www.hotel-roessle.de\/\",\"logo\":{\"@type\":\"ImageObject\",\"inLanguage\":\"fr-FR\",\"@id\":\"https:\/\/www.hotel-roessle.de\/#\/schema\/logo\/image\/\",\"url\":\"https:\/\/www.hotel-roessle.de\/cms\/wp-content\/uploads\/2025\/04\/header-logo.jpg\",\"contentUrl\":\"https:\/\/www.hotel-roessle.de\/cms\/wp-content\/uploads\/2025\/04\/header-logo.jpg\",\"width\":400,\"height\":186,\"caption\":\"4* Hotel Schwarzwald-Resort R\u00f6\u00dfle Todtmoos\"},\"image\":{\"@id\":\"https:\/\/www.hotel-roessle.de\/#\/schema\/logo\/image\/\"}}]}<\/script>\n<!-- \/ Yoast SEO plugin. -->","yoast_head_json":{"title":"Clubs et r\u00e9unions - 4* Hotel Schwarzwald-Resort R\u00f6\u00dfle Todtmoos","robots":{"index":"index","follow":"follow","max-snippet":"max-snippet:-1","max-image-preview":"max-image-preview:large","max-video-preview":"max-video-preview:-1"},"canonical":"https:\/\/www.hotel-roessle.de\/fr\/conferences\/clubs-et-reunions\/","og_locale":"fr_FR","og_type":"article","og_title":"Clubs et r\u00e9unions - 4* Hotel Schwarzwald-Resort R\u00f6\u00dfle Todtmoos","og_description":"Clubs et r\u00e9unions Qu&rsquo;il s&rsquo;agisse d&rsquo;une assembl\u00e9e g\u00e9n\u00e9rale annuelle, d&rsquo;un conseil d&rsquo;administration, d&rsquo;une f\u00eate de club ou d&rsquo;une r\u00e9union strat\u00e9gique, nous accueillons chaleureusement les clubs et associations au Schwarzwald Resort R\u00f6\u00dfle ! Nos salles de conf\u00e9rence modulables offrent le cadre id\u00e9al pour des \u00e9v\u00e9nements de toute taille et s&rsquo;adaptent \u00e0 vos besoins. Gr\u00e2ce \u00e0 une [&hellip;]","og_url":"https:\/\/www.hotel-roessle.de\/fr\/conferences\/clubs-et-reunions\/","og_site_name":"4* Hotel Schwarzwald-Resort R\u00f6\u00dfle Todtmoos","article_modified_time":"2025-11-10T21:26:24+00:00","twitter_card":"summary_large_image","twitter_misc":{"Dur\u00e9e de lecture estim\u00e9e":"2 minutes"},"schema":{"@context":"https:\/\/schema.org","@graph":[{"@type":"WebPage","@id":"https:\/\/www.hotel-roessle.de\/fr\/conferences\/clubs-et-reunions\/","url":"https:\/\/www.hotel-roessle.de\/fr\/conferences\/clubs-et-reunions\/","name":"Clubs et r\u00e9unions - 4* Hotel Schwarzwald-Resort R\u00f6\u00dfle Todtmoos","isPartOf":{"@id":"https:\/\/www.hotel-roessle.de\/#website"},"datePublished":"2025-11-10T21:16:19+00:00","dateModified":"2025-11-10T21:26:24+00:00","breadcrumb":{"@id":"https:\/\/www.hotel-roessle.de\/fr\/conferences\/clubs-et-reunions\/#breadcrumb"},"inLanguage":"fr-FR","potentialAction":[{"@type":"ReadAction","target":["https:\/\/www.hotel-roessle.de\/fr\/conferences\/clubs-et-reunions\/"]}]},{"@type":"BreadcrumbList","@id":"https:\/\/www.hotel-roessle.de\/fr\/conferences\/clubs-et-reunions\/#breadcrumb","itemListElement":[{"@type":"ListItem","position":1,"name":"Startseite","item":"https:\/\/www.hotel-roessle.de\/fr\/"},{"@type":"ListItem","position":2,"name":"Conf\u00e9rences","item":"https:\/\/www.hotel-roessle.de\/tagungen\/"},{"@type":"ListItem","position":3,"name":"Clubs et r\u00e9unions"}]},{"@type":"WebSite","@id":"https:\/\/www.hotel-roessle.de\/#website","url":"https:\/\/www.hotel-roessle.de\/","name":"4* Hotel Schwarzwald-Resort R\u00f6\u00dfle Todtmoos","description":"Familiengef\u00fchrtes Vier Sterne Superior Hotel in Todtmoos\/Schwarzwald","publisher":{"@id":"https:\/\/www.hotel-roessle.de\/#organization"},"potentialAction":[{"@type":"SearchAction","target":{"@type":"EntryPoint","urlTemplate":"https:\/\/www.hotel-roessle.de\/?s={search_term_string}"},"query-input":{"@type":"PropertyValueSpecification","valueRequired":true,"valueName":"search_term_string"}}],"inLanguage":"fr-FR"},{"@type":"Organization","@id":"https:\/\/www.hotel-roessle.de\/#organization","name":"4* Hotel Schwarzwald-Resort R\u00f6\u00dfle Todtmoos","url":"https:\/\/www.hotel-roessle.de\/","logo":{"@type":"ImageObject","inLanguage":"fr-FR","@id":"https:\/\/www.hotel-roessle.de\/#\/schema\/logo\/image\/","url":"https:\/\/www.hotel-roessle.de\/cms\/wp-content\/uploads\/2025\/04\/header-logo.jpg","contentUrl":"https:\/\/www.hotel-roessle.de\/cms\/wp-content\/uploads\/2025\/04\/header-logo.jpg","width":400,"height":186,"caption":"4* Hotel Schwarzwald-Resort R\u00f6\u00dfle Todtmoos"},"image":{"@id":"https:\/\/www.hotel-roessle.de\/#\/schema\/logo\/image\/"}}]}},"_links":{"self":[{"href":"https:\/\/www.hotel-roessle.de\/fr\/wp-json\/wp\/v2\/pages\/182328","targetHints":{"allow":["GET"]}}],"collection":[{"href":"https:\/\/www.hotel-roessle.de\/fr\/wp-json\/wp\/v2\/pages"}],"about":[{"href":"https:\/\/www.hotel-roessle.de\/fr\/wp-json\/wp\/v2\/types\/page"}],"author":[{"embeddable":true,"href":"https:\/\/www.hotel-roessle.de\/fr\/wp-json\/wp\/v2\/users\/1"}],"replies":[{"embeddable":true,"href":"https:\/\/www.hotel-roessle.de\/fr\/wp-json\/wp\/v2\/comments?post=182328"}],"version-history":[{"count":0,"href":"https:\/\/www.hotel-roessle.de\/fr\/wp-json\/wp\/v2\/pages\/182328\/revisions"}],"up":[{"embeddable":true,"href":"https:\/\/www.hotel-roessle.de\/fr\/wp-json\/wp\/v2\/pages\/1545"}],"wp:attachment":[{"href":"https:\/\/www.hotel-roessle.de\/fr\/wp-json\/wp\/v2\/media?parent=182328"}],"curies":[{"name":"wp","href":"https:\/\/api.w.org\/{rel}","templated":true}]}}