{"id":179193,"date":"2025-10-24T18:06:13","date_gmt":"2025-10-24T16:06:13","guid":{"rendered":"https:\/\/www.hotel-roessle.de\/?page_id=179193"},"modified":"2025-10-24T18:10:39","modified_gmt":"2025-10-24T16:10:39","slug":"nouvelles-du-roessle","status":"publish","type":"page","link":"https:\/\/www.hotel-roessle.de\/fr\/resort\/nouvelles-du-roessle\/","title":{"rendered":"Nouvelles du Roessle"},"content":{"rendered":"\t\t<div data-elementor-type=\"wp-page\" data-elementor-id=\"179193\" class=\"elementor elementor-179193 elementor-179191\" data-elementor-post-type=\"page\">\n\t\t\t\t\t\t<section class=\"elementor-section elementor-top-section elementor-element elementor-element-bdbdba7 elementor-section-full_width elementor-section-height-default elementor-section-height-default\" data-id=\"bdbdba7\" data-element_type=\"section\">\n\t\t\t\t\t\t<div class=\"elementor-container elementor-column-gap-default\">\n\t\t\t\t\t<div class=\"elementor-column elementor-col-100 elementor-top-column elementor-element elementor-element-a10226b\" data-id=\"a10226b\" data-element_type=\"column\">\n\t\t\t<div class=\"elementor-widget-wrap elementor-element-populated\">\n\t\t\t\t\t\t<div class=\"elementor-element elementor-element-6a233e3 elementor-invisible elementor-widget elementor-widget-heading\" data-id=\"6a233e3\" data-element_type=\"widget\" data-settings=\"{&quot;_animation&quot;:&quot;fadeInDown&quot;}\" data-widget_type=\"heading.default\">\n\t\t\t\t<div class=\"elementor-widget-container\">\n\t\t\t\t\t<h1 class=\"elementor-heading-title elementor-size-default\">Nouvelles  du  Black  Forest  Resort  R\u00f6ssle<\/h1>\t\t\t\t<\/div>\n\t\t\t\t<\/div>\n\t\t\t\t<div class=\"elementor-element elementor-element-6c43ad1 elementor-widget elementor-widget-heading\" data-id=\"6c43ad1\" data-element_type=\"widget\" data-widget_type=\"heading.default\">\n\t\t\t\t<div class=\"elementor-widget-container\">\n\t\t\t\t\t<h2 class=\"elementor-heading-title elementor-size-default\">Actualit\u00e9s,  offres  et  \u00e9v\u00e9nements<\/h2>\t\t\t\t<\/div>\n\t\t\t\t<\/div>\n\t\t\t\t<div class=\"elementor-element elementor-element-e35d94e elementor-widget elementor-widget-spacer\" data-id=\"e35d94e\" data-element_type=\"widget\" data-widget_type=\"spacer.default\">\n\t\t\t\t<div class=\"elementor-widget-container\">\n\t\t\t\t\t\t\t<div class=\"elementor-spacer\">\n\t\t\t<div class=\"elementor-spacer-inner\"><\/div>\n\t\t<\/div>\n\t\t\t\t\t\t<\/div>\n\t\t\t\t<\/div>\n\t\t\t\t<section class=\"elementor-section elementor-inner-section elementor-element elementor-element-eec7a6c elementor-section-full_width elementor-section-height-default elementor-section-height-default\" data-id=\"eec7a6c\" data-element_type=\"section\">\n\t\t\t\t\t\t<div class=\"elementor-container elementor-column-gap-default\">\n\t\t\t\t\t<div class=\"elementor-column elementor-col-100 elementor-inner-column elementor-element elementor-element-790c238\" data-id=\"790c238\" data-element_type=\"column\">\n\t\t\t<div class=\"elementor-widget-wrap elementor-element-populated\">\n\t\t\t\t\t\t<div class=\"elementor-element elementor-element-2b3eca9 elementor-widget elementor-widget-text-editor\" data-id=\"2b3eca9\" data-element_type=\"widget\" data-widget_type=\"text-editor.default\">\n\t\t\t\t<div class=\"elementor-widget-container\">\n\t\t\t\t\t\t\t\t\t<p>Restez inform\u00e9s ! Dans notre rubrique \u00ab Actualit\u00e9s du R\u00f6\u00dfle \u00bb, nous vous informons r\u00e9guli\u00e8rement des offres sp\u00e9ciales, des moments forts de la saison et des \u00e9v\u00e9nements passionnants organis\u00e9s dans notre h\u00f4tel et ses environs. Qu&rsquo;il s&rsquo;agisse de semaines culinaires \u00e0 th\u00e8me, d&rsquo;offres bien\u00eatre exclusives ou de conseils pour des exp\u00e9riences inoubliables en For\u00eat-Noire, vous trouverez ici tout ce qu&rsquo;il faut savoir pour votre prochain s\u00e9jour. N&rsquo;h\u00e9sitez pas \u00e0 nous rendre visite et \u00e0 vous laisser inspirer !<\/p>\t\t\t\t\t\t\t\t<\/div>\n\t\t\t\t<\/div>\n\t\t\t\t\t<\/div>\n\t\t<\/div>\n\t\t\t\t\t<\/div>\n\t\t<\/section>\n\t\t\t\t\t<\/div>\n\t\t<\/div>\n\t\t\t\t\t<\/div>\n\t\t<\/section>\n\t\t\t\t<section class=\"elementor-section elementor-top-section elementor-element elementor-element-ffb2b90 elementor-section-full_width elementor-reverse-tablet elementor-reverse-mobile elementor-section-height-default elementor-section-height-default\" data-id=\"ffb2b90\" data-element_type=\"section\" data-settings=\"{&quot;background_background&quot;:&quot;classic&quot;}\">\n\t\t\t\t\t\t<div class=\"elementor-container elementor-column-gap-default\">\n\t\t\t\t\t<div class=\"elementor-column elementor-col-100 elementor-top-column elementor-element elementor-element-e317471\" data-id=\"e317471\" data-element_type=\"column\" data-settings=\"{&quot;background_background&quot;:&quot;classic&quot;}\">\n\t\t\t<div class=\"elementor-widget-wrap elementor-element-populated\">\n\t\t\t\t\t\t<div class=\"elementor-element elementor-element-4d73179 elementor-widget elementor-widget-spacer\" data-id=\"4d73179\" data-element_type=\"widget\" data-widget_type=\"spacer.default\">\n\t\t\t\t<div class=\"elementor-widget-container\">\n\t\t\t\t\t\t\t<div class=\"elementor-spacer\">\n\t\t\t<div class=\"elementor-spacer-inner\"><\/div>\n\t\t<\/div>\n\t\t\t\t\t\t<\/div>\n\t\t\t\t<\/div>\n\t\t\t\t\t<\/div>\n\t\t<\/div>\n\t\t\t\t\t<\/div>\n\t\t<\/section>\n\t\t\t\t<section class=\"elementor-section elementor-top-section elementor-element elementor-element-f2ac67f elementor-section-full_width elementor-reverse-mobile elementor-reverse-tablet elementor-section-height-default elementor-section-height-default\" data-id=\"f2ac67f\" data-element_type=\"section\">\n\t\t\t\t\t\t<div class=\"elementor-container elementor-column-gap-default\">\n\t\t\t\t\t<div class=\"elementor-column elementor-col-50 elementor-top-column elementor-element elementor-element-236472f\" data-id=\"236472f\" data-element_type=\"column\" data-settings=\"{&quot;background_background&quot;:&quot;classic&quot;}\">\n\t\t\t<div class=\"elementor-widget-wrap elementor-element-populated\">\n\t\t\t\t\t\t<div class=\"elementor-element elementor-element-36c35a2 elementor-widget elementor-widget-image\" data-id=\"36c35a2\" data-element_type=\"widget\" data-widget_type=\"image.default\">\n\t\t\t\t<div class=\"elementor-widget-container\">\n\t\t\t\t\t\t\t\t\t\t\t\t\t\t\t<img fetchpriority=\"high\" decoding=\"async\" width=\"800\" height=\"640\" src=\"https:\/\/www.hotel-roessle.de\/cms\/wp-content\/uploads\/2025\/10\/ihre-gastgeber-alexander-narnia-maier-1-1.jpg\" class=\"attachment-large size-large wp-image-179256\" alt=\"\" srcset=\"https:\/\/www.hotel-roessle.de\/cms\/wp-content\/uploads\/2025\/10\/ihre-gastgeber-alexander-narnia-maier-1-1.jpg 1000w, https:\/\/www.hotel-roessle.de\/cms\/wp-content\/uploads\/2025\/10\/ihre-gastgeber-alexander-narnia-maier-1-1-300x240.jpg 300w\" sizes=\"(max-width: 800px) 100vw, 800px\" \/>\t\t\t\t\t\t\t\t\t\t\t\t\t\t\t<\/div>\n\t\t\t\t<\/div>\n\t\t\t\t\t<\/div>\n\t\t<\/div>\n\t\t\t\t<div class=\"elementor-column elementor-col-50 elementor-top-column elementor-element elementor-element-a95fad8\" data-id=\"a95fad8\" data-element_type=\"column\" data-settings=\"{&quot;background_background&quot;:&quot;classic&quot;}\">\n\t\t\t<div class=\"elementor-widget-wrap elementor-element-populated\">\n\t\t\t\t\t\t<div class=\"elementor-element elementor-element-066971d elementor-invisible elementor-widget elementor-widget-heading\" data-id=\"066971d\" data-element_type=\"widget\" data-settings=\"{&quot;_animation&quot;:&quot;fadeInDown&quot;}\" data-widget_type=\"heading.default\">\n\t\t\t\t<div class=\"elementor-widget-container\">\n\t\t\t\t\t<h2 class=\"elementor-heading-title elementor-size-default\">Changement  de  g\u00e9n\u00e9ration  \u00e0  l'h\u00f4tel  R\u00f6\u00dfle<\/h2>\t\t\t\t<\/div>\n\t\t\t\t<\/div>\n\t\t\t\t<div class=\"elementor-element elementor-element-9b87034 elementor-widget elementor-widget-heading\" data-id=\"9b87034\" data-element_type=\"widget\" data-widget_type=\"heading.default\">\n\t\t\t\t<div class=\"elementor-widget-container\">\n\t\t\t\t\t<h3 class=\"elementor-heading-title elementor-size-default\">La  tradition  rencontre  l'avenir<\/h3>\t\t\t\t<\/div>\n\t\t\t\t<\/div>\n\t\t\t\t<div class=\"elementor-element elementor-element-7ef2db4 elementor-widget elementor-widget-text-editor\" data-id=\"7ef2db4\" data-element_type=\"widget\" data-widget_type=\"text-editor.default\">\n\t\t\t\t<div class=\"elementor-widget-container\">\n\t\t\t\t\t\t\t\t\t<p>Un nouveau chapitre s&rsquo;ouvre : le 1er f\u00e9vrier, nous avons transmis l&rsquo;H\u00f4tel R\u00f6\u00dfle \u00e0 la dixi\u00e8me g\u00e9n\u00e9ration. Depuis des si\u00e8cles, notre \u00e9tablissement familial est synonyme d&rsquo;hospitalit\u00e9 chaleureuse, de tradition de la For\u00eatNoire et de service haut de gamme.<\/p><p>Forts d&rsquo;id\u00e9es innovantes et de l&rsquo;esprit R\u00f6\u00dfle ancestral, nous perp\u00e9tuons cette longue histoire et nous r\u00e9jouissons de faire vivre \u00e0 nos clients des exp\u00e9riences inoubliables. Restez \u00e0 l\u2019\u00e9coute des innovations \u00e0 venir \u2013 nous attendons avec impatience votre prochaine pause au R\u00f6\u00dfle !<\/p>\t\t\t\t\t\t\t\t<\/div>\n\t\t\t\t<\/div>\n\t\t\t\t\t<\/div>\n\t\t<\/div>\n\t\t\t\t\t<\/div>\n\t\t<\/section>\n\t\t\t\t<\/div>\n\t\t","protected":false},"excerpt":{"rendered":"<p>Nouvelles du Black Forest Resort R\u00f6ssle Actualit\u00e9s, offres et \u00e9v\u00e9nements Restez inform\u00e9s ! Dans notre rubrique \u00ab Actualit\u00e9s du R\u00f6\u00dfle \u00bb, nous vous informons r\u00e9guli\u00e8rement des offres sp\u00e9ciales, des moments forts de la saison et des \u00e9v\u00e9nements passionnants organis\u00e9s dans notre h\u00f4tel et ses environs. Qu&rsquo;il s&rsquo;agisse de semaines culinaires \u00e0 th\u00e8me, d&rsquo;offres bien\u00eatre exclusives [&hellip;]<\/p>\n","protected":false},"author":1,"featured_media":0,"parent":1501,"menu_order":181,"comment_status":"closed","ping_status":"closed","template":"","meta":{"_acf_changed":false,"_glsr_average":0,"_glsr_ranking":0,"_glsr_reviews":0,"footnotes":""},"class_list":["post-179193","page","type-page","status-publish","hentry"],"acf":[],"yoast_head":"<!-- This site is optimized with the Yoast SEO plugin v26.6 - https:\/\/yoast.com\/wordpress\/plugins\/seo\/ -->\n<title>Nouvelles du Roessle - 4* Hotel Schwarzwald-Resort R\u00f6\u00dfle Todtmoos<\/title>\n<meta name=\"robots\" content=\"index, follow, max-snippet:-1, max-image-preview:large, max-video-preview:-1\" \/>\n<link rel=\"canonical\" href=\"https:\/\/www.hotel-roessle.de\/resort\/aktuelles-aus-dem-roessle\/\" \/>\n<meta property=\"og:locale\" content=\"fr_FR\" \/>\n<meta property=\"og:type\" content=\"article\" \/>\n<meta property=\"og:title\" content=\"Nouvelles du Roessle - 4* Hotel Schwarzwald-Resort R\u00f6\u00dfle Todtmoos\" \/>\n<meta property=\"og:description\" content=\"Nouvelles du Black Forest Resort R\u00f6ssle Actualit\u00e9s, offres et \u00e9v\u00e9nements Restez inform\u00e9s ! Dans notre rubrique \u00ab Actualit\u00e9s du R\u00f6\u00dfle \u00bb, nous vous informons r\u00e9guli\u00e8rement des offres sp\u00e9ciales, des moments forts de la saison et des \u00e9v\u00e9nements passionnants organis\u00e9s dans notre h\u00f4tel et ses environs. Qu&rsquo;il s&rsquo;agisse de semaines culinaires \u00e0 th\u00e8me, d&rsquo;offres bien\u00eatre exclusives [&hellip;]\" \/>\n<meta property=\"og:url\" content=\"https:\/\/www.hotel-roessle.de\/resort\/aktuelles-aus-dem-roessle\/\" \/>\n<meta property=\"og:site_name\" content=\"4* Hotel Schwarzwald-Resort R\u00f6\u00dfle Todtmoos\" \/>\n<meta property=\"article:modified_time\" content=\"2025-10-24T16:10:39+00:00\" \/>\n<meta property=\"og:image\" content=\"https:\/\/www.hotel-roessle.de\/cms\/wp-content\/uploads\/2025\/10\/ihre-gastgeber-alexander-narnia-maier-1-1.jpg\" \/>\n\t<meta property=\"og:image:width\" content=\"1000\" \/>\n\t<meta property=\"og:image:height\" content=\"800\" \/>\n\t<meta property=\"og:image:type\" content=\"image\/jpeg\" \/>\n<meta name=\"twitter:card\" content=\"summary_large_image\" \/>\n<meta name=\"twitter:label1\" content=\"Dur\u00e9e de lecture estim\u00e9e\" \/>\n\t<meta name=\"twitter:data1\" content=\"2 minutes\" \/>\n<script type=\"application\/ld+json\" class=\"yoast-schema-graph\">{\"@context\":\"https:\/\/schema.org\",\"@graph\":[{\"@type\":\"WebPage\",\"@id\":\"https:\/\/www.hotel-roessle.de\/resort\/aktuelles-aus-dem-roessle\/\",\"url\":\"https:\/\/www.hotel-roessle.de\/resort\/aktuelles-aus-dem-roessle\/\",\"name\":\"Nouvelles du Roessle - 4* Hotel Schwarzwald-Resort R\u00f6\u00dfle Todtmoos\",\"isPartOf\":{\"@id\":\"https:\/\/www.hotel-roessle.de\/#website\"},\"primaryImageOfPage\":{\"@id\":\"https:\/\/www.hotel-roessle.de\/resort\/aktuelles-aus-dem-roessle\/#primaryimage\"},\"image\":{\"@id\":\"https:\/\/www.hotel-roessle.de\/resort\/aktuelles-aus-dem-roessle\/#primaryimage\"},\"thumbnailUrl\":\"https:\/\/www.hotel-roessle.de\/cms\/wp-content\/uploads\/2025\/10\/ihre-gastgeber-alexander-narnia-maier-1-1.jpg\",\"datePublished\":\"2025-10-24T16:06:13+00:00\",\"dateModified\":\"2025-10-24T16:10:39+00:00\",\"breadcrumb\":{\"@id\":\"https:\/\/www.hotel-roessle.de\/resort\/aktuelles-aus-dem-roessle\/#breadcrumb\"},\"inLanguage\":\"fr-FR\",\"potentialAction\":[{\"@type\":\"ReadAction\",\"target\":[\"https:\/\/www.hotel-roessle.de\/resort\/aktuelles-aus-dem-roessle\/\"]}]},{\"@type\":\"ImageObject\",\"inLanguage\":\"fr-FR\",\"@id\":\"https:\/\/www.hotel-roessle.de\/resort\/aktuelles-aus-dem-roessle\/#primaryimage\",\"url\":\"https:\/\/www.hotel-roessle.de\/cms\/wp-content\/uploads\/2025\/10\/ihre-gastgeber-alexander-narnia-maier-1-1.jpg\",\"contentUrl\":\"https:\/\/www.hotel-roessle.de\/cms\/wp-content\/uploads\/2025\/10\/ihre-gastgeber-alexander-narnia-maier-1-1.jpg\"},{\"@type\":\"BreadcrumbList\",\"@id\":\"https:\/\/www.hotel-roessle.de\/resort\/aktuelles-aus-dem-roessle\/#breadcrumb\",\"itemListElement\":[{\"@type\":\"ListItem\",\"position\":1,\"name\":\"Startseite\",\"item\":\"https:\/\/www.hotel-roessle.de\/fr\/\"},{\"@type\":\"ListItem\",\"position\":2,\"name\":\"Resort\",\"item\":\"https:\/\/www.hotel-roessle.de\/resort\/\"},{\"@type\":\"ListItem\",\"position\":3,\"name\":\"Nouvelles du Roessle\"}]},{\"@type\":\"WebSite\",\"@id\":\"https:\/\/www.hotel-roessle.de\/#website\",\"url\":\"https:\/\/www.hotel-roessle.de\/\",\"name\":\"4* Hotel Schwarzwald-Resort R\u00f6\u00dfle Todtmoos\",\"description\":\"Familiengef\u00fchrtes Vier Sterne Superior Hotel in Todtmoos\/Schwarzwald\",\"publisher\":{\"@id\":\"https:\/\/www.hotel-roessle.de\/#organization\"},\"potentialAction\":[{\"@type\":\"SearchAction\",\"target\":{\"@type\":\"EntryPoint\",\"urlTemplate\":\"https:\/\/www.hotel-roessle.de\/?s={search_term_string}\"},\"query-input\":{\"@type\":\"PropertyValueSpecification\",\"valueRequired\":true,\"valueName\":\"search_term_string\"}}],\"inLanguage\":\"fr-FR\"},{\"@type\":\"Organization\",\"@id\":\"https:\/\/www.hotel-roessle.de\/#organization\",\"name\":\"4* Hotel Schwarzwald-Resort R\u00f6\u00dfle Todtmoos\",\"url\":\"https:\/\/www.hotel-roessle.de\/\",\"logo\":{\"@type\":\"ImageObject\",\"inLanguage\":\"fr-FR\",\"@id\":\"https:\/\/www.hotel-roessle.de\/#\/schema\/logo\/image\/\",\"url\":\"https:\/\/www.hotel-roessle.de\/cms\/wp-content\/uploads\/2025\/04\/header-logo.jpg\",\"contentUrl\":\"https:\/\/www.hotel-roessle.de\/cms\/wp-content\/uploads\/2025\/04\/header-logo.jpg\",\"width\":400,\"height\":186,\"caption\":\"4* Hotel Schwarzwald-Resort R\u00f6\u00dfle Todtmoos\"},\"image\":{\"@id\":\"https:\/\/www.hotel-roessle.de\/#\/schema\/logo\/image\/\"}}]}<\/script>\n<!-- \/ Yoast SEO plugin. -->","yoast_head_json":{"title":"Nouvelles du Roessle - 4* Hotel Schwarzwald-Resort R\u00f6\u00dfle Todtmoos","robots":{"index":"index","follow":"follow","max-snippet":"max-snippet:-1","max-image-preview":"max-image-preview:large","max-video-preview":"max-video-preview:-1"},"canonical":"https:\/\/www.hotel-roessle.de\/resort\/aktuelles-aus-dem-roessle\/","og_locale":"fr_FR","og_type":"article","og_title":"Nouvelles du Roessle - 4* Hotel Schwarzwald-Resort R\u00f6\u00dfle Todtmoos","og_description":"Nouvelles du Black Forest Resort R\u00f6ssle Actualit\u00e9s, offres et \u00e9v\u00e9nements Restez inform\u00e9s ! Dans notre rubrique \u00ab Actualit\u00e9s du R\u00f6\u00dfle \u00bb, nous vous informons r\u00e9guli\u00e8rement des offres sp\u00e9ciales, des moments forts de la saison et des \u00e9v\u00e9nements passionnants organis\u00e9s dans notre h\u00f4tel et ses environs. Qu&rsquo;il s&rsquo;agisse de semaines culinaires \u00e0 th\u00e8me, d&rsquo;offres bien\u00eatre exclusives [&hellip;]","og_url":"https:\/\/www.hotel-roessle.de\/resort\/aktuelles-aus-dem-roessle\/","og_site_name":"4* Hotel Schwarzwald-Resort R\u00f6\u00dfle Todtmoos","article_modified_time":"2025-10-24T16:10:39+00:00","og_image":[{"width":1000,"height":800,"url":"https:\/\/www.hotel-roessle.de\/cms\/wp-content\/uploads\/2025\/10\/ihre-gastgeber-alexander-narnia-maier-1-1.jpg","type":"image\/jpeg"}],"twitter_card":"summary_large_image","twitter_misc":{"Dur\u00e9e de lecture estim\u00e9e":"2 minutes"},"schema":{"@context":"https:\/\/schema.org","@graph":[{"@type":"WebPage","@id":"https:\/\/www.hotel-roessle.de\/resort\/aktuelles-aus-dem-roessle\/","url":"https:\/\/www.hotel-roessle.de\/resort\/aktuelles-aus-dem-roessle\/","name":"Nouvelles du Roessle - 4* Hotel Schwarzwald-Resort R\u00f6\u00dfle Todtmoos","isPartOf":{"@id":"https:\/\/www.hotel-roessle.de\/#website"},"primaryImageOfPage":{"@id":"https:\/\/www.hotel-roessle.de\/resort\/aktuelles-aus-dem-roessle\/#primaryimage"},"image":{"@id":"https:\/\/www.hotel-roessle.de\/resort\/aktuelles-aus-dem-roessle\/#primaryimage"},"thumbnailUrl":"https:\/\/www.hotel-roessle.de\/cms\/wp-content\/uploads\/2025\/10\/ihre-gastgeber-alexander-narnia-maier-1-1.jpg","datePublished":"2025-10-24T16:06:13+00:00","dateModified":"2025-10-24T16:10:39+00:00","breadcrumb":{"@id":"https:\/\/www.hotel-roessle.de\/resort\/aktuelles-aus-dem-roessle\/#breadcrumb"},"inLanguage":"fr-FR","potentialAction":[{"@type":"ReadAction","target":["https:\/\/www.hotel-roessle.de\/resort\/aktuelles-aus-dem-roessle\/"]}]},{"@type":"ImageObject","inLanguage":"fr-FR","@id":"https:\/\/www.hotel-roessle.de\/resort\/aktuelles-aus-dem-roessle\/#primaryimage","url":"https:\/\/www.hotel-roessle.de\/cms\/wp-content\/uploads\/2025\/10\/ihre-gastgeber-alexander-narnia-maier-1-1.jpg","contentUrl":"https:\/\/www.hotel-roessle.de\/cms\/wp-content\/uploads\/2025\/10\/ihre-gastgeber-alexander-narnia-maier-1-1.jpg"},{"@type":"BreadcrumbList","@id":"https:\/\/www.hotel-roessle.de\/resort\/aktuelles-aus-dem-roessle\/#breadcrumb","itemListElement":[{"@type":"ListItem","position":1,"name":"Startseite","item":"https:\/\/www.hotel-roessle.de\/fr\/"},{"@type":"ListItem","position":2,"name":"Resort","item":"https:\/\/www.hotel-roessle.de\/resort\/"},{"@type":"ListItem","position":3,"name":"Nouvelles du Roessle"}]},{"@type":"WebSite","@id":"https:\/\/www.hotel-roessle.de\/#website","url":"https:\/\/www.hotel-roessle.de\/","name":"4* Hotel Schwarzwald-Resort R\u00f6\u00dfle Todtmoos","description":"Familiengef\u00fchrtes Vier Sterne Superior Hotel in Todtmoos\/Schwarzwald","publisher":{"@id":"https:\/\/www.hotel-roessle.de\/#organization"},"potentialAction":[{"@type":"SearchAction","target":{"@type":"EntryPoint","urlTemplate":"https:\/\/www.hotel-roessle.de\/?s={search_term_string}"},"query-input":{"@type":"PropertyValueSpecification","valueRequired":true,"valueName":"search_term_string"}}],"inLanguage":"fr-FR"},{"@type":"Organization","@id":"https:\/\/www.hotel-roessle.de\/#organization","name":"4* Hotel Schwarzwald-Resort R\u00f6\u00dfle Todtmoos","url":"https:\/\/www.hotel-roessle.de\/","logo":{"@type":"ImageObject","inLanguage":"fr-FR","@id":"https:\/\/www.hotel-roessle.de\/#\/schema\/logo\/image\/","url":"https:\/\/www.hotel-roessle.de\/cms\/wp-content\/uploads\/2025\/04\/header-logo.jpg","contentUrl":"https:\/\/www.hotel-roessle.de\/cms\/wp-content\/uploads\/2025\/04\/header-logo.jpg","width":400,"height":186,"caption":"4* Hotel Schwarzwald-Resort R\u00f6\u00dfle Todtmoos"},"image":{"@id":"https:\/\/www.hotel-roessle.de\/#\/schema\/logo\/image\/"}}]}},"_links":{"self":[{"href":"https:\/\/www.hotel-roessle.de\/fr\/wp-json\/wp\/v2\/pages\/179193","targetHints":{"allow":["GET"]}}],"collection":[{"href":"https:\/\/www.hotel-roessle.de\/fr\/wp-json\/wp\/v2\/pages"}],"about":[{"href":"https:\/\/www.hotel-roessle.de\/fr\/wp-json\/wp\/v2\/types\/page"}],"author":[{"embeddable":true,"href":"https:\/\/www.hotel-roessle.de\/fr\/wp-json\/wp\/v2\/users\/1"}],"replies":[{"embeddable":true,"href":"https:\/\/www.hotel-roessle.de\/fr\/wp-json\/wp\/v2\/comments?post=179193"}],"version-history":[{"count":0,"href":"https:\/\/www.hotel-roessle.de\/fr\/wp-json\/wp\/v2\/pages\/179193\/revisions"}],"up":[{"embeddable":true,"href":"https:\/\/www.hotel-roessle.de\/fr\/wp-json\/wp\/v2\/pages\/1501"}],"wp:attachment":[{"href":"https:\/\/www.hotel-roessle.de\/fr\/wp-json\/wp\/v2\/media?parent=179193"}],"curies":[{"name":"wp","href":"https:\/\/api.w.org\/{rel}","templated":true}]}}