{"id":1554,"date":"2015-04-22T19:06:21","date_gmt":"2015-04-22T17:06:21","guid":{"rendered":"http:\/\/www.hotel-roessle.de\/?page_id=1554"},"modified":"2025-12-28T23:44:40","modified_gmt":"2025-12-28T22:44:40","slug":"conditions-generales","status":"publish","type":"page","link":"https:\/\/www.hotel-roessle.de\/fr\/conditions-generales\/","title":{"rendered":"Conditions g\u00e9n\u00e9rales"},"content":{"rendered":"\t\t<div data-elementor-type=\"wp-page\" data-elementor-id=\"1554\" class=\"elementor elementor-1554 elementor-87\" data-elementor-post-type=\"page\">\n\t\t\t\t\t\t<section class=\"elementor-section elementor-top-section elementor-element elementor-element-57dcd34 elementor-section-full_width elementor-section-height-default elementor-section-height-default\" data-id=\"57dcd34\" data-element_type=\"section\">\n\t\t\t\t\t\t<div class=\"elementor-container elementor-column-gap-default\">\n\t\t\t\t\t<div class=\"elementor-column elementor-col-100 elementor-top-column elementor-element elementor-element-234842b\" data-id=\"234842b\" data-element_type=\"column\">\n\t\t\t<div class=\"elementor-widget-wrap elementor-element-populated\">\n\t\t\t\t\t\t<div class=\"elementor-element elementor-element-626a514 elementor-invisible elementor-widget elementor-widget-heading\" data-id=\"626a514\" data-element_type=\"widget\" data-settings=\"{&quot;_animation&quot;:&quot;fadeInDown&quot;}\" data-widget_type=\"heading.default\">\n\t\t\t\t<div class=\"elementor-widget-container\">\n\t\t\t\t\t<h1 class=\"elementor-heading-title elementor-size-default\">Conditions g\u00e9n\u00e9rales<\/h1>\t\t\t\t<\/div>\n\t\t\t\t<\/div>\n\t\t\t\t<div class=\"elementor-element elementor-element-0bdb734 elementor-widget elementor-widget-text-editor\" data-id=\"0bdb734\" data-element_type=\"widget\" data-widget_type=\"text-editor.default\">\n\t\t\t\t<div class=\"elementor-widget-container\">\n\t\t\t\t\t\t\t\t\t<p class=\"absatz\">Chers int\u00e9ress\u00e9s, comprenez, s&rsquo;il vous pla\u00eet, que nos conditions g\u00e9n\u00e9rales ne sont disponibles qu&rsquo;en langue allemande. Merci.<\/p><p class=\"absatz\"><a class=\"internlink\" href=\"https:\/\/www.hotel-roessle.de\/fr\/conditions-generales\/\">Conditions g\u00e9n\u00e9rales (en allemand)<\/a><\/p>\t\t\t\t\t\t\t\t<\/div>\n\t\t\t\t<\/div>\n\t\t\t\t\t<\/div>\n\t\t<\/div>\n\t\t\t\t\t<\/div>\n\t\t<\/section>\n\t\t\t\t<\/div>\n\t\t","protected":false},"excerpt":{"rendered":"<p>Conditions g\u00e9n\u00e9rales Chers int\u00e9ress\u00e9s, comprenez, s&rsquo;il vous pla\u00eet, que nos conditions g\u00e9n\u00e9rales ne sont disponibles qu&rsquo;en langue allemande. Merci. Conditions g\u00e9n\u00e9rales (en allemand)<\/p>\n","protected":false},"author":1,"featured_media":0,"parent":0,"menu_order":201,"comment_status":"closed","ping_status":"closed","template":"","meta":{"_acf_changed":false,"_glsr_average":0,"_glsr_ranking":0,"_glsr_reviews":0,"footnotes":""},"class_list":["post-1554","page","type-page","status-publish","hentry"],"acf":[],"yoast_head":"<!-- This site is optimized with the Yoast SEO plugin v26.6 - https:\/\/yoast.com\/wordpress\/plugins\/seo\/ -->\n<title>Conditions g\u00e9n\u00e9rales - 4* Hotel Schwarzwald-Resort R\u00f6\u00dfle Todtmoos<\/title>\n<meta name=\"robots\" content=\"index, follow, max-snippet:-1, max-image-preview:large, max-video-preview:-1\" \/>\n<link rel=\"canonical\" href=\"https:\/\/www.hotel-roessle.de\/agb\/\" \/>\n<meta property=\"og:locale\" content=\"fr_FR\" \/>\n<meta property=\"og:type\" content=\"article\" \/>\n<meta property=\"og:title\" content=\"Conditions g\u00e9n\u00e9rales - 4* Hotel Schwarzwald-Resort R\u00f6\u00dfle Todtmoos\" \/>\n<meta property=\"og:description\" content=\"Conditions g\u00e9n\u00e9rales Chers int\u00e9ress\u00e9s, comprenez, s&rsquo;il vous pla\u00eet, que nos conditions g\u00e9n\u00e9rales ne sont disponibles qu&rsquo;en langue allemande. Merci. Conditions g\u00e9n\u00e9rales (en allemand)\" \/>\n<meta property=\"og:url\" content=\"https:\/\/www.hotel-roessle.de\/agb\/\" \/>\n<meta property=\"og:site_name\" content=\"4* Hotel Schwarzwald-Resort R\u00f6\u00dfle Todtmoos\" \/>\n<meta property=\"article:modified_time\" content=\"2025-12-28T22:44:40+00:00\" \/>\n<meta name=\"twitter:card\" content=\"summary_large_image\" \/>\n<meta name=\"twitter:label1\" content=\"Dur\u00e9e de lecture estim\u00e9e\" \/>\n\t<meta name=\"twitter:data1\" content=\"1 minute\" \/>\n<script type=\"application\/ld+json\" class=\"yoast-schema-graph\">{\"@context\":\"https:\/\/schema.org\",\"@graph\":[{\"@type\":\"WebPage\",\"@id\":\"https:\/\/www.hotel-roessle.de\/agb\/\",\"url\":\"https:\/\/www.hotel-roessle.de\/agb\/\",\"name\":\"Conditions g\u00e9n\u00e9rales - 4* Hotel Schwarzwald-Resort R\u00f6\u00dfle Todtmoos\",\"isPartOf\":{\"@id\":\"https:\/\/www.hotel-roessle.de\/#website\"},\"datePublished\":\"2015-04-22T17:06:21+00:00\",\"dateModified\":\"2025-12-28T22:44:40+00:00\",\"breadcrumb\":{\"@id\":\"https:\/\/www.hotel-roessle.de\/agb\/#breadcrumb\"},\"inLanguage\":\"fr-FR\",\"potentialAction\":[{\"@type\":\"ReadAction\",\"target\":[\"https:\/\/www.hotel-roessle.de\/agb\/\"]}]},{\"@type\":\"BreadcrumbList\",\"@id\":\"https:\/\/www.hotel-roessle.de\/agb\/#breadcrumb\",\"itemListElement\":[{\"@type\":\"ListItem\",\"position\":1,\"name\":\"Startseite\",\"item\":\"https:\/\/www.hotel-roessle.de\/fr\/\"},{\"@type\":\"ListItem\",\"position\":2,\"name\":\"Conditions g\u00e9n\u00e9rales\"}]},{\"@type\":\"WebSite\",\"@id\":\"https:\/\/www.hotel-roessle.de\/#website\",\"url\":\"https:\/\/www.hotel-roessle.de\/\",\"name\":\"4* Hotel Schwarzwald-Resort R\u00f6\u00dfle Todtmoos\",\"description\":\"Familiengef\u00fchrtes Vier Sterne Superior Hotel in Todtmoos\/Schwarzwald\",\"publisher\":{\"@id\":\"https:\/\/www.hotel-roessle.de\/#organization\"},\"potentialAction\":[{\"@type\":\"SearchAction\",\"target\":{\"@type\":\"EntryPoint\",\"urlTemplate\":\"https:\/\/www.hotel-roessle.de\/?s={search_term_string}\"},\"query-input\":{\"@type\":\"PropertyValueSpecification\",\"valueRequired\":true,\"valueName\":\"search_term_string\"}}],\"inLanguage\":\"fr-FR\"},{\"@type\":\"Organization\",\"@id\":\"https:\/\/www.hotel-roessle.de\/#organization\",\"name\":\"4* Hotel Schwarzwald-Resort R\u00f6\u00dfle Todtmoos\",\"url\":\"https:\/\/www.hotel-roessle.de\/\",\"logo\":{\"@type\":\"ImageObject\",\"inLanguage\":\"fr-FR\",\"@id\":\"https:\/\/www.hotel-roessle.de\/#\/schema\/logo\/image\/\",\"url\":\"https:\/\/www.hotel-roessle.de\/cms\/wp-content\/uploads\/2025\/04\/header-logo.jpg\",\"contentUrl\":\"https:\/\/www.hotel-roessle.de\/cms\/wp-content\/uploads\/2025\/04\/header-logo.jpg\",\"width\":400,\"height\":186,\"caption\":\"4* Hotel Schwarzwald-Resort R\u00f6\u00dfle Todtmoos\"},\"image\":{\"@id\":\"https:\/\/www.hotel-roessle.de\/#\/schema\/logo\/image\/\"}}]}<\/script>\n<!-- \/ Yoast SEO plugin. -->","yoast_head_json":{"title":"Conditions g\u00e9n\u00e9rales - 4* Hotel Schwarzwald-Resort R\u00f6\u00dfle Todtmoos","robots":{"index":"index","follow":"follow","max-snippet":"max-snippet:-1","max-image-preview":"max-image-preview:large","max-video-preview":"max-video-preview:-1"},"canonical":"https:\/\/www.hotel-roessle.de\/agb\/","og_locale":"fr_FR","og_type":"article","og_title":"Conditions g\u00e9n\u00e9rales - 4* Hotel Schwarzwald-Resort R\u00f6\u00dfle Todtmoos","og_description":"Conditions g\u00e9n\u00e9rales Chers int\u00e9ress\u00e9s, comprenez, s&rsquo;il vous pla\u00eet, que nos conditions g\u00e9n\u00e9rales ne sont disponibles qu&rsquo;en langue allemande. Merci. Conditions g\u00e9n\u00e9rales (en allemand)","og_url":"https:\/\/www.hotel-roessle.de\/agb\/","og_site_name":"4* Hotel Schwarzwald-Resort R\u00f6\u00dfle Todtmoos","article_modified_time":"2025-12-28T22:44:40+00:00","twitter_card":"summary_large_image","twitter_misc":{"Dur\u00e9e de lecture estim\u00e9e":"1 minute"},"schema":{"@context":"https:\/\/schema.org","@graph":[{"@type":"WebPage","@id":"https:\/\/www.hotel-roessle.de\/agb\/","url":"https:\/\/www.hotel-roessle.de\/agb\/","name":"Conditions g\u00e9n\u00e9rales - 4* Hotel Schwarzwald-Resort R\u00f6\u00dfle Todtmoos","isPartOf":{"@id":"https:\/\/www.hotel-roessle.de\/#website"},"datePublished":"2015-04-22T17:06:21+00:00","dateModified":"2025-12-28T22:44:40+00:00","breadcrumb":{"@id":"https:\/\/www.hotel-roessle.de\/agb\/#breadcrumb"},"inLanguage":"fr-FR","potentialAction":[{"@type":"ReadAction","target":["https:\/\/www.hotel-roessle.de\/agb\/"]}]},{"@type":"BreadcrumbList","@id":"https:\/\/www.hotel-roessle.de\/agb\/#breadcrumb","itemListElement":[{"@type":"ListItem","position":1,"name":"Startseite","item":"https:\/\/www.hotel-roessle.de\/fr\/"},{"@type":"ListItem","position":2,"name":"Conditions g\u00e9n\u00e9rales"}]},{"@type":"WebSite","@id":"https:\/\/www.hotel-roessle.de\/#website","url":"https:\/\/www.hotel-roessle.de\/","name":"4* Hotel Schwarzwald-Resort R\u00f6\u00dfle Todtmoos","description":"Familiengef\u00fchrtes Vier Sterne Superior Hotel in Todtmoos\/Schwarzwald","publisher":{"@id":"https:\/\/www.hotel-roessle.de\/#organization"},"potentialAction":[{"@type":"SearchAction","target":{"@type":"EntryPoint","urlTemplate":"https:\/\/www.hotel-roessle.de\/?s={search_term_string}"},"query-input":{"@type":"PropertyValueSpecification","valueRequired":true,"valueName":"search_term_string"}}],"inLanguage":"fr-FR"},{"@type":"Organization","@id":"https:\/\/www.hotel-roessle.de\/#organization","name":"4* Hotel Schwarzwald-Resort R\u00f6\u00dfle Todtmoos","url":"https:\/\/www.hotel-roessle.de\/","logo":{"@type":"ImageObject","inLanguage":"fr-FR","@id":"https:\/\/www.hotel-roessle.de\/#\/schema\/logo\/image\/","url":"https:\/\/www.hotel-roessle.de\/cms\/wp-content\/uploads\/2025\/04\/header-logo.jpg","contentUrl":"https:\/\/www.hotel-roessle.de\/cms\/wp-content\/uploads\/2025\/04\/header-logo.jpg","width":400,"height":186,"caption":"4* Hotel Schwarzwald-Resort R\u00f6\u00dfle Todtmoos"},"image":{"@id":"https:\/\/www.hotel-roessle.de\/#\/schema\/logo\/image\/"}}]}},"_links":{"self":[{"href":"https:\/\/www.hotel-roessle.de\/fr\/wp-json\/wp\/v2\/pages\/1554","targetHints":{"allow":["GET"]}}],"collection":[{"href":"https:\/\/www.hotel-roessle.de\/fr\/wp-json\/wp\/v2\/pages"}],"about":[{"href":"https:\/\/www.hotel-roessle.de\/fr\/wp-json\/wp\/v2\/types\/page"}],"author":[{"embeddable":true,"href":"https:\/\/www.hotel-roessle.de\/fr\/wp-json\/wp\/v2\/users\/1"}],"replies":[{"embeddable":true,"href":"https:\/\/www.hotel-roessle.de\/fr\/wp-json\/wp\/v2\/comments?post=1554"}],"version-history":[{"count":0,"href":"https:\/\/www.hotel-roessle.de\/fr\/wp-json\/wp\/v2\/pages\/1554\/revisions"}],"wp:attachment":[{"href":"https:\/\/www.hotel-roessle.de\/fr\/wp-json\/wp\/v2\/media?parent=1554"}],"curies":[{"name":"wp","href":"https:\/\/api.w.org\/{rel}","templated":true}]}}