{"id":1552,"date":"2015-04-22T19:05:55","date_gmt":"2015-04-22T17:05:55","guid":{"rendered":"http:\/\/www.hotel-roessle.de\/?page_id=1552"},"modified":"2025-12-29T01:17:17","modified_gmt":"2025-12-29T00:17:17","slug":"plan-du-site","status":"publish","type":"page","link":"https:\/\/www.hotel-roessle.de\/fr\/plan-du-site\/","title":{"rendered":"Plan du site"},"content":{"rendered":"\t\t<div data-elementor-type=\"wp-page\" data-elementor-id=\"1552\" class=\"elementor elementor-1552 elementor-859\" data-elementor-post-type=\"page\">\n\t\t\t\t\t\t<section class=\"elementor-section elementor-top-section elementor-element elementor-element-b4f8cd1 elementor-section-full_width elementor-section-height-default elementor-section-height-default\" data-id=\"b4f8cd1\" data-element_type=\"section\">\n\t\t\t\t\t\t<div class=\"elementor-container elementor-column-gap-default\">\n\t\t\t\t\t<div class=\"elementor-column elementor-col-100 elementor-top-column elementor-element elementor-element-7c6fca7\" data-id=\"7c6fca7\" data-element_type=\"column\">\n\t\t\t<div class=\"elementor-widget-wrap elementor-element-populated\">\n\t\t\t\t\t\t<div class=\"elementor-element elementor-element-55eebef elementor-invisible elementor-widget elementor-widget-heading\" data-id=\"55eebef\" data-element_type=\"widget\" data-settings=\"{&quot;_animation&quot;:&quot;fadeInDown&quot;}\" data-widget_type=\"heading.default\">\n\t\t\t\t<div class=\"elementor-widget-container\">\n\t\t\t\t\t<h1 class=\"elementor-heading-title elementor-size-default\">Plan du site<\/h1>\t\t\t\t<\/div>\n\t\t\t\t<\/div>\n\t\t\t\t<div class=\"elementor-element elementor-element-f40939a elementor-widget elementor-widget-text-editor\" data-id=\"f40939a\" data-element_type=\"widget\" data-widget_type=\"text-editor.default\">\n\t\t\t\t<div class=\"elementor-widget-container\">\n\t\t\t\t\t\t\t\t\t\n<!-- Page-list plugin v.4.3 wordpress.org\/plugins\/page-list\/ -->\n<ul class=\"page-list \">\n<li class=\"page_item page-item-1471 page_item_has_children\"><a href=\"https:\/\/www.hotel-roessle.de\/fr\/\">Bienvenue<\/a>\n<ul class='children'>\n\t<li class=\"page_item page-item-1477\"><a href=\"https:\/\/www.hotel-roessle.de\/fr\/bienvenue\/durabilite\/\">Durabilit\u00e9<\/a><\/li>\n\t<li class=\"page_item page-item-1472\"><a href=\"https:\/\/www.hotel-roessle.de\/fr\/bienvenue\/bienvenue-chez-les-maiers\/\">Bienvenue chez les Maiers<\/a><\/li>\n\t<li class=\"page_item page-item-185161\"><a href=\"https:\/\/www.hotel-roessle.de\/fr\/bienvenue\/histoire\/\">Histoire<\/a><\/li>\n\t<li class=\"page_item page-item-185062\"><a href=\"https:\/\/www.hotel-roessle.de\/fr\/bienvenue\/vacances-avec-chien\/\">Vacances avec chien<\/a><\/li>\n\t<li class=\"page_item page-item-183987\"><a href=\"https:\/\/www.hotel-roessle.de\/fr\/bienvenue\/informations-utiles-a-z\/\">Informations utiles A &#8211; Z<\/a><\/li>\n<\/ul>\n<\/li>\n<li class=\"page_item page-item-1487 page_item_has_children\"><a href=\"https:\/\/www.hotel-roessle.de\/fr\/hotel-prix\/\">H\u00f4tel \/ prix<\/a>\n<ul class='children'>\n\t<li class=\"page_item page-item-1490 page_item_has_children\"><a href=\"https:\/\/www.hotel-roessle.de\/fr\/hotel-prix\/offres\/\">Offres<\/a>\n\t<ul class='children'>\n\t\t<li class=\"page_item page-item-4367\"><a href=\"https:\/\/www.hotel-roessle.de\/fr\/hotel-prix\/offres\/nos-offres\/\">Nos offres<\/a><\/li>\n\t\t<li class=\"page_item page-item-1491\"><a href=\"https:\/\/www.hotel-roessle.de\/fr\/hotel-prix\/offres\/1-nuit\/\">1 nuit<\/a><\/li>\n\t\t<li class=\"page_item page-item-1492\"><a href=\"https:\/\/www.hotel-roessle.de\/fr\/hotel-prix\/offres\/2-nuits-2\/\">2 nuits<\/a><\/li>\n\t\t<li class=\"page_item page-item-1493\"><a href=\"https:\/\/www.hotel-roessle.de\/fr\/hotel-prix\/offres\/3-nuits\/\">3 nuits<\/a><\/li>\n\t\t<li class=\"page_item page-item-1494\"><a href=\"https:\/\/www.hotel-roessle.de\/fr\/hotel-prix\/offres\/4-nuits\/\">4 nuits<\/a><\/li>\n\t\t<li class=\"page_item page-item-1495\"><a href=\"https:\/\/www.hotel-roessle.de\/fr\/hotel-prix\/offres\/5-nuits\/\">5 nuits<\/a><\/li>\n\t\t<li class=\"page_item page-item-1496\"><a href=\"https:\/\/www.hotel-roessle.de\/fr\/hotel-prix\/offres\/6-nuits\/\">6 nuits<\/a><\/li>\n\t\t<li class=\"page_item page-item-1497\"><a href=\"https:\/\/www.hotel-roessle.de\/fr\/hotel-prix\/offres\/7-nuits\/\">7 nuits<\/a><\/li>\n\t\t<li class=\"page_item page-item-1499\"><a href=\"https:\/\/www.hotel-roessle.de\/fr\/hotel-prix\/offres\/offres-speciaux\/\">Offres speciaux<\/a><\/li>\n\t\t<li class=\"page_item page-item-1498\"><a href=\"https:\/\/www.hotel-roessle.de\/fr\/hotel-prix\/offres\/noel-et-nouvel-an\/\">No\u00ebl et Nouvel An<\/a><\/li>\n\t<\/ul>\n<\/li>\n\t<li class=\"page_item page-item-1489\"><a href=\"https:\/\/www.hotel-roessle.de\/fr\/hotel-prix\/les-prix\/\">Les prix<\/a><\/li>\n\t<li class=\"page_item page-item-30650\"><a href=\"https:\/\/www.hotel-roessle.de\/fr\/hotel-prix\/cheque-cadeau\/\">Ch\u00e8que cadeau<\/a><\/li>\n\t<li class=\"page_item page-item-182679\"><a href=\"https:\/\/www.hotel-roessle.de\/fr\/hotel-prix\/brochure\/\">Brochure<\/a><\/li>\n\t<li class=\"page_item page-item-1488 page_item_has_children\"><a href=\"https:\/\/www.hotel-roessle.de\/fr\/hotel-prix\/chambres-appartements\/\">Chambres &#038; Appartements<\/a>\n\t<ul class='children'>\n\t\t<li class=\"page_item page-item-153313\"><a href=\"https:\/\/www.hotel-roessle.de\/fr\/hotel-prix\/chambres-appartements\/chambre-double-adaptee-aux-fauteuils-roulants\/\">Chambre Double<br>adapt\u00e9e aux fauteuils roulants<\/a><\/li>\n\t\t<li class=\"page_item page-item-153241\"><a href=\"https:\/\/www.hotel-roessle.de\/fr\/hotel-prix\/chambres-appartements\/chambre-double-superieure\/\">Chambre Double Sup\u00e9rieure<\/a><\/li>\n\t\t<li class=\"page_item page-item-153248\"><a href=\"https:\/\/www.hotel-roessle.de\/fr\/hotel-prix\/chambres-appartements\/chambre-familiale\/\">Chambre Familiale<\/a><\/li>\n\t\t<li class=\"page_item page-item-153244\"><a href=\"https:\/\/www.hotel-roessle.de\/fr\/hotel-prix\/chambres-appartements\/suite-junior\/\">Suite Junior<\/a><\/li>\n\t\t<li class=\"page_item page-item-153246\"><a href=\"https:\/\/www.hotel-roessle.de\/fr\/hotel-prix\/chambres-appartements\/appartement-confort\/\">Appartement Confort<\/a><\/li>\n\t\t<li class=\"page_item page-item-153239\"><a href=\"https:\/\/www.hotel-roessle.de\/fr\/hotel-prix\/chambres-appartements\/chambre-double-confort\/\">Chambre Double Confort<\/a><\/li>\n\t\t<li class=\"page_item page-item-153237\"><a href=\"https:\/\/www.hotel-roessle.de\/fr\/hotel-prix\/chambres-appartements\/chambre-simple-confort\/\">Chambre Simple Confort<\/a><\/li>\n\t<\/ul>\n<\/li>\n<\/ul>\n<\/li>\n<li class=\"page_item page-item-155273 page_item_has_children\"><a href=\"https:\/\/www.hotel-roessle.de\/fr\/chalets\/\">Chalets<\/a>\n<ul class='children'>\n\t<li class=\"page_item page-item-180398\"><a href=\"https:\/\/www.hotel-roessle.de\/fr\/chalets\/village-de-la-foret-noire-chalets\/\">Village de la For\u00eat-Noire &#8211; Chalets<\/a><\/li>\n\t<li class=\"page_item page-item-155224\"><a href=\"https:\/\/www.hotel-roessle.de\/fr\/chalets\/apercu-des-chalets\/\">Aper\u00e7u des Chalets<\/a><\/li>\n\t<li class=\"page_item page-item-173556\"><a href=\"https:\/\/www.hotel-roessle.de\/fr\/chalets\/vacances-romantiques-foret-noire\/\">Vacances romantiques pour couples en For\u00eat-Noire<\/a><\/li>\n\t<li class=\"page_item page-item-21561\"><a href=\"https:\/\/www.hotel-roessle.de\/fr\/chalets\/prestations-et-prix-dans-le-village-de-la-foret-noire\/\">Prestations et prix dans le village de la For\u00eat-Noire<\/a><\/li>\n\t<li class=\"page_item page-item-173988\"><a href=\"https:\/\/www.hotel-roessle.de\/fr\/chalets\/se-renseigner-sur-les-chalets\/\">Se renseigner sur les chalets<\/a><\/li>\n<\/ul>\n<\/li>\n<li class=\"page_item page-item-1529 page_item_has_children\"><a href=\"https:\/\/www.hotel-roessle.de\/fr\/restaurant\/\">Restaurant<\/a>\n<ul class='children'>\n\t<li class=\"page_item page-item-1530\"><a href=\"https:\/\/www.hotel-roessle.de\/fr\/restaurant\/specialites-de-la-foret-noire\/\">Sp\u00e9cialit\u00e9s de la For\u00eat-Noire<\/a><\/li>\n\t<li class=\"page_item page-item-1532\"><a href=\"https:\/\/www.hotel-roessle.de\/fr\/restaurant\/pavillon-fr\/\">Pavillon<\/a><\/li>\n\t<li class=\"page_item page-item-186138\"><a href=\"https:\/\/www.hotel-roessle.de\/fr\/restaurant\/bars\/\">Bars<\/a><\/li>\n\t<li class=\"page_item page-item-155991\"><a href=\"https:\/\/www.hotel-roessle.de\/fr\/restaurant\/la-carte\/\">La carte<\/a><\/li>\n\t<li class=\"page_item page-item-1531\"><a href=\"https:\/\/www.hotel-roessle.de\/fr\/restaurant\/points-forts-culinaires\/\">Points  forts  culinaires<\/a><\/li>\n\t<li class=\"page_item page-item-185558\"><a href=\"https:\/\/www.hotel-roessle.de\/fr\/restaurant\/specialites-de-la-foret-noire-pour-la-maison\/\">Sp\u00e9cialit\u00e9s  de  la  For\u00eat-Noire pour la maison<\/a><\/li>\n\t<li class=\"page_item page-item-181439\"><a href=\"https:\/\/www.hotel-roessle.de\/fr\/restaurant\/petit-dejeuner-au-roessle\/\">Petit-d\u00e9jeuner  au  R\u00f6\u00dfle<\/a><\/li>\n<\/ul>\n<\/li>\n<li class=\"page_item page-item-1537 page_item_has_children\"><a href=\"https:\/\/www.hotel-roessle.de\/fr\/bien-etre\/\">Bien-\u00eatre<\/a>\n<ul class='children'>\n\t<li class=\"page_item page-item-173598\"><a href=\"https:\/\/www.hotel-roessle.de\/fr\/bien-etre\/offres-bien-etre\/\">Offres bien-\u00eatre<\/a><\/li>\n\t<li class=\"page_item page-item-1538\"><a href=\"https:\/\/www.hotel-roessle.de\/fr\/bien-etre\/notre-espace-bien-etre\/\">Notre espace bien-\u00eatre<\/a><\/li>\n\t<li class=\"page_item page-item-1541\"><a href=\"https:\/\/www.hotel-roessle.de\/fr\/bien-etre\/traitements-bien-etre\/\">Traitements bien-\u00eatre<\/a><\/li>\n\t<li class=\"page_item page-item-5553\"><a href=\"https:\/\/www.hotel-roessle.de\/fr\/bien-etre\/journee-cocooning-day-spa\/\">Journ\u00e9e cocooning &#8211; Votre Day Spa en For\u00eat-Noire<\/a><\/li>\n<\/ul>\n<\/li>\n<li class=\"page_item page-item-1545 page_item_has_children\"><a href=\"https:\/\/www.hotel-roessle.de\/fr\/conferences\/\">Conf\u00e9rences<\/a>\n<ul class='children'>\n\t<li class=\"page_item page-item-1546\"><a href=\"https:\/\/www.hotel-roessle.de\/fr\/conferences\/conference-en-foret-noire\/\">Conf\u00e9rence  en  For\u00eat-Noire<\/a><\/li>\n\t<li class=\"page_item page-item-181985\"><a href=\"https:\/\/www.hotel-roessle.de\/fr\/conferences\/salles-de-conference\/\">Salles  de  conf\u00e9rence<\/a><\/li>\n\t<li class=\"page_item page-item-1547\"><a href=\"https:\/\/www.hotel-roessle.de\/fr\/conferences\/programme-d-accompagnement\/\">Programme d&rsquo;accompagnement<\/a><\/li>\n\t<li class=\"page_item page-item-182228\"><a href=\"https:\/\/www.hotel-roessle.de\/fr\/conferences\/conferences-d-une-journee\/\">Conf\u00e9rences  d&rsquo;une  journ\u00e9e<\/a><\/li>\n\t<li class=\"page_item page-item-182328\"><a href=\"https:\/\/www.hotel-roessle.de\/fr\/conferences\/clubs-et-reunions\/\">Clubs  et  r\u00e9unions<\/a><\/li>\n\t<li class=\"page_item page-item-31522\"><a href=\"https:\/\/www.hotel-roessle.de\/fr\/conferences\/demande-de-conference\/\">Demande de conf\u00e9rence<\/a><\/li>\n<\/ul>\n<\/li>\n<li class=\"page_item page-item-1501 page_item_has_children\"><a href=\"https:\/\/www.hotel-roessle.de\/fr\/resort\/\">Resort<\/a>\n<ul class='children'>\n\t<li class=\"page_item page-item-1502\"><a href=\"https:\/\/www.hotel-roessle.de\/fr\/resort\/nos-offres-de-sports-et-loisirs\/\">Nos offres de sports et loisirs<\/a><\/li>\n\t<li class=\"page_item page-item-1478\"><a href=\"https:\/\/www.hotel-roessle.de\/fr\/resort\/foret-noire\/\">For\u00eat-Noire<\/a><\/li>\n\t<li class=\"page_item page-item-1473\"><a href=\"https:\/\/www.hotel-roessle.de\/fr\/resort\/autour-du-roessle\/\">Autour du R\u00f6\u00dfle<\/a><\/li>\n\t<li class=\"page_item page-item-1500\"><a href=\"https:\/\/www.hotel-roessle.de\/fr\/resort\/mariage-en-foret-noire\/\">Mariage en For\u00eat-Noire<\/a><\/li>\n\t<li class=\"page_item page-item-179193\"><a href=\"https:\/\/www.hotel-roessle.de\/fr\/resort\/nouvelles-du-roessle\/\">Nouvelles du Roessle<\/a><\/li>\n<\/ul>\n<\/li>\n<li class=\"page_item page-item-155613\"><a href=\"https:\/\/www.hotel-roessle.de\/fr\/livre-dor\/\">Livre d&rsquo;or<\/a><\/li>\n<li class=\"page_item page-item-1573\"><a href=\"https:\/\/www.hotel-roessle.de\/fr\/contact-arrivee\/\">Contact &#038; arriv\u00e9e<\/a><\/li>\n<li class=\"page_item page-item-1550\"><a href=\"https:\/\/www.hotel-roessle.de\/fr\/se-renseigner\/\">Se renseigner<\/a><\/li>\n<li class=\"page_item page-item-1360\"><a href=\"https:\/\/www.hotel-roessle.de\/fr\/reserver\/\">R\u00e9server<\/a><\/li>\n<li class=\"page_item page-item-1576\"><a href=\"https:\/\/www.hotel-roessle.de\/fr\/mentions-legales\/\">Mentions l\u00e9gales<\/a><\/li>\n<li class=\"page_item page-item-1554\"><a href=\"https:\/\/www.hotel-roessle.de\/fr\/conditions-generales\/\">Conditions g\u00e9n\u00e9rales<\/a><\/li>\n<li class=\"page_item page-item-187853\"><a href=\"https:\/\/www.hotel-roessle.de\/fr\/conditions-dannulation\/\">Conditions d&rsquo;annulation<\/a><\/li>\n<li class=\"page_item page-item-4523\"><a href=\"https:\/\/www.hotel-roessle.de\/fr\/protection-des-donnees\/\">Protection des donn\u00e9es<\/a><\/li>\n<li class=\"page_item page-item-1548\"><a href=\"https:\/\/www.hotel-roessle.de\/fr\/liens\/\">Liens<\/a><\/li>\n<li class=\"page_item page-item-1552\"><a href=\"https:\/\/www.hotel-roessle.de\/fr\/plan-du-site\/\">Plan du site<\/a><\/li>\n<li class=\"page_item page-item-1549\"><a href=\"https:\/\/www.hotel-roessle.de\/fr\/webcams-fr\/\">Webcams<\/a><\/li>\n<li class=\"page_item page-item-1553\"><a href=\"https:\/\/www.hotel-roessle.de\/fr\/offres-d-emploi\/\">Offres d&#8217;emploi<\/a><\/li>\n<li class=\"page_item page-item-5506\"><a href=\"https:\/\/www.hotel-roessle.de\/fr\/naturparkhotel-schwarzwald\/\">Genie\u00dfen Sie erholsame Tage im R\u00f6\u00dfle &#8211; barrierefreies Naturparkhotel im Schwarzwald<\/a><\/li>\n<li class=\"page_item page-item-7915\"><a href=\"https:\/\/www.hotel-roessle.de\/fr\/https-direct-book-com-properties-chaletsamrobledirect\/\">https:\/\/direct-book.com\/properties\/chaletsamrobledirect<\/a><\/li>\n<li class=\"page_item page-item-178862\"><a href=\"https:\/\/www.hotel-roessle.de\/fr\/restaurant\/weihnachtsfeier\/\">Weihnachtsfeier<\/a><\/li>\n<li class=\"page_item page-item-38210\"><a href=\"https:\/\/www.hotel-roessle.de\/fr\/resort\/wanderurlaub\/\">Hotel R\u00f6\u00dfle \u2013 Das perfekte Hotel f\u00fcr einen Wanderurlaub im Schwarzwald<\/a><\/li>\n\n<\/ul>\t\t\t\t\t\t\t\t<\/div>\n\t\t\t\t<\/div>\n\t\t\t\t\t<\/div>\n\t\t<\/div>\n\t\t\t\t\t<\/div>\n\t\t<\/section>\n\t\t\t\t<\/div>\n\t\t","protected":false},"excerpt":{"rendered":"<p>Plan du site<\/p>\n","protected":false},"author":1,"featured_media":0,"parent":0,"menu_order":213,"comment_status":"closed","ping_status":"closed","template":"","meta":{"_acf_changed":false,"_glsr_average":0,"_glsr_ranking":0,"_glsr_reviews":0,"footnotes":""},"class_list":["post-1552","page","type-page","status-publish","hentry"],"acf":[],"yoast_head":"<!-- This site is optimized with the Yoast SEO plugin v26.6 - https:\/\/yoast.com\/wordpress\/plugins\/seo\/ -->\n<title>Plan du site - 4* Hotel Schwarzwald-Resort R\u00f6\u00dfle Todtmoos<\/title>\n<meta name=\"robots\" content=\"index, follow, max-snippet:-1, max-image-preview:large, max-video-preview:-1\" \/>\n<link rel=\"canonical\" href=\"https:\/\/www.hotel-roessle.de\/sitemap\/\" \/>\n<meta property=\"og:locale\" content=\"fr_FR\" \/>\n<meta property=\"og:type\" content=\"article\" \/>\n<meta property=\"og:title\" content=\"Plan du site - 4* Hotel Schwarzwald-Resort R\u00f6\u00dfle Todtmoos\" \/>\n<meta property=\"og:description\" content=\"Plan du site\" \/>\n<meta property=\"og:url\" content=\"https:\/\/www.hotel-roessle.de\/sitemap\/\" \/>\n<meta property=\"og:site_name\" content=\"4* Hotel Schwarzwald-Resort R\u00f6\u00dfle Todtmoos\" \/>\n<meta property=\"article:modified_time\" content=\"2025-12-29T00:17:17+00:00\" \/>\n<meta name=\"twitter:card\" content=\"summary_large_image\" \/>\n<meta name=\"twitter:label1\" content=\"Dur\u00e9e de lecture estim\u00e9e\" \/>\n\t<meta name=\"twitter:data1\" content=\"2 minutes\" \/>\n<script type=\"application\/ld+json\" class=\"yoast-schema-graph\">{\"@context\":\"https:\/\/schema.org\",\"@graph\":[{\"@type\":\"WebPage\",\"@id\":\"https:\/\/www.hotel-roessle.de\/sitemap\/\",\"url\":\"https:\/\/www.hotel-roessle.de\/sitemap\/\",\"name\":\"Plan du site - 4* Hotel Schwarzwald-Resort R\u00f6\u00dfle Todtmoos\",\"isPartOf\":{\"@id\":\"https:\/\/www.hotel-roessle.de\/#website\"},\"datePublished\":\"2015-04-22T17:05:55+00:00\",\"dateModified\":\"2025-12-29T00:17:17+00:00\",\"breadcrumb\":{\"@id\":\"https:\/\/www.hotel-roessle.de\/sitemap\/#breadcrumb\"},\"inLanguage\":\"fr-FR\",\"potentialAction\":[{\"@type\":\"ReadAction\",\"target\":[\"https:\/\/www.hotel-roessle.de\/sitemap\/\"]}]},{\"@type\":\"BreadcrumbList\",\"@id\":\"https:\/\/www.hotel-roessle.de\/sitemap\/#breadcrumb\",\"itemListElement\":[{\"@type\":\"ListItem\",\"position\":1,\"name\":\"Startseite\",\"item\":\"https:\/\/www.hotel-roessle.de\/fr\/\"},{\"@type\":\"ListItem\",\"position\":2,\"name\":\"Plan du site\"}]},{\"@type\":\"WebSite\",\"@id\":\"https:\/\/www.hotel-roessle.de\/#website\",\"url\":\"https:\/\/www.hotel-roessle.de\/\",\"name\":\"4* Hotel Schwarzwald-Resort R\u00f6\u00dfle Todtmoos\",\"description\":\"Familiengef\u00fchrtes Vier Sterne Superior Hotel in Todtmoos\/Schwarzwald\",\"publisher\":{\"@id\":\"https:\/\/www.hotel-roessle.de\/#organization\"},\"potentialAction\":[{\"@type\":\"SearchAction\",\"target\":{\"@type\":\"EntryPoint\",\"urlTemplate\":\"https:\/\/www.hotel-roessle.de\/?s={search_term_string}\"},\"query-input\":{\"@type\":\"PropertyValueSpecification\",\"valueRequired\":true,\"valueName\":\"search_term_string\"}}],\"inLanguage\":\"fr-FR\"},{\"@type\":\"Organization\",\"@id\":\"https:\/\/www.hotel-roessle.de\/#organization\",\"name\":\"4* Hotel Schwarzwald-Resort R\u00f6\u00dfle Todtmoos\",\"url\":\"https:\/\/www.hotel-roessle.de\/\",\"logo\":{\"@type\":\"ImageObject\",\"inLanguage\":\"fr-FR\",\"@id\":\"https:\/\/www.hotel-roessle.de\/#\/schema\/logo\/image\/\",\"url\":\"https:\/\/www.hotel-roessle.de\/cms\/wp-content\/uploads\/2025\/04\/header-logo.jpg\",\"contentUrl\":\"https:\/\/www.hotel-roessle.de\/cms\/wp-content\/uploads\/2025\/04\/header-logo.jpg\",\"width\":400,\"height\":186,\"caption\":\"4* Hotel Schwarzwald-Resort R\u00f6\u00dfle Todtmoos\"},\"image\":{\"@id\":\"https:\/\/www.hotel-roessle.de\/#\/schema\/logo\/image\/\"}}]}<\/script>\n<!-- \/ Yoast SEO plugin. -->","yoast_head_json":{"title":"Plan du site - 4* Hotel Schwarzwald-Resort R\u00f6\u00dfle Todtmoos","robots":{"index":"index","follow":"follow","max-snippet":"max-snippet:-1","max-image-preview":"max-image-preview:large","max-video-preview":"max-video-preview:-1"},"canonical":"https:\/\/www.hotel-roessle.de\/sitemap\/","og_locale":"fr_FR","og_type":"article","og_title":"Plan du site - 4* Hotel Schwarzwald-Resort R\u00f6\u00dfle Todtmoos","og_description":"Plan du site","og_url":"https:\/\/www.hotel-roessle.de\/sitemap\/","og_site_name":"4* Hotel Schwarzwald-Resort R\u00f6\u00dfle Todtmoos","article_modified_time":"2025-12-29T00:17:17+00:00","twitter_card":"summary_large_image","twitter_misc":{"Dur\u00e9e de lecture estim\u00e9e":"2 minutes"},"schema":{"@context":"https:\/\/schema.org","@graph":[{"@type":"WebPage","@id":"https:\/\/www.hotel-roessle.de\/sitemap\/","url":"https:\/\/www.hotel-roessle.de\/sitemap\/","name":"Plan du site - 4* Hotel Schwarzwald-Resort R\u00f6\u00dfle Todtmoos","isPartOf":{"@id":"https:\/\/www.hotel-roessle.de\/#website"},"datePublished":"2015-04-22T17:05:55+00:00","dateModified":"2025-12-29T00:17:17+00:00","breadcrumb":{"@id":"https:\/\/www.hotel-roessle.de\/sitemap\/#breadcrumb"},"inLanguage":"fr-FR","potentialAction":[{"@type":"ReadAction","target":["https:\/\/www.hotel-roessle.de\/sitemap\/"]}]},{"@type":"BreadcrumbList","@id":"https:\/\/www.hotel-roessle.de\/sitemap\/#breadcrumb","itemListElement":[{"@type":"ListItem","position":1,"name":"Startseite","item":"https:\/\/www.hotel-roessle.de\/fr\/"},{"@type":"ListItem","position":2,"name":"Plan du site"}]},{"@type":"WebSite","@id":"https:\/\/www.hotel-roessle.de\/#website","url":"https:\/\/www.hotel-roessle.de\/","name":"4* Hotel Schwarzwald-Resort R\u00f6\u00dfle Todtmoos","description":"Familiengef\u00fchrtes Vier Sterne Superior Hotel in Todtmoos\/Schwarzwald","publisher":{"@id":"https:\/\/www.hotel-roessle.de\/#organization"},"potentialAction":[{"@type":"SearchAction","target":{"@type":"EntryPoint","urlTemplate":"https:\/\/www.hotel-roessle.de\/?s={search_term_string}"},"query-input":{"@type":"PropertyValueSpecification","valueRequired":true,"valueName":"search_term_string"}}],"inLanguage":"fr-FR"},{"@type":"Organization","@id":"https:\/\/www.hotel-roessle.de\/#organization","name":"4* Hotel Schwarzwald-Resort R\u00f6\u00dfle Todtmoos","url":"https:\/\/www.hotel-roessle.de\/","logo":{"@type":"ImageObject","inLanguage":"fr-FR","@id":"https:\/\/www.hotel-roessle.de\/#\/schema\/logo\/image\/","url":"https:\/\/www.hotel-roessle.de\/cms\/wp-content\/uploads\/2025\/04\/header-logo.jpg","contentUrl":"https:\/\/www.hotel-roessle.de\/cms\/wp-content\/uploads\/2025\/04\/header-logo.jpg","width":400,"height":186,"caption":"4* Hotel Schwarzwald-Resort R\u00f6\u00dfle Todtmoos"},"image":{"@id":"https:\/\/www.hotel-roessle.de\/#\/schema\/logo\/image\/"}}]}},"_links":{"self":[{"href":"https:\/\/www.hotel-roessle.de\/fr\/wp-json\/wp\/v2\/pages\/1552","targetHints":{"allow":["GET"]}}],"collection":[{"href":"https:\/\/www.hotel-roessle.de\/fr\/wp-json\/wp\/v2\/pages"}],"about":[{"href":"https:\/\/www.hotel-roessle.de\/fr\/wp-json\/wp\/v2\/types\/page"}],"author":[{"embeddable":true,"href":"https:\/\/www.hotel-roessle.de\/fr\/wp-json\/wp\/v2\/users\/1"}],"replies":[{"embeddable":true,"href":"https:\/\/www.hotel-roessle.de\/fr\/wp-json\/wp\/v2\/comments?post=1552"}],"version-history":[{"count":0,"href":"https:\/\/www.hotel-roessle.de\/fr\/wp-json\/wp\/v2\/pages\/1552\/revisions"}],"wp:attachment":[{"href":"https:\/\/www.hotel-roessle.de\/fr\/wp-json\/wp\/v2\/media?parent=1552"}],"curies":[{"name":"wp","href":"https:\/\/api.w.org\/{rel}","templated":true}]}}