{"id":1548,"date":"2015-04-22T19:05:18","date_gmt":"2015-04-22T17:05:18","guid":{"rendered":"http:\/\/www.hotel-roessle.de\/?page_id=1548"},"modified":"2025-12-29T00:05:10","modified_gmt":"2025-12-28T23:05:10","slug":"liens","status":"publish","type":"page","link":"https:\/\/www.hotel-roessle.de\/fr\/liens\/","title":{"rendered":"Liens"},"content":{"rendered":"\t\t<div data-elementor-type=\"wp-page\" data-elementor-id=\"1548\" class=\"elementor elementor-1548 elementor-83\" data-elementor-post-type=\"page\">\n\t\t\t\t\t\t<section class=\"elementor-section elementor-top-section elementor-element elementor-element-72c2370 elementor-section-full_width elementor-section-height-default elementor-section-height-default\" data-id=\"72c2370\" data-element_type=\"section\">\n\t\t\t\t\t\t<div class=\"elementor-container elementor-column-gap-default\">\n\t\t\t\t\t<div class=\"elementor-column elementor-col-100 elementor-top-column elementor-element elementor-element-a44bfb7\" data-id=\"a44bfb7\" data-element_type=\"column\">\n\t\t\t<div class=\"elementor-widget-wrap elementor-element-populated\">\n\t\t\t\t\t\t<div class=\"elementor-element elementor-element-b1eb3dc elementor-invisible elementor-widget elementor-widget-heading\" data-id=\"b1eb3dc\" data-element_type=\"widget\" data-settings=\"{&quot;_animation&quot;:&quot;fadeInDown&quot;}\" data-widget_type=\"heading.default\">\n\t\t\t\t<div class=\"elementor-widget-container\">\n\t\t\t\t\t<h1 class=\"elementor-heading-title elementor-size-default\">Liens<\/h1>\t\t\t\t<\/div>\n\t\t\t\t<\/div>\n\t\t\t\t<div class=\"elementor-element elementor-element-6ad0e78 elementor-widget elementor-widget-text-editor\" data-id=\"6ad0e78\" data-element_type=\"widget\" data-widget_type=\"text-editor.default\">\n\t\t\t\t<div class=\"elementor-widget-container\">\n\t\t\t\t\t\t\t\t\t<h2>H\u00f4tel R\u00f6\u00dfle und Todtmoos<\/h2><p class=\"absatz\"><strong> Chalet Kirchberg <\/strong> <br clear=\"none\" \/>Apprendre davantage sur le chalet dans la r\u00e9gion, qui est lou\u00e9 par l&rsquo;h\u00f4tel <br clear=\"none\" \/><a class=\"externlink\" href=\"http:\/\/www.kirchberg-huette.de\/\" target=\"_blank\" rel=\"noopener\"> www.kirchberg-huette.de <\/a><\/p><p class=\"absatz\"><strong> Sur l&rsquo;histoire de l&rsquo;H\u00f4tel R\u00f6\u00dfle <\/strong> <br clear=\"none\" \/><a class=\"externlink\" href=\"http:\/\/www.historische-gasthaeuser.de\/de\/gasthaus\/details.php?id=9\" target=\"_blank\" rel=\"noopener\"> www.historische-gasthaeuser.de<\/a><\/p><p class=\"absatz\"><strong> Todtmoos comme station familiale <\/strong> <br clear=\"none\" \/><a class=\"externlink\" href=\"http:\/\/www.familien-ferien.de\/\" target=\"_blank\" rel=\"noopener\"> www.familien-ferien.de <\/a><\/p><p class=\"absatz\"><strong> Todtmoos actif e.V. <\/strong> <br clear=\"none\" \/>Repr\u00e9sente l&rsquo;activit\u00e9 \u00e0 Todtmoos et est une association de l&rsquo;artisanat, du commerce, des restaurants, des services, des clubs et de personnes priv\u00e9es, de la commune et du tourisme <br clear=\"none\" \/><a class=\"externlink\" href=\"http:\/\/www.aktives-todtmoos.de\/\" target=\"_blank\" rel=\"noopener\"> www.aktives-todtmoos.de <\/a><\/p><h2>Activit\u00e9s dans les environs de l&rsquo;h\u00f4tel<\/h2><p class=\"absatz\"><strong> Le centre nordique \u00e0 Bernau <\/strong> <br clear=\"none\" \/><a class=\"externlink\" href=\"http:\/\/www.loipenzentrum.de\/\" target=\"_blank\" rel=\"noopener\"> www.loipenzentrum.de<\/a><\/p><p class=\"absatz\"><strong> Club de ski de fond Hotzenwald e.V. <\/strong> <br clear=\"none\" \/><a class=\"externlink\" href=\"http:\/\/www.loipen-hotzenwald.de\/\" target=\"_blank\" rel=\"noopener\"> www.loipen-hotzenwald.de <\/a><\/p><h2>Acc\u00e8s<\/h2><p class=\"absatz\"><strong> Horaire des trains (DB) Deutsche Bahn<\/strong> <br clear=\"none\" \/><a class=\"externlink\" href=\"http:\/\/www.bahn.de\/\" target=\"_blank\" rel=\"noopener\">www.bahn.de<\/a><\/p><p class=\"absatz\"><strong> Horaire des Chemins de fer f\u00e9d\u00e9raux suisses (CFF) <\/strong> <br clear=\"none\" \/><a class=\"externlink\" href=\"http:\/\/www.sbb.ch\/\" target=\"_blank\" rel=\"noopener\">www.sbb.ch<\/a><\/p><p class=\"absatz\"><strong>A\u00e9roport de B\u00e2le- Mulhouse- Freiburg <\/strong> <br clear=\"none\" \/><a class=\"externlink\" href=\"http:\/\/www.euroairport.com\/\" target=\"_blank\" rel=\"noopener\">www.euroairport.com<\/a><\/p><p class=\"absatz\"><strong> A\u00e9roport international de Zurich <\/strong> <br clear=\"none\" \/><a class=\"externlink\" href=\"http:\/\/www.flughafen-zuerich.ch\/\" target=\"_blank\" rel=\"noopener\"> www.flughafen-zuerich.ch<\/a><\/p><h2>Nos fournisseurs<\/h2><p><strong> Brasserie Waldhaus, la marque de types de bi\u00e8re! <\/strong> <br clear=\"none\" \/><a class=\"externlink\" href=\"http:\/\/www.waldhaus-bier.de\/\" target=\"_blank\" rel=\"noopener\"> www.waldhaus-bier.de <\/a><\/p><p class=\"absatz\"><strong> Les apiculteurs de la For\u00eat Noire <\/strong> <br clear=\"none\" \/><a class=\"externlink\" href=\"http:\/\/www.der-schwarzwaldimker.de\/\" target=\"_blank\" rel=\"noopener\"> www.der-schwarzwaldimker.de <\/a><\/p><h2>Nos artisans<\/h2><p class=\"absatz\">Les nouvelles chambres ont \u00e9t\u00e9 r\u00e9alis\u00e9es par <strong> la menuiserie J\u00fcrgen Maier <\/strong> <br clear=\"none\" \/><a class=\"externlink\" href=\"http:\/\/www.schreinerei-j-maier.de\/\" target=\"_blank\" rel=\"noopener\"> www.schreinerei-j-maier.de <\/a><\/p><p class=\"absatz\"><strong> Charpenterie Mutter <\/strong> <br clear=\"none\" \/>Charpenterie &#8211; constructions en bois &#8211; escaliers <br clear=\"none\" \/><a class=\"externlink\" href=\"http:\/\/www.zimmerei-mutter.de\/\" target=\"_blank\" rel=\"noopener\"> www.zimmerei-mutter.de <\/a><\/p><h2>Autre<\/h2><p class=\"absatz\"><strong> Vacances pour toute la famille <\/strong> <br clear=\"none\" \/>www.familydays.de<\/p><p class=\"absatz\"><strong> Nos images panoramiques <\/strong> ont \u00e9t\u00e9 r\u00e9alis\u00e9es par : <br clear=\"none\" \/><a class=\"externlink\" href=\"http:\/\/www.united-web-2000.com\/\" target=\"_blank\" rel=\"noopener\"> United Web 2000 <\/a><\/p><p class=\"absatz\"><strong> Les equipementiers de notre terrain de tir \u00e0 l&rsquo;arc<\/strong> <br clear=\"none\" \/><a class=\"externlink\" href=\"http:\/\/www.wiko-bogensport.de\/\" target=\"_blank\" rel=\"noopener\"> www.wiko-bogensport.de <\/a><\/p><p class=\"absatz\"><strong>Ecole de ski \u00e0 Todtmoos <\/strong> <br clear=\"none\" \/><a class=\"externlink\" href=\"http:\/\/www.skischule-todtmoos.com\/\" target=\"_blank\" rel=\"noopener\"> www.skischule-todtmoos.com <\/a><\/p><p class=\"absatz\"><strong> H\u00f4tes Parc Naturel de la For\u00eat Noire du sud <\/strong> <br clear=\"none\" \/><a class=\"externlink\" href=\"http:\/\/www.naturparkwirte.de\/\" target=\"_blank\" rel=\"noopener\"> www.naturparkwirte.de <\/a><\/p><p class=\"absatz\"><strong> Guide de randonn\u00e9es en For\u00eat Noire <\/strong> <br clear=\"none\" \/>Et\u00e9 et hiver, renseignements sur randonn\u00e9es et excursions en For\u00eat Noire, h\u00f4tels, \u00e9v\u00e9nements, etc. <br clear=\"none\" \/><a class=\"externlink\" href=\"http:\/\/www.schwarzwald-erlebnisse.de\/\" target=\"_blank\" rel=\"noopener\"> www.schwarzwald-erlebnisse.de <\/a><\/p><p class=\"absatz\"><strong> D\u00eener polar (Dinner- Krimi) avec le groupe FREISTIL <\/strong> <br clear=\"none\" \/><a class=\"externlink\" href=\"http:\/\/www.freistil-theater.de\/\" target=\"_blank\" rel=\"noopener\"> www.freistil-theater.de <\/a><\/p><p class=\"absatz\"><strong> Schwarzwaldspitze <\/strong> <br clear=\"none\" \/>Localit\u00e9 de danse, restaurant, discoth\u00e8que <br clear=\"none\" \/><a class=\"externlink\" href=\"http:\/\/www.schwarzwaldspitze.de\/\" target=\"_blank\" rel=\"noopener\"> www.schwarzwaldspitze.de<\/a><\/p><p class=\"absatz\"><strong> But d\u2019excursion en Suisse <\/strong> <br clear=\"none\" \/><a class=\"externlink\" href=\"http:\/\/www.belchen-schweiz.ch\/\" target=\"_blank\" rel=\"noopener\"> www.belchen-schweiz.ch <\/a><\/p>\t\t\t\t\t\t\t\t<\/div>\n\t\t\t\t<\/div>\n\t\t\t\t\t<\/div>\n\t\t<\/div>\n\t\t\t\t\t<\/div>\n\t\t<\/section>\n\t\t\t\t<\/div>\n\t\t","protected":false},"excerpt":{"rendered":"<p>Liens H\u00f4tel R\u00f6\u00dfle und Todtmoos Chalet Kirchberg Apprendre davantage sur le chalet dans la r\u00e9gion, qui est lou\u00e9 par l&rsquo;h\u00f4tel www.kirchberg-huette.de Sur l&rsquo;histoire de l&rsquo;H\u00f4tel R\u00f6\u00dfle www.historische-gasthaeuser.de Todtmoos comme station familiale www.familien-ferien.de Todtmoos actif e.V. Repr\u00e9sente l&rsquo;activit\u00e9 \u00e0 Todtmoos et est une association de l&rsquo;artisanat, du commerce, des restaurants, des services, des clubs et de [&hellip;]<\/p>\n","protected":false},"author":1,"featured_media":0,"parent":0,"menu_order":210,"comment_status":"closed","ping_status":"closed","template":"","meta":{"_acf_changed":false,"_glsr_average":0,"_glsr_ranking":0,"_glsr_reviews":0,"footnotes":""},"class_list":["post-1548","page","type-page","status-publish","hentry"],"acf":[],"yoast_head":"<!-- This site is optimized with the Yoast SEO plugin v26.6 - https:\/\/yoast.com\/wordpress\/plugins\/seo\/ -->\n<title>Liens - 4* Hotel Schwarzwald-Resort R\u00f6\u00dfle Todtmoos<\/title>\n<meta name=\"robots\" content=\"index, follow, max-snippet:-1, max-image-preview:large, max-video-preview:-1\" \/>\n<link rel=\"canonical\" href=\"https:\/\/www.hotel-roessle.de\/links\/\" \/>\n<meta property=\"og:locale\" content=\"fr_FR\" \/>\n<meta property=\"og:type\" content=\"article\" \/>\n<meta property=\"og:title\" content=\"Liens - 4* Hotel Schwarzwald-Resort R\u00f6\u00dfle Todtmoos\" \/>\n<meta property=\"og:description\" content=\"Liens H\u00f4tel R\u00f6\u00dfle und Todtmoos Chalet Kirchberg Apprendre davantage sur le chalet dans la r\u00e9gion, qui est lou\u00e9 par l&rsquo;h\u00f4tel www.kirchberg-huette.de Sur l&rsquo;histoire de l&rsquo;H\u00f4tel R\u00f6\u00dfle www.historische-gasthaeuser.de Todtmoos comme station familiale www.familien-ferien.de Todtmoos actif e.V. Repr\u00e9sente l&rsquo;activit\u00e9 \u00e0 Todtmoos et est une association de l&rsquo;artisanat, du commerce, des restaurants, des services, des clubs et de [&hellip;]\" \/>\n<meta property=\"og:url\" content=\"https:\/\/www.hotel-roessle.de\/links\/\" \/>\n<meta property=\"og:site_name\" content=\"4* Hotel Schwarzwald-Resort R\u00f6\u00dfle Todtmoos\" \/>\n<meta property=\"article:modified_time\" content=\"2025-12-28T23:05:10+00:00\" \/>\n<meta name=\"twitter:card\" content=\"summary_large_image\" \/>\n<meta name=\"twitter:label1\" content=\"Dur\u00e9e de lecture estim\u00e9e\" \/>\n\t<meta name=\"twitter:data1\" content=\"2 minutes\" \/>\n<script type=\"application\/ld+json\" class=\"yoast-schema-graph\">{\"@context\":\"https:\/\/schema.org\",\"@graph\":[{\"@type\":\"WebPage\",\"@id\":\"https:\/\/www.hotel-roessle.de\/links\/\",\"url\":\"https:\/\/www.hotel-roessle.de\/links\/\",\"name\":\"Liens - 4* Hotel Schwarzwald-Resort R\u00f6\u00dfle Todtmoos\",\"isPartOf\":{\"@id\":\"https:\/\/www.hotel-roessle.de\/#website\"},\"datePublished\":\"2015-04-22T17:05:18+00:00\",\"dateModified\":\"2025-12-28T23:05:10+00:00\",\"breadcrumb\":{\"@id\":\"https:\/\/www.hotel-roessle.de\/links\/#breadcrumb\"},\"inLanguage\":\"fr-FR\",\"potentialAction\":[{\"@type\":\"ReadAction\",\"target\":[\"https:\/\/www.hotel-roessle.de\/links\/\"]}]},{\"@type\":\"BreadcrumbList\",\"@id\":\"https:\/\/www.hotel-roessle.de\/links\/#breadcrumb\",\"itemListElement\":[{\"@type\":\"ListItem\",\"position\":1,\"name\":\"Startseite\",\"item\":\"https:\/\/www.hotel-roessle.de\/fr\/\"},{\"@type\":\"ListItem\",\"position\":2,\"name\":\"Liens\"}]},{\"@type\":\"WebSite\",\"@id\":\"https:\/\/www.hotel-roessle.de\/#website\",\"url\":\"https:\/\/www.hotel-roessle.de\/\",\"name\":\"4* Hotel Schwarzwald-Resort R\u00f6\u00dfle Todtmoos\",\"description\":\"Familiengef\u00fchrtes Vier Sterne Superior Hotel in Todtmoos\/Schwarzwald\",\"publisher\":{\"@id\":\"https:\/\/www.hotel-roessle.de\/#organization\"},\"potentialAction\":[{\"@type\":\"SearchAction\",\"target\":{\"@type\":\"EntryPoint\",\"urlTemplate\":\"https:\/\/www.hotel-roessle.de\/?s={search_term_string}\"},\"query-input\":{\"@type\":\"PropertyValueSpecification\",\"valueRequired\":true,\"valueName\":\"search_term_string\"}}],\"inLanguage\":\"fr-FR\"},{\"@type\":\"Organization\",\"@id\":\"https:\/\/www.hotel-roessle.de\/#organization\",\"name\":\"4* Hotel Schwarzwald-Resort R\u00f6\u00dfle Todtmoos\",\"url\":\"https:\/\/www.hotel-roessle.de\/\",\"logo\":{\"@type\":\"ImageObject\",\"inLanguage\":\"fr-FR\",\"@id\":\"https:\/\/www.hotel-roessle.de\/#\/schema\/logo\/image\/\",\"url\":\"https:\/\/www.hotel-roessle.de\/cms\/wp-content\/uploads\/2025\/04\/header-logo.jpg\",\"contentUrl\":\"https:\/\/www.hotel-roessle.de\/cms\/wp-content\/uploads\/2025\/04\/header-logo.jpg\",\"width\":400,\"height\":186,\"caption\":\"4* Hotel Schwarzwald-Resort R\u00f6\u00dfle Todtmoos\"},\"image\":{\"@id\":\"https:\/\/www.hotel-roessle.de\/#\/schema\/logo\/image\/\"}}]}<\/script>\n<!-- \/ Yoast SEO plugin. -->","yoast_head_json":{"title":"Liens - 4* Hotel Schwarzwald-Resort R\u00f6\u00dfle Todtmoos","robots":{"index":"index","follow":"follow","max-snippet":"max-snippet:-1","max-image-preview":"max-image-preview:large","max-video-preview":"max-video-preview:-1"},"canonical":"https:\/\/www.hotel-roessle.de\/links\/","og_locale":"fr_FR","og_type":"article","og_title":"Liens - 4* Hotel Schwarzwald-Resort R\u00f6\u00dfle Todtmoos","og_description":"Liens H\u00f4tel R\u00f6\u00dfle und Todtmoos Chalet Kirchberg Apprendre davantage sur le chalet dans la r\u00e9gion, qui est lou\u00e9 par l&rsquo;h\u00f4tel www.kirchberg-huette.de Sur l&rsquo;histoire de l&rsquo;H\u00f4tel R\u00f6\u00dfle www.historische-gasthaeuser.de Todtmoos comme station familiale www.familien-ferien.de Todtmoos actif e.V. Repr\u00e9sente l&rsquo;activit\u00e9 \u00e0 Todtmoos et est une association de l&rsquo;artisanat, du commerce, des restaurants, des services, des clubs et de [&hellip;]","og_url":"https:\/\/www.hotel-roessle.de\/links\/","og_site_name":"4* Hotel Schwarzwald-Resort R\u00f6\u00dfle Todtmoos","article_modified_time":"2025-12-28T23:05:10+00:00","twitter_card":"summary_large_image","twitter_misc":{"Dur\u00e9e de lecture estim\u00e9e":"2 minutes"},"schema":{"@context":"https:\/\/schema.org","@graph":[{"@type":"WebPage","@id":"https:\/\/www.hotel-roessle.de\/links\/","url":"https:\/\/www.hotel-roessle.de\/links\/","name":"Liens - 4* Hotel Schwarzwald-Resort R\u00f6\u00dfle Todtmoos","isPartOf":{"@id":"https:\/\/www.hotel-roessle.de\/#website"},"datePublished":"2015-04-22T17:05:18+00:00","dateModified":"2025-12-28T23:05:10+00:00","breadcrumb":{"@id":"https:\/\/www.hotel-roessle.de\/links\/#breadcrumb"},"inLanguage":"fr-FR","potentialAction":[{"@type":"ReadAction","target":["https:\/\/www.hotel-roessle.de\/links\/"]}]},{"@type":"BreadcrumbList","@id":"https:\/\/www.hotel-roessle.de\/links\/#breadcrumb","itemListElement":[{"@type":"ListItem","position":1,"name":"Startseite","item":"https:\/\/www.hotel-roessle.de\/fr\/"},{"@type":"ListItem","position":2,"name":"Liens"}]},{"@type":"WebSite","@id":"https:\/\/www.hotel-roessle.de\/#website","url":"https:\/\/www.hotel-roessle.de\/","name":"4* Hotel Schwarzwald-Resort R\u00f6\u00dfle Todtmoos","description":"Familiengef\u00fchrtes Vier Sterne Superior Hotel in Todtmoos\/Schwarzwald","publisher":{"@id":"https:\/\/www.hotel-roessle.de\/#organization"},"potentialAction":[{"@type":"SearchAction","target":{"@type":"EntryPoint","urlTemplate":"https:\/\/www.hotel-roessle.de\/?s={search_term_string}"},"query-input":{"@type":"PropertyValueSpecification","valueRequired":true,"valueName":"search_term_string"}}],"inLanguage":"fr-FR"},{"@type":"Organization","@id":"https:\/\/www.hotel-roessle.de\/#organization","name":"4* Hotel Schwarzwald-Resort R\u00f6\u00dfle Todtmoos","url":"https:\/\/www.hotel-roessle.de\/","logo":{"@type":"ImageObject","inLanguage":"fr-FR","@id":"https:\/\/www.hotel-roessle.de\/#\/schema\/logo\/image\/","url":"https:\/\/www.hotel-roessle.de\/cms\/wp-content\/uploads\/2025\/04\/header-logo.jpg","contentUrl":"https:\/\/www.hotel-roessle.de\/cms\/wp-content\/uploads\/2025\/04\/header-logo.jpg","width":400,"height":186,"caption":"4* Hotel Schwarzwald-Resort R\u00f6\u00dfle Todtmoos"},"image":{"@id":"https:\/\/www.hotel-roessle.de\/#\/schema\/logo\/image\/"}}]}},"_links":{"self":[{"href":"https:\/\/www.hotel-roessle.de\/fr\/wp-json\/wp\/v2\/pages\/1548","targetHints":{"allow":["GET"]}}],"collection":[{"href":"https:\/\/www.hotel-roessle.de\/fr\/wp-json\/wp\/v2\/pages"}],"about":[{"href":"https:\/\/www.hotel-roessle.de\/fr\/wp-json\/wp\/v2\/types\/page"}],"author":[{"embeddable":true,"href":"https:\/\/www.hotel-roessle.de\/fr\/wp-json\/wp\/v2\/users\/1"}],"replies":[{"embeddable":true,"href":"https:\/\/www.hotel-roessle.de\/fr\/wp-json\/wp\/v2\/comments?post=1548"}],"version-history":[{"count":0,"href":"https:\/\/www.hotel-roessle.de\/fr\/wp-json\/wp\/v2\/pages\/1548\/revisions"}],"wp:attachment":[{"href":"https:\/\/www.hotel-roessle.de\/fr\/wp-json\/wp\/v2\/media?parent=1548"}],"curies":[{"name":"wp","href":"https:\/\/api.w.org\/{rel}","templated":true}]}}