{"id":1530,"date":"2015-04-22T18:58:15","date_gmt":"2015-04-22T16:58:15","guid":{"rendered":"http:\/\/www.hotel-roessle.de\/?page_id=1530"},"modified":"2026-01-03T23:33:23","modified_gmt":"2026-01-03T22:33:23","slug":"specialites-de-la-foret-noire","status":"publish","type":"page","link":"https:\/\/www.hotel-roessle.de\/fr\/restaurant\/specialites-de-la-foret-noire\/","title":{"rendered":"Sp\u00e9cialit\u00e9s de la For\u00eat-Noire"},"content":{"rendered":"\t\t<div data-elementor-type=\"wp-page\" data-elementor-id=\"1530\" class=\"elementor elementor-1530 elementor-48\" data-elementor-post-type=\"page\">\n\t\t\t\t<div class=\"elementor-element elementor-element-8fc6a8d e-con-full e-flex e-con e-parent\" data-id=\"8fc6a8d\" data-element_type=\"container\" data-settings=\"{&quot;background_background&quot;:&quot;classic&quot;}\">\n\t\t<div class=\"elementor-element elementor-element-87297cd e-con-full e-flex e-con e-child\" data-id=\"87297cd\" data-element_type=\"container\" data-settings=\"{&quot;background_background&quot;:&quot;classic&quot;}\">\n\t\t\t\t<div class=\"elementor-element elementor-element-5eab84f elementor-widget elementor-widget-heading\" data-id=\"5eab84f\" data-element_type=\"widget\" data-widget_type=\"heading.default\">\n\t\t\t\t<div class=\"elementor-widget-container\">\n\t\t\t\t\t<h1 class=\"elementor-heading-title elementor-size-default\">Sp\u00e9cialit\u00e9s de la For\u00eat-Noire<\/h1>\t\t\t\t<\/div>\n\t\t\t\t<\/div>\n\t\t\t\t<\/div>\n\t\t\t\t<\/div>\n\t\t<div class=\"elementor-element elementor-element-6a4060b e-con-full e-flex e-con e-parent\" data-id=\"6a4060b\" data-element_type=\"container\" id=\"standardpage\">\n\t\t<div class=\"elementor-element elementor-element-9e972b0 e-con-full e-flex e-con e-child\" data-id=\"9e972b0\" data-element_type=\"container\">\n\t\t<div class=\"elementor-element elementor-element-c9756d4 e-con-full e-flex e-con e-child\" data-id=\"c9756d4\" data-element_type=\"container\" data-settings=\"{&quot;background_background&quot;:&quot;classic&quot;}\">\n\t\t\t\t<div class=\"elementor-element elementor-element-a9cfa1b elementor-widget elementor-widget-text-editor\" data-id=\"a9cfa1b\" data-element_type=\"widget\" data-widget_type=\"text-editor.default\">\n\t\t\t\t<div class=\"elementor-widget-container\">\n\t\t\t\t\t\t\t\t\t<p>Nous sommes actuellement en train de refondre notre site web, mais nous souhaitons vous fournir tout ce dont vous avez besoin. Vous trouverez donc ci-dessous toutes les informations sans aucune modification graphique.<\/p>\t\t\t\t\t\t\t\t<\/div>\n\t\t\t\t<\/div>\n\t\t\t\t<\/div>\n\t\t\t\t<\/div>\n\t\t\t\t<div class=\"elementor-element elementor-element-02a451d elementor-widget elementor-widget-text-editor\" data-id=\"02a451d\" data-element_type=\"widget\" data-widget_type=\"text-editor.default\">\n\t\t\t\t<div class=\"elementor-widget-container\">\n\t\t\t\t\t\t\t\t\t<h2>Ici, les chefs cuisinent &#8211; et \u00e7a avec passion!<\/h2>\n<p class=\"absatz\">Qui raconte du R\u00f6\u00dfle, sait louer l&rsquo;excellente cuisine avec ses sp\u00e9cialit\u00e9s principalement badoises.<br clear=\"none\">Nous vous conseillons aussi notre buffet. Dates et prix <a href=\"https:\/\/www.hotel-roessle.de\/fr\/?p=5159\" target=\"_blank\" rel=\"noopener\">ici\u00bb<\/a><\/p>\n<p><a title=\"Restaurant R\u00f6\u00dfle\" href=\"https:\/\/www.hotel-roessle.de\/cms\/wp-content\/themes\/hello-elementor-child\/images\/restaurant\/gr\/roessle-restaurant-1.jpg\" rel=\"lightbox-restaurant\"><img decoding=\"async\" class=\"imgfloat\" title=\"Restaurant R\u00f6\u00dfle\" src=\"https:\/\/www.hotel-roessle.de\/cms\/wp-content\/themes\/hello-elementor-child\/images\/restaurant\/roessle-restaurant-1.jpg\"><\/a><br><a title=\"Restaurant R\u00f6\u00dfle\" href=\"https:\/\/www.hotel-roessle.de\/cms\/wp-content\/themes\/hello-elementor-child\/images\/restaurant\/gr\/roessle-restaurant-2.jpg\" rel=\"lightbox-restaurant\"><img decoding=\"async\" class=\"imgfloat\" title=\"Restaurant R\u00f6\u00dfle\" src=\"https:\/\/www.hotel-roessle.de\/cms\/wp-content\/themes\/hello-elementor-child\/images\/restaurant\/roessle-restaurant-2.jpg\"><\/a><br><a title=\"Restaurant R\u00f6\u00dfle\" href=\"https:\/\/www.hotel-roessle.de\/cms\/wp-content\/themes\/hello-elementor-child\/images\/restaurant\/gr\/roessle-restaurant-3.jpg\" rel=\"lightbox-restaurant\"><img decoding=\"async\" class=\"imgfloat\" title=\"Restaurant R\u00f6\u00dfle\" src=\"https:\/\/www.hotel-roessle.de\/cms\/wp-content\/themes\/hello-elementor-child\/images\/restaurant\/roessle-restaurant-3.jpg\"><\/a><\/p>\n<h2>Un h\u00f4te de parc naturel dans la For\u00eat Noire du sud<\/h2>\n<p class=\"absatz\">Les aliments frais de saison pleins de vitamines et la vari\u00e9t\u00e9 cr\u00e9ative, \u00e7a va de soi dans notre cuisine. Des d\u00e9lices culinaires ou des sp\u00e9cialit\u00e9s de la For\u00eat Noire copieuses du fumoir &#8211; vous serez enthousiasm\u00e9 ! Mais, bien s\u00fbr, vous pouvez aussi demander des aliments di\u00e9t\u00e9tiques tr\u00e8s savoureux.<\/p>\n<p><a title=\"Restaurant R\u00f6\u00dfle\" href=\"https:\/\/www.hotel-roessle.de\/cms\/wp-content\/themes\/hello-elementor-child\/images\/restaurant\/gr\/roessle-menu-1.jpg\" rel=\"lightbox-restaurant\"><img decoding=\"async\" class=\"imgfloat\" title=\"Restaurant R\u00f6\u00dfle\" src=\"https:\/\/www.hotel-roessle.de\/cms\/wp-content\/themes\/hello-elementor-child\/images\/restaurant\/roessle-menu-1.jpg\"><\/a><br><a title=\"Restaurant R\u00f6\u00dfle\" href=\"https:\/\/www.hotel-roessle.de\/cms\/wp-content\/themes\/hello-elementor-child\/images\/restaurant\/gr\/roessle-menu-2.jpg\" rel=\"lightbox-restaurant\"><img decoding=\"async\" class=\"imgfloat\" title=\"Restaurant R\u00f6\u00dfle\" src=\"https:\/\/www.hotel-roessle.de\/cms\/wp-content\/themes\/hello-elementor-child\/images\/restaurant\/roessle-menu-2.jpg\"><\/a><br><a title=\"Restaurant R\u00f6\u00dfle\" href=\"https:\/\/www.hotel-roessle.de\/cms\/wp-content\/themes\/hello-elementor-child\/images\/restaurant\/gr\/roessle-menu-3.jpg\" rel=\"lightbox-restaurant\"><img decoding=\"async\" class=\"imgfloat\" title=\"Restaurant R\u00f6\u00dfle\" src=\"https:\/\/www.hotel-roessle.de\/cms\/wp-content\/themes\/hello-elementor-child\/images\/restaurant\/roessle-menu-3.jpg\"><\/a><\/p>\n<p><a title=\"Restaurant R\u00f6\u00dfle\" href=\"https:\/\/www.hotel-roessle.de\/cms\/wp-content\/themes\/hello-elementor-child\/images\/restaurant\/gr\/roessle-menu-4.jpg\" rel=\"lightbox-restaurant\"><img decoding=\"async\" class=\"imgfloat\" title=\"Restaurant R\u00f6\u00dfle\" src=\"https:\/\/www.hotel-roessle.de\/cms\/wp-content\/themes\/hello-elementor-child\/images\/restaurant\/roessle-menu-4.jpg\"><\/a><br><a title=\"Restaurant R\u00f6\u00dfle\" href=\"https:\/\/www.hotel-roessle.de\/cms\/wp-content\/themes\/hello-elementor-child\/images\/restaurant\/gr\/roessle-menu-5.jpg\" rel=\"lightbox-restaurant\"><img decoding=\"async\" class=\"imgfloat\" title=\"Restaurant R\u00f6\u00dfle\" src=\"https:\/\/www.hotel-roessle.de\/cms\/wp-content\/themes\/hello-elementor-child\/images\/restaurant\/roessle-menu-5.jpg\"><\/a><br><a title=\"Restaurant R\u00f6\u00dfle\" href=\"https:\/\/www.hotel-roessle.de\/cms\/wp-content\/themes\/hello-elementor-child\/images\/restaurant\/gr\/roessle-menu-6.jpg\" rel=\"lightbox-restaurant\"><img decoding=\"async\" class=\"imgfloat\" title=\"Restaurant R\u00f6\u00dfle\" src=\"https:\/\/www.hotel-roessle.de\/cms\/wp-content\/themes\/hello-elementor-child\/images\/restaurant\/roessle-menu-6.jpg\"><\/a><\/p>\n<h2>Prenez place dans nos salons confortables de style For\u00eat-Noire<\/h2>\n<div class=\"break2\">&nbsp;<\/div>\n<p><a title=\"Restaurant R\u00f6\u00dfle\" href=\"https:\/\/www.hotel-roessle.de\/cms\/wp-content\/themes\/hello-elementor-child\/images\/restaurant\/gr\/roessle-gastraum-1.jpg\" rel=\"lightbox-restaurant\"><img decoding=\"async\" class=\"imgfloat\" title=\"Restaurant R\u00f6\u00dfle\" src=\"https:\/\/www.hotel-roessle.de\/cms\/wp-content\/themes\/hello-elementor-child\/images\/restaurant\/roessle-gastraum-1.jpg\"><\/a><br><a title=\"Restaurant R\u00f6\u00dfle\" href=\"https:\/\/www.hotel-roessle.de\/cms\/wp-content\/themes\/hello-elementor-child\/images\/restaurant\/gr\/roessle-gastraum-2.jpg\" rel=\"lightbox-restaurant\"><img decoding=\"async\" class=\"imgfloat\" title=\"Restaurant R\u00f6\u00dfle\" src=\"https:\/\/www.hotel-roessle.de\/cms\/wp-content\/themes\/hello-elementor-child\/images\/restaurant\/roessle-gastraum-2.jpg\"><\/a><br><a title=\"Restaurant R\u00f6\u00dfle\" href=\"https:\/\/www.hotel-roessle.de\/cms\/wp-content\/themes\/hello-elementor-child\/images\/restaurant\/gr\/roessle-gastraum-3.jpg\" rel=\"lightbox-restaurant\"><img decoding=\"async\" class=\"imgfloat\" title=\"Restaurant R\u00f6\u00dfle\" src=\"https:\/\/www.hotel-roessle.de\/cms\/wp-content\/themes\/hello-elementor-child\/images\/restaurant\/roessle-gastraum-3.jpg\"><\/a><\/p>\n<h2>Nos heures de repas:<\/h2>\n<p class=\"absatz\"><strong> Petit-d\u00e9jeuner <\/strong> <br clear=\"none\">7.00h &#8211; 11.00h <br clear=\"none\"><br clear=\"none\"><strong>Notre carte de menu<\/strong><br clear=\"none\">12.00h &#8211; 20.00h <br clear=\"none\"><br clear=\"none\"><strong>Heure du d\u00eener de demi-pension<\/strong><br clear=\"none\">17.00h &#8211; 20.00h<\/p>\t\t\t\t\t\t\t\t<\/div>\n\t\t\t\t<\/div>\n\t\t\t\t<\/div>\n\t\t\t\t<\/div>\n\t\t","protected":false},"excerpt":{"rendered":"<p>Nous sommes actuellement en train de refondre notre site web, mais nous souhaitons vous fournir tout ce dont vous avez besoin. Vous trouverez donc ci-dessous toutes les informations sans aucune modification graphique. Ici, les chefs cuisinent &#8211; et \u00e7a avec passion! Qui raconte du R\u00f6\u00dfle, sait louer l&rsquo;excellente cuisine avec ses sp\u00e9cialit\u00e9s principalement badoises.Nous vous [&hellip;]<\/p>\n","protected":false},"author":1,"featured_media":0,"parent":1529,"menu_order":111,"comment_status":"closed","ping_status":"closed","template":"","meta":{"_acf_changed":false,"_glsr_average":0,"_glsr_ranking":0,"_glsr_reviews":0,"footnotes":""},"class_list":["post-1530","page","type-page","status-publish","hentry"],"acf":[],"yoast_head":"<!-- This site is optimized with the Yoast SEO plugin v26.6 - https:\/\/yoast.com\/wordpress\/plugins\/seo\/ -->\n<title>Sp\u00e9cialit\u00e9s de la For\u00eat-Noire - 4* Hotel Schwarzwald-Resort R\u00f6\u00dfle Todtmoos<\/title>\n<meta name=\"robots\" content=\"index, follow, max-snippet:-1, max-image-preview:large, max-video-preview:-1\" \/>\n<link rel=\"canonical\" href=\"https:\/\/www.hotel-roessle.de\/fr\/restaurant\/specialites-de-la-foret-noire\/\" \/>\n<meta property=\"og:locale\" content=\"fr_FR\" \/>\n<meta property=\"og:type\" content=\"article\" \/>\n<meta property=\"og:title\" content=\"Sp\u00e9cialit\u00e9s de la For\u00eat-Noire - 4* Hotel Schwarzwald-Resort R\u00f6\u00dfle Todtmoos\" \/>\n<meta property=\"og:description\" content=\"Nous sommes actuellement en train de refondre notre site web, mais nous souhaitons vous fournir tout ce dont vous avez besoin. Vous trouverez donc ci-dessous toutes les informations sans aucune modification graphique. Ici, les chefs cuisinent &#8211; et \u00e7a avec passion! Qui raconte du R\u00f6\u00dfle, sait louer l&rsquo;excellente cuisine avec ses sp\u00e9cialit\u00e9s principalement badoises.Nous vous [&hellip;]\" \/>\n<meta property=\"og:url\" content=\"https:\/\/www.hotel-roessle.de\/fr\/restaurant\/specialites-de-la-foret-noire\/\" \/>\n<meta property=\"og:site_name\" content=\"4* Hotel Schwarzwald-Resort R\u00f6\u00dfle Todtmoos\" \/>\n<meta property=\"article:modified_time\" content=\"2026-01-03T22:33:23+00:00\" \/>\n<meta property=\"og:image\" content=\"https:\/\/www.hotel-roessle.de\/cms\/wp-content\/themes\/hello-elementor-child\/images\/restaurant\/roessle-restaurant-1.jpg\" \/>\n<meta name=\"twitter:card\" content=\"summary_large_image\" \/>\n<meta name=\"twitter:label1\" content=\"Dur\u00e9e de lecture estim\u00e9e\" \/>\n\t<meta name=\"twitter:data1\" content=\"4 minutes\" \/>\n<script type=\"application\/ld+json\" class=\"yoast-schema-graph\">{\"@context\":\"https:\/\/schema.org\",\"@graph\":[{\"@type\":\"WebPage\",\"@id\":\"https:\/\/www.hotel-roessle.de\/fr\/restaurant\/specialites-de-la-foret-noire\/\",\"url\":\"https:\/\/www.hotel-roessle.de\/fr\/restaurant\/specialites-de-la-foret-noire\/\",\"name\":\"Sp\u00e9cialit\u00e9s de la For\u00eat-Noire - 4* Hotel Schwarzwald-Resort R\u00f6\u00dfle Todtmoos\",\"isPartOf\":{\"@id\":\"https:\/\/www.hotel-roessle.de\/#website\"},\"primaryImageOfPage\":{\"@id\":\"https:\/\/www.hotel-roessle.de\/fr\/restaurant\/specialites-de-la-foret-noire\/#primaryimage\"},\"image\":{\"@id\":\"https:\/\/www.hotel-roessle.de\/fr\/restaurant\/specialites-de-la-foret-noire\/#primaryimage\"},\"thumbnailUrl\":\"https:\/\/www.hotel-roessle.de\/cms\/wp-content\/themes\/hello-elementor-child\/images\/restaurant\/roessle-restaurant-1.jpg\",\"datePublished\":\"2015-04-22T16:58:15+00:00\",\"dateModified\":\"2026-01-03T22:33:23+00:00\",\"breadcrumb\":{\"@id\":\"https:\/\/www.hotel-roessle.de\/fr\/restaurant\/specialites-de-la-foret-noire\/#breadcrumb\"},\"inLanguage\":\"fr-FR\",\"potentialAction\":[{\"@type\":\"ReadAction\",\"target\":[\"https:\/\/www.hotel-roessle.de\/fr\/restaurant\/specialites-de-la-foret-noire\/\"]}]},{\"@type\":\"ImageObject\",\"inLanguage\":\"fr-FR\",\"@id\":\"https:\/\/www.hotel-roessle.de\/fr\/restaurant\/specialites-de-la-foret-noire\/#primaryimage\",\"url\":\"https:\/\/www.hotel-roessle.de\/cms\/wp-content\/themes\/hello-elementor-child\/images\/restaurant\/roessle-restaurant-1.jpg\",\"contentUrl\":\"https:\/\/www.hotel-roessle.de\/cms\/wp-content\/themes\/hello-elementor-child\/images\/restaurant\/roessle-restaurant-1.jpg\"},{\"@type\":\"BreadcrumbList\",\"@id\":\"https:\/\/www.hotel-roessle.de\/fr\/restaurant\/specialites-de-la-foret-noire\/#breadcrumb\",\"itemListElement\":[{\"@type\":\"ListItem\",\"position\":1,\"name\":\"Startseite\",\"item\":\"https:\/\/www.hotel-roessle.de\/fr\/\"},{\"@type\":\"ListItem\",\"position\":2,\"name\":\"Restaurant\",\"item\":\"https:\/\/www.hotel-roessle.de\/restaurant\/\"},{\"@type\":\"ListItem\",\"position\":3,\"name\":\"Sp\u00e9cialit\u00e9s de la For\u00eat-Noire\"}]},{\"@type\":\"WebSite\",\"@id\":\"https:\/\/www.hotel-roessle.de\/#website\",\"url\":\"https:\/\/www.hotel-roessle.de\/\",\"name\":\"4* Hotel Schwarzwald-Resort R\u00f6\u00dfle Todtmoos\",\"description\":\"Familiengef\u00fchrtes Vier Sterne Superior Hotel in Todtmoos\/Schwarzwald\",\"publisher\":{\"@id\":\"https:\/\/www.hotel-roessle.de\/#organization\"},\"potentialAction\":[{\"@type\":\"SearchAction\",\"target\":{\"@type\":\"EntryPoint\",\"urlTemplate\":\"https:\/\/www.hotel-roessle.de\/?s={search_term_string}\"},\"query-input\":{\"@type\":\"PropertyValueSpecification\",\"valueRequired\":true,\"valueName\":\"search_term_string\"}}],\"inLanguage\":\"fr-FR\"},{\"@type\":\"Organization\",\"@id\":\"https:\/\/www.hotel-roessle.de\/#organization\",\"name\":\"4* Hotel Schwarzwald-Resort R\u00f6\u00dfle Todtmoos\",\"url\":\"https:\/\/www.hotel-roessle.de\/\",\"logo\":{\"@type\":\"ImageObject\",\"inLanguage\":\"fr-FR\",\"@id\":\"https:\/\/www.hotel-roessle.de\/#\/schema\/logo\/image\/\",\"url\":\"https:\/\/www.hotel-roessle.de\/cms\/wp-content\/uploads\/2025\/04\/header-logo.jpg\",\"contentUrl\":\"https:\/\/www.hotel-roessle.de\/cms\/wp-content\/uploads\/2025\/04\/header-logo.jpg\",\"width\":400,\"height\":186,\"caption\":\"4* Hotel Schwarzwald-Resort R\u00f6\u00dfle Todtmoos\"},\"image\":{\"@id\":\"https:\/\/www.hotel-roessle.de\/#\/schema\/logo\/image\/\"}}]}<\/script>\n<!-- \/ Yoast SEO plugin. -->","yoast_head_json":{"title":"Sp\u00e9cialit\u00e9s de la For\u00eat-Noire - 4* Hotel Schwarzwald-Resort R\u00f6\u00dfle Todtmoos","robots":{"index":"index","follow":"follow","max-snippet":"max-snippet:-1","max-image-preview":"max-image-preview:large","max-video-preview":"max-video-preview:-1"},"canonical":"https:\/\/www.hotel-roessle.de\/fr\/restaurant\/specialites-de-la-foret-noire\/","og_locale":"fr_FR","og_type":"article","og_title":"Sp\u00e9cialit\u00e9s de la For\u00eat-Noire - 4* Hotel Schwarzwald-Resort R\u00f6\u00dfle Todtmoos","og_description":"Nous sommes actuellement en train de refondre notre site web, mais nous souhaitons vous fournir tout ce dont vous avez besoin. Vous trouverez donc ci-dessous toutes les informations sans aucune modification graphique. Ici, les chefs cuisinent &#8211; et \u00e7a avec passion! Qui raconte du R\u00f6\u00dfle, sait louer l&rsquo;excellente cuisine avec ses sp\u00e9cialit\u00e9s principalement badoises.Nous vous [&hellip;]","og_url":"https:\/\/www.hotel-roessle.de\/fr\/restaurant\/specialites-de-la-foret-noire\/","og_site_name":"4* Hotel Schwarzwald-Resort R\u00f6\u00dfle Todtmoos","article_modified_time":"2026-01-03T22:33:23+00:00","og_image":[{"url":"https:\/\/www.hotel-roessle.de\/cms\/wp-content\/themes\/hello-elementor-child\/images\/restaurant\/roessle-restaurant-1.jpg","type":"","width":"","height":""}],"twitter_card":"summary_large_image","twitter_misc":{"Dur\u00e9e de lecture estim\u00e9e":"4 minutes"},"schema":{"@context":"https:\/\/schema.org","@graph":[{"@type":"WebPage","@id":"https:\/\/www.hotel-roessle.de\/fr\/restaurant\/specialites-de-la-foret-noire\/","url":"https:\/\/www.hotel-roessle.de\/fr\/restaurant\/specialites-de-la-foret-noire\/","name":"Sp\u00e9cialit\u00e9s de la For\u00eat-Noire - 4* Hotel Schwarzwald-Resort R\u00f6\u00dfle Todtmoos","isPartOf":{"@id":"https:\/\/www.hotel-roessle.de\/#website"},"primaryImageOfPage":{"@id":"https:\/\/www.hotel-roessle.de\/fr\/restaurant\/specialites-de-la-foret-noire\/#primaryimage"},"image":{"@id":"https:\/\/www.hotel-roessle.de\/fr\/restaurant\/specialites-de-la-foret-noire\/#primaryimage"},"thumbnailUrl":"https:\/\/www.hotel-roessle.de\/cms\/wp-content\/themes\/hello-elementor-child\/images\/restaurant\/roessle-restaurant-1.jpg","datePublished":"2015-04-22T16:58:15+00:00","dateModified":"2026-01-03T22:33:23+00:00","breadcrumb":{"@id":"https:\/\/www.hotel-roessle.de\/fr\/restaurant\/specialites-de-la-foret-noire\/#breadcrumb"},"inLanguage":"fr-FR","potentialAction":[{"@type":"ReadAction","target":["https:\/\/www.hotel-roessle.de\/fr\/restaurant\/specialites-de-la-foret-noire\/"]}]},{"@type":"ImageObject","inLanguage":"fr-FR","@id":"https:\/\/www.hotel-roessle.de\/fr\/restaurant\/specialites-de-la-foret-noire\/#primaryimage","url":"https:\/\/www.hotel-roessle.de\/cms\/wp-content\/themes\/hello-elementor-child\/images\/restaurant\/roessle-restaurant-1.jpg","contentUrl":"https:\/\/www.hotel-roessle.de\/cms\/wp-content\/themes\/hello-elementor-child\/images\/restaurant\/roessle-restaurant-1.jpg"},{"@type":"BreadcrumbList","@id":"https:\/\/www.hotel-roessle.de\/fr\/restaurant\/specialites-de-la-foret-noire\/#breadcrumb","itemListElement":[{"@type":"ListItem","position":1,"name":"Startseite","item":"https:\/\/www.hotel-roessle.de\/fr\/"},{"@type":"ListItem","position":2,"name":"Restaurant","item":"https:\/\/www.hotel-roessle.de\/restaurant\/"},{"@type":"ListItem","position":3,"name":"Sp\u00e9cialit\u00e9s de la For\u00eat-Noire"}]},{"@type":"WebSite","@id":"https:\/\/www.hotel-roessle.de\/#website","url":"https:\/\/www.hotel-roessle.de\/","name":"4* Hotel Schwarzwald-Resort R\u00f6\u00dfle Todtmoos","description":"Familiengef\u00fchrtes Vier Sterne Superior Hotel in Todtmoos\/Schwarzwald","publisher":{"@id":"https:\/\/www.hotel-roessle.de\/#organization"},"potentialAction":[{"@type":"SearchAction","target":{"@type":"EntryPoint","urlTemplate":"https:\/\/www.hotel-roessle.de\/?s={search_term_string}"},"query-input":{"@type":"PropertyValueSpecification","valueRequired":true,"valueName":"search_term_string"}}],"inLanguage":"fr-FR"},{"@type":"Organization","@id":"https:\/\/www.hotel-roessle.de\/#organization","name":"4* Hotel Schwarzwald-Resort R\u00f6\u00dfle Todtmoos","url":"https:\/\/www.hotel-roessle.de\/","logo":{"@type":"ImageObject","inLanguage":"fr-FR","@id":"https:\/\/www.hotel-roessle.de\/#\/schema\/logo\/image\/","url":"https:\/\/www.hotel-roessle.de\/cms\/wp-content\/uploads\/2025\/04\/header-logo.jpg","contentUrl":"https:\/\/www.hotel-roessle.de\/cms\/wp-content\/uploads\/2025\/04\/header-logo.jpg","width":400,"height":186,"caption":"4* Hotel Schwarzwald-Resort R\u00f6\u00dfle Todtmoos"},"image":{"@id":"https:\/\/www.hotel-roessle.de\/#\/schema\/logo\/image\/"}}]}},"_links":{"self":[{"href":"https:\/\/www.hotel-roessle.de\/fr\/wp-json\/wp\/v2\/pages\/1530","targetHints":{"allow":["GET"]}}],"collection":[{"href":"https:\/\/www.hotel-roessle.de\/fr\/wp-json\/wp\/v2\/pages"}],"about":[{"href":"https:\/\/www.hotel-roessle.de\/fr\/wp-json\/wp\/v2\/types\/page"}],"author":[{"embeddable":true,"href":"https:\/\/www.hotel-roessle.de\/fr\/wp-json\/wp\/v2\/users\/1"}],"replies":[{"embeddable":true,"href":"https:\/\/www.hotel-roessle.de\/fr\/wp-json\/wp\/v2\/comments?post=1530"}],"version-history":[{"count":1,"href":"https:\/\/www.hotel-roessle.de\/fr\/wp-json\/wp\/v2\/pages\/1530\/revisions"}],"predecessor-version":[{"id":185561,"href":"https:\/\/www.hotel-roessle.de\/fr\/wp-json\/wp\/v2\/pages\/1530\/revisions\/185561"}],"up":[{"embeddable":true,"href":"https:\/\/www.hotel-roessle.de\/fr\/wp-json\/wp\/v2\/pages\/1529"}],"wp:attachment":[{"href":"https:\/\/www.hotel-roessle.de\/fr\/wp-json\/wp\/v2\/media?parent=1530"}],"curies":[{"name":"wp","href":"https:\/\/api.w.org\/{rel}","templated":true}]}}