{"id":1473,"date":"2015-04-22T18:49:11","date_gmt":"2015-04-22T16:49:11","guid":{"rendered":"http:\/\/www.hotel-roessle.de\/?page_id=1473"},"modified":"2025-04-24T18:01:02","modified_gmt":"2025-04-24T16:01:02","slug":"autour-du-roessle","status":"publish","type":"page","link":"https:\/\/www.hotel-roessle.de\/fr\/resort\/autour-du-roessle\/","title":{"rendered":"Autour du R\u00f6\u00dfle"},"content":{"rendered":"<h2>Maison principale<\/h2>\n<p class=\"absatz\"><a title=\"Autour du R\u00f6\u00dfle\" href=\"https:\/\/www.hotel-roessle.de\/cms\/wp-content\/themes\/hello-elementor-child\/images\/roessle\/gr\/haupthaus.jpg\" rel=\"lightbox-roessle\"><img decoding=\"async\" class=\"imgfloat\" src=\"https:\/\/www.hotel-roessle.de\/cms\/wp-content\/themes\/hello-elementor-child\/images\/roessle\/haupthaus.jpg\" \/><\/a><a title=\"Autour du R\u00f6\u00dfle\" href=\"https:\/\/www.hotel-roessle.de\/cms\/wp-content\/themes\/hello-elementor-child\/images\/roessle\/gr\/haupthaus2.jpg\" rel=\"lightbox-roessle\"><img decoding=\"async\" class=\"imgfloat\" src=\"https:\/\/www.hotel-roessle.de\/cms\/wp-content\/themes\/hello-elementor-child\/images\/roessle\/haupthaus2.jpg\" \/><\/a><\/p>\n<h2>Maison \u00e9cologique en bois<\/h2>\n<p class=\"absatz\"><a title=\"Autour du R\u00f6\u00dfle\" href=\"https:\/\/www.hotel-roessle.de\/cms\/wp-content\/themes\/hello-elementor-child\/images\/roessle\/gr\/oekologisches-holzhaus.jpg\" rel=\"lightbox-roessle\"><img decoding=\"async\" class=\"imgfloat\" src=\"https:\/\/www.hotel-roessle.de\/cms\/wp-content\/themes\/hello-elementor-child\/images\/roessle\/oekologisches-holzhaus.jpg\" \/><\/a>S\u00e9journez dans notre maison en bois moderne et \u00e9cologique dans des appartements confortables et vivez l\u2019ambiance extraordinaire cr\u00e9e par l&rsquo;utilisation de beaucoup de bois et de mat\u00e9riaux naturels &#8211; un h\u00e9bergement unique \u00e0 Todtmoos et certainement une raret\u00e9 dans toute la For\u00eat Noire.<\/p>\n<h2>Centre de bien-\u00eatre<\/h2>\n<p class=\"absatz\"><a title=\"Centre de bien-\u00eatre\" href=\"https:\/\/www.hotel-roessle.de\/cms\/wp-content\/themes\/hello-elementor-child\/images\/roessle\/gr\/wellness.jpg\" rel=\"lightbox-roessle\"><img decoding=\"async\" class=\"imgfloat\" src=\"https:\/\/www.hotel-roessle.de\/cms\/wp-content\/themes\/hello-elementor-child\/images\/roessle\/wellness.jpg\" \/><\/a><a title=\"Autour du R\u00f6\u00dfle\" href=\"https:\/\/www.hotel-roessle.de\/cms\/wp-content\/themes\/hello-elementor-child\/images\/roessle\/gr\/wellness2.jpg\" rel=\"lightbox-roessle\"><img decoding=\"async\" class=\"imgfloat\" src=\"https:\/\/www.hotel-roessle.de\/cms\/wp-content\/themes\/hello-elementor-child\/images\/roessle\/wellness2.jpg\" \/><\/a><\/p>\n<p class=\"absatz\">Il y a un spa de 350 m\u00b2 avec sauna finlandais, bain de vapeur romain, bains \u00e0 remous, douches, sanarium, salle de relaxation, salles de massage, un sauna sec et une piscine couverte.<\/p>\n<h2>Pavillon dans le parc<\/h2>\n<p class=\"absatz\"><a title=\"Autour du R\u00f6\u00dfle\" href=\"https:\/\/www.hotel-roessle.de\/cms\/wp-content\/themes\/hello-elementor-child\/images\/roessle\/gr\/pavillon.jpg\" rel=\"lightbox-roessle\"><img decoding=\"async\" class=\"imgfloat\" src=\"https:\/\/www.hotel-roessle.de\/cms\/wp-content\/themes\/hello-elementor-child\/images\/roessle\/pavillon.jpg\" \/><\/a><a title=\"Autour du R\u00f6\u00dfle\" href=\"https:\/\/www.hotel-roessle.de\/cms\/wp-content\/themes\/hello-elementor-child\/images\/roessle\/gr\/pavillon2.jpg\" rel=\"lightbox-roessle\"><img decoding=\"async\" class=\"imgfloat\" src=\"https:\/\/www.hotel-roessle.de\/cms\/wp-content\/themes\/hello-elementor-child\/images\/roessle\/pavillon2.jpg\" \/><\/a><\/p>\n<div class=\"break2\">\u00a0<\/div>\n<div class=\"angebot\">\n<p class=\"angebotpreis\">Un moment fort: Profitez d&rsquo;un <a class=\"internlink\" href=\"https:\/\/www.hotel-roessle.de\/fr\/restaurant-fr\/pavillon-fr\/\" target=\"_blank\" rel=\"noopener\">d\u00eener romantique dans le cadre du pavillon<\/a> !<\/p>\n<\/div>\n<h2>Vesperh\u00fcsli<\/h2>\n<p class=\"absatz\"><a title=\"Autour du R\u00f6\u00dfle\" href=\"https:\/\/www.hotel-roessle.de\/cms\/wp-content\/themes\/hello-elementor-child\/images\/roessle\/gr\/vesperhaeuschen.jpg\" rel=\"lightbox-roessle\"><img decoding=\"async\" class=\"imgfloat\" src=\"https:\/\/www.hotel-roessle.de\/cms\/wp-content\/themes\/hello-elementor-child\/images\/roessle\/vesperhaeuschen.jpg\" \/><\/a>Profitez de quelques heures dans notre petite <strong>cabane de casse-cro\u00fbte<\/strong> style b\u00fbcheron avec po\u00eale de fer pr\u00e8s du terrain de tir \u00e0 l&rsquo;arc.<\/p>\n<p class=\"absatz\">C\u2019est ici qu\u2019en \u00e9t\u00e9, avec une belle vue sur la vall\u00e9e et dans une ambiance unique, vous pouvez vider votre <strong>panier de casse-cro\u00fbte<\/strong> que nous avons pr\u00e9par\u00e9 pour vous.<\/p>\n<p class=\"absatz\">Ce panier est \u00e9quip\u00e9 au choix de deux bouteilles 0,33 litres de bi\u00e8re, coca, limonade ou 0,5 litres d&rsquo;eau min\u00e9rale ainsi que d&rsquo;un d\u00e9licieux go\u00fbter avec jambon For\u00eat Noire et lard fum\u00e9, boudin et saucisse de foie, terrine de porc, gendarmes, fromage, pain paysan et 2 cl de kirsch.<\/p>\n<p class=\"absatz\">Vous obtenez le panier dans notre restaurant. Dans le chalet, vous trouvez du bois qui vous permet d\u2019allumer le po\u00eale en fonte vous-m\u00eame.<\/p>\n<div class=\"angebot\">\n<p class=\"angebotpreis\">Prix par personne (y compris la location de la cabane et le bois de chauffage) \u20ac 15,00<\/p>\n<\/div>\n<p class=\"absatz\">C\u2019est avec plaisir que nous acceptons les r\u00e9servations par t\u00e9l\u00e9phone (0049 7674 \/ 90660) <br clear=\"none\" \/><br \/>\nou par e-mail ( <script type=\"text\/javascript\" language=\"JavaScript\">\/\/ <![CDATA[\n    var xname = \"info\";\n    var xendung = \"hotel-roessle.de\";\n    document.write('\\<a href=\\\"mailto:' + xname + '@' + xendung + '\">');\n    document.write(xname + '@' + xendung + '<\/a>');\n    \/\/ ]]&gt;<\/script> ) entgegen.<\/p>\n\n\n\n\n<h2>Le chalet Kirchberg<\/h2>\n\n\n\n\n<p class=\"absatz\"><a title=\"Autour du R\u00f6\u00dfle\" href=\"https:\/\/www.hotel-roessle.de\/cms\/wp-content\/themes\/hello-elementor-child\/images\/roessle\/gr\/kirchberghuette.jpg\" rel=\"lightbox-roessle\"><img decoding=\"async\" class=\"imgfloat\" src=\"https:\/\/www.hotel-roessle.de\/cms\/wp-content\/themes\/hello-elementor-child\/images\/roessle\/kirchberghuette.jpg\" \/><\/a>Situ\u00e9 dans un paysage idyllique juste en face de notre h\u00f4tel, ce chalet spacieux, am\u00e9nag\u00e9 en bois style For\u00eat-Noire, avec deux parties s\u00e9par\u00e9es (19 et 23 lits) offre de l\u2019espace pour des petits et des grands groupes comme des associations et des clubs, pour des festivit\u00e9s et des f\u00eates avec toute la famille.<\/p>\n\n\n\n\n<div class=\"break\">\u00a0<\/div>\n\n\n\n\n<p class=\"absatz\">Plus d&rsquo;informations sont disponibles sur le site web <a class=\"externlink\" href=\"http:\/\/www.kirchberg-huette.de\" target=\"_blank\" rel=\"noopener\">www.kirchberg-huette.de<\/a><\/p>\n\n\n\n\n<div class=\"angebot\">\n\n\n<p class=\"angebotpreis\"><a class=\"externlink\" href=\"http:\/\/www.kirchberg-huette.de\/index.php?id=4\" target=\"_blank\" rel=\"noopener\">\u00bb Prix chalet<\/a><\/p>\n\n\n<\/div>\n\n\n\n\n<h2>Chapelle<\/h2>\n\n\n\n\n<p class=\"absatz\"><a title=\"Autour du R\u00f6\u00dfle\" href=\"https:\/\/www.hotel-roessle.de\/cms\/wp-content\/themes\/hello-elementor-child\/images\/roessle\/gr\/kapelle.jpg\" rel=\"lightbox-roessle\"><img decoding=\"async\" class=\"imgfloat\" src=\"https:\/\/www.hotel-roessle.de\/cms\/wp-content\/themes\/hello-elementor-child\/images\/roessle\/kapelle.jpg\" \/><\/a>Notre chapelle n\u2019est pas seulement un bel arr\u00eat pour les randonneurs, mais aussi le lieu id\u00e9al pour une c\u00e9r\u00e9monie de mariage dans un petit groupe.<\/p>\n\n\n\n\n<div class=\"angebot\">\n\n\n<p class=\"angebotpreis\">Renseignez-vous sur\u00a0 <a class=\"internlink\" href=\"https:\/\/www.hotel-roessle.de\/fr\/hotel-prix\/mariage-a-todtmoos\/\" target=\"_blank\" rel=\"noopener\">\u00ab\u00a0Mariage \u00e0 Todtmoos\u00a0\u00bb<\/a><\/p>\n\n\n<\/div>\n\n\n\n\n<div class=\"break2\">\u00a0<\/div>\n\n\n<\/p>\n","protected":false},"excerpt":{"rendered":"<p>Maison principale Maison \u00e9cologique en bois S\u00e9journez dans notre maison en bois moderne et \u00e9cologique dans des appartements confortables et vivez l\u2019ambiance extraordinaire cr\u00e9e par l&rsquo;utilisation de beaucoup de bois et de mat\u00e9riaux naturels &#8211; un h\u00e9bergement unique \u00e0 Todtmoos et certainement une raret\u00e9 dans toute la For\u00eat Noire. Centre de bien-\u00eatre Il y a [&hellip;]<\/p>\n","protected":false},"author":1,"featured_media":0,"parent":1501,"menu_order":175,"comment_status":"closed","ping_status":"closed","template":"","meta":{"_acf_changed":false,"_glsr_average":0,"_glsr_ranking":0,"_glsr_reviews":0,"footnotes":""},"class_list":["post-1473","page","type-page","status-publish","hentry"],"acf":[],"yoast_head":"<!-- This site is optimized with the Yoast SEO plugin v26.6 - https:\/\/yoast.com\/wordpress\/plugins\/seo\/ -->\n<title>Autour du R\u00f6\u00dfle - 4* Hotel Schwarzwald-Resort R\u00f6\u00dfle Todtmoos<\/title>\n<meta name=\"robots\" content=\"index, follow, max-snippet:-1, max-image-preview:large, max-video-preview:-1\" \/>\n<link rel=\"canonical\" href=\"https:\/\/www.hotel-roessle.de\/fr\/bienvenue\/autour-du-roessle\/\" \/>\n<meta property=\"og:locale\" content=\"fr_FR\" \/>\n<meta property=\"og:type\" content=\"article\" \/>\n<meta property=\"og:title\" content=\"Autour du R\u00f6\u00dfle - 4* Hotel Schwarzwald-Resort R\u00f6\u00dfle Todtmoos\" \/>\n<meta property=\"og:description\" content=\"Maison principale Maison \u00e9cologique en bois S\u00e9journez dans notre maison en bois moderne et \u00e9cologique dans des appartements confortables et vivez l\u2019ambiance extraordinaire cr\u00e9e par l&rsquo;utilisation de beaucoup de bois et de mat\u00e9riaux naturels &#8211; un h\u00e9bergement unique \u00e0 Todtmoos et certainement une raret\u00e9 dans toute la For\u00eat Noire. Centre de bien-\u00eatre Il y a [&hellip;]\" \/>\n<meta property=\"og:url\" content=\"https:\/\/www.hotel-roessle.de\/fr\/bienvenue\/autour-du-roessle\/\" \/>\n<meta property=\"og:site_name\" content=\"4* Hotel Schwarzwald-Resort R\u00f6\u00dfle Todtmoos\" \/>\n<meta property=\"article:modified_time\" content=\"2025-04-24T16:01:02+00:00\" \/>\n<meta name=\"twitter:card\" content=\"summary_large_image\" \/>\n<meta name=\"twitter:label1\" content=\"Dur\u00e9e de lecture estim\u00e9e\" \/>\n\t<meta name=\"twitter:data1\" content=\"2 minutes\" \/>\n<script type=\"application\/ld+json\" class=\"yoast-schema-graph\">{\"@context\":\"https:\/\/schema.org\",\"@graph\":[{\"@type\":\"WebPage\",\"@id\":\"https:\/\/www.hotel-roessle.de\/fr\/bienvenue\/autour-du-roessle\/\",\"url\":\"https:\/\/www.hotel-roessle.de\/fr\/bienvenue\/autour-du-roessle\/\",\"name\":\"Autour du R\u00f6\u00dfle - 4* Hotel Schwarzwald-Resort R\u00f6\u00dfle Todtmoos\",\"isPartOf\":{\"@id\":\"https:\/\/www.hotel-roessle.de\/#website\"},\"primaryImageOfPage\":{\"@id\":\"https:\/\/www.hotel-roessle.de\/fr\/bienvenue\/autour-du-roessle\/#primaryimage\"},\"image\":{\"@id\":\"https:\/\/www.hotel-roessle.de\/fr\/bienvenue\/autour-du-roessle\/#primaryimage\"},\"thumbnailUrl\":\"https:\/\/www.hotel-roessle.de\/cms\/wp-content\/themes\/hello-elementor-child\/images\/roessle\/haupthaus.jpg\",\"datePublished\":\"2015-04-22T16:49:11+00:00\",\"dateModified\":\"2025-04-24T16:01:02+00:00\",\"breadcrumb\":{\"@id\":\"https:\/\/www.hotel-roessle.de\/fr\/bienvenue\/autour-du-roessle\/#breadcrumb\"},\"inLanguage\":\"fr-FR\",\"potentialAction\":[{\"@type\":\"ReadAction\",\"target\":[\"https:\/\/www.hotel-roessle.de\/fr\/bienvenue\/autour-du-roessle\/\"]}]},{\"@type\":\"ImageObject\",\"inLanguage\":\"fr-FR\",\"@id\":\"https:\/\/www.hotel-roessle.de\/fr\/bienvenue\/autour-du-roessle\/#primaryimage\",\"url\":\"https:\/\/www.hotel-roessle.de\/cms\/wp-content\/themes\/hello-elementor-child\/images\/roessle\/haupthaus.jpg\",\"contentUrl\":\"https:\/\/www.hotel-roessle.de\/cms\/wp-content\/themes\/hello-elementor-child\/images\/roessle\/haupthaus.jpg\"},{\"@type\":\"BreadcrumbList\",\"@id\":\"https:\/\/www.hotel-roessle.de\/fr\/bienvenue\/autour-du-roessle\/#breadcrumb\",\"itemListElement\":[{\"@type\":\"ListItem\",\"position\":1,\"name\":\"Startseite\",\"item\":\"https:\/\/www.hotel-roessle.de\/fr\/\"},{\"@type\":\"ListItem\",\"position\":2,\"name\":\"Bienvenue\",\"item\":\"https:\/\/www.hotel-roessle.de\/fr\/\"},{\"@type\":\"ListItem\",\"position\":3,\"name\":\"Autour du R\u00f6\u00dfle\"}]},{\"@type\":\"WebSite\",\"@id\":\"https:\/\/www.hotel-roessle.de\/#website\",\"url\":\"https:\/\/www.hotel-roessle.de\/\",\"name\":\"4* Hotel Schwarzwald-Resort R\u00f6\u00dfle Todtmoos\",\"description\":\"Familiengef\u00fchrtes Vier Sterne Superior Hotel in Todtmoos\/Schwarzwald\",\"publisher\":{\"@id\":\"https:\/\/www.hotel-roessle.de\/#organization\"},\"potentialAction\":[{\"@type\":\"SearchAction\",\"target\":{\"@type\":\"EntryPoint\",\"urlTemplate\":\"https:\/\/www.hotel-roessle.de\/?s={search_term_string}\"},\"query-input\":{\"@type\":\"PropertyValueSpecification\",\"valueRequired\":true,\"valueName\":\"search_term_string\"}}],\"inLanguage\":\"fr-FR\"},{\"@type\":\"Organization\",\"@id\":\"https:\/\/www.hotel-roessle.de\/#organization\",\"name\":\"4* Hotel Schwarzwald-Resort R\u00f6\u00dfle Todtmoos\",\"url\":\"https:\/\/www.hotel-roessle.de\/\",\"logo\":{\"@type\":\"ImageObject\",\"inLanguage\":\"fr-FR\",\"@id\":\"https:\/\/www.hotel-roessle.de\/#\/schema\/logo\/image\/\",\"url\":\"https:\/\/www.hotel-roessle.de\/cms\/wp-content\/uploads\/2025\/04\/header-logo.jpg\",\"contentUrl\":\"https:\/\/www.hotel-roessle.de\/cms\/wp-content\/uploads\/2025\/04\/header-logo.jpg\",\"width\":400,\"height\":186,\"caption\":\"4* Hotel Schwarzwald-Resort R\u00f6\u00dfle Todtmoos\"},\"image\":{\"@id\":\"https:\/\/www.hotel-roessle.de\/#\/schema\/logo\/image\/\"}}]}<\/script>\n<!-- \/ Yoast SEO plugin. -->","yoast_head_json":{"title":"Autour du R\u00f6\u00dfle - 4* Hotel Schwarzwald-Resort R\u00f6\u00dfle Todtmoos","robots":{"index":"index","follow":"follow","max-snippet":"max-snippet:-1","max-image-preview":"max-image-preview:large","max-video-preview":"max-video-preview:-1"},"canonical":"https:\/\/www.hotel-roessle.de\/fr\/bienvenue\/autour-du-roessle\/","og_locale":"fr_FR","og_type":"article","og_title":"Autour du R\u00f6\u00dfle - 4* Hotel Schwarzwald-Resort R\u00f6\u00dfle Todtmoos","og_description":"Maison principale Maison \u00e9cologique en bois S\u00e9journez dans notre maison en bois moderne et \u00e9cologique dans des appartements confortables et vivez l\u2019ambiance extraordinaire cr\u00e9e par l&rsquo;utilisation de beaucoup de bois et de mat\u00e9riaux naturels &#8211; un h\u00e9bergement unique \u00e0 Todtmoos et certainement une raret\u00e9 dans toute la For\u00eat Noire. Centre de bien-\u00eatre Il y a [&hellip;]","og_url":"https:\/\/www.hotel-roessle.de\/fr\/bienvenue\/autour-du-roessle\/","og_site_name":"4* Hotel Schwarzwald-Resort R\u00f6\u00dfle Todtmoos","article_modified_time":"2025-04-24T16:01:02+00:00","twitter_card":"summary_large_image","twitter_misc":{"Dur\u00e9e de lecture estim\u00e9e":"2 minutes"},"schema":{"@context":"https:\/\/schema.org","@graph":[{"@type":"WebPage","@id":"https:\/\/www.hotel-roessle.de\/fr\/bienvenue\/autour-du-roessle\/","url":"https:\/\/www.hotel-roessle.de\/fr\/bienvenue\/autour-du-roessle\/","name":"Autour du R\u00f6\u00dfle - 4* Hotel Schwarzwald-Resort R\u00f6\u00dfle Todtmoos","isPartOf":{"@id":"https:\/\/www.hotel-roessle.de\/#website"},"primaryImageOfPage":{"@id":"https:\/\/www.hotel-roessle.de\/fr\/bienvenue\/autour-du-roessle\/#primaryimage"},"image":{"@id":"https:\/\/www.hotel-roessle.de\/fr\/bienvenue\/autour-du-roessle\/#primaryimage"},"thumbnailUrl":"https:\/\/www.hotel-roessle.de\/cms\/wp-content\/themes\/hello-elementor-child\/images\/roessle\/haupthaus.jpg","datePublished":"2015-04-22T16:49:11+00:00","dateModified":"2025-04-24T16:01:02+00:00","breadcrumb":{"@id":"https:\/\/www.hotel-roessle.de\/fr\/bienvenue\/autour-du-roessle\/#breadcrumb"},"inLanguage":"fr-FR","potentialAction":[{"@type":"ReadAction","target":["https:\/\/www.hotel-roessle.de\/fr\/bienvenue\/autour-du-roessle\/"]}]},{"@type":"ImageObject","inLanguage":"fr-FR","@id":"https:\/\/www.hotel-roessle.de\/fr\/bienvenue\/autour-du-roessle\/#primaryimage","url":"https:\/\/www.hotel-roessle.de\/cms\/wp-content\/themes\/hello-elementor-child\/images\/roessle\/haupthaus.jpg","contentUrl":"https:\/\/www.hotel-roessle.de\/cms\/wp-content\/themes\/hello-elementor-child\/images\/roessle\/haupthaus.jpg"},{"@type":"BreadcrumbList","@id":"https:\/\/www.hotel-roessle.de\/fr\/bienvenue\/autour-du-roessle\/#breadcrumb","itemListElement":[{"@type":"ListItem","position":1,"name":"Startseite","item":"https:\/\/www.hotel-roessle.de\/fr\/"},{"@type":"ListItem","position":2,"name":"Bienvenue","item":"https:\/\/www.hotel-roessle.de\/fr\/"},{"@type":"ListItem","position":3,"name":"Autour du R\u00f6\u00dfle"}]},{"@type":"WebSite","@id":"https:\/\/www.hotel-roessle.de\/#website","url":"https:\/\/www.hotel-roessle.de\/","name":"4* Hotel Schwarzwald-Resort R\u00f6\u00dfle Todtmoos","description":"Familiengef\u00fchrtes Vier Sterne Superior Hotel in Todtmoos\/Schwarzwald","publisher":{"@id":"https:\/\/www.hotel-roessle.de\/#organization"},"potentialAction":[{"@type":"SearchAction","target":{"@type":"EntryPoint","urlTemplate":"https:\/\/www.hotel-roessle.de\/?s={search_term_string}"},"query-input":{"@type":"PropertyValueSpecification","valueRequired":true,"valueName":"search_term_string"}}],"inLanguage":"fr-FR"},{"@type":"Organization","@id":"https:\/\/www.hotel-roessle.de\/#organization","name":"4* Hotel Schwarzwald-Resort R\u00f6\u00dfle Todtmoos","url":"https:\/\/www.hotel-roessle.de\/","logo":{"@type":"ImageObject","inLanguage":"fr-FR","@id":"https:\/\/www.hotel-roessle.de\/#\/schema\/logo\/image\/","url":"https:\/\/www.hotel-roessle.de\/cms\/wp-content\/uploads\/2025\/04\/header-logo.jpg","contentUrl":"https:\/\/www.hotel-roessle.de\/cms\/wp-content\/uploads\/2025\/04\/header-logo.jpg","width":400,"height":186,"caption":"4* Hotel Schwarzwald-Resort R\u00f6\u00dfle Todtmoos"},"image":{"@id":"https:\/\/www.hotel-roessle.de\/#\/schema\/logo\/image\/"}}]}},"_links":{"self":[{"href":"https:\/\/www.hotel-roessle.de\/fr\/wp-json\/wp\/v2\/pages\/1473","targetHints":{"allow":["GET"]}}],"collection":[{"href":"https:\/\/www.hotel-roessle.de\/fr\/wp-json\/wp\/v2\/pages"}],"about":[{"href":"https:\/\/www.hotel-roessle.de\/fr\/wp-json\/wp\/v2\/types\/page"}],"author":[{"embeddable":true,"href":"https:\/\/www.hotel-roessle.de\/fr\/wp-json\/wp\/v2\/users\/1"}],"replies":[{"embeddable":true,"href":"https:\/\/www.hotel-roessle.de\/fr\/wp-json\/wp\/v2\/comments?post=1473"}],"version-history":[{"count":0,"href":"https:\/\/www.hotel-roessle.de\/fr\/wp-json\/wp\/v2\/pages\/1473\/revisions"}],"up":[{"embeddable":true,"href":"https:\/\/www.hotel-roessle.de\/fr\/wp-json\/wp\/v2\/pages\/1501"}],"wp:attachment":[{"href":"https:\/\/www.hotel-roessle.de\/fr\/wp-json\/wp\/v2\/media?parent=1473"}],"curies":[{"name":"wp","href":"https:\/\/api.w.org\/{rel}","templated":true}]}}