{"id":38210,"date":"2024-07-23T14:54:40","date_gmt":"2024-07-23T12:54:40","guid":{"rendered":"https:\/\/www.hotel-roessle.de\/?page_id=38210"},"modified":"2025-04-24T18:00:09","modified_gmt":"2025-04-24T16:00:09","slug":"wanderurlaub","status":"publish","type":"page","link":"https:\/\/www.hotel-roessle.de\/en\/resort\/wanderurlaub\/","title":{"rendered":"Hotel R\u00f6\u00dfle \u2013 Das perfekte Hotel f\u00fcr einen Wanderurlaub im Schwarzwald"},"content":{"rendered":"<p>Verbringen Sie einen rundum gelungenen Wanderurlaub mit Ihrer Familie, Ihren Freunden der Ihrem Partner, Ihrer Partnerin im wundersch\u00f6nen Wanderhotel R\u00f6\u00dfle im S\u00fcdschwarzwald. Wir bieten Ihnen eine ideale Kombination aus Aktivit\u00e4t und Erholung, um die Sch\u00f6nheit dieser einzigartigen Region voll auszukosten.<\/p>\n<p><a href=\"https:\/\/www.hotel-roessle.de\/cms\/wp-content\/uploads\/2021\/03\/Wanderrucksack.jpg\"><img fetchpriority=\"high\" decoding=\"async\" class=\"alignnone wp-image-6968 size-zweiineinerreihe\" src=\"https:\/\/www.hotel-roessle.de\/cms\/wp-content\/uploads\/2021\/03\/Wanderrucksack-360x240.jpg\" alt=\"\" width=\"360\" height=\"240\" srcset=\"https:\/\/www.hotel-roessle.de\/cms\/wp-content\/uploads\/2021\/03\/Wanderrucksack-360x240.jpg 360w, https:\/\/www.hotel-roessle.de\/cms\/wp-content\/uploads\/2021\/03\/Wanderrucksack-300x200.jpg 300w, https:\/\/www.hotel-roessle.de\/cms\/wp-content\/uploads\/2021\/03\/Wanderrucksack-1024x683.jpg 1024w, https:\/\/www.hotel-roessle.de\/cms\/wp-content\/uploads\/2021\/03\/Wanderrucksack-768x512.jpg 768w, https:\/\/www.hotel-roessle.de\/cms\/wp-content\/uploads\/2021\/03\/Wanderrucksack-1536x1024.jpg 1536w, https:\/\/www.hotel-roessle.de\/cms\/wp-content\/uploads\/2021\/03\/Wanderrucksack-700x467.jpg 700w, https:\/\/www.hotel-roessle.de\/cms\/wp-content\/uploads\/2021\/03\/Wanderrucksack-340x227.jpg 340w, https:\/\/www.hotel-roessle.de\/cms\/wp-content\/uploads\/2021\/03\/Wanderrucksack-210x140.jpg 210w, https:\/\/www.hotel-roessle.de\/cms\/wp-content\/uploads\/2021\/03\/Wanderrucksack.jpg 1944w\" sizes=\"(max-width: 360px) 100vw, 360px\" \/><\/a> <a href=\"https:\/\/www.hotel-roessle.de\/cms\/wp-content\/uploads\/2015\/03\/wanderpauschalen.jpg\"><img decoding=\"async\" class=\"alignnone wp-image-384 size-zweiineinerreihe\" src=\"https:\/\/www.hotel-roessle.de\/cms\/wp-content\/uploads\/2015\/03\/wanderpauschalen-360x240.jpg\" alt=\"\" width=\"360\" height=\"240\" srcset=\"https:\/\/www.hotel-roessle.de\/cms\/wp-content\/uploads\/2015\/03\/wanderpauschalen-360x240.jpg 360w, https:\/\/www.hotel-roessle.de\/cms\/wp-content\/uploads\/2015\/03\/wanderpauschalen-300x200.jpg 300w, https:\/\/www.hotel-roessle.de\/cms\/wp-content\/uploads\/2015\/03\/wanderpauschalen-340x227.jpg 340w, https:\/\/www.hotel-roessle.de\/cms\/wp-content\/uploads\/2015\/03\/wanderpauschalen-210x140.jpg 210w, https:\/\/www.hotel-roessle.de\/cms\/wp-content\/uploads\/2015\/03\/wanderpauschalen.jpg 600w\" sizes=\"(max-width: 360px) 100vw, 360px\" \/><\/a><\/p>\n<h2>Erholsamer Wanderurlaub im Schwarzwald &#8211; Eine Kombination aus Wandern &amp; Wellness<\/h2>\n<p>Mit beeindruckenden Wanderrouten durch den S\u00fcdschwarzwald k\u00f6nnen Sie einen aktiven und wohltuenden Urlaub genie\u00dfen. Nach einem anstrengenden Ausflug haben Sie die M\u00f6glichkeit, sich in unserem <a href=\"https:\/\/www.hotel-roessle.de\/wellness\/unsere-wellnessanlage\/\">Wellnessbereich<\/a> mit Pool und Sauna zu entspannen. In unserem Wanderhotel im Schwarzwald finden Sie ein ideales Gleichgewicht zwischen Entspannung und Naturerlebnis.<\/p>\n<h3>Wanderrouten f\u00fcr jedes Level im perfekten Hotel f\u00fcr Ihren\u00a0Wanderurlaub<\/h3>\n<p>Das Schwarzwald Wanderhotel ist der ideale Ausgangspunkt f\u00fcr Wanderungen aller Schwierigkeitsgrade. Vom gem\u00fctlichen Spaziergang bis hin zur anspruchsvollen Tagestour \u2013 bei uns finden Sie Wanderrouten f\u00fcr jedes Level. Erkunden Sie die bekanntesten Wanderwege der Region und lassen Sie sich von der Vielfalt und Sch\u00f6nheit des Schwarzwalds verzaubern.<\/p>\n<h3>Sportliche Aktivit\u00e4ten im Wanderhotel mit Sportangebot Todtmoos<\/h3>\n<p>F\u00fcr alle, die auch im Urlaub sportlichen Aktivit\u00e4ten nachgehen m\u00f6chten, bietet das Wanderhotel mit Sportangebot Todtmoos vielf\u00e4ltige M\u00f6glichkeiten. Bei uns im Hotel R\u00f6\u00dfle erwarten Sie nicht nur viele Wanderwege, sondern auch weitere sportliche Herausforderungen wie Klettern, Mountainbiking und Nordic Walking. F\u00fcr einen aktiven Urlaub ist unser Wanderhotel im S\u00fcdschwarzwald der perfekte Ausgangspunkt.<\/p>\n<h3 style=\"padding-left: 35px;\">GPS-Wanderung \/ Geocaching im Wanderurlaub Schwarzwald<\/h3>\n<p style=\"padding-left: 35px;\">Entdecken Sie den S\u00fcdschwarzwald auf eine besondere Art und Weise mit unseren GPS-Wanderungen und Geocaching-Touren. Das Wanderhotel mit Sportangebot Todtmoos bietet Ihnen die M\u00f6glichkeit, die Natur und die versteckten Sch\u00e4tze des Schwarzwalds zu erkunden. Eine spannende Aktivit\u00e4t f\u00fcr Gro\u00df und Klein, die Ihren Wanderurlaub im Schwarzwald unvergesslich macht.<\/p>\n<h3 style=\"padding-left: 35px;\">Hotel R\u00f6\u00dfle &#8211; Der ideale Ausgangspunkt f\u00fcr Wanderungen<\/h3>\n<p style=\"padding-left: 35px;\">Erkunden Sie die faszinierenden Wandergebiete des Schwarzwalds mit unseren gef\u00fchrten Wanderungen. Unsere erfahrenen Guides f\u00fchren Sie sicher durch die sch\u00f6nsten Landschaften und geben Ihnen interessante Einblicke in die Natur und Kultur der Region. Egal ob Anf\u00e4nger oder fortgeschrittener Wanderer, unsere gef\u00fchrten Touren sind f\u00fcr jedes Level geeignet.<\/p>\n<h3 style=\"padding-left: 35px;\">Wanderwege im S\u00fcdschwarzwald direkt ab dem Hotel<\/h3>\n<p style=\"padding-left: 35px;\">Starten Sie Ihre Wanderungen direkt ab dem Wanderhotel R\u00f6\u00dfle im S\u00fcdschwarzwald. Einige der bekanntesten Wanderwege der Region sind bequem erreichbar:<\/p>\n<ul>\n<li><strong>\u00a0Schluchtensteig<\/strong>: Ein anspruchsvoller Wanderweg, der durch wilde Schluchten und beeindruckende Landschaften f\u00fchrt.<\/li>\n<li><strong>Westweg<\/strong>: Ein Klassiker unter den Fernwanderwegen, der durch die vielf\u00e4ltige Natur des Schwarzwalds verl\u00e4uft.<\/li>\n<li><strong>Turmsteig<\/strong>: Ein abwechslungsreicher Weg, der Sie zu beeindruckenden Aussichtspunkten f\u00fchrt.<\/li>\n<li><strong>\u00a0Sp\u00fcrnasenpfad<\/strong>: Ein spannender Themenweg f\u00fcr Familien mit Kindern.<\/li>\n<li><strong>\u00a0Lebk\u00fcchlerweg<\/strong>: Ein gem\u00fctlicher Rundweg, ideal f\u00fcr entspannte Spazierg\u00e4nge.<\/li>\n<\/ul>\n<p style=\"padding-left: 35px;\">Wir bieten Ihnen eine Einordnung der Wege nach Schwierigkeit und informieren Sie, welche Routen f\u00fcr Familien mit Kindern oder f\u00fcr \u00e4ltere Personen geeignet sind. So findet jeder die passende Wanderstrecke.<\/p>\n<h2>Holen Sie sich an der Hotel Rezeption Tipps f\u00fcr Ihre perfekte Wanderroute<\/h2>\n<p>Unser kompetentes Team an der Rezeption steht Ihnen jederzeit mit Rat und Tat zur Seite. Holen Sie sich wertvolle Tipps f\u00fcr Ihre perfekte Wanderroute und lassen Sie sich zu den sch\u00f6nsten Pl\u00e4tzen im S\u00fcdschwarzwald f\u00fchren. Das Wanderhotel R\u00f6\u00dfle im Schwarzwald freut sich darauf, Ihren Wanderurlaub unvergesslich zu machen.<\/p>\n<p>&nbsp;<\/p>\n","protected":false},"excerpt":{"rendered":"<p>Verbringen Sie einen rundum gelungenen Wanderurlaub mit Ihrer Familie, Ihren Freunden der Ihrem Partner, Ihrer Partnerin im wundersch\u00f6nen Wanderhotel R\u00f6\u00dfle im S\u00fcdschwarzwald. Wir bieten Ihnen eine ideale Kombination aus Aktivit\u00e4t und Erholung, um die Sch\u00f6nheit dieser einzigartigen Region voll auszukosten. Erholsamer Wanderurlaub im Schwarzwald &#8211; Eine Kombination aus Wandern &amp; Wellness Mit beeindruckenden Wanderrouten durch [&hellip;]<\/p>\n","protected":false},"author":2,"featured_media":5563,"parent":19,"menu_order":185,"comment_status":"closed","ping_status":"closed","template":"","meta":{"_acf_changed":false,"_glsr_average":0,"_glsr_ranking":0,"_glsr_reviews":0,"footnotes":""},"class_list":["post-38210","page","type-page","status-publish","has-post-thumbnail","hentry"],"acf":[],"yoast_head":"<!-- This site is optimized with the Yoast SEO plugin v26.6 - https:\/\/yoast.com\/wordpress\/plugins\/seo\/ -->\n<title>Hotel R\u00f6\u00dfle - Idyllisches Wanderhotel im S\u00fcdschwarzwald<\/title>\n<meta name=\"description\" content=\"Wanderurlaub im Schwarzwald \u2713gef\u00fchrte Wanderungen \u2713gro\u00dfes Sportangebot \u2713Wellnessanwendungen &amp; mehr\" \/>\n<meta name=\"robots\" content=\"index, follow, max-snippet:-1, max-image-preview:large, max-video-preview:-1\" \/>\n<link rel=\"canonical\" href=\"https:\/\/www.hotel-roessle.de\/resort\/wanderurlaub\/\" \/>\n<meta property=\"og:locale\" content=\"en_US\" \/>\n<meta property=\"og:type\" content=\"article\" \/>\n<meta property=\"og:title\" content=\"Hotel R\u00f6\u00dfle - Idyllisches Wanderhotel im S\u00fcdschwarzwald\" \/>\n<meta property=\"og:description\" content=\"Wanderurlaub im Schwarzwald \u2713gef\u00fchrte Wanderungen \u2713gro\u00dfes Sportangebot \u2713Wellnessanwendungen &amp; mehr\" \/>\n<meta property=\"og:url\" content=\"https:\/\/www.hotel-roessle.de\/resort\/wanderurlaub\/\" \/>\n<meta property=\"og:site_name\" content=\"4* Hotel Schwarzwald-Resort R\u00f6\u00dfle Todtmoos\" \/>\n<meta property=\"article:modified_time\" content=\"2025-04-24T16:00:09+00:00\" \/>\n<meta property=\"og:image\" content=\"https:\/\/www.hotel-roessle.de\/cms\/wp-content\/uploads\/2020\/02\/Hotel-R\u00f6ssle-2013-115-scaled.jpg\" \/>\n\t<meta property=\"og:image:width\" content=\"2560\" \/>\n\t<meta property=\"og:image:height\" content=\"1333\" \/>\n\t<meta property=\"og:image:type\" content=\"image\/jpeg\" \/>\n<meta name=\"twitter:card\" content=\"summary_large_image\" \/>\n<meta name=\"twitter:label1\" content=\"Est. reading time\" \/>\n\t<meta name=\"twitter:data1\" content=\"4 minutes\" \/>\n<script type=\"application\/ld+json\" class=\"yoast-schema-graph\">{\"@context\":\"https:\/\/schema.org\",\"@graph\":[{\"@type\":\"WebPage\",\"@id\":\"https:\/\/www.hotel-roessle.de\/resort\/wanderurlaub\/\",\"url\":\"https:\/\/www.hotel-roessle.de\/resort\/wanderurlaub\/\",\"name\":\"Hotel R\u00f6\u00dfle - Idyllisches Wanderhotel im S\u00fcdschwarzwald\",\"isPartOf\":{\"@id\":\"https:\/\/www.hotel-roessle.de\/#website\"},\"primaryImageOfPage\":{\"@id\":\"https:\/\/www.hotel-roessle.de\/resort\/wanderurlaub\/#primaryimage\"},\"image\":{\"@id\":\"https:\/\/www.hotel-roessle.de\/resort\/wanderurlaub\/#primaryimage\"},\"thumbnailUrl\":\"https:\/\/www.hotel-roessle.de\/cms\/wp-content\/uploads\/2020\/02\/Hotel-R\u00f6ssle-2013-115-scaled.jpg\",\"datePublished\":\"2024-07-23T12:54:40+00:00\",\"dateModified\":\"2025-04-24T16:00:09+00:00\",\"description\":\"Wanderurlaub im Schwarzwald \u2713gef\u00fchrte Wanderungen \u2713gro\u00dfes Sportangebot \u2713Wellnessanwendungen & mehr\",\"breadcrumb\":{\"@id\":\"https:\/\/www.hotel-roessle.de\/resort\/wanderurlaub\/#breadcrumb\"},\"inLanguage\":\"en-US\",\"potentialAction\":[{\"@type\":\"ReadAction\",\"target\":[\"https:\/\/www.hotel-roessle.de\/resort\/wanderurlaub\/\"]}]},{\"@type\":\"ImageObject\",\"inLanguage\":\"en-US\",\"@id\":\"https:\/\/www.hotel-roessle.de\/resort\/wanderurlaub\/#primaryimage\",\"url\":\"https:\/\/www.hotel-roessle.de\/cms\/wp-content\/uploads\/2020\/02\/Hotel-R\u00f6ssle-2013-115-scaled.jpg\",\"contentUrl\":\"https:\/\/www.hotel-roessle.de\/cms\/wp-content\/uploads\/2020\/02\/Hotel-R\u00f6ssle-2013-115-scaled.jpg\",\"width\":2560,\"height\":1333},{\"@type\":\"BreadcrumbList\",\"@id\":\"https:\/\/www.hotel-roessle.de\/resort\/wanderurlaub\/#breadcrumb\",\"itemListElement\":[{\"@type\":\"ListItem\",\"position\":1,\"name\":\"Startseite\",\"item\":\"https:\/\/www.hotel-roessle.de\/en\/\"},{\"@type\":\"ListItem\",\"position\":2,\"name\":\"Resort\",\"item\":\"https:\/\/www.hotel-roessle.de\/resort\/\"},{\"@type\":\"ListItem\",\"position\":3,\"name\":\"Hotel R\u00f6\u00dfle \u2013 Das perfekte Hotel f\u00fcr einen Wanderurlaub im Schwarzwald\"}]},{\"@type\":\"WebSite\",\"@id\":\"https:\/\/www.hotel-roessle.de\/#website\",\"url\":\"https:\/\/www.hotel-roessle.de\/\",\"name\":\"4* Hotel Schwarzwald-Resort R\u00f6\u00dfle Todtmoos\",\"description\":\"Familiengef\u00fchrtes Vier Sterne Superior Hotel in Todtmoos\/Schwarzwald\",\"publisher\":{\"@id\":\"https:\/\/www.hotel-roessle.de\/#organization\"},\"potentialAction\":[{\"@type\":\"SearchAction\",\"target\":{\"@type\":\"EntryPoint\",\"urlTemplate\":\"https:\/\/www.hotel-roessle.de\/?s={search_term_string}\"},\"query-input\":{\"@type\":\"PropertyValueSpecification\",\"valueRequired\":true,\"valueName\":\"search_term_string\"}}],\"inLanguage\":\"en-US\"},{\"@type\":\"Organization\",\"@id\":\"https:\/\/www.hotel-roessle.de\/#organization\",\"name\":\"4* Hotel Schwarzwald-Resort R\u00f6\u00dfle Todtmoos\",\"url\":\"https:\/\/www.hotel-roessle.de\/\",\"logo\":{\"@type\":\"ImageObject\",\"inLanguage\":\"en-US\",\"@id\":\"https:\/\/www.hotel-roessle.de\/#\/schema\/logo\/image\/\",\"url\":\"https:\/\/www.hotel-roessle.de\/cms\/wp-content\/uploads\/2025\/04\/header-logo.jpg\",\"contentUrl\":\"https:\/\/www.hotel-roessle.de\/cms\/wp-content\/uploads\/2025\/04\/header-logo.jpg\",\"width\":400,\"height\":186,\"caption\":\"4* Hotel Schwarzwald-Resort R\u00f6\u00dfle Todtmoos\"},\"image\":{\"@id\":\"https:\/\/www.hotel-roessle.de\/#\/schema\/logo\/image\/\"}}]}<\/script>\n<!-- \/ Yoast SEO plugin. -->","yoast_head_json":{"title":"Hotel R\u00f6\u00dfle - Idyllisches Wanderhotel im S\u00fcdschwarzwald","description":"Wanderurlaub im Schwarzwald \u2713gef\u00fchrte Wanderungen \u2713gro\u00dfes Sportangebot \u2713Wellnessanwendungen & mehr","robots":{"index":"index","follow":"follow","max-snippet":"max-snippet:-1","max-image-preview":"max-image-preview:large","max-video-preview":"max-video-preview:-1"},"canonical":"https:\/\/www.hotel-roessle.de\/resort\/wanderurlaub\/","og_locale":"en_US","og_type":"article","og_title":"Hotel R\u00f6\u00dfle - Idyllisches Wanderhotel im S\u00fcdschwarzwald","og_description":"Wanderurlaub im Schwarzwald \u2713gef\u00fchrte Wanderungen \u2713gro\u00dfes Sportangebot \u2713Wellnessanwendungen & mehr","og_url":"https:\/\/www.hotel-roessle.de\/resort\/wanderurlaub\/","og_site_name":"4* Hotel Schwarzwald-Resort R\u00f6\u00dfle Todtmoos","article_modified_time":"2025-04-24T16:00:09+00:00","og_image":[{"width":2560,"height":1333,"url":"https:\/\/www.hotel-roessle.de\/cms\/wp-content\/uploads\/2020\/02\/Hotel-R\u00f6ssle-2013-115-scaled.jpg","type":"image\/jpeg"}],"twitter_card":"summary_large_image","twitter_misc":{"Est. reading time":"4 minutes"},"schema":{"@context":"https:\/\/schema.org","@graph":[{"@type":"WebPage","@id":"https:\/\/www.hotel-roessle.de\/resort\/wanderurlaub\/","url":"https:\/\/www.hotel-roessle.de\/resort\/wanderurlaub\/","name":"Hotel R\u00f6\u00dfle - Idyllisches Wanderhotel im S\u00fcdschwarzwald","isPartOf":{"@id":"https:\/\/www.hotel-roessle.de\/#website"},"primaryImageOfPage":{"@id":"https:\/\/www.hotel-roessle.de\/resort\/wanderurlaub\/#primaryimage"},"image":{"@id":"https:\/\/www.hotel-roessle.de\/resort\/wanderurlaub\/#primaryimage"},"thumbnailUrl":"https:\/\/www.hotel-roessle.de\/cms\/wp-content\/uploads\/2020\/02\/Hotel-R\u00f6ssle-2013-115-scaled.jpg","datePublished":"2024-07-23T12:54:40+00:00","dateModified":"2025-04-24T16:00:09+00:00","description":"Wanderurlaub im Schwarzwald \u2713gef\u00fchrte Wanderungen \u2713gro\u00dfes Sportangebot \u2713Wellnessanwendungen & mehr","breadcrumb":{"@id":"https:\/\/www.hotel-roessle.de\/resort\/wanderurlaub\/#breadcrumb"},"inLanguage":"en-US","potentialAction":[{"@type":"ReadAction","target":["https:\/\/www.hotel-roessle.de\/resort\/wanderurlaub\/"]}]},{"@type":"ImageObject","inLanguage":"en-US","@id":"https:\/\/www.hotel-roessle.de\/resort\/wanderurlaub\/#primaryimage","url":"https:\/\/www.hotel-roessle.de\/cms\/wp-content\/uploads\/2020\/02\/Hotel-R\u00f6ssle-2013-115-scaled.jpg","contentUrl":"https:\/\/www.hotel-roessle.de\/cms\/wp-content\/uploads\/2020\/02\/Hotel-R\u00f6ssle-2013-115-scaled.jpg","width":2560,"height":1333},{"@type":"BreadcrumbList","@id":"https:\/\/www.hotel-roessle.de\/resort\/wanderurlaub\/#breadcrumb","itemListElement":[{"@type":"ListItem","position":1,"name":"Startseite","item":"https:\/\/www.hotel-roessle.de\/en\/"},{"@type":"ListItem","position":2,"name":"Resort","item":"https:\/\/www.hotel-roessle.de\/resort\/"},{"@type":"ListItem","position":3,"name":"Hotel R\u00f6\u00dfle \u2013 Das perfekte Hotel f\u00fcr einen Wanderurlaub im Schwarzwald"}]},{"@type":"WebSite","@id":"https:\/\/www.hotel-roessle.de\/#website","url":"https:\/\/www.hotel-roessle.de\/","name":"4* Hotel Schwarzwald-Resort R\u00f6\u00dfle Todtmoos","description":"Familiengef\u00fchrtes Vier Sterne Superior Hotel in Todtmoos\/Schwarzwald","publisher":{"@id":"https:\/\/www.hotel-roessle.de\/#organization"},"potentialAction":[{"@type":"SearchAction","target":{"@type":"EntryPoint","urlTemplate":"https:\/\/www.hotel-roessle.de\/?s={search_term_string}"},"query-input":{"@type":"PropertyValueSpecification","valueRequired":true,"valueName":"search_term_string"}}],"inLanguage":"en-US"},{"@type":"Organization","@id":"https:\/\/www.hotel-roessle.de\/#organization","name":"4* Hotel Schwarzwald-Resort R\u00f6\u00dfle Todtmoos","url":"https:\/\/www.hotel-roessle.de\/","logo":{"@type":"ImageObject","inLanguage":"en-US","@id":"https:\/\/www.hotel-roessle.de\/#\/schema\/logo\/image\/","url":"https:\/\/www.hotel-roessle.de\/cms\/wp-content\/uploads\/2025\/04\/header-logo.jpg","contentUrl":"https:\/\/www.hotel-roessle.de\/cms\/wp-content\/uploads\/2025\/04\/header-logo.jpg","width":400,"height":186,"caption":"4* Hotel Schwarzwald-Resort R\u00f6\u00dfle Todtmoos"},"image":{"@id":"https:\/\/www.hotel-roessle.de\/#\/schema\/logo\/image\/"}}]}},"_links":{"self":[{"href":"https:\/\/www.hotel-roessle.de\/en\/wp-json\/wp\/v2\/pages\/38210","targetHints":{"allow":["GET"]}}],"collection":[{"href":"https:\/\/www.hotel-roessle.de\/en\/wp-json\/wp\/v2\/pages"}],"about":[{"href":"https:\/\/www.hotel-roessle.de\/en\/wp-json\/wp\/v2\/types\/page"}],"author":[{"embeddable":true,"href":"https:\/\/www.hotel-roessle.de\/en\/wp-json\/wp\/v2\/users\/2"}],"replies":[{"embeddable":true,"href":"https:\/\/www.hotel-roessle.de\/en\/wp-json\/wp\/v2\/comments?post=38210"}],"version-history":[{"count":0,"href":"https:\/\/www.hotel-roessle.de\/en\/wp-json\/wp\/v2\/pages\/38210\/revisions"}],"up":[{"embeddable":true,"href":"https:\/\/www.hotel-roessle.de\/en\/wp-json\/wp\/v2\/pages\/19"}],"wp:featuredmedia":[{"embeddable":true,"href":"https:\/\/www.hotel-roessle.de\/en\/wp-json\/wp\/v2\/media\/5563"}],"wp:attachment":[{"href":"https:\/\/www.hotel-roessle.de\/en\/wp-json\/wp\/v2\/media?parent=38210"}],"curies":[{"name":"wp","href":"https:\/\/api.w.org\/{rel}","templated":true}]}}