{"id":31521,"date":"2025-10-26T20:35:06","date_gmt":"2025-10-26T19:35:06","guid":{"rendered":"https:\/\/www.hotel-roessle.de\/?page_id=31521"},"modified":"2025-10-26T20:36:59","modified_gmt":"2025-10-26T19:36:59","slug":"conference-inquiry","status":"publish","type":"page","link":"https:\/\/www.hotel-roessle.de\/en\/conferences\/conference-inquiry\/","title":{"rendered":"Conference inquiry"},"content":{"rendered":"\t\t<div data-elementor-type=\"wp-page\" data-elementor-id=\"31521\" class=\"elementor elementor-31521 elementor-31520\" data-elementor-post-type=\"page\">\n\t\t\t\t\t\t<section class=\"elementor-section elementor-top-section elementor-element elementor-element-8c03bda elementor-section-full_width elementor-reverse-mobile elementor-reverse-tablet elementor-section-height-default elementor-section-height-default\" data-id=\"8c03bda\" data-element_type=\"section\">\n\t\t\t\t\t\t<div class=\"elementor-container elementor-column-gap-default\">\n\t\t\t\t\t<div class=\"elementor-column elementor-col-50 elementor-top-column elementor-element elementor-element-cc0ea96\" data-id=\"cc0ea96\" data-element_type=\"column\" data-settings=\"{&quot;background_background&quot;:&quot;classic&quot;}\">\n\t\t\t<div class=\"elementor-widget-wrap elementor-element-populated\">\n\t\t\t\t\t\t<div class=\"elementor-element elementor-element-8f10797 elementor-widget elementor-widget-image\" data-id=\"8f10797\" data-element_type=\"widget\" data-widget_type=\"image.default\">\n\t\t\t\t<div class=\"elementor-widget-container\">\n\t\t\t\t\t\t\t\t\t\t\t\t\t\t\t<img fetchpriority=\"high\" decoding=\"async\" width=\"768\" height=\"1024\" src=\"https:\/\/www.hotel-roessle.de\/cms\/wp-content\/uploads\/2025\/10\/tagung-anfragen-768x1024.jpg\" class=\"attachment-large size-large wp-image-180292\" alt=\"\" srcset=\"https:\/\/www.hotel-roessle.de\/cms\/wp-content\/uploads\/2025\/10\/tagung-anfragen-768x1024.jpg 768w, https:\/\/www.hotel-roessle.de\/cms\/wp-content\/uploads\/2025\/10\/tagung-anfragen-225x300.jpg 225w, https:\/\/www.hotel-roessle.de\/cms\/wp-content\/uploads\/2025\/10\/tagung-anfragen.jpg 1200w\" sizes=\"(max-width: 768px) 100vw, 768px\" \/>\t\t\t\t\t\t\t\t\t\t\t\t\t\t\t<\/div>\n\t\t\t\t<\/div>\n\t\t\t\t\t<\/div>\n\t\t<\/div>\n\t\t\t\t<div class=\"elementor-column elementor-col-50 elementor-top-column elementor-element elementor-element-8488ac5\" data-id=\"8488ac5\" data-element_type=\"column\" data-settings=\"{&quot;background_background&quot;:&quot;classic&quot;}\">\n\t\t\t<div class=\"elementor-widget-wrap elementor-element-populated\">\n\t\t\t\t\t\t<div class=\"elementor-element elementor-element-0cf34c4 elementor-invisible elementor-widget elementor-widget-heading\" data-id=\"0cf34c4\" data-element_type=\"widget\" data-settings=\"{&quot;_animation&quot;:&quot;fadeInDown&quot;}\" data-widget_type=\"heading.default\">\n\t\t\t\t<div class=\"elementor-widget-container\">\n\t\t\t\t\t<h1 class=\"elementor-heading-title elementor-size-default\">Conference inquiry<\/h1>\t\t\t\t<\/div>\n\t\t\t\t<\/div>\n\t\t\t\t<div class=\"elementor-element elementor-element-7ac1574 elementor-widget elementor-widget-text-editor\" data-id=\"7ac1574\" data-element_type=\"widget\" data-widget_type=\"text-editor.default\">\n\t\t\t\t<div class=\"elementor-widget-container\">\n\t\t\t\t\t\t\t\t\t<p>Please tell us as detailed as possible about your plans and wishes so that we can tailor your event to your exact requirements.<\/p>\t\t\t\t\t\t\t\t<\/div>\n\t\t\t\t<\/div>\n\t\t\t\t<div class=\"elementor-element elementor-element-1add08e elementor-widget elementor-widget-shortcode\" data-id=\"1add08e\" data-element_type=\"widget\" data-widget_type=\"shortcode.default\">\n\t\t\t\t<div class=\"elementor-widget-container\">\n\t\t\t\t\t\t\t<div class=\"elementor-shortcode\">\n<div class=\"wpcf7 no-js\" id=\"wpcf7-f180325-o1\" lang=\"en-US\" dir=\"ltr\" data-wpcf7-id=\"180325\">\n<div class=\"screen-reader-response\"><p role=\"status\" aria-live=\"polite\" aria-atomic=\"true\"><\/p> <ul><\/ul><\/div>\n<form action=\"\/en\/wp-json\/wp\/v2\/pages\/31521#wpcf7-f180325-o1\" method=\"post\" class=\"wpcf7-form init\" aria-label=\"Contact form\" novalidate=\"novalidate\" data-status=\"init\">\n<fieldset class=\"hidden-fields-container\"><input type=\"hidden\" name=\"_wpcf7\" value=\"180325\" \/><input type=\"hidden\" name=\"_wpcf7_version\" value=\"6.1.4\" \/><input type=\"hidden\" name=\"_wpcf7_locale\" value=\"en_US\" \/><input type=\"hidden\" name=\"_wpcf7_unit_tag\" value=\"wpcf7-f180325-o1\" \/><input type=\"hidden\" name=\"_wpcf7_container_post\" value=\"0\" \/><input type=\"hidden\" name=\"_wpcf7_posted_data_hash\" value=\"\" \/><input type=\"hidden\" name=\"_wpcf7cf_hidden_group_fields\" value=\"[]\" \/><input type=\"hidden\" name=\"_wpcf7cf_hidden_groups\" value=\"[]\" \/><input type=\"hidden\" name=\"_wpcf7cf_visible_groups\" value=\"[]\" \/><input type=\"hidden\" name=\"_wpcf7cf_repeaters\" value=\"[]\" \/><input type=\"hidden\" name=\"_wpcf7cf_steps\" value=\"{}\" \/><input type=\"hidden\" name=\"_wpcf7cf_options\" value=\"{&quot;form_id&quot;:180325,&quot;conditions&quot;:[],&quot;settings&quot;:{&quot;animation&quot;:&quot;yes&quot;,&quot;animation_intime&quot;:200,&quot;animation_outtime&quot;:200,&quot;conditions_ui&quot;:&quot;normal&quot;,&quot;notice_dismissed&quot;:false,&quot;notice_dismissed_update-cf7-6.1&quot;:true}}\" \/><input type=\"hidden\" name=\"_wpcf7_recaptcha_response\" value=\"\" \/>\n<\/fieldset>\n<div class=\"kont\">\n\t<h2>Conference data\n\t<\/h2>\n\t<div class=\"third\">\n\t\t<p><label> Participants *<br \/>\n<span class=\"wpcf7-form-control-wrap\" data-name=\"your-teilnehmerzahl\"><input class=\"wpcf7-form-control wpcf7-number wpcf7-validates-as-required wpcf7-validates-as-number\" aria-required=\"true\" aria-invalid=\"false\" value=\"0\" type=\"number\" name=\"your-teilnehmerzahl\" \/><\/span> <\/label>\n\t\t<\/p>\n\t<\/div>\n\t<div class=\"third\">\n\t\t<p><label> Arrival *<br \/>\n<span class=\"wpcf7-form-control-wrap\" data-name=\"date-anreise\"><input class=\"wpcf7-form-control wpcf7-date wpcf7-validates-as-required wpcf7-validates-as-date\" aria-required=\"true\" aria-invalid=\"false\" value=\"\" type=\"date\" name=\"date-anreise\" \/><\/span><\/label>\n\t\t<\/p>\n\t<\/div>\n\t<div class=\"third\">\n\t\t<p><label> Departure *<br \/>\n<span class=\"wpcf7-form-control-wrap\" data-name=\"date-abreise\"><input class=\"wpcf7-form-control wpcf7-date wpcf7-validates-as-required wpcf7-validates-as-date\" aria-required=\"true\" aria-invalid=\"false\" value=\"\" type=\"date\" name=\"date-abreise\" \/><\/span><\/label>\n\t\t<\/p>\n\t<\/div>\n\t<div class=\"clear\">\n\t<\/div>\n\t<div class=\"fifty\">\n\t\t<p><label> Start time*<br \/>\n<span class=\"wpcf7-form-control-wrap\" data-name=\"your-startzeit\"><input size=\"40\" maxlength=\"400\" class=\"wpcf7-form-control wpcf7-text wpcf7-validates-as-required\" aria-required=\"true\" aria-invalid=\"false\" value=\"\" type=\"text\" name=\"your-startzeit\" \/><\/span><\/label>\n\t\t<\/p>\n\t<\/div>\n\t<div class=\"fifty\">\n\t\t<p><label> End time*<br \/>\n<span class=\"wpcf7-form-control-wrap\" data-name=\"your-endzeit\"><input size=\"40\" maxlength=\"400\" class=\"wpcf7-form-control wpcf7-text wpcf7-validates-as-required\" aria-required=\"true\" aria-invalid=\"false\" value=\"\" type=\"text\" name=\"your-endzeit\" \/><\/span><\/label>\n\t\t<\/p>\n\t<\/div>\n\t<div class=\"clear\">\n\t<\/div>\n\t<p><label> Desired conference room * <\/label><br \/>\n<span class=\"wpcf7-form-control-wrap\" data-name=\"select-tagungsraum\"><select class=\"wpcf7-form-control wpcf7-select wpcf7-validates-as-required\" aria-required=\"true\" aria-invalid=\"false\" name=\"select-tagungsraum\"><option value=\"No preference\">No preference<\/option><option value=\"Conference room 1 &quot;Talblick &amp; Bergblick&quot;\">Conference room 1 &quot;Talblick &amp; Bergblick&quot;<\/option><option value=\"Conference room 2 &quot;Panoramablick&quot;\">Conference room 2 &quot;Panoramablick&quot;<\/option><option value=\"Conference room 3 &quot;Tatendrang&quot;\">Conference room 3 &quot;Tatendrang&quot;<\/option><\/select><\/span>\n\t<\/p>\n\t<p><label> Offer type * <\/label><br \/>\n<span class=\"wpcf7-form-control-wrap\" data-name=\"select-angebotstyp\"><select class=\"wpcf7-form-control wpcf7-select wpcf7-validates-as-required\" aria-required=\"true\" aria-invalid=\"false\" name=\"select-angebotstyp\"><option value=\"Day conference without dinner\">Day conference without dinner<\/option><option value=\"Day conference with dinner\">Day conference with dinner<\/option><option value=\"Multi-day conference with overnight stay\">Multi-day conference with overnight stay<\/option><option value=\"Individual offer type\">Individual offer type<\/option><\/select><\/span>\n\t<\/p>\n\t<p><label> Accompanying program <\/label><br \/>\n<span class=\"wpcf7-form-control-wrap\" data-name=\"checkbox-programm\"><span class=\"wpcf7-form-control wpcf7-checkbox\"><span class=\"wpcf7-list-item first\"><label><input type=\"checkbox\" name=\"checkbox-programm[]\" value=\"hut evening with barbecue buffet\" \/><span class=\"wpcf7-list-item-label\">hut evening with barbecue buffet<\/span><\/label><\/span><span class=\"wpcf7-list-item\"><label><input type=\"checkbox\" name=\"checkbox-programm[]\" value=\"Baking course\" \/><span class=\"wpcf7-list-item-label\">Baking course<\/span><\/label><\/span><span class=\"wpcf7-list-item\"><label><input type=\"checkbox\" name=\"checkbox-programm[]\" value=\"Fondue fun\" \/><span class=\"wpcf7-list-item-label\">Fondue fun<\/span><\/label><\/span><span class=\"wpcf7-list-item\"><label><input type=\"checkbox\" name=\"checkbox-programm[]\" value=\"Guided hike\" \/><span class=\"wpcf7-list-item-label\">Guided hike<\/span><\/label><\/span><span class=\"wpcf7-list-item\"><label><input type=\"checkbox\" name=\"checkbox-programm[]\" value=\"Snowshoe hike\" \/><span class=\"wpcf7-list-item-label\">Snowshoe hike<\/span><\/label><\/span><span class=\"wpcf7-list-item\"><label><input type=\"checkbox\" name=\"checkbox-programm[]\" value=\"Illuminated guided hike\" \/><span class=\"wpcf7-list-item-label\">Illuminated guided hike<\/span><\/label><\/span><span class=\"wpcf7-list-item\"><label><input type=\"checkbox\" name=\"checkbox-programm[]\" value=\"Illuminated snowshoe hike\" \/><span class=\"wpcf7-list-item-label\">Illuminated snowshoe hike<\/span><\/label><\/span><span class=\"wpcf7-list-item\"><label><input type=\"checkbox\" name=\"checkbox-programm[]\" value=\"Archery\" \/><span class=\"wpcf7-list-item-label\">Archery<\/span><\/label><\/span><span class=\"wpcf7-list-item\"><label><input type=\"checkbox\" name=\"checkbox-programm[]\" value=\"Snowshoe biathlon\" \/><span class=\"wpcf7-list-item-label\">Snowshoe biathlon<\/span><\/label><\/span><span class=\"wpcf7-list-item\"><label><input type=\"checkbox\" name=\"checkbox-programm[]\" value=\"Giant Jenga\" \/><span class=\"wpcf7-list-item-label\">Giant Jenga<\/span><\/label><\/span><span class=\"wpcf7-list-item\"><label><input type=\"checkbox\" name=\"checkbox-programm[]\" value=\"Free time in our Maya the Bee Bar\" \/><span class=\"wpcf7-list-item-label\">Free time in our Maya the Bee Bar<\/span><\/label><\/span><span class=\"wpcf7-list-item\"><label><input type=\"checkbox\" name=\"checkbox-programm[]\" value=\"Winter fun\" \/><span class=\"wpcf7-list-item-label\">Winter fun<\/span><\/label><\/span><span class=\"wpcf7-list-item last\"><label><input type=\"checkbox\" name=\"checkbox-programm[]\" value=\"Photo booth\" \/><span class=\"wpcf7-list-item-label\">Photo booth<\/span><\/label><\/span><\/span><\/span>\n\t<\/p>\n\t<h2>Contact data\n\t<\/h2>\n\t<p><label> Company *<br \/>\n<span class=\"wpcf7-form-control-wrap\" data-name=\"your-firma\"><input size=\"40\" maxlength=\"400\" class=\"wpcf7-form-control wpcf7-text wpcf7-validates-as-required\" aria-required=\"true\" aria-invalid=\"false\" value=\"\" type=\"text\" name=\"your-firma\" \/><\/span> <\/label>\n\t<\/p>\n\t<div class=\"fifty\">\n\t\t<p><label> First name *<br \/>\n<span class=\"wpcf7-form-control-wrap\" data-name=\"your-firstname\"><input size=\"40\" maxlength=\"400\" class=\"wpcf7-form-control wpcf7-text wpcf7-validates-as-required\" aria-required=\"true\" aria-invalid=\"false\" value=\"\" type=\"text\" name=\"your-firstname\" \/><\/span> <\/label>\n\t\t<\/p>\n\t<\/div>\n\t<div class=\"fifty\">\n\t\t<p><label> Last name *<br \/>\n<span class=\"wpcf7-form-control-wrap\" data-name=\"your-surname\"><input size=\"40\" maxlength=\"400\" class=\"wpcf7-form-control wpcf7-text wpcf7-validates-as-required\" aria-required=\"true\" aria-invalid=\"false\" value=\"\" type=\"text\" name=\"your-surname\" \/><\/span> <\/label>\n\t\t<\/p>\n\t<\/div>\n\t<div class=\"fifty\">\n\t\t<p><label> E-Mail *<br \/>\n<span class=\"wpcf7-form-control-wrap\" data-name=\"your-email\"><input size=\"40\" maxlength=\"400\" class=\"wpcf7-form-control wpcf7-email wpcf7-validates-as-required wpcf7-text wpcf7-validates-as-email\" aria-required=\"true\" aria-invalid=\"false\" value=\"\" type=\"email\" name=\"your-email\" \/><\/span> <\/label>\n\t\t<\/p>\n\t<\/div>\n\t<div class=\"fifty\">\n\t\t<p><label> Phone *<br \/>\n<span class=\"wpcf7-form-control-wrap\" data-name=\"your-phone\"><input size=\"40\" maxlength=\"400\" class=\"wpcf7-form-control wpcf7-text wpcf7-validates-as-required\" aria-required=\"true\" aria-invalid=\"false\" value=\"\" type=\"text\" name=\"your-phone\" \/><\/span> <\/label>\n\t\t<\/p>\n\t<\/div>\n\t<p><label> Your message, further wishes, notes<br \/>\n<span class=\"wpcf7-form-control-wrap\" data-name=\"your-message\"><textarea cols=\"40\" rows=\"10\" maxlength=\"2000\" class=\"wpcf7-form-control wpcf7-textarea\" aria-invalid=\"false\" name=\"your-message\"><\/textarea><\/span> <\/label>\n\t<\/p>\n<\/div>\n<p class=\"absatz\"><span class=\"wpcf7-form-control-wrap\" data-name=\"acceptance-datenschutz\"><span class=\"wpcf7-form-control wpcf7-acceptance\"><span class=\"wpcf7-list-item\"><label><input type=\"checkbox\" name=\"acceptance-datenschutz\" value=\"1\" aria-invalid=\"false\" \/><span class=\"wpcf7-list-item-label\">I  have  read  the  <a href=\"\/datenschutz\/\" target=\"_blank\">privacy  policy<\/a>.  By  submitting  this  form,  I  agree  that  my  information  and  data  will  be  collected  and  stored  electronically  to  answer  my  inquiry.  I know I  can  revoke  your  consent  at  any  time  in  the  future  by  sending  an  email  to  info@hotel-roessle.de.<\/span><\/label><\/span><\/span><\/span>\n<\/p>\n<p class=\"absatz\"><input class=\"wpcf7-form-control wpcf7-submit has-spinner\" type=\"submit\" value=\"Send inquiry\" \/>\n<\/p><div class=\"wpcf7-response-output\" aria-hidden=\"true\"><\/div>\n<\/form>\n<\/div>\n<\/div>\n\t\t\t\t\t\t<\/div>\n\t\t\t\t<\/div>\n\t\t\t\t\t<\/div>\n\t\t<\/div>\n\t\t\t\t\t<\/div>\n\t\t<\/section>\n\t\t\t\t<\/div>\n\t\t","protected":false},"excerpt":{"rendered":"<p>Conference inquiry Please tell us as detailed as possible about your plans and wishes so that we can tailor your event to your exact requirements.<\/p>\n","protected":false},"author":2,"featured_media":0,"parent":1438,"menu_order":164,"comment_status":"closed","ping_status":"closed","template":"","meta":{"_acf_changed":false,"_glsr_average":0,"_glsr_ranking":0,"_glsr_reviews":0,"footnotes":""},"class_list":["post-31521","page","type-page","status-publish","hentry"],"acf":[],"yoast_head":"<!-- This site is optimized with the Yoast SEO plugin v26.6 - https:\/\/yoast.com\/wordpress\/plugins\/seo\/ -->\n<title>Conference inquiry - 4* Hotel Schwarzwald-Resort R\u00f6\u00dfle Todtmoos<\/title>\n<meta name=\"robots\" content=\"index, follow, max-snippet:-1, max-image-preview:large, max-video-preview:-1\" \/>\n<link rel=\"canonical\" href=\"https:\/\/www.hotel-roessle.de\/tagungen\/tagung-anfragen\/\" \/>\n<meta property=\"og:locale\" content=\"en_US\" \/>\n<meta property=\"og:type\" content=\"article\" \/>\n<meta property=\"og:title\" content=\"Conference inquiry - 4* Hotel Schwarzwald-Resort R\u00f6\u00dfle Todtmoos\" \/>\n<meta property=\"og:description\" content=\"Conference inquiry Please tell us as detailed as possible about your plans and wishes so that we can tailor your event to your exact requirements.\" \/>\n<meta property=\"og:url\" content=\"https:\/\/www.hotel-roessle.de\/tagungen\/tagung-anfragen\/\" \/>\n<meta property=\"og:site_name\" content=\"4* Hotel Schwarzwald-Resort R\u00f6\u00dfle Todtmoos\" \/>\n<meta property=\"article:modified_time\" content=\"2025-10-26T19:36:59+00:00\" \/>\n<meta property=\"og:image\" content=\"https:\/\/www.hotel-roessle.de\/cms\/wp-content\/uploads\/2025\/10\/tagung-anfragen.jpg\" \/>\n\t<meta property=\"og:image:width\" content=\"1200\" \/>\n\t<meta property=\"og:image:height\" content=\"1600\" \/>\n\t<meta property=\"og:image:type\" content=\"image\/jpeg\" \/>\n<meta name=\"twitter:card\" content=\"summary_large_image\" \/>\n<meta name=\"twitter:label1\" content=\"Est. reading time\" \/>\n\t<meta name=\"twitter:data1\" content=\"1 minute\" \/>\n<script type=\"application\/ld+json\" class=\"yoast-schema-graph\">{\"@context\":\"https:\/\/schema.org\",\"@graph\":[{\"@type\":\"WebPage\",\"@id\":\"https:\/\/www.hotel-roessle.de\/tagungen\/tagung-anfragen\/\",\"url\":\"https:\/\/www.hotel-roessle.de\/tagungen\/tagung-anfragen\/\",\"name\":\"Conference inquiry - 4* Hotel Schwarzwald-Resort R\u00f6\u00dfle Todtmoos\",\"isPartOf\":{\"@id\":\"https:\/\/www.hotel-roessle.de\/#website\"},\"primaryImageOfPage\":{\"@id\":\"https:\/\/www.hotel-roessle.de\/tagungen\/tagung-anfragen\/#primaryimage\"},\"image\":{\"@id\":\"https:\/\/www.hotel-roessle.de\/tagungen\/tagung-anfragen\/#primaryimage\"},\"thumbnailUrl\":\"https:\/\/www.hotel-roessle.de\/cms\/wp-content\/uploads\/2025\/10\/tagung-anfragen-768x1024.jpg\",\"datePublished\":\"2025-10-26T19:35:06+00:00\",\"dateModified\":\"2025-10-26T19:36:59+00:00\",\"breadcrumb\":{\"@id\":\"https:\/\/www.hotel-roessle.de\/tagungen\/tagung-anfragen\/#breadcrumb\"},\"inLanguage\":\"en-US\",\"potentialAction\":[{\"@type\":\"ReadAction\",\"target\":[\"https:\/\/www.hotel-roessle.de\/tagungen\/tagung-anfragen\/\"]}]},{\"@type\":\"ImageObject\",\"inLanguage\":\"en-US\",\"@id\":\"https:\/\/www.hotel-roessle.de\/tagungen\/tagung-anfragen\/#primaryimage\",\"url\":\"https:\/\/www.hotel-roessle.de\/cms\/wp-content\/uploads\/2025\/10\/tagung-anfragen-768x1024.jpg\",\"contentUrl\":\"https:\/\/www.hotel-roessle.de\/cms\/wp-content\/uploads\/2025\/10\/tagung-anfragen-768x1024.jpg\"},{\"@type\":\"BreadcrumbList\",\"@id\":\"https:\/\/www.hotel-roessle.de\/tagungen\/tagung-anfragen\/#breadcrumb\",\"itemListElement\":[{\"@type\":\"ListItem\",\"position\":1,\"name\":\"Startseite\",\"item\":\"https:\/\/www.hotel-roessle.de\/en\/\"},{\"@type\":\"ListItem\",\"position\":2,\"name\":\"Conferences\",\"item\":\"https:\/\/www.hotel-roessle.de\/tagungen\/\"},{\"@type\":\"ListItem\",\"position\":3,\"name\":\"Conference inquiry\"}]},{\"@type\":\"WebSite\",\"@id\":\"https:\/\/www.hotel-roessle.de\/#website\",\"url\":\"https:\/\/www.hotel-roessle.de\/\",\"name\":\"4* Hotel Schwarzwald-Resort R\u00f6\u00dfle Todtmoos\",\"description\":\"Familiengef\u00fchrtes Vier Sterne Superior Hotel in Todtmoos\/Schwarzwald\",\"publisher\":{\"@id\":\"https:\/\/www.hotel-roessle.de\/#organization\"},\"potentialAction\":[{\"@type\":\"SearchAction\",\"target\":{\"@type\":\"EntryPoint\",\"urlTemplate\":\"https:\/\/www.hotel-roessle.de\/?s={search_term_string}\"},\"query-input\":{\"@type\":\"PropertyValueSpecification\",\"valueRequired\":true,\"valueName\":\"search_term_string\"}}],\"inLanguage\":\"en-US\"},{\"@type\":\"Organization\",\"@id\":\"https:\/\/www.hotel-roessle.de\/#organization\",\"name\":\"4* Hotel Schwarzwald-Resort R\u00f6\u00dfle Todtmoos\",\"url\":\"https:\/\/www.hotel-roessle.de\/\",\"logo\":{\"@type\":\"ImageObject\",\"inLanguage\":\"en-US\",\"@id\":\"https:\/\/www.hotel-roessle.de\/#\/schema\/logo\/image\/\",\"url\":\"https:\/\/www.hotel-roessle.de\/cms\/wp-content\/uploads\/2025\/04\/header-logo.jpg\",\"contentUrl\":\"https:\/\/www.hotel-roessle.de\/cms\/wp-content\/uploads\/2025\/04\/header-logo.jpg\",\"width\":400,\"height\":186,\"caption\":\"4* Hotel Schwarzwald-Resort R\u00f6\u00dfle Todtmoos\"},\"image\":{\"@id\":\"https:\/\/www.hotel-roessle.de\/#\/schema\/logo\/image\/\"}}]}<\/script>\n<!-- \/ Yoast SEO plugin. -->","yoast_head_json":{"title":"Conference inquiry - 4* Hotel Schwarzwald-Resort R\u00f6\u00dfle Todtmoos","robots":{"index":"index","follow":"follow","max-snippet":"max-snippet:-1","max-image-preview":"max-image-preview:large","max-video-preview":"max-video-preview:-1"},"canonical":"https:\/\/www.hotel-roessle.de\/tagungen\/tagung-anfragen\/","og_locale":"en_US","og_type":"article","og_title":"Conference inquiry - 4* Hotel Schwarzwald-Resort R\u00f6\u00dfle Todtmoos","og_description":"Conference inquiry Please tell us as detailed as possible about your plans and wishes so that we can tailor your event to your exact requirements.","og_url":"https:\/\/www.hotel-roessle.de\/tagungen\/tagung-anfragen\/","og_site_name":"4* Hotel Schwarzwald-Resort R\u00f6\u00dfle Todtmoos","article_modified_time":"2025-10-26T19:36:59+00:00","og_image":[{"width":1200,"height":1600,"url":"https:\/\/www.hotel-roessle.de\/cms\/wp-content\/uploads\/2025\/10\/tagung-anfragen.jpg","type":"image\/jpeg"}],"twitter_card":"summary_large_image","twitter_misc":{"Est. reading time":"1 minute"},"schema":{"@context":"https:\/\/schema.org","@graph":[{"@type":"WebPage","@id":"https:\/\/www.hotel-roessle.de\/tagungen\/tagung-anfragen\/","url":"https:\/\/www.hotel-roessle.de\/tagungen\/tagung-anfragen\/","name":"Conference inquiry - 4* Hotel Schwarzwald-Resort R\u00f6\u00dfle Todtmoos","isPartOf":{"@id":"https:\/\/www.hotel-roessle.de\/#website"},"primaryImageOfPage":{"@id":"https:\/\/www.hotel-roessle.de\/tagungen\/tagung-anfragen\/#primaryimage"},"image":{"@id":"https:\/\/www.hotel-roessle.de\/tagungen\/tagung-anfragen\/#primaryimage"},"thumbnailUrl":"https:\/\/www.hotel-roessle.de\/cms\/wp-content\/uploads\/2025\/10\/tagung-anfragen-768x1024.jpg","datePublished":"2025-10-26T19:35:06+00:00","dateModified":"2025-10-26T19:36:59+00:00","breadcrumb":{"@id":"https:\/\/www.hotel-roessle.de\/tagungen\/tagung-anfragen\/#breadcrumb"},"inLanguage":"en-US","potentialAction":[{"@type":"ReadAction","target":["https:\/\/www.hotel-roessle.de\/tagungen\/tagung-anfragen\/"]}]},{"@type":"ImageObject","inLanguage":"en-US","@id":"https:\/\/www.hotel-roessle.de\/tagungen\/tagung-anfragen\/#primaryimage","url":"https:\/\/www.hotel-roessle.de\/cms\/wp-content\/uploads\/2025\/10\/tagung-anfragen-768x1024.jpg","contentUrl":"https:\/\/www.hotel-roessle.de\/cms\/wp-content\/uploads\/2025\/10\/tagung-anfragen-768x1024.jpg"},{"@type":"BreadcrumbList","@id":"https:\/\/www.hotel-roessle.de\/tagungen\/tagung-anfragen\/#breadcrumb","itemListElement":[{"@type":"ListItem","position":1,"name":"Startseite","item":"https:\/\/www.hotel-roessle.de\/en\/"},{"@type":"ListItem","position":2,"name":"Conferences","item":"https:\/\/www.hotel-roessle.de\/tagungen\/"},{"@type":"ListItem","position":3,"name":"Conference inquiry"}]},{"@type":"WebSite","@id":"https:\/\/www.hotel-roessle.de\/#website","url":"https:\/\/www.hotel-roessle.de\/","name":"4* Hotel Schwarzwald-Resort R\u00f6\u00dfle Todtmoos","description":"Familiengef\u00fchrtes Vier Sterne Superior Hotel in Todtmoos\/Schwarzwald","publisher":{"@id":"https:\/\/www.hotel-roessle.de\/#organization"},"potentialAction":[{"@type":"SearchAction","target":{"@type":"EntryPoint","urlTemplate":"https:\/\/www.hotel-roessle.de\/?s={search_term_string}"},"query-input":{"@type":"PropertyValueSpecification","valueRequired":true,"valueName":"search_term_string"}}],"inLanguage":"en-US"},{"@type":"Organization","@id":"https:\/\/www.hotel-roessle.de\/#organization","name":"4* Hotel Schwarzwald-Resort R\u00f6\u00dfle Todtmoos","url":"https:\/\/www.hotel-roessle.de\/","logo":{"@type":"ImageObject","inLanguage":"en-US","@id":"https:\/\/www.hotel-roessle.de\/#\/schema\/logo\/image\/","url":"https:\/\/www.hotel-roessle.de\/cms\/wp-content\/uploads\/2025\/04\/header-logo.jpg","contentUrl":"https:\/\/www.hotel-roessle.de\/cms\/wp-content\/uploads\/2025\/04\/header-logo.jpg","width":400,"height":186,"caption":"4* Hotel Schwarzwald-Resort R\u00f6\u00dfle Todtmoos"},"image":{"@id":"https:\/\/www.hotel-roessle.de\/#\/schema\/logo\/image\/"}}]}},"_links":{"self":[{"href":"https:\/\/www.hotel-roessle.de\/en\/wp-json\/wp\/v2\/pages\/31521","targetHints":{"allow":["GET"]}}],"collection":[{"href":"https:\/\/www.hotel-roessle.de\/en\/wp-json\/wp\/v2\/pages"}],"about":[{"href":"https:\/\/www.hotel-roessle.de\/en\/wp-json\/wp\/v2\/types\/page"}],"author":[{"embeddable":true,"href":"https:\/\/www.hotel-roessle.de\/en\/wp-json\/wp\/v2\/users\/2"}],"replies":[{"embeddable":true,"href":"https:\/\/www.hotel-roessle.de\/en\/wp-json\/wp\/v2\/comments?post=31521"}],"version-history":[{"count":0,"href":"https:\/\/www.hotel-roessle.de\/en\/wp-json\/wp\/v2\/pages\/31521\/revisions"}],"up":[{"embeddable":true,"href":"https:\/\/www.hotel-roessle.de\/en\/wp-json\/wp\/v2\/pages\/1438"}],"wp:attachment":[{"href":"https:\/\/www.hotel-roessle.de\/en\/wp-json\/wp\/v2\/media?parent=31521"}],"curies":[{"name":"wp","href":"https:\/\/api.w.org\/{rel}","templated":true}]}}