{"id":187852,"date":"2026-03-17T18:36:21","date_gmt":"2026-03-17T17:36:21","guid":{"rendered":"https:\/\/www.hotel-roessle.de\/?page_id=187852"},"modified":"2026-03-17T19:25:22","modified_gmt":"2026-03-17T18:25:22","slug":"cancellation-conditions","status":"publish","type":"page","link":"https:\/\/www.hotel-roessle.de\/en\/cancellation-conditions\/","title":{"rendered":"Cancellation conditions"},"content":{"rendered":"\t\t<div data-elementor-type=\"wp-page\" data-elementor-id=\"187852\" class=\"elementor elementor-187852 elementor-187851\" data-elementor-post-type=\"page\">\n\t\t\t\t\t\t<section class=\"elementor-section elementor-top-section elementor-element elementor-element-f3378ff elementor-section-full_width elementor-section-height-default elementor-section-height-default\" data-id=\"f3378ff\" data-element_type=\"section\">\n\t\t\t\t\t\t<div class=\"elementor-container elementor-column-gap-default\">\n\t\t\t\t\t<div class=\"elementor-column elementor-col-100 elementor-top-column elementor-element elementor-element-8efe9df\" data-id=\"8efe9df\" data-element_type=\"column\">\n\t\t\t<div class=\"elementor-widget-wrap elementor-element-populated\">\n\t\t\t\t\t\t<div class=\"elementor-element elementor-element-0bc2309 elementor-invisible elementor-widget elementor-widget-heading\" data-id=\"0bc2309\" data-element_type=\"widget\" data-settings=\"{&quot;_animation&quot;:&quot;fadeInDown&quot;}\" data-widget_type=\"heading.default\">\n\t\t\t\t<div class=\"elementor-widget-container\">\n\t\t\t\t\t<h1 class=\"elementor-heading-title elementor-size-default\">Cancellation conditions<\/h1>\t\t\t\t<\/div>\n\t\t\t\t<\/div>\n\t\t\t\t<div class=\"elementor-element elementor-element-0ec8870 elementor-invisible elementor-widget elementor-widget-heading\" data-id=\"0ec8870\" data-element_type=\"widget\" data-settings=\"{&quot;_animation&quot;:&quot;fadeInDown&quot;}\" data-widget_type=\"heading.default\">\n\t\t\t\t<div class=\"elementor-widget-container\">\n\t\t\t\t\t<h3 class=\"elementor-heading-title elementor-size-default\">Have a safe holiday - cancellation without risk<\/h3>\t\t\t\t<\/div>\n\t\t\t\t<\/div>\n\t\t\t\t<div class=\"elementor-element elementor-element-4ada522 elementor-widget elementor-widget-text-editor\" data-id=\"4ada522\" data-element_type=\"widget\" data-widget_type=\"text-editor.default\">\n\t\t\t\t<div class=\"elementor-widget-container\">\n\t\t\t\t\t\t\t\t\t<p>To ensure you are reimbursed for potential financial losses in the event of cancellation or interruption of your holiday due to illness, accident, or unemployment \u2013 \u200b\u200beven within your family \u2013 we recommend the products of our partner ERGO Travel Insurance, the market leader among travel insurers in Germany.<\/p><p><span data-contrast=\"none\">\u202f<\/span><a href=\"https:\/\/www.reiseversicherung.de\/de\/versicherung\/index.html?agency=029088000000\"><span data-contrast=\"none\">Plan ahead and purchase travel insurance now &gt;&gt;<\/span><\/a><\/p><p>Complaints and arbitration body: Insurance Ombudsman Association, P.O. Box 080632, 10006 Berlin<\/p><p>Tel: 0800 3696000, Email: beschwerde@versicherungsombudsmann.de, Website: https:\/\/www.versicherungsombudsmann.de<\/p>\t\t\t\t\t\t\t\t<\/div>\n\t\t\t\t<\/div>\n\t\t\t\t<div class=\"elementor-element elementor-element-a66c7ba elementor-invisible elementor-widget elementor-widget-heading\" data-id=\"a66c7ba\" data-element_type=\"widget\" data-settings=\"{&quot;_animation&quot;:&quot;fadeInDown&quot;}\" data-widget_type=\"heading.default\">\n\t\t\t\t<div class=\"elementor-widget-container\">\n\t\t\t\t\t<h3 class=\"elementor-heading-title elementor-size-default\">Arrival and departure<\/h3>\t\t\t\t<\/div>\n\t\t\t\t<\/div>\n\t\t\t\t<div class=\"elementor-element elementor-element-821716d elementor-widget elementor-widget-text-editor\" data-id=\"821716d\" data-element_type=\"widget\" data-widget_type=\"text-editor.default\">\n\t\t\t\t<div class=\"elementor-widget-container\">\n\t\t\t\t\t\t\t\t\t<p>Your room will be available from 2:00 PM on your arrival day.<\/p><p>If you plan to arrive after 6:00 PM, please let us know, as we will no longer hold the room for you after that time. Departure should be no later than 11:00 AM; otherwise, we will have to charge you for any further use of the room according to section 7.3 of our <a href=\"https:\/\/www.hotel-roessle.de\/agb\/\" target=\"_blank\" rel=\"noopener\">Terms and Conditions<\/a>.<\/p>\t\t\t\t\t\t\t\t<\/div>\n\t\t\t\t<\/div>\n\t\t\t\t<div class=\"elementor-element elementor-element-03b9266 elementor-invisible elementor-widget elementor-widget-heading\" data-id=\"03b9266\" data-element_type=\"widget\" data-settings=\"{&quot;_animation&quot;:&quot;fadeInDown&quot;}\" data-widget_type=\"heading.default\">\n\t\t\t\t<div class=\"elementor-widget-container\">\n\t\t\t\t\t<h3 class=\"elementor-heading-title elementor-size-default\">Our cancellation conditions<\/h3>\t\t\t\t<\/div>\n\t\t\t\t<\/div>\n\t\t\t\t<div class=\"elementor-element elementor-element-0d805ad elementor-invisible elementor-widget elementor-widget-heading\" data-id=\"0d805ad\" data-element_type=\"widget\" data-settings=\"{&quot;_animation&quot;:&quot;fadeInDown&quot;}\" data-widget_type=\"heading.default\">\n\t\t\t\t<div class=\"elementor-widget-container\">\n\t\t\t\t\t<h4 class=\"elementor-heading-title elementor-size-default\">(Excerpt from our General Terms And Conditions)<\/h4>\t\t\t\t<\/div>\n\t\t\t\t<\/div>\n\t\t\t\t<div class=\"elementor-element elementor-element-d2e75e0 elementor-widget__width-inherit elementor-align-left elementor-widget elementor-widget-button\" data-id=\"d2e75e0\" data-element_type=\"widget\" data-widget_type=\"button.default\">\n\t\t\t\t<div class=\"elementor-widget-container\">\n\t\t\t\t\t\t\t\t\t<div class=\"elementor-button-wrapper\">\n\t\t\t\t\t<a class=\"elementor-button elementor-button-link elementor-size-sm\" href=\"https:\/\/www.hotel-roessle.de\/agb\/\" target=\"_blank\">\n\t\t\t\t\t\t<span class=\"elementor-button-content-wrapper\">\n\t\t\t\t\t\t\t\t\t<span class=\"elementor-button-text\">View full GTC (German language)<\/span>\n\t\t\t\t\t<\/span>\n\t\t\t\t\t<\/a>\n\t\t\t\t<\/div>\n\t\t\t\t\t\t\t\t<\/div>\n\t\t\t\t<\/div>\n\t\t\t\t<div class=\"elementor-element elementor-element-f0d129b elementor-widget elementor-widget-text-editor\" data-id=\"f0d129b\" data-element_type=\"widget\" data-widget_type=\"text-editor.default\">\n\t\t\t\t<div class=\"elementor-widget-container\">\n\t\t\t\t\t\t\t\t\t<p><strong>[&#8230;]<\/strong><\/p><p><strong>4. Customer Cancellation (Cancellation, No-Show)<\/strong><\/p><p><strong>4.1<\/strong> A customer may only cancel a contract with the hotel if a right of cancellation has been expressly agreed upon in the contract, if another statutory right of cancellation exists, or if the hotel expressly agrees to the cancellation.<\/p><p>An agreement regarding a right of cancellation, as well as any consent to a cancellation, must be in writing.<\/p><p><strong>4.2<\/strong> If a deadline for free cancellation has been agreed upon between the hotel and the customer, the customer may cancel the contract up to that deadline without incurring any payment or damage claims from the hotel. The customer&#8217;s right of cancellation expires if they do not exercise their right to cancel with the hotel by the agreed deadline.<\/p><p><strong>4.3<\/strong> If the customer cancels between the booking date and the cancellation deadline, the hotel is entitled to charge the customer a processing fee of 10% of the booked services.<\/p><p>If the customer cancels at a time less than<\/p><p>a) for up to 5 rooms, up to 14 days before the booked arrival date<\/p><p>b) for up to 20 rooms, up to 28 days before the booked arrival date<\/p><p>c) for 20 or more rooms, up to 42 days before the booked arrival date<\/p><p>the hotel is entitled to charge the customer the cancellation fees specified in sections 4.5, 4.6, 4.7, and 4.8.<\/p><p><strong>4.4<\/strong> If no right of withdrawal has been agreed upon or has already expired, and the hotel does not agree to a cancellation of the contract, the hotel retains its claim to the agreed remuneration despite the guest&#8217;s failure to use the services.<\/p><p>The hotel must credit any income from renting the rooms to other guests as well as any expenses saved.<\/p><p>If the rooms are not rented to other guests, the hotel may apply a flat-rate deduction for the expenses saved in accordance with sections 4.5, 4.6, 4.7, and 4.8. The customer is free to prove that the aforementioned claim did not arise or did not arise in the amount claimed. The hotel is free to prove that a higher claim arose.<\/p><p><strong>4.5<\/strong> In this case, the customer is obligated to pay at least 90% of the contractually agreed price for overnight stays with or without breakfast, as well as for package deals including third-party services, 70% for half-board arrangements, and 60% for full-board arrangements.<\/p><p>If the rooms are not rented to other guests, the hotel may apply a flat-rate deduction for the respective expenses saved, in accordance with sections 4.5, 4.6, 4.7, and 4.8. The customer is free to prove that the aforementioned claim did not arise or did not arise in the amount claimed.<\/p><p><strong>4.6<\/strong> If the customer cancels between 28 and 14 days (as per section 4.3.b) or 42 and 14 days (as per section 4.3.c) before the event date, the hotel is entitled to charge, in addition to the agreed rental price, 35% of the lost food revenue. For any later cancellation, the charge is 70% of the food revenue.<\/p><p><strong>4.7<\/strong> The food revenue is calculated using the following formula: Agreed menu price x number of participants. If no price has yet been agreed for the menu, the least expensive 3-course menu from the currently valid event offerings will be used as the basis for calculation.<\/p><p><strong>4.8<\/strong> If a conference package per participant has been agreed upon, the hotel is entitled to charge 60% of the conference package x the agreed number of participants for cancellations between 28 and 14 days (as per section 4.3.b) or 46 and 14 days before the event date. For any later cancellation, the charge is 85% of the conference package x the agreed number of participants. Up to 10% of the agreed room allocation can be cancelled free of charge up to 3 days before arrival.<\/p><p><strong>[&#8230;]<\/strong><\/p>\t\t\t\t\t\t\t\t<\/div>\n\t\t\t\t<\/div>\n\t\t\t\t\t<\/div>\n\t\t<\/div>\n\t\t\t\t\t<\/div>\n\t\t<\/section>\n\t\t\t\t<\/div>\n\t\t","protected":false},"excerpt":{"rendered":"<p>Cancellation conditions Have a safe holiday &#8211; cancellation without risk To ensure you are reimbursed for potential financial losses in the event of cancellation or interruption of your holiday due to illness, accident, or unemployment \u2013 \u200b\u200beven within your family \u2013 we recommend the products of our partner ERGO Travel Insurance, the market leader among [&hellip;]<\/p>\n","protected":false},"author":1,"featured_media":0,"parent":0,"menu_order":204,"comment_status":"closed","ping_status":"closed","template":"","meta":{"_acf_changed":false,"_glsr_average":0,"_glsr_ranking":0,"_glsr_reviews":0,"footnotes":""},"class_list":["post-187852","page","type-page","status-publish","hentry"],"acf":[],"yoast_head":"<!-- This site is optimized with the Yoast SEO plugin v26.6 - https:\/\/yoast.com\/wordpress\/plugins\/seo\/ -->\n<title>Cancellation conditions - 4* Hotel Schwarzwald-Resort R\u00f6\u00dfle Todtmoos<\/title>\n<meta name=\"robots\" content=\"index, follow, max-snippet:-1, max-image-preview:large, max-video-preview:-1\" \/>\n<link rel=\"canonical\" href=\"https:\/\/www.hotel-roessle.de\/en\/cancellation-conditions\/\" \/>\n<meta property=\"og:locale\" content=\"en_US\" \/>\n<meta property=\"og:type\" content=\"article\" \/>\n<meta property=\"og:title\" content=\"Cancellation conditions - 4* Hotel Schwarzwald-Resort R\u00f6\u00dfle Todtmoos\" \/>\n<meta property=\"og:description\" content=\"Cancellation conditions Have a safe holiday &#8211; cancellation without risk To ensure you are reimbursed for potential financial losses in the event of cancellation or interruption of your holiday due to illness, accident, or unemployment \u2013 \u200b\u200beven within your family \u2013 we recommend the products of our partner ERGO Travel Insurance, the market leader among [&hellip;]\" \/>\n<meta property=\"og:url\" content=\"https:\/\/www.hotel-roessle.de\/en\/cancellation-conditions\/\" \/>\n<meta property=\"og:site_name\" content=\"4* Hotel Schwarzwald-Resort R\u00f6\u00dfle Todtmoos\" \/>\n<meta property=\"article:modified_time\" content=\"2026-03-17T18:25:22+00:00\" \/>\n<meta name=\"twitter:card\" content=\"summary_large_image\" \/>\n<meta name=\"twitter:label1\" content=\"Est. reading time\" \/>\n\t<meta name=\"twitter:data1\" content=\"4 minutes\" \/>\n<script type=\"application\/ld+json\" class=\"yoast-schema-graph\">{\"@context\":\"https:\/\/schema.org\",\"@graph\":[{\"@type\":\"WebPage\",\"@id\":\"https:\/\/www.hotel-roessle.de\/en\/cancellation-conditions\/\",\"url\":\"https:\/\/www.hotel-roessle.de\/en\/cancellation-conditions\/\",\"name\":\"Cancellation conditions - 4* Hotel Schwarzwald-Resort R\u00f6\u00dfle Todtmoos\",\"isPartOf\":{\"@id\":\"https:\/\/www.hotel-roessle.de\/#website\"},\"datePublished\":\"2026-03-17T17:36:21+00:00\",\"dateModified\":\"2026-03-17T18:25:22+00:00\",\"breadcrumb\":{\"@id\":\"https:\/\/www.hotel-roessle.de\/en\/cancellation-conditions\/#breadcrumb\"},\"inLanguage\":\"en-US\",\"potentialAction\":[{\"@type\":\"ReadAction\",\"target\":[\"https:\/\/www.hotel-roessle.de\/en\/cancellation-conditions\/\"]}]},{\"@type\":\"BreadcrumbList\",\"@id\":\"https:\/\/www.hotel-roessle.de\/en\/cancellation-conditions\/#breadcrumb\",\"itemListElement\":[{\"@type\":\"ListItem\",\"position\":1,\"name\":\"Startseite\",\"item\":\"https:\/\/www.hotel-roessle.de\/en\/\"},{\"@type\":\"ListItem\",\"position\":2,\"name\":\"Cancellation conditions\"}]},{\"@type\":\"WebSite\",\"@id\":\"https:\/\/www.hotel-roessle.de\/#website\",\"url\":\"https:\/\/www.hotel-roessle.de\/\",\"name\":\"4* Hotel Schwarzwald-Resort R\u00f6\u00dfle Todtmoos\",\"description\":\"Familiengef\u00fchrtes Vier Sterne Superior Hotel in Todtmoos\/Schwarzwald\",\"publisher\":{\"@id\":\"https:\/\/www.hotel-roessle.de\/#organization\"},\"potentialAction\":[{\"@type\":\"SearchAction\",\"target\":{\"@type\":\"EntryPoint\",\"urlTemplate\":\"https:\/\/www.hotel-roessle.de\/?s={search_term_string}\"},\"query-input\":{\"@type\":\"PropertyValueSpecification\",\"valueRequired\":true,\"valueName\":\"search_term_string\"}}],\"inLanguage\":\"en-US\"},{\"@type\":\"Organization\",\"@id\":\"https:\/\/www.hotel-roessle.de\/#organization\",\"name\":\"4* Hotel Schwarzwald-Resort R\u00f6\u00dfle Todtmoos\",\"url\":\"https:\/\/www.hotel-roessle.de\/\",\"logo\":{\"@type\":\"ImageObject\",\"inLanguage\":\"en-US\",\"@id\":\"https:\/\/www.hotel-roessle.de\/#\/schema\/logo\/image\/\",\"url\":\"https:\/\/www.hotel-roessle.de\/cms\/wp-content\/uploads\/2025\/04\/header-logo.jpg\",\"contentUrl\":\"https:\/\/www.hotel-roessle.de\/cms\/wp-content\/uploads\/2025\/04\/header-logo.jpg\",\"width\":400,\"height\":186,\"caption\":\"4* Hotel Schwarzwald-Resort R\u00f6\u00dfle Todtmoos\"},\"image\":{\"@id\":\"https:\/\/www.hotel-roessle.de\/#\/schema\/logo\/image\/\"}}]}<\/script>\n<!-- \/ Yoast SEO plugin. -->","yoast_head_json":{"title":"Cancellation conditions - 4* Hotel Schwarzwald-Resort R\u00f6\u00dfle Todtmoos","robots":{"index":"index","follow":"follow","max-snippet":"max-snippet:-1","max-image-preview":"max-image-preview:large","max-video-preview":"max-video-preview:-1"},"canonical":"https:\/\/www.hotel-roessle.de\/en\/cancellation-conditions\/","og_locale":"en_US","og_type":"article","og_title":"Cancellation conditions - 4* Hotel Schwarzwald-Resort R\u00f6\u00dfle Todtmoos","og_description":"Cancellation conditions Have a safe holiday &#8211; cancellation without risk To ensure you are reimbursed for potential financial losses in the event of cancellation or interruption of your holiday due to illness, accident, or unemployment \u2013 \u200b\u200beven within your family \u2013 we recommend the products of our partner ERGO Travel Insurance, the market leader among [&hellip;]","og_url":"https:\/\/www.hotel-roessle.de\/en\/cancellation-conditions\/","og_site_name":"4* Hotel Schwarzwald-Resort R\u00f6\u00dfle Todtmoos","article_modified_time":"2026-03-17T18:25:22+00:00","twitter_card":"summary_large_image","twitter_misc":{"Est. reading time":"4 minutes"},"schema":{"@context":"https:\/\/schema.org","@graph":[{"@type":"WebPage","@id":"https:\/\/www.hotel-roessle.de\/en\/cancellation-conditions\/","url":"https:\/\/www.hotel-roessle.de\/en\/cancellation-conditions\/","name":"Cancellation conditions - 4* Hotel Schwarzwald-Resort R\u00f6\u00dfle Todtmoos","isPartOf":{"@id":"https:\/\/www.hotel-roessle.de\/#website"},"datePublished":"2026-03-17T17:36:21+00:00","dateModified":"2026-03-17T18:25:22+00:00","breadcrumb":{"@id":"https:\/\/www.hotel-roessle.de\/en\/cancellation-conditions\/#breadcrumb"},"inLanguage":"en-US","potentialAction":[{"@type":"ReadAction","target":["https:\/\/www.hotel-roessle.de\/en\/cancellation-conditions\/"]}]},{"@type":"BreadcrumbList","@id":"https:\/\/www.hotel-roessle.de\/en\/cancellation-conditions\/#breadcrumb","itemListElement":[{"@type":"ListItem","position":1,"name":"Startseite","item":"https:\/\/www.hotel-roessle.de\/en\/"},{"@type":"ListItem","position":2,"name":"Cancellation conditions"}]},{"@type":"WebSite","@id":"https:\/\/www.hotel-roessle.de\/#website","url":"https:\/\/www.hotel-roessle.de\/","name":"4* Hotel Schwarzwald-Resort R\u00f6\u00dfle Todtmoos","description":"Familiengef\u00fchrtes Vier Sterne Superior Hotel in Todtmoos\/Schwarzwald","publisher":{"@id":"https:\/\/www.hotel-roessle.de\/#organization"},"potentialAction":[{"@type":"SearchAction","target":{"@type":"EntryPoint","urlTemplate":"https:\/\/www.hotel-roessle.de\/?s={search_term_string}"},"query-input":{"@type":"PropertyValueSpecification","valueRequired":true,"valueName":"search_term_string"}}],"inLanguage":"en-US"},{"@type":"Organization","@id":"https:\/\/www.hotel-roessle.de\/#organization","name":"4* Hotel Schwarzwald-Resort R\u00f6\u00dfle Todtmoos","url":"https:\/\/www.hotel-roessle.de\/","logo":{"@type":"ImageObject","inLanguage":"en-US","@id":"https:\/\/www.hotel-roessle.de\/#\/schema\/logo\/image\/","url":"https:\/\/www.hotel-roessle.de\/cms\/wp-content\/uploads\/2025\/04\/header-logo.jpg","contentUrl":"https:\/\/www.hotel-roessle.de\/cms\/wp-content\/uploads\/2025\/04\/header-logo.jpg","width":400,"height":186,"caption":"4* Hotel Schwarzwald-Resort R\u00f6\u00dfle Todtmoos"},"image":{"@id":"https:\/\/www.hotel-roessle.de\/#\/schema\/logo\/image\/"}}]}},"_links":{"self":[{"href":"https:\/\/www.hotel-roessle.de\/en\/wp-json\/wp\/v2\/pages\/187852","targetHints":{"allow":["GET"]}}],"collection":[{"href":"https:\/\/www.hotel-roessle.de\/en\/wp-json\/wp\/v2\/pages"}],"about":[{"href":"https:\/\/www.hotel-roessle.de\/en\/wp-json\/wp\/v2\/types\/page"}],"author":[{"embeddable":true,"href":"https:\/\/www.hotel-roessle.de\/en\/wp-json\/wp\/v2\/users\/1"}],"replies":[{"embeddable":true,"href":"https:\/\/www.hotel-roessle.de\/en\/wp-json\/wp\/v2\/comments?post=187852"}],"version-history":[{"count":16,"href":"https:\/\/www.hotel-roessle.de\/en\/wp-json\/wp\/v2\/pages\/187852\/revisions"}],"predecessor-version":[{"id":187971,"href":"https:\/\/www.hotel-roessle.de\/en\/wp-json\/wp\/v2\/pages\/187852\/revisions\/187971"}],"wp:attachment":[{"href":"https:\/\/www.hotel-roessle.de\/en\/wp-json\/wp\/v2\/media?parent=187852"}],"curies":[{"name":"wp","href":"https:\/\/api.w.org\/{rel}","templated":true}]}}