{"id":185061,"date":"2026-01-02T14:48:05","date_gmt":"2026-01-02T13:48:05","guid":{"rendered":"https:\/\/www.hotel-roessle.de\/?page_id=185061"},"modified":"2026-01-02T16:02:06","modified_gmt":"2026-01-02T15:02:06","slug":"holiday-with-dog","status":"publish","type":"page","link":"https:\/\/www.hotel-roessle.de\/en\/welcome\/holiday-with-dog\/","title":{"rendered":"Holiday with dog"},"content":{"rendered":"\t\t<div data-elementor-type=\"wp-page\" data-elementor-id=\"185061\" class=\"elementor elementor-185061 elementor-185060\" data-elementor-post-type=\"page\">\n\t\t\t\t\t\t<section class=\"elementor-section elementor-top-section elementor-element elementor-element-6412014 elementor-section-full_width elementor-reverse-mobile elementor-reverse-tablet elementor-section-height-default elementor-section-height-default\" data-id=\"6412014\" data-element_type=\"section\">\n\t\t\t\t\t\t<div class=\"elementor-container elementor-column-gap-default\">\n\t\t\t\t\t<div class=\"elementor-column elementor-col-50 elementor-top-column elementor-element elementor-element-1a87c4a8\" data-id=\"1a87c4a8\" data-element_type=\"column\" data-settings=\"{&quot;background_background&quot;:&quot;classic&quot;}\">\n\t\t\t<div class=\"elementor-widget-wrap elementor-element-populated\">\n\t\t\t\t\t\t<div class=\"elementor-element elementor-element-21b1694e elementor-widget elementor-widget-image\" data-id=\"21b1694e\" data-element_type=\"widget\" data-widget_type=\"image.default\">\n\t\t\t\t<div class=\"elementor-widget-container\">\n\t\t\t\t\t\t\t\t\t\t\t\t\t\t\t<img fetchpriority=\"high\" decoding=\"async\" width=\"800\" height=\"600\" src=\"https:\/\/www.hotel-roessle.de\/cms\/wp-content\/uploads\/2026\/01\/urlaub-mit-hund-01-1024x768.jpg\" class=\"attachment-large size-large wp-image-185068\" alt=\"\" srcset=\"https:\/\/www.hotel-roessle.de\/cms\/wp-content\/uploads\/2026\/01\/urlaub-mit-hund-01-1024x768.jpg 1024w, https:\/\/www.hotel-roessle.de\/cms\/wp-content\/uploads\/2026\/01\/urlaub-mit-hund-01-300x225.jpg 300w, https:\/\/www.hotel-roessle.de\/cms\/wp-content\/uploads\/2026\/01\/urlaub-mit-hund-01.jpg 1200w\" sizes=\"(max-width: 800px) 100vw, 800px\" \/>\t\t\t\t\t\t\t\t\t\t\t\t\t\t\t<\/div>\n\t\t\t\t<\/div>\n\t\t\t\t\t<\/div>\n\t\t<\/div>\n\t\t\t\t<div class=\"elementor-column elementor-col-50 elementor-top-column elementor-element elementor-element-7451d5d2\" data-id=\"7451d5d2\" data-element_type=\"column\" data-settings=\"{&quot;background_background&quot;:&quot;classic&quot;}\">\n\t\t\t<div class=\"elementor-widget-wrap elementor-element-populated\">\n\t\t\t\t\t\t<div class=\"elementor-element elementor-element-332a4844 elementor-invisible elementor-widget elementor-widget-heading\" data-id=\"332a4844\" data-element_type=\"widget\" data-settings=\"{&quot;_animation&quot;:&quot;fadeInDown&quot;}\" data-widget_type=\"heading.default\">\n\t\t\t\t<div class=\"elementor-widget-container\">\n\t\t\t\t\t<h1 class=\"elementor-heading-title elementor-size-default\">Holiday  with  dog  \nin  the  Black  Forest<\/h1>\t\t\t\t<\/div>\n\t\t\t\t<\/div>\n\t\t\t\t<div class=\"elementor-element elementor-element-693b5b66 elementor-widget elementor-widget-text-editor\" data-id=\"693b5b66\" data-element_type=\"widget\" data-widget_type=\"text-editor.default\">\n\t\t\t\t<div class=\"elementor-widget-container\">\n\t\t\t\t\t\t\t\t\t<p>We love animals \u2013 and your dog especially. We welcome up to two dogs per room. We have extra comfortable rooms for your furry friends, so they can enjoy the Black Forest just as much as you do.<\/p><p><strong>Holidays for two &#8211; and four paws!<\/strong><\/p><p>To ensure we can best prepare your stay with your dog, please indicate when booking that your dog will be traveling with you. A small surcharge per dog will apply to ensure that everything is ready for your four-legged friend. This way, we can offer you and your dog a completely pleasant stay with us at the Hotel Resort R\u00f6\u00dfle!<\/p>\t\t\t\t\t\t\t\t<\/div>\n\t\t\t\t<\/div>\n\t\t\t\t\t<\/div>\n\t\t<\/div>\n\t\t\t\t\t<\/div>\n\t\t<\/section>\n\t\t\t\t<section class=\"elementor-section elementor-top-section elementor-element elementor-element-1b092d38 elementor-section-full_width elementor-section-height-default elementor-section-height-default\" data-id=\"1b092d38\" data-element_type=\"section\" data-settings=\"{&quot;background_background&quot;:&quot;classic&quot;}\">\n\t\t\t\t\t\t<div class=\"elementor-container elementor-column-gap-default\">\n\t\t\t\t\t<div class=\"elementor-column elementor-col-50 elementor-top-column elementor-element elementor-element-3ee1d378\" data-id=\"3ee1d378\" data-element_type=\"column\" data-settings=\"{&quot;background_background&quot;:&quot;classic&quot;}\">\n\t\t\t<div class=\"elementor-widget-wrap elementor-element-populated\">\n\t\t\t\t\t\t<div class=\"elementor-element elementor-element-73a02a93 elementor-invisible elementor-widget elementor-widget-heading\" data-id=\"73a02a93\" data-element_type=\"widget\" data-settings=\"{&quot;_animation&quot;:&quot;fadeInDown&quot;}\" data-widget_type=\"heading.default\">\n\t\t\t\t<div class=\"elementor-widget-container\">\n\t\t\t\t\t<h2 class=\"elementor-heading-title elementor-size-default\">Enjoy together<\/h2>\t\t\t\t<\/div>\n\t\t\t\t<\/div>\n\t\t\t\t<div class=\"elementor-element elementor-element-61a5e0ed elementor-widget elementor-widget-text-editor\" data-id=\"61a5e0ed\" data-element_type=\"widget\" data-widget_type=\"text-editor.default\">\n\t\t\t\t<div class=\"elementor-widget-container\">\n\t\t\t\t\t\t\t\t\t<p>Dogs are allowed almost everywhere with us \u2013 only the main restaurant and our wellness area are reserved for humans. However, your dogs are welcome in our cozy guest room, where they will feel just as comfortable as you.<\/p>\t\t\t\t\t\t\t\t<\/div>\n\t\t\t\t<\/div>\n\t\t\t\t\t<\/div>\n\t\t<\/div>\n\t\t\t\t<div class=\"elementor-column elementor-col-50 elementor-top-column elementor-element elementor-element-7c4a789f\" data-id=\"7c4a789f\" data-element_type=\"column\" data-settings=\"{&quot;background_background&quot;:&quot;classic&quot;}\">\n\t\t\t<div class=\"elementor-widget-wrap elementor-element-populated\">\n\t\t\t\t\t\t<div class=\"elementor-element elementor-element-6e809e8f elementor-widget elementor-widget-image\" data-id=\"6e809e8f\" data-element_type=\"widget\" data-widget_type=\"image.default\">\n\t\t\t\t<div class=\"elementor-widget-container\">\n\t\t\t\t\t\t\t\t\t\t\t\t\t\t\t<img decoding=\"async\" width=\"800\" height=\"600\" src=\"https:\/\/www.hotel-roessle.de\/cms\/wp-content\/uploads\/2026\/01\/urlaub-mit-hund-02-1024x768.jpg\" class=\"attachment-large size-large wp-image-185071\" alt=\"\" srcset=\"https:\/\/www.hotel-roessle.de\/cms\/wp-content\/uploads\/2026\/01\/urlaub-mit-hund-02-1024x768.jpg 1024w, https:\/\/www.hotel-roessle.de\/cms\/wp-content\/uploads\/2026\/01\/urlaub-mit-hund-02-300x225.jpg 300w, https:\/\/www.hotel-roessle.de\/cms\/wp-content\/uploads\/2026\/01\/urlaub-mit-hund-02.jpg 1200w\" sizes=\"(max-width: 800px) 100vw, 800px\" \/>\t\t\t\t\t\t\t\t\t\t\t\t\t\t\t<\/div>\n\t\t\t\t<\/div>\n\t\t\t\t\t<\/div>\n\t\t<\/div>\n\t\t\t\t\t<\/div>\n\t\t<\/section>\n\t\t\t\t<section class=\"elementor-section elementor-top-section elementor-element elementor-element-2cabf3ba elementor-section-full_width elementor-section-height-default elementor-section-height-default\" data-id=\"2cabf3ba\" data-element_type=\"section\">\n\t\t\t\t\t\t<div class=\"elementor-container elementor-column-gap-default\">\n\t\t\t\t\t<div class=\"elementor-column elementor-col-100 elementor-top-column elementor-element elementor-element-15ed99a1\" data-id=\"15ed99a1\" data-element_type=\"column\">\n\t\t\t<div class=\"elementor-widget-wrap elementor-element-populated\">\n\t\t\t\t\t\t<div class=\"elementor-element elementor-element-28149494 elementor-invisible elementor-widget elementor-widget-heading\" data-id=\"28149494\" data-element_type=\"widget\" data-settings=\"{&quot;_animation&quot;:&quot;fadeInDown&quot;}\" data-widget_type=\"heading.default\">\n\t\t\t\t<div class=\"elementor-widget-container\">\n\t\t\t\t\t<h2 class=\"elementor-heading-title elementor-size-default\">Perfect  walks  in  the  Black  Forest<\/h2>\t\t\t\t<\/div>\n\t\t\t\t<\/div>\n\t\t\t\t<div class=\"elementor-element elementor-element-c1006c7 elementor-widget elementor-widget-heading\" data-id=\"c1006c7\" data-element_type=\"widget\" data-widget_type=\"heading.default\">\n\t\t\t\t<div class=\"elementor-widget-container\">\n\t\t\t\t\t<h3 class=\"elementor-heading-title elementor-size-default\">Right from the doorstep<\/h3>\t\t\t\t<\/div>\n\t\t\t\t<\/div>\n\t\t\t\t<div class=\"elementor-element elementor-element-2c20c36f elementor-widget elementor-widget-spacer\" data-id=\"2c20c36f\" data-element_type=\"widget\" data-widget_type=\"spacer.default\">\n\t\t\t\t<div class=\"elementor-widget-container\">\n\t\t\t\t\t\t\t<div class=\"elementor-spacer\">\n\t\t\t<div class=\"elementor-spacer-inner\"><\/div>\n\t\t<\/div>\n\t\t\t\t\t\t<\/div>\n\t\t\t\t<\/div>\n\t\t\t\t<section class=\"elementor-section elementor-inner-section elementor-element elementor-element-76459465 elementor-section-full_width elementor-section-height-default elementor-section-height-default\" data-id=\"76459465\" data-element_type=\"section\">\n\t\t\t\t\t\t<div class=\"elementor-container elementor-column-gap-default\">\n\t\t\t\t\t<div class=\"elementor-column elementor-col-100 elementor-inner-column elementor-element elementor-element-6bb23756\" data-id=\"6bb23756\" data-element_type=\"column\">\n\t\t\t<div class=\"elementor-widget-wrap elementor-element-populated\">\n\t\t\t\t\t\t<div class=\"elementor-element elementor-element-51e62117 elementor-widget elementor-widget-text-editor\" data-id=\"51e62117\" data-element_type=\"widget\" data-widget_type=\"text-editor.default\">\n\t\t\t\t<div class=\"elementor-widget-container\">\n\t\t\t\t\t\t\t\t\t<p>Long car rides for your next walk? With us, you don&#8217;t have to get in the car! Wonderful walking trails begin right outside the hotel, taking you and your dog on a discovery tour through the idyllic forests of the Black Forest. No more long walks to enjoy the fresh air and nature.<br \/>Immerse yourself in a world of expansive hiking trails that wind through the dense forest and offer breathtaking views. The fresh forest air, the chirping of birds, and the rustling of leaves invite you to unwind.<\/p><p>Whether for a quick morning walk or a long stroll where you can fully absorb the peace and magic of the Black Forest \u2013 here you will find the perfect environment to breathe deeply with your dog and enjoy freedom to the fullest.<\/p>\t\t\t\t\t\t\t\t<\/div>\n\t\t\t\t<\/div>\n\t\t\t\t<div class=\"elementor-element elementor-element-197979f0 elementor-widget elementor-widget-heading\" data-id=\"197979f0\" data-element_type=\"widget\" data-widget_type=\"heading.default\">\n\t\t\t\t<div class=\"elementor-widget-container\">\n\t\t\t\t\t<div class=\"elementor-heading-title elementor-size-default\">Whether  you  start  the  day  with  a  short  walk  or  plan  a  longer  hike,  with  us  the  adventure  begins  right  outside  our  door.<\/div>\t\t\t\t<\/div>\n\t\t\t\t<\/div>\n\t\t\t\t\t<\/div>\n\t\t<\/div>\n\t\t\t\t\t<\/div>\n\t\t<\/section>\n\t\t\t\t\t<\/div>\n\t\t<\/div>\n\t\t\t\t\t<\/div>\n\t\t<\/section>\n\t\t\t\t<section class=\"elementor-section elementor-top-section elementor-element elementor-element-79f7acaf elementor-section-full_width elementor-reverse-tablet elementor-reverse-mobile elementor-section-height-default elementor-section-height-default\" data-id=\"79f7acaf\" data-element_type=\"section\" data-settings=\"{&quot;background_background&quot;:&quot;classic&quot;}\">\n\t\t\t\t\t\t<div class=\"elementor-container elementor-column-gap-default\">\n\t\t\t\t\t<div class=\"elementor-column elementor-col-100 elementor-top-column elementor-element elementor-element-6efe07e8\" data-id=\"6efe07e8\" data-element_type=\"column\" data-settings=\"{&quot;background_background&quot;:&quot;classic&quot;}\">\n\t\t\t<div class=\"elementor-widget-wrap elementor-element-populated\">\n\t\t\t\t\t\t<div class=\"elementor-element elementor-element-2ea074d3 elementor-widget elementor-widget-gallery\" data-id=\"2ea074d3\" data-element_type=\"widget\" data-settings=\"{&quot;columns&quot;:3,&quot;columns_tablet&quot;:3,&quot;gap&quot;:{&quot;unit&quot;:&quot;px&quot;,&quot;size&quot;:0,&quot;sizes&quot;:[]},&quot;gap_tablet&quot;:{&quot;unit&quot;:&quot;px&quot;,&quot;size&quot;:0,&quot;sizes&quot;:[]},&quot;gap_mobile&quot;:{&quot;unit&quot;:&quot;px&quot;,&quot;size&quot;:0,&quot;sizes&quot;:[]},&quot;lazyload&quot;:&quot;yes&quot;,&quot;gallery_layout&quot;:&quot;grid&quot;,&quot;columns_mobile&quot;:1,&quot;link_to&quot;:&quot;file&quot;,&quot;aspect_ratio&quot;:&quot;3:2&quot;,&quot;overlay_background&quot;:&quot;yes&quot;,&quot;content_hover_animation&quot;:&quot;fade-in&quot;}\" data-widget_type=\"gallery.default\">\n\t\t\t\t<div class=\"elementor-widget-container\">\n\t\t\t\t\t\t\t<div class=\"elementor-gallery__container\">\n\t\t\t\t\t\t\t<a class=\"e-gallery-item elementor-gallery-item elementor-animated-content\" href=\"https:\/\/www.hotel-roessle.de\/cms\/wp-content\/uploads\/2026\/01\/urlaub-mit-hund-03.jpg\" data-elementor-open-lightbox=\"yes\" data-elementor-lightbox-slideshow=\"2ea074d3\" data-e-action-hash=\"#elementor-action%3Aaction%3Dlightbox%26settings%3DeyJpZCI6MTg1MDc0LCJ1cmwiOiJodHRwczpcL1wvd3d3LmhvdGVsLXJvZXNzbGUuZGVcL2Ntc1wvd3AtY29udGVudFwvdXBsb2Fkc1wvMjAyNlwvMDFcL3VybGF1Yi1taXQtaHVuZC0wMy5qcGciLCJzbGlkZXNob3ciOiIyZWEwNzRkMyJ9\">\n\t\t\t\t\t<div class=\"e-gallery-image elementor-gallery-item__image\" data-thumbnail=\"https:\/\/www.hotel-roessle.de\/cms\/wp-content\/uploads\/2026\/01\/urlaub-mit-hund-03.jpg\" data-width=\"800\" data-height=\"800\" aria-label=\"\" role=\"img\" ><\/div>\n\t\t\t\t\t\t\t\t\t\t\t<div class=\"elementor-gallery-item__overlay\"><\/div>\n\t\t\t\t\t\t\t\t\t\t\t\t\t\t<\/a>\n\t\t\t\t\t\t\t<a class=\"e-gallery-item elementor-gallery-item elementor-animated-content\" href=\"https:\/\/www.hotel-roessle.de\/cms\/wp-content\/uploads\/2026\/01\/urlaub-mit-hund-04.jpg\" data-elementor-open-lightbox=\"yes\" data-elementor-lightbox-slideshow=\"2ea074d3\" data-e-action-hash=\"#elementor-action%3Aaction%3Dlightbox%26settings%3DeyJpZCI6MTg1MDc3LCJ1cmwiOiJodHRwczpcL1wvd3d3LmhvdGVsLXJvZXNzbGUuZGVcL2Ntc1wvd3AtY29udGVudFwvdXBsb2Fkc1wvMjAyNlwvMDFcL3VybGF1Yi1taXQtaHVuZC0wNC5qcGciLCJzbGlkZXNob3ciOiIyZWEwNzRkMyJ9\">\n\t\t\t\t\t<div class=\"e-gallery-image elementor-gallery-item__image\" data-thumbnail=\"https:\/\/www.hotel-roessle.de\/cms\/wp-content\/uploads\/2026\/01\/urlaub-mit-hund-04.jpg\" data-width=\"800\" data-height=\"800\" aria-label=\"\" role=\"img\" ><\/div>\n\t\t\t\t\t\t\t\t\t\t\t<div class=\"elementor-gallery-item__overlay\"><\/div>\n\t\t\t\t\t\t\t\t\t\t\t\t\t\t<\/a>\n\t\t\t\t\t\t\t<a class=\"e-gallery-item elementor-gallery-item elementor-animated-content\" href=\"https:\/\/www.hotel-roessle.de\/cms\/wp-content\/uploads\/2026\/01\/urlaub-mit-hund-05.jpg\" data-elementor-open-lightbox=\"yes\" data-elementor-lightbox-slideshow=\"2ea074d3\" data-e-action-hash=\"#elementor-action%3Aaction%3Dlightbox%26settings%3DeyJpZCI6MTg1MDgwLCJ1cmwiOiJodHRwczpcL1wvd3d3LmhvdGVsLXJvZXNzbGUuZGVcL2Ntc1wvd3AtY29udGVudFwvdXBsb2Fkc1wvMjAyNlwvMDFcL3VybGF1Yi1taXQtaHVuZC0wNS5qcGciLCJzbGlkZXNob3ciOiIyZWEwNzRkMyJ9\">\n\t\t\t\t\t<div class=\"e-gallery-image elementor-gallery-item__image\" data-thumbnail=\"https:\/\/www.hotel-roessle.de\/cms\/wp-content\/uploads\/2026\/01\/urlaub-mit-hund-05.jpg\" data-width=\"800\" data-height=\"800\" aria-label=\"\" role=\"img\" ><\/div>\n\t\t\t\t\t\t\t\t\t\t\t<div class=\"elementor-gallery-item__overlay\"><\/div>\n\t\t\t\t\t\t\t\t\t\t\t\t\t\t<\/a>\n\t\t\t\t\t<\/div>\n\t\t\t\t\t<\/div>\n\t\t\t\t<\/div>\n\t\t\t\t\t<\/div>\n\t\t<\/div>\n\t\t\t\t\t<\/div>\n\t\t<\/section>\n\t\t\t\t<\/div>\n\t\t","protected":false},"excerpt":{"rendered":"<p>Holiday with dog in the Black Forest We love animals \u2013 and your dog especially. We welcome up to two dogs per room. We have extra comfortable rooms for your furry friends, so they can enjoy the Black Forest just as much as you do. Holidays for two &#8211; and four paws! To ensure we [&hellip;]<\/p>\n","protected":false},"author":1,"featured_media":0,"parent":1424,"menu_order":14,"comment_status":"closed","ping_status":"closed","template":"","meta":{"_acf_changed":false,"_glsr_average":0,"_glsr_ranking":0,"_glsr_reviews":0,"footnotes":""},"class_list":["post-185061","page","type-page","status-publish","hentry"],"acf":[],"yoast_head":"<!-- This site is optimized with the Yoast SEO plugin v26.6 - https:\/\/yoast.com\/wordpress\/plugins\/seo\/ -->\n<title>Holiday with dog - 4* Hotel Schwarzwald-Resort R\u00f6\u00dfle Todtmoos<\/title>\n<meta name=\"robots\" content=\"index, follow, max-snippet:-1, max-image-preview:large, max-video-preview:-1\" \/>\n<link rel=\"canonical\" href=\"https:\/\/www.hotel-roessle.de\/en\/welcome\/holiday-with-dog\/\" \/>\n<meta property=\"og:locale\" content=\"en_US\" \/>\n<meta property=\"og:type\" content=\"article\" \/>\n<meta property=\"og:title\" content=\"Holiday with dog - 4* Hotel Schwarzwald-Resort R\u00f6\u00dfle Todtmoos\" \/>\n<meta property=\"og:description\" content=\"Holiday with dog in the Black Forest We love animals \u2013 and your dog especially. We welcome up to two dogs per room. We have extra comfortable rooms for your furry friends, so they can enjoy the Black Forest just as much as you do. Holidays for two &#8211; and four paws! To ensure we [&hellip;]\" \/>\n<meta property=\"og:url\" content=\"https:\/\/www.hotel-roessle.de\/en\/welcome\/holiday-with-dog\/\" \/>\n<meta property=\"og:site_name\" content=\"4* Hotel Schwarzwald-Resort R\u00f6\u00dfle Todtmoos\" \/>\n<meta property=\"article:modified_time\" content=\"2026-01-02T15:02:06+00:00\" \/>\n<meta property=\"og:image\" content=\"https:\/\/www.hotel-roessle.de\/cms\/wp-content\/uploads\/2026\/01\/urlaub-mit-hund-01.jpg\" \/>\n\t<meta property=\"og:image:width\" content=\"1200\" \/>\n\t<meta property=\"og:image:height\" content=\"900\" \/>\n\t<meta property=\"og:image:type\" content=\"image\/jpeg\" \/>\n<meta name=\"twitter:card\" content=\"summary_large_image\" \/>\n<meta name=\"twitter:label1\" content=\"Est. reading time\" \/>\n\t<meta name=\"twitter:data1\" content=\"2 minutes\" \/>\n<script type=\"application\/ld+json\" class=\"yoast-schema-graph\">{\"@context\":\"https:\/\/schema.org\",\"@graph\":[{\"@type\":\"WebPage\",\"@id\":\"https:\/\/www.hotel-roessle.de\/en\/welcome\/holiday-with-dog\/\",\"url\":\"https:\/\/www.hotel-roessle.de\/en\/welcome\/holiday-with-dog\/\",\"name\":\"Holiday with dog - 4* Hotel Schwarzwald-Resort R\u00f6\u00dfle Todtmoos\",\"isPartOf\":{\"@id\":\"https:\/\/www.hotel-roessle.de\/#website\"},\"primaryImageOfPage\":{\"@id\":\"https:\/\/www.hotel-roessle.de\/en\/welcome\/holiday-with-dog\/#primaryimage\"},\"image\":{\"@id\":\"https:\/\/www.hotel-roessle.de\/en\/welcome\/holiday-with-dog\/#primaryimage\"},\"thumbnailUrl\":\"https:\/\/www.hotel-roessle.de\/cms\/wp-content\/uploads\/2026\/01\/urlaub-mit-hund-01-1024x768.jpg\",\"datePublished\":\"2026-01-02T13:48:05+00:00\",\"dateModified\":\"2026-01-02T15:02:06+00:00\",\"breadcrumb\":{\"@id\":\"https:\/\/www.hotel-roessle.de\/en\/welcome\/holiday-with-dog\/#breadcrumb\"},\"inLanguage\":\"en-US\",\"potentialAction\":[{\"@type\":\"ReadAction\",\"target\":[\"https:\/\/www.hotel-roessle.de\/en\/welcome\/holiday-with-dog\/\"]}]},{\"@type\":\"ImageObject\",\"inLanguage\":\"en-US\",\"@id\":\"https:\/\/www.hotel-roessle.de\/en\/welcome\/holiday-with-dog\/#primaryimage\",\"url\":\"https:\/\/www.hotel-roessle.de\/cms\/wp-content\/uploads\/2026\/01\/urlaub-mit-hund-01-1024x768.jpg\",\"contentUrl\":\"https:\/\/www.hotel-roessle.de\/cms\/wp-content\/uploads\/2026\/01\/urlaub-mit-hund-01-1024x768.jpg\"},{\"@type\":\"BreadcrumbList\",\"@id\":\"https:\/\/www.hotel-roessle.de\/en\/welcome\/holiday-with-dog\/#breadcrumb\",\"itemListElement\":[{\"@type\":\"ListItem\",\"position\":1,\"name\":\"Startseite\",\"item\":\"https:\/\/www.hotel-roessle.de\/en\/\"},{\"@type\":\"ListItem\",\"position\":2,\"name\":\"Welcome\",\"item\":\"https:\/\/www.hotel-roessle.de\/en\/\"},{\"@type\":\"ListItem\",\"position\":3,\"name\":\"Holiday with dog\"}]},{\"@type\":\"WebSite\",\"@id\":\"https:\/\/www.hotel-roessle.de\/#website\",\"url\":\"https:\/\/www.hotel-roessle.de\/\",\"name\":\"4* Hotel Schwarzwald-Resort R\u00f6\u00dfle Todtmoos\",\"description\":\"Familiengef\u00fchrtes Vier Sterne Superior Hotel in Todtmoos\/Schwarzwald\",\"publisher\":{\"@id\":\"https:\/\/www.hotel-roessle.de\/#organization\"},\"potentialAction\":[{\"@type\":\"SearchAction\",\"target\":{\"@type\":\"EntryPoint\",\"urlTemplate\":\"https:\/\/www.hotel-roessle.de\/?s={search_term_string}\"},\"query-input\":{\"@type\":\"PropertyValueSpecification\",\"valueRequired\":true,\"valueName\":\"search_term_string\"}}],\"inLanguage\":\"en-US\"},{\"@type\":\"Organization\",\"@id\":\"https:\/\/www.hotel-roessle.de\/#organization\",\"name\":\"4* Hotel Schwarzwald-Resort R\u00f6\u00dfle Todtmoos\",\"url\":\"https:\/\/www.hotel-roessle.de\/\",\"logo\":{\"@type\":\"ImageObject\",\"inLanguage\":\"en-US\",\"@id\":\"https:\/\/www.hotel-roessle.de\/#\/schema\/logo\/image\/\",\"url\":\"https:\/\/www.hotel-roessle.de\/cms\/wp-content\/uploads\/2025\/04\/header-logo.jpg\",\"contentUrl\":\"https:\/\/www.hotel-roessle.de\/cms\/wp-content\/uploads\/2025\/04\/header-logo.jpg\",\"width\":400,\"height\":186,\"caption\":\"4* Hotel Schwarzwald-Resort R\u00f6\u00dfle Todtmoos\"},\"image\":{\"@id\":\"https:\/\/www.hotel-roessle.de\/#\/schema\/logo\/image\/\"}}]}<\/script>\n<!-- \/ Yoast SEO plugin. -->","yoast_head_json":{"title":"Holiday with dog - 4* Hotel Schwarzwald-Resort R\u00f6\u00dfle Todtmoos","robots":{"index":"index","follow":"follow","max-snippet":"max-snippet:-1","max-image-preview":"max-image-preview:large","max-video-preview":"max-video-preview:-1"},"canonical":"https:\/\/www.hotel-roessle.de\/en\/welcome\/holiday-with-dog\/","og_locale":"en_US","og_type":"article","og_title":"Holiday with dog - 4* Hotel Schwarzwald-Resort R\u00f6\u00dfle Todtmoos","og_description":"Holiday with dog in the Black Forest We love animals \u2013 and your dog especially. We welcome up to two dogs per room. We have extra comfortable rooms for your furry friends, so they can enjoy the Black Forest just as much as you do. Holidays for two &#8211; and four paws! To ensure we [&hellip;]","og_url":"https:\/\/www.hotel-roessle.de\/en\/welcome\/holiday-with-dog\/","og_site_name":"4* Hotel Schwarzwald-Resort R\u00f6\u00dfle Todtmoos","article_modified_time":"2026-01-02T15:02:06+00:00","og_image":[{"width":1200,"height":900,"url":"https:\/\/www.hotel-roessle.de\/cms\/wp-content\/uploads\/2026\/01\/urlaub-mit-hund-01.jpg","type":"image\/jpeg"}],"twitter_card":"summary_large_image","twitter_misc":{"Est. reading time":"2 minutes"},"schema":{"@context":"https:\/\/schema.org","@graph":[{"@type":"WebPage","@id":"https:\/\/www.hotel-roessle.de\/en\/welcome\/holiday-with-dog\/","url":"https:\/\/www.hotel-roessle.de\/en\/welcome\/holiday-with-dog\/","name":"Holiday with dog - 4* Hotel Schwarzwald-Resort R\u00f6\u00dfle Todtmoos","isPartOf":{"@id":"https:\/\/www.hotel-roessle.de\/#website"},"primaryImageOfPage":{"@id":"https:\/\/www.hotel-roessle.de\/en\/welcome\/holiday-with-dog\/#primaryimage"},"image":{"@id":"https:\/\/www.hotel-roessle.de\/en\/welcome\/holiday-with-dog\/#primaryimage"},"thumbnailUrl":"https:\/\/www.hotel-roessle.de\/cms\/wp-content\/uploads\/2026\/01\/urlaub-mit-hund-01-1024x768.jpg","datePublished":"2026-01-02T13:48:05+00:00","dateModified":"2026-01-02T15:02:06+00:00","breadcrumb":{"@id":"https:\/\/www.hotel-roessle.de\/en\/welcome\/holiday-with-dog\/#breadcrumb"},"inLanguage":"en-US","potentialAction":[{"@type":"ReadAction","target":["https:\/\/www.hotel-roessle.de\/en\/welcome\/holiday-with-dog\/"]}]},{"@type":"ImageObject","inLanguage":"en-US","@id":"https:\/\/www.hotel-roessle.de\/en\/welcome\/holiday-with-dog\/#primaryimage","url":"https:\/\/www.hotel-roessle.de\/cms\/wp-content\/uploads\/2026\/01\/urlaub-mit-hund-01-1024x768.jpg","contentUrl":"https:\/\/www.hotel-roessle.de\/cms\/wp-content\/uploads\/2026\/01\/urlaub-mit-hund-01-1024x768.jpg"},{"@type":"BreadcrumbList","@id":"https:\/\/www.hotel-roessle.de\/en\/welcome\/holiday-with-dog\/#breadcrumb","itemListElement":[{"@type":"ListItem","position":1,"name":"Startseite","item":"https:\/\/www.hotel-roessle.de\/en\/"},{"@type":"ListItem","position":2,"name":"Welcome","item":"https:\/\/www.hotel-roessle.de\/en\/"},{"@type":"ListItem","position":3,"name":"Holiday with dog"}]},{"@type":"WebSite","@id":"https:\/\/www.hotel-roessle.de\/#website","url":"https:\/\/www.hotel-roessle.de\/","name":"4* Hotel Schwarzwald-Resort R\u00f6\u00dfle Todtmoos","description":"Familiengef\u00fchrtes Vier Sterne Superior Hotel in Todtmoos\/Schwarzwald","publisher":{"@id":"https:\/\/www.hotel-roessle.de\/#organization"},"potentialAction":[{"@type":"SearchAction","target":{"@type":"EntryPoint","urlTemplate":"https:\/\/www.hotel-roessle.de\/?s={search_term_string}"},"query-input":{"@type":"PropertyValueSpecification","valueRequired":true,"valueName":"search_term_string"}}],"inLanguage":"en-US"},{"@type":"Organization","@id":"https:\/\/www.hotel-roessle.de\/#organization","name":"4* Hotel Schwarzwald-Resort R\u00f6\u00dfle Todtmoos","url":"https:\/\/www.hotel-roessle.de\/","logo":{"@type":"ImageObject","inLanguage":"en-US","@id":"https:\/\/www.hotel-roessle.de\/#\/schema\/logo\/image\/","url":"https:\/\/www.hotel-roessle.de\/cms\/wp-content\/uploads\/2025\/04\/header-logo.jpg","contentUrl":"https:\/\/www.hotel-roessle.de\/cms\/wp-content\/uploads\/2025\/04\/header-logo.jpg","width":400,"height":186,"caption":"4* Hotel Schwarzwald-Resort R\u00f6\u00dfle Todtmoos"},"image":{"@id":"https:\/\/www.hotel-roessle.de\/#\/schema\/logo\/image\/"}}]}},"_links":{"self":[{"href":"https:\/\/www.hotel-roessle.de\/en\/wp-json\/wp\/v2\/pages\/185061","targetHints":{"allow":["GET"]}}],"collection":[{"href":"https:\/\/www.hotel-roessle.de\/en\/wp-json\/wp\/v2\/pages"}],"about":[{"href":"https:\/\/www.hotel-roessle.de\/en\/wp-json\/wp\/v2\/types\/page"}],"author":[{"embeddable":true,"href":"https:\/\/www.hotel-roessle.de\/en\/wp-json\/wp\/v2\/users\/1"}],"replies":[{"embeddable":true,"href":"https:\/\/www.hotel-roessle.de\/en\/wp-json\/wp\/v2\/comments?post=185061"}],"version-history":[{"count":0,"href":"https:\/\/www.hotel-roessle.de\/en\/wp-json\/wp\/v2\/pages\/185061\/revisions"}],"up":[{"embeddable":true,"href":"https:\/\/www.hotel-roessle.de\/en\/wp-json\/wp\/v2\/pages\/1424"}],"wp:attachment":[{"href":"https:\/\/www.hotel-roessle.de\/en\/wp-json\/wp\/v2\/media?parent=185061"}],"curies":[{"name":"wp","href":"https:\/\/api.w.org\/{rel}","templated":true}]}}