{"id":155986,"date":"2025-05-28T23:48:49","date_gmt":"2025-05-28T21:48:49","guid":{"rendered":"https:\/\/www.lebenswerk.international\/?page_id=155986"},"modified":"2026-04-01T08:17:00","modified_gmt":"2026-04-01T06:17:00","slug":"the-menu","status":"publish","type":"page","link":"https:\/\/www.hotel-roessle.de\/en\/restaurant\/the-menu\/","title":{"rendered":"The menu"},"content":{"rendered":"\t\t<div data-elementor-type=\"wp-page\" data-elementor-id=\"155986\" class=\"elementor elementor-155986 elementor-155971\" data-elementor-post-type=\"page\">\n\t\t\t\t\t\t<section class=\"elementor-section elementor-top-section elementor-element elementor-element-a5f8870 elementor-section-full_width elementor-reverse-mobile elementor-section-height-default elementor-section-height-default\" data-id=\"a5f8870\" data-element_type=\"section\">\n\t\t\t\t\t\t<div class=\"elementor-container elementor-column-gap-default\">\n\t\t\t\t\t<div class=\"elementor-column elementor-col-50 elementor-top-column elementor-element elementor-element-ca3898b\" data-id=\"ca3898b\" data-element_type=\"column\" data-settings=\"{&quot;background_background&quot;:&quot;classic&quot;}\">\n\t\t\t<div class=\"elementor-widget-wrap elementor-element-populated\">\n\t\t\t\t\t\t<div class=\"elementor-element elementor-element-a79c296 elementor-widget elementor-widget-spacer\" data-id=\"a79c296\" data-element_type=\"widget\" data-widget_type=\"spacer.default\">\n\t\t\t\t<div class=\"elementor-widget-container\">\n\t\t\t\t\t\t\t<div class=\"elementor-spacer\">\n\t\t\t<div class=\"elementor-spacer-inner\"><\/div>\n\t\t<\/div>\n\t\t\t\t\t\t<\/div>\n\t\t\t\t<\/div>\n\t\t\t\t\t<\/div>\n\t\t<\/div>\n\t\t\t\t<div class=\"elementor-column elementor-col-50 elementor-top-column elementor-element elementor-element-3d2bcbf\" data-id=\"3d2bcbf\" data-element_type=\"column\" data-settings=\"{&quot;background_background&quot;:&quot;classic&quot;}\">\n\t\t\t<div class=\"elementor-widget-wrap elementor-element-populated\">\n\t\t\t\t\t\t<div class=\"elementor-element elementor-element-47a1f8c elementor-invisible elementor-widget elementor-widget-heading\" data-id=\"47a1f8c\" data-element_type=\"widget\" data-settings=\"{&quot;_animation&quot;:&quot;fadeInDown&quot;}\" data-widget_type=\"heading.default\">\n\t\t\t\t<div class=\"elementor-widget-container\">\n\t\t\t\t\t<h1 class=\"elementor-heading-title elementor-size-default\">The menu<\/h1>\t\t\t\t<\/div>\n\t\t\t\t<\/div>\n\t\t\t\t<div class=\"elementor-element elementor-element-0dbdfae elementor-widget elementor-widget-text-editor\" data-id=\"0dbdfae\" data-element_type=\"widget\" data-widget_type=\"text-editor.default\">\n\t\t\t\t<div class=\"elementor-widget-container\">\n\t\t\t\t\t\t\t\t\t<p>Discover the culinary diversity at the Hotel Schwarzwald Resort R\u00f6\u00dfle! Our menu offers a selection of regional specialties, freshly prepared dishes, and seasonal delicacies. Whether hearty Black Forest classics, fine vegetarian creations, or sweet desserts \u2013 we have something for every taste. Enjoy high-quality ingredients, fresh, local produce, and a unique taste experience in a cozy atmosphere. We look forward to welcoming you!<\/p>\t\t\t\t\t\t\t\t<\/div>\n\t\t\t\t<\/div>\n\t\t\t\t<div class=\"elementor-element elementor-element-a80f4f6 elementor-widget__width-auto elementor-widget elementor-widget-button\" data-id=\"a80f4f6\" data-element_type=\"widget\" data-widget_type=\"button.default\">\n\t\t\t\t<div class=\"elementor-widget-container\">\n\t\t\t\t\t\t\t\t\t<div class=\"elementor-button-wrapper\">\n\t\t\t\t\t<a class=\"elementor-button elementor-button-link elementor-size-sm\" href=\"#book-a-table\">\n\t\t\t\t\t\t<span class=\"elementor-button-content-wrapper\">\n\t\t\t\t\t\t<span class=\"elementor-button-icon\">\n\t\t\t\t<svg aria-hidden=\"true\" class=\"e-font-icon-svg e-fas-arrow-down\" viewBox=\"0 0 448 512\" xmlns=\"http:\/\/www.w3.org\/2000\/svg\"><path d=\"M413.1 222.5l22.2 22.2c9.4 9.4 9.4 24.6 0 33.9L241 473c-9.4 9.4-24.6 9.4-33.9 0L12.7 278.6c-9.4-9.4-9.4-24.6 0-33.9l22.2-22.2c9.5-9.5 25-9.3 34.3.4L184 343.4V56c0-13.3 10.7-24 24-24h32c13.3 0 24 10.7 24 24v287.4l114.8-120.5c9.3-9.8 24.8-10 34.3-.4z\"><\/path><\/svg>\t\t\t<\/span>\n\t\t\t\t\t\t\t\t\t<span class=\"elementor-button-text\">Book a table now<\/span>\n\t\t\t\t\t<\/span>\n\t\t\t\t\t<\/a>\n\t\t\t\t<\/div>\n\t\t\t\t\t\t\t\t<\/div>\n\t\t\t\t<\/div>\n\t\t\t\t\t<\/div>\n\t\t<\/div>\n\t\t\t\t\t<\/div>\n\t\t<\/section>\n\t\t\t\t<section class=\"elementor-section elementor-top-section elementor-element elementor-element-0a3c544 elementor-section-full_width elementor-section-height-default elementor-section-height-default\" data-id=\"0a3c544\" data-element_type=\"section\">\n\t\t\t\t\t\t<div class=\"elementor-container elementor-column-gap-default\">\n\t\t\t\t\t<div class=\"elementor-column elementor-col-100 elementor-top-column elementor-element elementor-element-dd5f01c\" data-id=\"dd5f01c\" data-element_type=\"column\">\n\t\t\t<div class=\"elementor-widget-wrap elementor-element-populated\">\n\t\t\t\t\t\t<section class=\"elementor-section elementor-inner-section elementor-element elementor-element-f9a7871 elementor-section-full_width elementor-section-height-default elementor-section-height-default\" data-id=\"f9a7871\" data-element_type=\"section\">\n\t\t\t\t\t\t<div class=\"elementor-container elementor-column-gap-default\">\n\t\t\t\t\t<div class=\"elementor-column elementor-col-100 elementor-inner-column elementor-element elementor-element-fe75bf7\" data-id=\"fe75bf7\" data-element_type=\"column\">\n\t\t\t<div class=\"elementor-widget-wrap elementor-element-populated\">\n\t\t\t\t\t\t<div class=\"elementor-element elementor-element-92737a4 elementor-invisible elementor-widget elementor-widget-heading\" data-id=\"92737a4\" data-element_type=\"widget\" data-settings=\"{&quot;_animation&quot;:&quot;fadeInDown&quot;}\" data-widget_type=\"heading.default\">\n\t\t\t\t<div class=\"elementor-widget-container\">\n\t\t\t\t\t<h2 class=\"elementor-heading-title elementor-size-default\">The menu\n<\/h2>\t\t\t\t<\/div>\n\t\t\t\t<\/div>\n\t\t\t\t<div class=\"elementor-element elementor-element-d852f0c elementor-widget elementor-widget-heading\" data-id=\"d852f0c\" data-element_type=\"widget\" data-widget_type=\"heading.default\">\n\t\t\t\t<div class=\"elementor-widget-container\">\n\t\t\t\t\t<div class=\"elementor-heading-title elementor-size-default\"> Take  a  look  at  our  current  menu  and  let  yourself  be  inspired:<\/div>\t\t\t\t<\/div>\n\t\t\t\t<\/div>\n\t\t\t\t<div class=\"elementor-element elementor-element-6ceb155 elementor-widget__width-inherit elementor-align-center elementor-widget elementor-widget-button\" data-id=\"6ceb155\" data-element_type=\"widget\" data-widget_type=\"button.default\">\n\t\t\t\t<div class=\"elementor-widget-container\">\n\t\t\t\t\t\t\t\t\t<div class=\"elementor-button-wrapper\">\n\t\t\t\t\t<a class=\"elementor-button elementor-button-link elementor-size-sm\" href=\"https:\/\/www.hotel-roessle.de\/cms\/wp-content\/uploads\/2026\/04\/Speisekarte-ab-April-2026-Englisch.pdf\" target=\"_blank\">\n\t\t\t\t\t\t<span class=\"elementor-button-content-wrapper\">\n\t\t\t\t\t\t<span class=\"elementor-button-icon\">\n\t\t\t\t<svg aria-hidden=\"true\" class=\"e-font-icon-svg e-fas-file-pdf\" viewBox=\"0 0 384 512\" xmlns=\"http:\/\/www.w3.org\/2000\/svg\"><path d=\"M181.9 256.1c-5-16-4.9-46.9-2-46.9 8.4 0 7.6 36.9 2 46.9zm-1.7 47.2c-7.7 20.2-17.3 43.3-28.4 62.7 18.3-7 39-17.2 62.9-21.9-12.7-9.6-24.9-23.4-34.5-40.8zM86.1 428.1c0 .8 13.2-5.4 34.9-40.2-6.7 6.3-29.1 24.5-34.9 40.2zM248 160h136v328c0 13.3-10.7 24-24 24H24c-13.3 0-24-10.7-24-24V24C0 10.7 10.7 0 24 0h200v136c0 13.2 10.8 24 24 24zm-8 171.8c-20-12.2-33.3-29-42.7-53.8 4.5-18.5 11.6-46.6 6.2-64.2-4.7-29.4-42.4-26.5-47.8-6.8-5 18.3-.4 44.1 8.1 77-11.6 27.6-28.7 64.6-40.8 85.8-.1 0-.1.1-.2.1-27.1 13.9-73.6 44.5-54.5 68 5.6 6.9 16 10 21.5 10 17.9 0 35.7-18 61.1-61.8 25.8-8.5 54.1-19.1 79-23.2 21.7 11.8 47.1 19.5 64 19.5 29.2 0 31.2-32 19.7-43.4-13.9-13.6-54.3-9.7-73.6-7.2zM377 105L279 7c-4.5-4.5-10.6-7-17-7h-6v128h128v-6.1c0-6.3-2.5-12.4-7-16.9zm-74.1 255.3c4.1-2.7-2.5-11.9-42.8-9 37.1 15.8 42.8 9 42.8 9z\"><\/path><\/svg>\t\t\t<\/span>\n\t\t\t\t\t\t\t\t\t<span class=\"elementor-button-text\">Download menu<\/span>\n\t\t\t\t\t<\/span>\n\t\t\t\t\t<\/a>\n\t\t\t\t<\/div>\n\t\t\t\t\t\t\t\t<\/div>\n\t\t\t\t<\/div>\n\t\t\t\t\t<\/div>\n\t\t<\/div>\n\t\t\t\t\t<\/div>\n\t\t<\/section>\n\t\t\t\t<div class=\"elementor-element elementor-element-328b0da elementor-widget elementor-widget-spacer\" data-id=\"328b0da\" data-element_type=\"widget\" data-widget_type=\"spacer.default\">\n\t\t\t\t<div class=\"elementor-widget-container\">\n\t\t\t\t\t\t\t<div class=\"elementor-spacer\">\n\t\t\t<div class=\"elementor-spacer-inner\"><\/div>\n\t\t<\/div>\n\t\t\t\t\t\t<\/div>\n\t\t\t\t<\/div>\n\t\t\t\t<section class=\"elementor-section elementor-inner-section elementor-element elementor-element-71adafe elementor-section-boxed elementor-section-height-default elementor-section-height-default\" data-id=\"71adafe\" data-element_type=\"section\">\n\t\t\t\t\t\t<div class=\"elementor-container elementor-column-gap-default\">\n\t\t\t\t\t<div class=\"elementor-column elementor-col-100 elementor-inner-column elementor-element elementor-element-4873bf4\" data-id=\"4873bf4\" data-element_type=\"column\">\n\t\t\t<div class=\"elementor-widget-wrap elementor-element-populated\">\n\t\t\t\t\t\t<div class=\"elementor-element elementor-element-c325b15 elementor-widget elementor-widget-text-editor\" data-id=\"c325b15\" data-element_type=\"widget\" data-widget_type=\"text-editor.default\">\n\t\t\t\t<div class=\"elementor-widget-container\">\n\t\t\t\t\t\t\t\t\t<p>In addition to our \u00e0 la carte menu, we offer our guests a daily changing dinner menu prepared with fresh, seasonal ingredients. Let our creative 5 course menus surprise you and enjoy a varied selection of starters, main courses, and desserts. Our kitchen team places particular emphasis on regional products and lovingly compiled menus for a truly unique culinary experience.<\/p>\t\t\t\t\t\t\t\t<\/div>\n\t\t\t\t<\/div>\n\t\t\t\t<div class=\"elementor-element elementor-element-1c72133 elementor-widget elementor-widget-menu-anchor\" data-id=\"1c72133\" data-element_type=\"widget\" data-widget_type=\"menu-anchor.default\">\n\t\t\t\t<div class=\"elementor-widget-container\">\n\t\t\t\t\t\t\t<div class=\"elementor-menu-anchor\" id=\"book-a-table\"><\/div>\n\t\t\t\t\t\t<\/div>\n\t\t\t\t<\/div>\n\t\t\t\t\t<\/div>\n\t\t<\/div>\n\t\t\t\t\t<\/div>\n\t\t<\/section>\n\t\t\t\t\t<\/div>\n\t\t<\/div>\n\t\t\t\t\t<\/div>\n\t\t<\/section>\n\t\t\t\t<section class=\"elementor-section elementor-top-section elementor-element elementor-element-e023573 elementor-section-full_width elementor-section-height-default elementor-section-height-default\" data-id=\"e023573\" data-element_type=\"section\" data-settings=\"{&quot;background_background&quot;:&quot;classic&quot;}\">\n\t\t\t\t\t\t<div class=\"elementor-container elementor-column-gap-default\">\n\t\t\t\t\t<div class=\"elementor-column elementor-col-100 elementor-top-column elementor-element elementor-element-02f2c9d\" data-id=\"02f2c9d\" data-element_type=\"column\">\n\t\t\t<div class=\"elementor-widget-wrap elementor-element-populated\">\n\t\t\t\t\t\t<div class=\"elementor-element elementor-element-83504fb elementor-invisible elementor-widget elementor-widget-heading\" data-id=\"83504fb\" data-element_type=\"widget\" data-settings=\"{&quot;_animation&quot;:&quot;fadeInDown&quot;}\" data-widget_type=\"heading.default\">\n\t\t\t\t<div class=\"elementor-widget-container\">\n\t\t\t\t\t<h2 class=\"elementor-heading-title elementor-size-default\">Book a table<\/h2>\t\t\t\t<\/div>\n\t\t\t\t<\/div>\n\t\t\t\t<div class=\"elementor-element elementor-element-abd83e5 elementor-widget elementor-widget-shortcode\" data-id=\"abd83e5\" data-element_type=\"widget\" data-widget_type=\"shortcode.default\">\n\t\t\t\t<div class=\"elementor-widget-container\">\n\t\t\t\t\t\t\t<div class=\"elementor-shortcode\">\n<div class=\"wpcf7 no-js\" id=\"wpcf7-f179887-o1\" lang=\"en-US\" dir=\"ltr\" data-wpcf7-id=\"179887\">\n<div class=\"screen-reader-response\"><p role=\"status\" aria-live=\"polite\" aria-atomic=\"true\"><\/p> <ul><\/ul><\/div>\n<form action=\"\/en\/wp-json\/wp\/v2\/pages\/155986#wpcf7-f179887-o1\" method=\"post\" class=\"wpcf7-form init\" aria-label=\"Contact form\" novalidate=\"novalidate\" data-status=\"init\">\n<fieldset class=\"hidden-fields-container\"><input type=\"hidden\" name=\"_wpcf7\" value=\"179887\" \/><input type=\"hidden\" name=\"_wpcf7_version\" value=\"6.1.4\" \/><input type=\"hidden\" name=\"_wpcf7_locale\" value=\"en_US\" \/><input type=\"hidden\" name=\"_wpcf7_unit_tag\" value=\"wpcf7-f179887-o1\" \/><input type=\"hidden\" name=\"_wpcf7_container_post\" value=\"0\" \/><input type=\"hidden\" name=\"_wpcf7_posted_data_hash\" value=\"\" \/><input type=\"hidden\" name=\"_wpcf7cf_hidden_group_fields\" value=\"[]\" \/><input type=\"hidden\" name=\"_wpcf7cf_hidden_groups\" value=\"[]\" \/><input type=\"hidden\" name=\"_wpcf7cf_visible_groups\" value=\"[]\" \/><input type=\"hidden\" name=\"_wpcf7cf_repeaters\" value=\"[]\" \/><input type=\"hidden\" name=\"_wpcf7cf_steps\" value=\"{}\" \/><input type=\"hidden\" name=\"_wpcf7cf_options\" value=\"{&quot;form_id&quot;:179887,&quot;conditions&quot;:[],&quot;settings&quot;:{&quot;animation&quot;:&quot;yes&quot;,&quot;animation_intime&quot;:200,&quot;animation_outtime&quot;:200,&quot;conditions_ui&quot;:&quot;normal&quot;,&quot;notice_dismissed&quot;:false,&quot;notice_dismissed_update-cf7-6.1&quot;:true}}\" \/><input type=\"hidden\" name=\"_wpcf7_recaptcha_response\" value=\"\" \/>\n<\/fieldset>\n<div class=\"kont\">\n\t<h4>Yor contact data\n\t<\/h4>\n\t<p><label> First name *<br \/>\n<span class=\"wpcf7-form-control-wrap\" data-name=\"your-firstname\"><input size=\"40\" maxlength=\"400\" class=\"wpcf7-form-control wpcf7-text wpcf7-validates-as-required\" aria-required=\"true\" aria-invalid=\"false\" value=\"\" type=\"text\" name=\"your-firstname\" \/><\/span> <\/label>\n\t<\/p>\n\t<p><label> Surname *<br \/>\n<span class=\"wpcf7-form-control-wrap\" data-name=\"your-surname\"><input size=\"40\" maxlength=\"400\" class=\"wpcf7-form-control wpcf7-text wpcf7-validates-as-required\" aria-required=\"true\" aria-invalid=\"false\" value=\"\" type=\"text\" name=\"your-surname\" \/><\/span> <\/label>\n\t<\/p>\n\t<p><label> E-Mail *<br \/>\n<span class=\"wpcf7-form-control-wrap\" data-name=\"your-email\"><input size=\"40\" maxlength=\"400\" class=\"wpcf7-form-control wpcf7-email wpcf7-validates-as-required wpcf7-text wpcf7-validates-as-email\" aria-required=\"true\" aria-invalid=\"false\" value=\"\" type=\"email\" name=\"your-email\" \/><\/span> <\/label>\n\t<\/p>\n\t<p><label> Phone *<br \/>\n<span class=\"wpcf7-form-control-wrap\" data-name=\"your-phone\"><input size=\"40\" maxlength=\"400\" class=\"wpcf7-form-control wpcf7-text wpcf7-validates-as-required\" aria-required=\"true\" aria-invalid=\"false\" value=\"\" type=\"text\" name=\"your-phone\" \/><\/span> <\/label>\n\t<\/p>\n\t<h4>Your reservation\n\t<\/h4>\n\t<p><label> Date *<br \/>\n<span class=\"wpcf7-form-control-wrap\" data-name=\"date-datum\"><input class=\"wpcf7-form-control wpcf7-date wpcf7-validates-as-required wpcf7-validates-as-date\" aria-required=\"true\" aria-invalid=\"false\" value=\"\" type=\"date\" name=\"date-datum\" \/><\/span><\/label>\n\t<\/p>\n\t<p><label> Time *<br \/>\n<span class=\"wpcf7-form-control-wrap\" data-name=\"date-uhrzeit\"><input size=\"40\" maxlength=\"400\" class=\"wpcf7-form-control wpcf7-text wpcf7-validates-as-required\" aria-required=\"true\" aria-invalid=\"false\" value=\"\" type=\"text\" name=\"date-uhrzeit\" \/><\/span><\/label>\n\t<\/p>\n\t<p><label> Adults *<br \/>\n<span class=\"wpcf7-form-control-wrap\" data-name=\"menu-anzahl-erwachsene\"><input class=\"wpcf7-form-control wpcf7-number wpcf7-validates-as-required wpcf7-validates-as-number\" aria-required=\"true\" aria-invalid=\"false\" value=\"1\" type=\"number\" name=\"menu-anzahl-erwachsene\" \/><\/span><\/label>\n\t<\/p>\n\t<p><label> Children *<br \/>\n<span class=\"wpcf7-form-control-wrap\" data-name=\"menu-anzahl-kinder\"><input class=\"wpcf7-form-control wpcf7-number wpcf7-validates-as-required wpcf7-validates-as-number\" aria-required=\"true\" aria-invalid=\"false\" value=\"0\" type=\"number\" name=\"menu-anzahl-kinder\" \/><\/span><\/label>\n\t<\/p>\n\t<p><label> Dog *<br \/>\n<span class=\"wpcf7-form-control-wrap\" data-name=\"menu-anzahl-hunde\"><input class=\"wpcf7-form-control wpcf7-number wpcf7-validates-as-required wpcf7-validates-as-number\" aria-required=\"true\" aria-invalid=\"false\" value=\"0\" type=\"number\" name=\"menu-anzahl-hunde\" \/><\/span><\/label>\n\t<\/p>\n\t<p><label> More booking wishes or other inquiries<br \/>\n<span class=\"wpcf7-form-control-wrap\" data-name=\"your-message\"><textarea cols=\"40\" rows=\"10\" maxlength=\"2000\" class=\"wpcf7-form-control wpcf7-textarea\" aria-invalid=\"false\" name=\"your-message\"><\/textarea><\/span> <\/label>\n\t<\/p>\n<\/div>\n<p class=\"absatz\"><span class=\"wpcf7-form-control-wrap\" data-name=\"acceptance-datenschutz\"><span class=\"wpcf7-form-control wpcf7-acceptance\"><span class=\"wpcf7-list-item\"><label><input type=\"checkbox\" name=\"acceptance-datenschutz\" value=\"1\" aria-invalid=\"false\" \/><span class=\"wpcf7-list-item-label\">I  have  read  the  <a href=\"\/datenschutz\/\"  target=\"_blank\">privacy  policy<\/a>.  By  submitting  this  form,  I  agree  that  my  information  and  data  will  be  collected  and  stored  electronically  to  \nanswer  my  inquiry.  You  can  revoke  your  consent  at  any  time  in  the  future  by  sending  an  email  to  info@hotel-roessle.de.<\/span><\/label><\/span><\/span><\/span>\n<\/p>\n<p class=\"absatz\"><input class=\"wpcf7-form-control wpcf7-submit has-spinner\" type=\"submit\" value=\"Send\" \/>\n<\/p><div class=\"wpcf7-response-output\" aria-hidden=\"true\"><\/div>\n<\/form>\n<\/div>\n<\/div>\n\t\t\t\t\t\t<\/div>\n\t\t\t\t<\/div>\n\t\t\t\t\t<\/div>\n\t\t<\/div>\n\t\t\t\t\t<\/div>\n\t\t<\/section>\n\t\t\t\t<\/div>\n\t\t","protected":false},"excerpt":{"rendered":"<p>The menu Discover the culinary diversity at the Hotel Schwarzwald Resort R\u00f6\u00dfle! Our menu offers a selection of regional specialties, freshly prepared dishes, and seasonal delicacies. Whether hearty Black Forest classics, fine vegetarian creations, or sweet desserts \u2013 we have something for every taste. Enjoy high-quality ingredients, fresh, local produce, and a unique taste experience [&hellip;]<\/p>\n","protected":false},"author":1,"featured_media":0,"parent":1426,"menu_order":119,"comment_status":"closed","ping_status":"closed","template":"","meta":{"_acf_changed":false,"_glsr_average":0,"_glsr_ranking":0,"_glsr_reviews":0,"footnotes":""},"class_list":["post-155986","page","type-page","status-publish","hentry"],"acf":[],"yoast_head":"<!-- This site is optimized with the Yoast SEO plugin v26.6 - https:\/\/yoast.com\/wordpress\/plugins\/seo\/ -->\n<title>The menu - 4* Hotel Schwarzwald-Resort R\u00f6\u00dfle Todtmoos<\/title>\n<meta name=\"robots\" content=\"index, follow, max-snippet:-1, max-image-preview:large, max-video-preview:-1\" \/>\n<link rel=\"canonical\" href=\"https:\/\/www.hotel-roessle.de\/en\/restaurant\/the-menu\/\" \/>\n<meta property=\"og:locale\" content=\"en_US\" \/>\n<meta property=\"og:type\" content=\"article\" \/>\n<meta property=\"og:title\" content=\"The menu - 4* Hotel Schwarzwald-Resort R\u00f6\u00dfle Todtmoos\" \/>\n<meta property=\"og:description\" content=\"The menu Discover the culinary diversity at the Hotel Schwarzwald Resort R\u00f6\u00dfle! Our menu offers a selection of regional specialties, freshly prepared dishes, and seasonal delicacies. Whether hearty Black Forest classics, fine vegetarian creations, or sweet desserts \u2013 we have something for every taste. Enjoy high-quality ingredients, fresh, local produce, and a unique taste experience [&hellip;]\" \/>\n<meta property=\"og:url\" content=\"https:\/\/www.hotel-roessle.de\/en\/restaurant\/the-menu\/\" \/>\n<meta property=\"og:site_name\" content=\"4* Hotel Schwarzwald-Resort R\u00f6\u00dfle Todtmoos\" \/>\n<meta property=\"article:modified_time\" content=\"2026-04-01T06:17:00+00:00\" \/>\n<meta name=\"twitter:card\" content=\"summary_large_image\" \/>\n<meta name=\"twitter:label1\" content=\"Est. reading time\" \/>\n\t<meta name=\"twitter:data1\" content=\"1 minute\" \/>\n<script type=\"application\/ld+json\" class=\"yoast-schema-graph\">{\"@context\":\"https:\/\/schema.org\",\"@graph\":[{\"@type\":\"WebPage\",\"@id\":\"https:\/\/www.hotel-roessle.de\/en\/restaurant\/the-menu\/\",\"url\":\"https:\/\/www.hotel-roessle.de\/en\/restaurant\/the-menu\/\",\"name\":\"The menu - 4* Hotel Schwarzwald-Resort R\u00f6\u00dfle Todtmoos\",\"isPartOf\":{\"@id\":\"https:\/\/www.hotel-roessle.de\/#website\"},\"datePublished\":\"2025-05-28T21:48:49+00:00\",\"dateModified\":\"2026-04-01T06:17:00+00:00\",\"breadcrumb\":{\"@id\":\"https:\/\/www.hotel-roessle.de\/en\/restaurant\/the-menu\/#breadcrumb\"},\"inLanguage\":\"en-US\",\"potentialAction\":[{\"@type\":\"ReadAction\",\"target\":[\"https:\/\/www.hotel-roessle.de\/en\/restaurant\/the-menu\/\"]}]},{\"@type\":\"BreadcrumbList\",\"@id\":\"https:\/\/www.hotel-roessle.de\/en\/restaurant\/the-menu\/#breadcrumb\",\"itemListElement\":[{\"@type\":\"ListItem\",\"position\":1,\"name\":\"Startseite\",\"item\":\"https:\/\/www.hotel-roessle.de\/en\/\"},{\"@type\":\"ListItem\",\"position\":2,\"name\":\"Restaurant\",\"item\":\"https:\/\/www.hotel-roessle.de\/restaurant\/\"},{\"@type\":\"ListItem\",\"position\":3,\"name\":\"The menu\"}]},{\"@type\":\"WebSite\",\"@id\":\"https:\/\/www.hotel-roessle.de\/#website\",\"url\":\"https:\/\/www.hotel-roessle.de\/\",\"name\":\"4* Hotel Schwarzwald-Resort R\u00f6\u00dfle Todtmoos\",\"description\":\"Familiengef\u00fchrtes Vier Sterne Superior Hotel in Todtmoos\/Schwarzwald\",\"publisher\":{\"@id\":\"https:\/\/www.hotel-roessle.de\/#organization\"},\"potentialAction\":[{\"@type\":\"SearchAction\",\"target\":{\"@type\":\"EntryPoint\",\"urlTemplate\":\"https:\/\/www.hotel-roessle.de\/?s={search_term_string}\"},\"query-input\":{\"@type\":\"PropertyValueSpecification\",\"valueRequired\":true,\"valueName\":\"search_term_string\"}}],\"inLanguage\":\"en-US\"},{\"@type\":\"Organization\",\"@id\":\"https:\/\/www.hotel-roessle.de\/#organization\",\"name\":\"4* Hotel Schwarzwald-Resort R\u00f6\u00dfle Todtmoos\",\"url\":\"https:\/\/www.hotel-roessle.de\/\",\"logo\":{\"@type\":\"ImageObject\",\"inLanguage\":\"en-US\",\"@id\":\"https:\/\/www.hotel-roessle.de\/#\/schema\/logo\/image\/\",\"url\":\"https:\/\/www.hotel-roessle.de\/cms\/wp-content\/uploads\/2025\/04\/header-logo.jpg\",\"contentUrl\":\"https:\/\/www.hotel-roessle.de\/cms\/wp-content\/uploads\/2025\/04\/header-logo.jpg\",\"width\":400,\"height\":186,\"caption\":\"4* Hotel Schwarzwald-Resort R\u00f6\u00dfle Todtmoos\"},\"image\":{\"@id\":\"https:\/\/www.hotel-roessle.de\/#\/schema\/logo\/image\/\"}}]}<\/script>\n<!-- \/ Yoast SEO plugin. -->","yoast_head_json":{"title":"The menu - 4* Hotel Schwarzwald-Resort R\u00f6\u00dfle Todtmoos","robots":{"index":"index","follow":"follow","max-snippet":"max-snippet:-1","max-image-preview":"max-image-preview:large","max-video-preview":"max-video-preview:-1"},"canonical":"https:\/\/www.hotel-roessle.de\/en\/restaurant\/the-menu\/","og_locale":"en_US","og_type":"article","og_title":"The menu - 4* Hotel Schwarzwald-Resort R\u00f6\u00dfle Todtmoos","og_description":"The menu Discover the culinary diversity at the Hotel Schwarzwald Resort R\u00f6\u00dfle! Our menu offers a selection of regional specialties, freshly prepared dishes, and seasonal delicacies. Whether hearty Black Forest classics, fine vegetarian creations, or sweet desserts \u2013 we have something for every taste. Enjoy high-quality ingredients, fresh, local produce, and a unique taste experience [&hellip;]","og_url":"https:\/\/www.hotel-roessle.de\/en\/restaurant\/the-menu\/","og_site_name":"4* Hotel Schwarzwald-Resort R\u00f6\u00dfle Todtmoos","article_modified_time":"2026-04-01T06:17:00+00:00","twitter_card":"summary_large_image","twitter_misc":{"Est. reading time":"1 minute"},"schema":{"@context":"https:\/\/schema.org","@graph":[{"@type":"WebPage","@id":"https:\/\/www.hotel-roessle.de\/en\/restaurant\/the-menu\/","url":"https:\/\/www.hotel-roessle.de\/en\/restaurant\/the-menu\/","name":"The menu - 4* Hotel Schwarzwald-Resort R\u00f6\u00dfle Todtmoos","isPartOf":{"@id":"https:\/\/www.hotel-roessle.de\/#website"},"datePublished":"2025-05-28T21:48:49+00:00","dateModified":"2026-04-01T06:17:00+00:00","breadcrumb":{"@id":"https:\/\/www.hotel-roessle.de\/en\/restaurant\/the-menu\/#breadcrumb"},"inLanguage":"en-US","potentialAction":[{"@type":"ReadAction","target":["https:\/\/www.hotel-roessle.de\/en\/restaurant\/the-menu\/"]}]},{"@type":"BreadcrumbList","@id":"https:\/\/www.hotel-roessle.de\/en\/restaurant\/the-menu\/#breadcrumb","itemListElement":[{"@type":"ListItem","position":1,"name":"Startseite","item":"https:\/\/www.hotel-roessle.de\/en\/"},{"@type":"ListItem","position":2,"name":"Restaurant","item":"https:\/\/www.hotel-roessle.de\/restaurant\/"},{"@type":"ListItem","position":3,"name":"The menu"}]},{"@type":"WebSite","@id":"https:\/\/www.hotel-roessle.de\/#website","url":"https:\/\/www.hotel-roessle.de\/","name":"4* Hotel Schwarzwald-Resort R\u00f6\u00dfle Todtmoos","description":"Familiengef\u00fchrtes Vier Sterne Superior Hotel in Todtmoos\/Schwarzwald","publisher":{"@id":"https:\/\/www.hotel-roessle.de\/#organization"},"potentialAction":[{"@type":"SearchAction","target":{"@type":"EntryPoint","urlTemplate":"https:\/\/www.hotel-roessle.de\/?s={search_term_string}"},"query-input":{"@type":"PropertyValueSpecification","valueRequired":true,"valueName":"search_term_string"}}],"inLanguage":"en-US"},{"@type":"Organization","@id":"https:\/\/www.hotel-roessle.de\/#organization","name":"4* Hotel Schwarzwald-Resort R\u00f6\u00dfle Todtmoos","url":"https:\/\/www.hotel-roessle.de\/","logo":{"@type":"ImageObject","inLanguage":"en-US","@id":"https:\/\/www.hotel-roessle.de\/#\/schema\/logo\/image\/","url":"https:\/\/www.hotel-roessle.de\/cms\/wp-content\/uploads\/2025\/04\/header-logo.jpg","contentUrl":"https:\/\/www.hotel-roessle.de\/cms\/wp-content\/uploads\/2025\/04\/header-logo.jpg","width":400,"height":186,"caption":"4* Hotel Schwarzwald-Resort R\u00f6\u00dfle Todtmoos"},"image":{"@id":"https:\/\/www.hotel-roessle.de\/#\/schema\/logo\/image\/"}}]}},"_links":{"self":[{"href":"https:\/\/www.hotel-roessle.de\/en\/wp-json\/wp\/v2\/pages\/155986","targetHints":{"allow":["GET"]}}],"collection":[{"href":"https:\/\/www.hotel-roessle.de\/en\/wp-json\/wp\/v2\/pages"}],"about":[{"href":"https:\/\/www.hotel-roessle.de\/en\/wp-json\/wp\/v2\/types\/page"}],"author":[{"embeddable":true,"href":"https:\/\/www.hotel-roessle.de\/en\/wp-json\/wp\/v2\/users\/1"}],"replies":[{"embeddable":true,"href":"https:\/\/www.hotel-roessle.de\/en\/wp-json\/wp\/v2\/comments?post=155986"}],"version-history":[{"count":3,"href":"https:\/\/www.hotel-roessle.de\/en\/wp-json\/wp\/v2\/pages\/155986\/revisions"}],"predecessor-version":[{"id":188243,"href":"https:\/\/www.hotel-roessle.de\/en\/wp-json\/wp\/v2\/pages\/155986\/revisions\/188243"}],"up":[{"embeddable":true,"href":"https:\/\/www.hotel-roessle.de\/en\/wp-json\/wp\/v2\/pages\/1426"}],"wp:attachment":[{"href":"https:\/\/www.hotel-roessle.de\/en\/wp-json\/wp\/v2\/media?parent=155986"}],"curies":[{"name":"wp","href":"https:\/\/api.w.org\/{rel}","templated":true}]}}