{"id":1456,"date":"2015-04-22T18:40:21","date_gmt":"2015-04-22T16:40:21","guid":{"rendered":"http:\/\/www.hotel-roessle.de\/?page_id=1456"},"modified":"2025-12-29T01:15:36","modified_gmt":"2025-12-29T00:15:36","slug":"site-map","status":"publish","type":"page","link":"https:\/\/www.hotel-roessle.de\/en\/site-map\/","title":{"rendered":"Site map"},"content":{"rendered":"\t\t<div data-elementor-type=\"wp-page\" data-elementor-id=\"1456\" class=\"elementor elementor-1456 elementor-859\" data-elementor-post-type=\"page\">\n\t\t\t\t\t\t<section class=\"elementor-section elementor-top-section elementor-element elementor-element-174aba2 elementor-section-full_width elementor-section-height-default elementor-section-height-default\" data-id=\"174aba2\" data-element_type=\"section\">\n\t\t\t\t\t\t<div class=\"elementor-container elementor-column-gap-default\">\n\t\t\t\t\t<div class=\"elementor-column elementor-col-100 elementor-top-column elementor-element elementor-element-73ffc94\" data-id=\"73ffc94\" data-element_type=\"column\">\n\t\t\t<div class=\"elementor-widget-wrap elementor-element-populated\">\n\t\t\t\t\t\t<div class=\"elementor-element elementor-element-40be3d0 elementor-invisible elementor-widget elementor-widget-heading\" data-id=\"40be3d0\" data-element_type=\"widget\" data-settings=\"{&quot;_animation&quot;:&quot;fadeInDown&quot;}\" data-widget_type=\"heading.default\">\n\t\t\t\t<div class=\"elementor-widget-container\">\n\t\t\t\t\t<h1 class=\"elementor-heading-title elementor-size-default\">Sitemap<\/h1>\t\t\t\t<\/div>\n\t\t\t\t<\/div>\n\t\t\t\t<div class=\"elementor-element elementor-element-7161038 elementor-widget elementor-widget-shortcode\" data-id=\"7161038\" data-element_type=\"widget\" data-widget_type=\"shortcode.default\">\n\t\t\t\t<div class=\"elementor-widget-container\">\n\t\t\t\t\t\t\t<div class=\"elementor-shortcode\">\n<!-- Page-list plugin v.4.3 wordpress.org\/plugins\/page-list\/ -->\n<ul class=\"page-list \">\n<li class=\"page_item page-item-1424 page_item_has_children\"><a href=\"https:\/\/www.hotel-roessle.de\/en\/\">Welcome<\/a>\n<ul class='children'>\n\t<li class=\"page_item page-item-1366\"><a href=\"https:\/\/www.hotel-roessle.de\/en\/welcome\/sustainability\/\">Sustainability<\/a><\/li>\n\t<li class=\"page_item page-item-1362\"><a href=\"https:\/\/www.hotel-roessle.de\/en\/welcome\/welcome-with-the-maiers\/\">Welcome with the Maiers<\/a><\/li>\n\t<li class=\"page_item page-item-185160\"><a href=\"https:\/\/www.hotel-roessle.de\/en\/welcome\/history\/\">History<\/a><\/li>\n\t<li class=\"page_item page-item-185061\"><a href=\"https:\/\/www.hotel-roessle.de\/en\/welcome\/holiday-with-dog\/\">Holiday with dog<\/a><\/li>\n\t<li class=\"page_item page-item-183986\"><a href=\"https:\/\/www.hotel-roessle.de\/en\/welcome\/things-to-know-from-a-to-z\/\">Things to know from A to Z<\/a><\/li>\n<\/ul>\n<\/li>\n<li class=\"page_item page-item-1368 page_item_has_children\"><a href=\"https:\/\/www.hotel-roessle.de\/en\/hotel-prices\/\">Hotel \/ prices<\/a>\n<ul class='children'>\n\t<li class=\"page_item page-item-1372 page_item_has_children\"><a href=\"https:\/\/www.hotel-roessle.de\/en\/hotel-prices\/offers\/\">Offers<\/a>\n\t<ul class='children'>\n\t\t<li class=\"page_item page-item-1381\"><a href=\"https:\/\/www.hotel-roessle.de\/en\/hotel-prices\/offers\/1-night\/\">1 night<\/a><\/li>\n\t\t<li class=\"page_item page-item-1382\"><a href=\"https:\/\/www.hotel-roessle.de\/en\/hotel-prices\/offers\/2-nights-2\/\">2 nights<\/a><\/li>\n\t\t<li class=\"page_item page-item-1385\"><a href=\"https:\/\/www.hotel-roessle.de\/en\/hotel-prices\/offers\/3-nights\/\">3 nights<\/a><\/li>\n\t\t<li class=\"page_item page-item-1386\"><a href=\"https:\/\/www.hotel-roessle.de\/en\/hotel-prices\/offers\/4-nights\/\">4 nights<\/a><\/li>\n\t\t<li class=\"page_item page-item-4363\"><a href=\"https:\/\/www.hotel-roessle.de\/en\/hotel-prices\/offers\/our-offers\/\">Our offers<\/a><\/li>\n\t\t<li class=\"page_item page-item-1387\"><a href=\"https:\/\/www.hotel-roessle.de\/en\/hotel-prices\/offers\/5-nights\/\">5 nights<\/a><\/li>\n\t\t<li class=\"page_item page-item-1388\"><a href=\"https:\/\/www.hotel-roessle.de\/en\/hotel-prices\/offers\/6-nights\/\">6 nights<\/a><\/li>\n\t\t<li class=\"page_item page-item-1392\"><a href=\"https:\/\/www.hotel-roessle.de\/en\/hotel-prices\/offers\/7-nights\/\">7 nights<\/a><\/li>\n\t\t<li class=\"page_item page-item-1395\"><a href=\"https:\/\/www.hotel-roessle.de\/en\/hotel-prices\/offers\/special-offers\/\">Special offers<\/a><\/li>\n\t\t<li class=\"page_item page-item-1394\"><a href=\"https:\/\/www.hotel-roessle.de\/en\/hotel-prices\/offers\/christmas-new-year\/\">Christmas &#038; New Year<\/a><\/li>\n\t<\/ul>\n<\/li>\n\t<li class=\"page_item page-item-30649\"><a href=\"https:\/\/www.hotel-roessle.de\/en\/hotel-prices\/vouchers\/\">Vouchers<\/a><\/li>\n\t<li class=\"page_item page-item-1371\"><a href=\"https:\/\/www.hotel-roessle.de\/en\/hotel-prices\/prices\/\">Prices<\/a><\/li>\n\t<li class=\"page_item page-item-182672\"><a href=\"https:\/\/www.hotel-roessle.de\/en\/hotel-prices\/brochure\/\">Brochure<\/a><\/li>\n\t<li class=\"page_item page-item-1369 page_item_has_children\"><a href=\"https:\/\/www.hotel-roessle.de\/en\/hotel-prices\/rooms-apartments\/\">Rooms &#038; apartments<\/a>\n\t<ul class='children'>\n\t\t<li class=\"page_item page-item-153312\"><a href=\"https:\/\/www.hotel-roessle.de\/en\/hotel-prices\/rooms-apartments\/double-room-accessible\/\">Double Room Accessible<\/a><\/li>\n\t\t<li class=\"page_item page-item-153226\"><a href=\"https:\/\/www.hotel-roessle.de\/en\/hotel-prices\/rooms-apartments\/double-room-superior\/\">Double Room Superior<\/a><\/li>\n\t\t<li class=\"page_item page-item-153232\"><a href=\"https:\/\/www.hotel-roessle.de\/en\/hotel-prices\/rooms-apartments\/family-room\/\">Family Room<\/a><\/li>\n\t\t<li class=\"page_item page-item-153228\"><a href=\"https:\/\/www.hotel-roessle.de\/en\/hotel-prices\/rooms-apartments\/junior-suite\/\">Junior Suite<\/a><\/li>\n\t\t<li class=\"page_item page-item-153230\"><a href=\"https:\/\/www.hotel-roessle.de\/en\/hotel-prices\/rooms-apartments\/comfort-apartment\/\">Comfort Apartment<\/a><\/li>\n\t\t<li class=\"page_item page-item-153224\"><a href=\"https:\/\/www.hotel-roessle.de\/en\/hotel-prices\/rooms-apartments\/comfort-double-room\/\">Comfort Double Room<\/a><\/li>\n\t\t<li class=\"page_item page-item-153222\"><a href=\"https:\/\/www.hotel-roessle.de\/en\/hotel-prices\/rooms-apartments\/comfort-single-room\/\">Comfort Single Room<\/a><\/li>\n\t<\/ul>\n<\/li>\n<\/ul>\n<\/li>\n<li class=\"page_item page-item-155267 page_item_has_children\"><a href=\"https:\/\/www.hotel-roessle.de\/en\/chalets\/\">Chalets<\/a>\n<ul class='children'>\n\t<li class=\"page_item page-item-180397\"><a href=\"https:\/\/www.hotel-roessle.de\/en\/chalets\/black-forest-village-chalets\/\">Black Forest Village &#8211; Chalets<\/a><\/li>\n\t<li class=\"page_item page-item-155216\"><a href=\"https:\/\/www.hotel-roessle.de\/en\/chalets\/chalets-insights\/\">Chalets Insights<\/a><\/li>\n\t<li class=\"page_item page-item-173527\"><a href=\"https:\/\/www.hotel-roessle.de\/en\/chalets\/romantic-holiday-for-couples-in-the-black-forest\/\">Romantic holiday for couples in the Black Forest<\/a><\/li>\n\t<li class=\"page_item page-item-21554\"><a href=\"https:\/\/www.hotel-roessle.de\/en\/chalets\/services-and-prices-in-the-black-forest-village\/\">Services and prices in the Black Forest Village<\/a><\/li>\n\t<li class=\"page_item page-item-173983\"><a href=\"https:\/\/www.hotel-roessle.de\/en\/chalets\/chalet-inquiry\/\">Chalet inquiry<\/a><\/li>\n<\/ul>\n<\/li>\n<li class=\"page_item page-item-1426 page_item_has_children\"><a href=\"https:\/\/www.hotel-roessle.de\/en\/restaurant\/\">Restaurant<\/a>\n<ul class='children'>\n\t<li class=\"page_item page-item-1413\"><a href=\"https:\/\/www.hotel-roessle.de\/en\/restaurant\/restaurant-opening-times\/\">Restaurant &#038; opening times<\/a><\/li>\n\t<li class=\"page_item page-item-1415\"><a href=\"https:\/\/www.hotel-roessle.de\/en\/restaurant\/pavilion\/\">Pavilion<\/a><\/li>\n\t<li class=\"page_item page-item-186137\"><a href=\"https:\/\/www.hotel-roessle.de\/en\/restaurant\/bars\/\">Bars<\/a><\/li>\n\t<li class=\"page_item page-item-155986\"><a href=\"https:\/\/www.hotel-roessle.de\/en\/restaurant\/the-menu\/\">The menu<\/a><\/li>\n\t<li class=\"page_item page-item-181438\"><a href=\"https:\/\/www.hotel-roessle.de\/en\/restaurant\/breakfast-at-the-roessle\/\">Breakfast at the R\u00f6\u00dfle<\/a><\/li>\n\t<li class=\"page_item page-item-1414\"><a href=\"https:\/\/www.hotel-roessle.de\/en\/restaurant\/culinary-highlights\/\">Culinary highlights<\/a><\/li>\n\t<li class=\"page_item page-item-185557\"><a href=\"https:\/\/www.hotel-roessle.de\/en\/restaurant\/black-forest-specialties-to-enjoy-at-home\/\">Black  Forest  specialties to enjoy at home<\/a><\/li>\n<\/ul>\n<\/li>\n<li class=\"page_item page-item-1428 page_item_has_children\"><a href=\"https:\/\/www.hotel-roessle.de\/en\/wellness\/\">Wellness<\/a>\n<ul class='children'>\n\t<li class=\"page_item page-item-1422\"><a href=\"https:\/\/www.hotel-roessle.de\/en\/wellness\/our-wellness-area\/\">Our wellness area<\/a><\/li>\n\t<li class=\"page_item page-item-173596\"><a href=\"https:\/\/www.hotel-roessle.de\/en\/wellness\/wellness-offers\/\">Wellness offers<\/a><\/li>\n\t<li class=\"page_item page-item-1432\"><a href=\"https:\/\/www.hotel-roessle.de\/en\/wellness\/wellness-treatments\/\">Wellness treatments<\/a><\/li>\n\t<li class=\"page_item page-item-5552\"><a href=\"https:\/\/www.hotel-roessle.de\/en\/wellness\/pampering-day-your-day-spa\/\">Pampering day &#8211; your day spa in the Black Forest<\/a><\/li>\n<\/ul>\n<\/li>\n<li class=\"page_item page-item-1438 page_item_has_children\"><a href=\"https:\/\/www.hotel-roessle.de\/en\/conferences\/\">Conferences<\/a>\n<ul class='children'>\n\t<li class=\"page_item page-item-1447\"><a href=\"https:\/\/www.hotel-roessle.de\/en\/conferences\/conference-in-the-black-forest\/\">Conference  in  the  Black  Forest<\/a><\/li>\n\t<li class=\"page_item page-item-1439\"><a href=\"https:\/\/www.hotel-roessle.de\/en\/conferences\/accompanying-program\/\">Accompanying program<\/a><\/li>\n\t<li class=\"page_item page-item-181984\"><a href=\"https:\/\/www.hotel-roessle.de\/en\/conferences\/conference-rooms\/\">Conference rooms<\/a><\/li>\n\t<li class=\"page_item page-item-182227\"><a href=\"https:\/\/www.hotel-roessle.de\/en\/conferences\/day-conferences\/\">Day conferences<\/a><\/li>\n\t<li class=\"page_item page-item-182327\"><a href=\"https:\/\/www.hotel-roessle.de\/en\/conferences\/clubs-and-meetings\/\">Clubs  and  meetings<\/a><\/li>\n\t<li class=\"page_item page-item-31521\"><a href=\"https:\/\/www.hotel-roessle.de\/en\/conferences\/conference-inquiry\/\">Conference inquiry<\/a><\/li>\n<\/ul>\n<\/li>\n<li class=\"page_item page-item-1399 page_item_has_children\"><a href=\"https:\/\/www.hotel-roessle.de\/en\/resort\/\">Resort<\/a>\n<ul class='children'>\n\t<li class=\"page_item page-item-1402\"><a href=\"https:\/\/www.hotel-roessle.de\/en\/resort\/our-sports-leisure-facilities\/\">Our sports &#038; leisure facilities<\/a><\/li>\n\t<li class=\"page_item page-item-1367\"><a href=\"https:\/\/www.hotel-roessle.de\/en\/resort\/black-forest\/\">Black Forest<\/a><\/li>\n\t<li class=\"page_item page-item-1195\"><a href=\"https:\/\/www.hotel-roessle.de\/en\/resort\/around-the-roessle\/\">Around the R\u00f6ssle<\/a><\/li>\n\t<li class=\"page_item page-item-1398\"><a href=\"https:\/\/www.hotel-roessle.de\/en\/resort\/wedding-in-the-black-forest\/\">Wedding in the Black Forest<\/a><\/li>\n\t<li class=\"page_item page-item-179192\"><a href=\"https:\/\/www.hotel-roessle.de\/en\/resort\/news-from-hotel-roessle\/\">News from Hotel R\u00f6\u00dfle<\/a><\/li>\n<\/ul>\n<\/li>\n<li class=\"page_item page-item-155608\"><a href=\"https:\/\/www.hotel-roessle.de\/en\/guestbook\/\">Guestbook<\/a><\/li>\n<li class=\"page_item page-item-1459\"><a href=\"https:\/\/www.hotel-roessle.de\/en\/contact-arrival\/\">Contact  &#038;  Arrival<\/a><\/li>\n<li class=\"page_item page-item-1454\"><a href=\"https:\/\/www.hotel-roessle.de\/en\/inquiry\/\">Inquiry<\/a><\/li>\n<li class=\"page_item page-item-1358\"><a href=\"https:\/\/www.hotel-roessle.de\/en\/booking\/\">Booking<\/a><\/li>\n<li class=\"page_item page-item-1460\"><a href=\"https:\/\/www.hotel-roessle.de\/en\/imprint\/\">Imprint<\/a><\/li>\n<li class=\"page_item page-item-1458\"><a href=\"https:\/\/www.hotel-roessle.de\/en\/terms-and-conditions\/\">Terms and conditions<\/a><\/li>\n<li class=\"page_item page-item-187852\"><a href=\"https:\/\/www.hotel-roessle.de\/en\/cancellation-conditions\/\">Cancellation conditions<\/a><\/li>\n<li class=\"page_item page-item-4522\"><a href=\"https:\/\/www.hotel-roessle.de\/en\/privacy-policy\/\">Privacy Policy<\/a><\/li>\n<li class=\"page_item page-item-1452\"><a href=\"https:\/\/www.hotel-roessle.de\/en\/links-en\/\">Links<\/a><\/li>\n<li class=\"page_item page-item-1456\"><a href=\"https:\/\/www.hotel-roessle.de\/en\/site-map\/\">Site map<\/a><\/li>\n<li class=\"page_item page-item-1453\"><a href=\"https:\/\/www.hotel-roessle.de\/en\/webcams-en\/\">Webcams<\/a><\/li>\n<li class=\"page_item page-item-1457\"><a href=\"https:\/\/www.hotel-roessle.de\/en\/vacancies\/\">Vacancies<\/a><\/li>\n<li class=\"page_item page-item-5506\"><a href=\"https:\/\/www.hotel-roessle.de\/en\/naturparkhotel-schwarzwald\/\">Genie\u00dfen Sie erholsame Tage im R\u00f6\u00dfle &#8211; barrierefreies Naturparkhotel im Schwarzwald<\/a><\/li>\n<li class=\"page_item page-item-7915\"><a href=\"https:\/\/www.hotel-roessle.de\/en\/https-direct-book-com-properties-chaletsamrobledirect\/\">https:\/\/direct-book.com\/properties\/chaletsamrobledirect<\/a><\/li>\n<li class=\"page_item page-item-178862\"><a href=\"https:\/\/www.hotel-roessle.de\/en\/restaurant\/weihnachtsfeier\/\">Weihnachtsfeier<\/a><\/li>\n<li class=\"page_item page-item-38210\"><a href=\"https:\/\/www.hotel-roessle.de\/en\/resort\/wanderurlaub\/\">Hotel R\u00f6\u00dfle \u2013 Das perfekte Hotel f\u00fcr einen Wanderurlaub im Schwarzwald<\/a><\/li>\n\n<\/ul><\/div>\n\t\t\t\t\t\t<\/div>\n\t\t\t\t<\/div>\n\t\t\t\t\t<\/div>\n\t\t<\/div>\n\t\t\t\t\t<\/div>\n\t\t<\/section>\n\t\t\t\t<\/div>\n\t\t","protected":false},"excerpt":{"rendered":"<p>Sitemap<\/p>\n","protected":false},"author":1,"featured_media":0,"parent":0,"menu_order":214,"comment_status":"closed","ping_status":"closed","template":"","meta":{"_acf_changed":false,"_glsr_average":0,"_glsr_ranking":0,"_glsr_reviews":0,"footnotes":""},"class_list":["post-1456","page","type-page","status-publish","hentry"],"acf":[],"yoast_head":"<!-- This site is optimized with the Yoast SEO plugin v26.6 - https:\/\/yoast.com\/wordpress\/plugins\/seo\/ -->\n<title>Site map - 4* Hotel Schwarzwald-Resort R\u00f6\u00dfle Todtmoos<\/title>\n<meta name=\"robots\" content=\"index, follow, max-snippet:-1, max-image-preview:large, max-video-preview:-1\" \/>\n<link rel=\"canonical\" href=\"https:\/\/www.hotel-roessle.de\/sitemap\/\" \/>\n<meta property=\"og:locale\" content=\"en_US\" \/>\n<meta property=\"og:type\" content=\"article\" \/>\n<meta property=\"og:title\" content=\"Site map - 4* Hotel Schwarzwald-Resort R\u00f6\u00dfle Todtmoos\" \/>\n<meta property=\"og:description\" content=\"Sitemap\" \/>\n<meta property=\"og:url\" content=\"https:\/\/www.hotel-roessle.de\/sitemap\/\" \/>\n<meta property=\"og:site_name\" content=\"4* Hotel Schwarzwald-Resort R\u00f6\u00dfle Todtmoos\" \/>\n<meta property=\"article:modified_time\" content=\"2025-12-29T00:15:36+00:00\" \/>\n<meta name=\"twitter:card\" content=\"summary_large_image\" \/>\n<meta name=\"twitter:label1\" content=\"Est. reading time\" \/>\n\t<meta name=\"twitter:data1\" content=\"1 minute\" \/>\n<script type=\"application\/ld+json\" class=\"yoast-schema-graph\">{\"@context\":\"https:\/\/schema.org\",\"@graph\":[{\"@type\":\"WebPage\",\"@id\":\"https:\/\/www.hotel-roessle.de\/sitemap\/\",\"url\":\"https:\/\/www.hotel-roessle.de\/sitemap\/\",\"name\":\"Site map - 4* Hotel Schwarzwald-Resort R\u00f6\u00dfle Todtmoos\",\"isPartOf\":{\"@id\":\"https:\/\/www.hotel-roessle.de\/#website\"},\"datePublished\":\"2015-04-22T16:40:21+00:00\",\"dateModified\":\"2025-12-29T00:15:36+00:00\",\"breadcrumb\":{\"@id\":\"https:\/\/www.hotel-roessle.de\/sitemap\/#breadcrumb\"},\"inLanguage\":\"en-US\",\"potentialAction\":[{\"@type\":\"ReadAction\",\"target\":[\"https:\/\/www.hotel-roessle.de\/sitemap\/\"]}]},{\"@type\":\"BreadcrumbList\",\"@id\":\"https:\/\/www.hotel-roessle.de\/sitemap\/#breadcrumb\",\"itemListElement\":[{\"@type\":\"ListItem\",\"position\":1,\"name\":\"Startseite\",\"item\":\"https:\/\/www.hotel-roessle.de\/en\/\"},{\"@type\":\"ListItem\",\"position\":2,\"name\":\"Site map\"}]},{\"@type\":\"WebSite\",\"@id\":\"https:\/\/www.hotel-roessle.de\/#website\",\"url\":\"https:\/\/www.hotel-roessle.de\/\",\"name\":\"4* Hotel Schwarzwald-Resort R\u00f6\u00dfle Todtmoos\",\"description\":\"Familiengef\u00fchrtes Vier Sterne Superior Hotel in Todtmoos\/Schwarzwald\",\"publisher\":{\"@id\":\"https:\/\/www.hotel-roessle.de\/#organization\"},\"potentialAction\":[{\"@type\":\"SearchAction\",\"target\":{\"@type\":\"EntryPoint\",\"urlTemplate\":\"https:\/\/www.hotel-roessle.de\/?s={search_term_string}\"},\"query-input\":{\"@type\":\"PropertyValueSpecification\",\"valueRequired\":true,\"valueName\":\"search_term_string\"}}],\"inLanguage\":\"en-US\"},{\"@type\":\"Organization\",\"@id\":\"https:\/\/www.hotel-roessle.de\/#organization\",\"name\":\"4* Hotel Schwarzwald-Resort R\u00f6\u00dfle Todtmoos\",\"url\":\"https:\/\/www.hotel-roessle.de\/\",\"logo\":{\"@type\":\"ImageObject\",\"inLanguage\":\"en-US\",\"@id\":\"https:\/\/www.hotel-roessle.de\/#\/schema\/logo\/image\/\",\"url\":\"https:\/\/www.hotel-roessle.de\/cms\/wp-content\/uploads\/2025\/04\/header-logo.jpg\",\"contentUrl\":\"https:\/\/www.hotel-roessle.de\/cms\/wp-content\/uploads\/2025\/04\/header-logo.jpg\",\"width\":400,\"height\":186,\"caption\":\"4* Hotel Schwarzwald-Resort R\u00f6\u00dfle Todtmoos\"},\"image\":{\"@id\":\"https:\/\/www.hotel-roessle.de\/#\/schema\/logo\/image\/\"}}]}<\/script>\n<!-- \/ Yoast SEO plugin. -->","yoast_head_json":{"title":"Site map - 4* Hotel Schwarzwald-Resort R\u00f6\u00dfle Todtmoos","robots":{"index":"index","follow":"follow","max-snippet":"max-snippet:-1","max-image-preview":"max-image-preview:large","max-video-preview":"max-video-preview:-1"},"canonical":"https:\/\/www.hotel-roessle.de\/sitemap\/","og_locale":"en_US","og_type":"article","og_title":"Site map - 4* Hotel Schwarzwald-Resort R\u00f6\u00dfle Todtmoos","og_description":"Sitemap","og_url":"https:\/\/www.hotel-roessle.de\/sitemap\/","og_site_name":"4* Hotel Schwarzwald-Resort R\u00f6\u00dfle Todtmoos","article_modified_time":"2025-12-29T00:15:36+00:00","twitter_card":"summary_large_image","twitter_misc":{"Est. reading time":"1 minute"},"schema":{"@context":"https:\/\/schema.org","@graph":[{"@type":"WebPage","@id":"https:\/\/www.hotel-roessle.de\/sitemap\/","url":"https:\/\/www.hotel-roessle.de\/sitemap\/","name":"Site map - 4* Hotel Schwarzwald-Resort R\u00f6\u00dfle Todtmoos","isPartOf":{"@id":"https:\/\/www.hotel-roessle.de\/#website"},"datePublished":"2015-04-22T16:40:21+00:00","dateModified":"2025-12-29T00:15:36+00:00","breadcrumb":{"@id":"https:\/\/www.hotel-roessle.de\/sitemap\/#breadcrumb"},"inLanguage":"en-US","potentialAction":[{"@type":"ReadAction","target":["https:\/\/www.hotel-roessle.de\/sitemap\/"]}]},{"@type":"BreadcrumbList","@id":"https:\/\/www.hotel-roessle.de\/sitemap\/#breadcrumb","itemListElement":[{"@type":"ListItem","position":1,"name":"Startseite","item":"https:\/\/www.hotel-roessle.de\/en\/"},{"@type":"ListItem","position":2,"name":"Site map"}]},{"@type":"WebSite","@id":"https:\/\/www.hotel-roessle.de\/#website","url":"https:\/\/www.hotel-roessle.de\/","name":"4* Hotel Schwarzwald-Resort R\u00f6\u00dfle Todtmoos","description":"Familiengef\u00fchrtes Vier Sterne Superior Hotel in Todtmoos\/Schwarzwald","publisher":{"@id":"https:\/\/www.hotel-roessle.de\/#organization"},"potentialAction":[{"@type":"SearchAction","target":{"@type":"EntryPoint","urlTemplate":"https:\/\/www.hotel-roessle.de\/?s={search_term_string}"},"query-input":{"@type":"PropertyValueSpecification","valueRequired":true,"valueName":"search_term_string"}}],"inLanguage":"en-US"},{"@type":"Organization","@id":"https:\/\/www.hotel-roessle.de\/#organization","name":"4* Hotel Schwarzwald-Resort R\u00f6\u00dfle Todtmoos","url":"https:\/\/www.hotel-roessle.de\/","logo":{"@type":"ImageObject","inLanguage":"en-US","@id":"https:\/\/www.hotel-roessle.de\/#\/schema\/logo\/image\/","url":"https:\/\/www.hotel-roessle.de\/cms\/wp-content\/uploads\/2025\/04\/header-logo.jpg","contentUrl":"https:\/\/www.hotel-roessle.de\/cms\/wp-content\/uploads\/2025\/04\/header-logo.jpg","width":400,"height":186,"caption":"4* Hotel Schwarzwald-Resort R\u00f6\u00dfle Todtmoos"},"image":{"@id":"https:\/\/www.hotel-roessle.de\/#\/schema\/logo\/image\/"}}]}},"_links":{"self":[{"href":"https:\/\/www.hotel-roessle.de\/en\/wp-json\/wp\/v2\/pages\/1456","targetHints":{"allow":["GET"]}}],"collection":[{"href":"https:\/\/www.hotel-roessle.de\/en\/wp-json\/wp\/v2\/pages"}],"about":[{"href":"https:\/\/www.hotel-roessle.de\/en\/wp-json\/wp\/v2\/types\/page"}],"author":[{"embeddable":true,"href":"https:\/\/www.hotel-roessle.de\/en\/wp-json\/wp\/v2\/users\/1"}],"replies":[{"embeddable":true,"href":"https:\/\/www.hotel-roessle.de\/en\/wp-json\/wp\/v2\/comments?post=1456"}],"version-history":[{"count":0,"href":"https:\/\/www.hotel-roessle.de\/en\/wp-json\/wp\/v2\/pages\/1456\/revisions"}],"wp:attachment":[{"href":"https:\/\/www.hotel-roessle.de\/en\/wp-json\/wp\/v2\/media?parent=1456"}],"curies":[{"name":"wp","href":"https:\/\/api.w.org\/{rel}","templated":true}]}}