{"id":1452,"date":"2015-04-22T18:39:45","date_gmt":"2015-04-22T16:39:45","guid":{"rendered":"http:\/\/www.hotel-roessle.de\/?page_id=1452"},"modified":"2025-12-28T23:58:36","modified_gmt":"2025-12-28T22:58:36","slug":"links-en","status":"publish","type":"page","link":"https:\/\/www.hotel-roessle.de\/en\/links-en\/","title":{"rendered":"Links"},"content":{"rendered":"\t\t<div data-elementor-type=\"wp-page\" data-elementor-id=\"1452\" class=\"elementor elementor-1452 elementor-83\" data-elementor-post-type=\"page\">\n\t\t\t\t\t\t<section class=\"elementor-section elementor-top-section elementor-element elementor-element-195b70c elementor-section-full_width elementor-section-height-default elementor-section-height-default\" data-id=\"195b70c\" data-element_type=\"section\">\n\t\t\t\t\t\t<div class=\"elementor-container elementor-column-gap-default\">\n\t\t\t\t\t<div class=\"elementor-column elementor-col-100 elementor-top-column elementor-element elementor-element-f88325a\" data-id=\"f88325a\" data-element_type=\"column\">\n\t\t\t<div class=\"elementor-widget-wrap elementor-element-populated\">\n\t\t\t\t\t\t<div class=\"elementor-element elementor-element-801ab84 elementor-invisible elementor-widget elementor-widget-heading\" data-id=\"801ab84\" data-element_type=\"widget\" data-settings=\"{&quot;_animation&quot;:&quot;fadeInDown&quot;}\" data-widget_type=\"heading.default\">\n\t\t\t\t<div class=\"elementor-widget-container\">\n\t\t\t\t\t<h1 class=\"elementor-heading-title elementor-size-default\">Links<\/h1>\t\t\t\t<\/div>\n\t\t\t\t<\/div>\n\t\t\t\t<div class=\"elementor-element elementor-element-7569594 elementor-widget elementor-widget-text-editor\" data-id=\"7569594\" data-element_type=\"widget\" data-widget_type=\"text-editor.default\">\n\t\t\t\t<div class=\"elementor-widget-container\">\n\t\t\t\t\t\t\t\t\t<h2>Hotel R\u00f6\u00dfle Todtmoos<\/h2><p class=\"absatz\"><strong> Kirchberg hut <\/strong> <br clear=\"none\" \/>Learn about the hut nextdoor, which can also be rented <br clear=\"none\" \/><a class=\"externlink\" href=\"http:\/\/www.kirchberg-huette.de\/\" target=\"_blank\" rel=\"noopener\"> www.kirchberg-huette.de <\/a><\/p><p class=\"absatz\"><strong> About the history of the Hotel R\u00f6\u00dfle <\/strong> <br clear=\"none\" \/><a class=\"externlink\" href=\"http:\/\/www.historische-gasthaeuser.de\/de\/gasthaus\/details.php?id=9\" target=\"_blank\" rel=\"noopener\"> www.historische-gasthaeuser.de <\/a><\/p><p class=\"absatz\"><strong> Todtmoos, a family friendly resort <\/strong> <br clear=\"none\" \/><a class=\"externlink\" href=\"http:\/\/www.familien-ferien.de\/\" target=\"_blank\" rel=\"noopener\"> www.familien-ferien.de <\/a><\/p><p class=\"absatz\"><strong> Aktives Todtmoos e.V. <\/strong> <br clear=\"none\" \/>Represents activity in Todtmoos and is an association of crafts, trade, restaurants, services, and private clubs, community and tourism <br clear=\"none\" \/><a class=\"externlink\" href=\"http:\/\/www.aktives-todtmoos.de\/\" target=\"_blank\" rel=\"noopener\"> www.aktives-todtmoos.de <\/a><\/p><h2>Activities in the vicinity of the hotel<\/h2><p class=\"absatz\"><strong> The Loipenzentrum in Bernau <\/strong> <br clear=\"none\" \/><a class=\"externlink\" href=\"http:\/\/www.loipenzentrum.de\/\" target=\"_blank\" rel=\"noopener\">www.loipenzentrum.de <\/a><\/p><p class=\"absatz\"><strong> Ski Club Hotzenwald e.V. <\/strong> <br clear=\"none\" \/><a class=\"externlink\" href=\"http:\/\/www.loipen-hotzenwald.de\/\" target=\"_blank\" rel=\"noopener\"> www.loipen-hotzenwald.de <\/a><\/p><h2>Conveniant information<\/h2><p class=\"absatz\"><strong>Timetable of the Deutsche Bahn (DB) <\/strong> <br clear=\"none\" \/><a class=\"externlink\" href=\"http:\/\/www.bahn.de\/\" target=\"_blank\" rel=\"noopener\"> www.bahn.de <\/a><\/p><p class=\"absatz\"><strong>Timetable of the Schweizer Bundesbahn (SBB) <\/strong> <br clear=\"none\" \/><a class=\"externlink\" href=\"http:\/\/www.sbb.ch\/\" target=\"_blank\" rel=\"noopener\"> www.sbb.ch <\/a><\/p><p class=\"absatz\"><strong>Euro Airport Basel-Mulhouse-Freiburg<\/strong> <br clear=\"none\" \/><a class=\"externlink\" href=\"http:\/\/www.euroairport.com\/\" target=\"_blank\" rel=\"noopener\"> www.euroairport.com <\/a><\/p><p class=\"absatz\"><strong>Zurich International Airport<\/strong> <br clear=\"none\" \/><a class=\"externlink\" href=\"http:\/\/www.flughafen-zuerich.ch\/\" target=\"_blank\" rel=\"noopener\"> www.flughafen-zuerich.ch <\/a><\/p><h2>Our suppliers<\/h2><p><strong> Brewery Waldhaus, the brand of beer types! <\/strong> <br clear=\"none\" \/><a class=\"externlink\" href=\"http:\/\/www.waldhaus-bier.de\/\" target=\"_blank\" rel=\"noopener\"> www.waldhaus-bier.de <\/a><\/p><p class=\"absatz\"><strong> The Black Forest Beekeeper &#8220;Schwarzwaldimker&#8221; <\/strong> <br clear=\"none\" \/><a class=\"externlink\" href=\"http:\/\/www.der-schwarzwaldimker.de\/\" target=\"_blank\" rel=\"noopener\"> www.der-schwarzwaldimker.de <\/a><\/p><h2>Our craftsmen<\/h2><p class=\"absatz\">The new rooms were realized by <strong> Carpenter J\u00fcrgen Maier <\/strong> <br clear=\"none\" \/><a class=\"externlink\" href=\"http:\/\/www.schreinerei-j-maier.de\/\" target=\"_blank\" rel=\"noopener\"> www.schreinerei-j-maier.de <\/a><\/p><p class=\"absatz\"><strong> Carpentry Mutter <\/strong> <br clear=\"none\" \/><a class=\"externlink\" href=\"http:\/\/www.zimmerei-mutter.de\/\" target=\"_blank\" rel=\"noopener\"> www.zimmerei-mutter.de <\/a><\/p><h2>Other<\/h2><p class=\"absatz\"><strong>Vacation for the whole family <\/strong> <br clear=\"none\" \/><a class=\"externlink\" href=\"http:\/\/www.familydays.de\/\" target=\"_blank\" rel=\"noopener\"> www.familydays.de <\/a><\/p><p class=\"absatz\">Our <strong> panoramic images <\/strong> were realized by <br clear=\"none\" \/><a class=\"externlink\" href=\"http:\/\/www.united-web-2000.com\/\" target=\"_blank\" rel=\"noopener\"> United-Web 2000 International Network <\/a><\/p><p class=\"absatz\"><strong> The outfitters of our archery range <\/strong> <br clear=\"none\" \/><a class=\"externlink\" href=\"http:\/\/www.wiko-bogensport.de\/\" target=\"_blank\" rel=\"noopener\"> www.wiko-bogensport.de <\/a><\/p><p class=\"absatz\"><strong> Ski school in Todtmoos <\/strong> <br clear=\"none\" \/><a class=\"externlink\" href=\"http:\/\/www.skischule-todtmoos.com\/\" target=\"_blank\" rel=\"noopener\"> www.skischule-todtmoos.com <\/a><\/p><p class=\"absatz\"><strong> Naturparkwirte in the southern Black Forest <\/strong> <br clear=\"none\" \/><a class=\"externlink\" href=\"http:\/\/www.naturparkwirte.de\/\" target=\"_blank\" rel=\"noopener\"> www.naturparkwirte.de <\/a><\/p><p class=\"absatz\"><strong> Black Forest hiking <\/strong> <br clear=\"none\" \/>Summer and winter, Black Forest hiking and excursions, hotel deals, events etc. <br clear=\"none\" \/><a class=\"externlink\" href=\"http:\/\/www.schwarzwald-erlebnisse.de\/\" target=\"_blank\" rel=\"noopener\"> www.schwarzwald-erlebnisse.de <\/a><\/p><p class=\"absatz\"><strong> Murder Mystery Dinner with the Ensemble FREISTIL <\/strong> <br clear=\"none\" \/><a class=\"externlink\" href=\"http:\/\/www.freistil-theater.de\/\" target=\"_blank\" rel=\"noopener\"> www.freistil-theater.de <\/a><\/p><p class=\"absatz\"><strong> Schwarzwaldspitze <\/strong> <br clear=\"none\" \/>Dancing bar, restaurant, party disco <br clear=\"none\" \/><a class=\"externlink\" href=\"http:\/\/www.schwarzwaldspitze.de\/\" target=\"_blank\" rel=\"noopener\"> www.schwarzwaldspitze.de <\/a><\/p><p class=\"absatz\"><strong>Destination in Switzerland <\/strong> <br clear=\"none\" \/><a class=\"externlink\" href=\"http:\/\/www.belchen-schweiz.ch\/\" target=\"_blank\" rel=\"noopener\"> www.belchen-schweiz.ch <\/a><\/p>\t\t\t\t\t\t\t\t<\/div>\n\t\t\t\t<\/div>\n\t\t\t\t\t<\/div>\n\t\t<\/div>\n\t\t\t\t\t<\/div>\n\t\t<\/section>\n\t\t\t\t<\/div>\n\t\t","protected":false},"excerpt":{"rendered":"<p>Links Hotel R\u00f6\u00dfle Todtmoos Kirchberg hut Learn about the hut nextdoor, which can also be rented www.kirchberg-huette.de About the history of the Hotel R\u00f6\u00dfle www.historische-gasthaeuser.de Todtmoos, a family friendly resort www.familien-ferien.de Aktives Todtmoos e.V. Represents activity in Todtmoos and is an association of crafts, trade, restaurants, services, and private clubs, community and tourism www.aktives-todtmoos.de Activities [&hellip;]<\/p>\n","protected":false},"author":1,"featured_media":0,"parent":0,"menu_order":212,"comment_status":"closed","ping_status":"closed","template":"","meta":{"_acf_changed":false,"_glsr_average":0,"_glsr_ranking":0,"_glsr_reviews":0,"footnotes":""},"class_list":["post-1452","page","type-page","status-publish","hentry"],"acf":[],"yoast_head":"<!-- This site is optimized with the Yoast SEO plugin v26.6 - https:\/\/yoast.com\/wordpress\/plugins\/seo\/ -->\n<title>Links - 4* Hotel Schwarzwald-Resort R\u00f6\u00dfle Todtmoos<\/title>\n<meta name=\"robots\" content=\"index, follow, max-snippet:-1, max-image-preview:large, max-video-preview:-1\" \/>\n<link rel=\"canonical\" href=\"https:\/\/www.hotel-roessle.de\/links\/\" \/>\n<meta property=\"og:locale\" content=\"en_US\" \/>\n<meta property=\"og:type\" content=\"article\" \/>\n<meta property=\"og:title\" content=\"Links - 4* Hotel Schwarzwald-Resort R\u00f6\u00dfle Todtmoos\" \/>\n<meta property=\"og:description\" content=\"Links Hotel R\u00f6\u00dfle Todtmoos Kirchberg hut Learn about the hut nextdoor, which can also be rented www.kirchberg-huette.de About the history of the Hotel R\u00f6\u00dfle www.historische-gasthaeuser.de Todtmoos, a family friendly resort www.familien-ferien.de Aktives Todtmoos e.V. Represents activity in Todtmoos and is an association of crafts, trade, restaurants, services, and private clubs, community and tourism www.aktives-todtmoos.de Activities [&hellip;]\" \/>\n<meta property=\"og:url\" content=\"https:\/\/www.hotel-roessle.de\/links\/\" \/>\n<meta property=\"og:site_name\" content=\"4* Hotel Schwarzwald-Resort R\u00f6\u00dfle Todtmoos\" \/>\n<meta property=\"article:modified_time\" content=\"2025-12-28T22:58:36+00:00\" \/>\n<meta name=\"twitter:card\" content=\"summary_large_image\" \/>\n<meta name=\"twitter:label1\" content=\"Est. reading time\" \/>\n\t<meta name=\"twitter:data1\" content=\"1 minute\" \/>\n<script type=\"application\/ld+json\" class=\"yoast-schema-graph\">{\"@context\":\"https:\/\/schema.org\",\"@graph\":[{\"@type\":\"WebPage\",\"@id\":\"https:\/\/www.hotel-roessle.de\/links\/\",\"url\":\"https:\/\/www.hotel-roessle.de\/links\/\",\"name\":\"Links - 4* Hotel Schwarzwald-Resort R\u00f6\u00dfle Todtmoos\",\"isPartOf\":{\"@id\":\"https:\/\/www.hotel-roessle.de\/#website\"},\"datePublished\":\"2015-04-22T16:39:45+00:00\",\"dateModified\":\"2025-12-28T22:58:36+00:00\",\"breadcrumb\":{\"@id\":\"https:\/\/www.hotel-roessle.de\/links\/#breadcrumb\"},\"inLanguage\":\"en-US\",\"potentialAction\":[{\"@type\":\"ReadAction\",\"target\":[\"https:\/\/www.hotel-roessle.de\/links\/\"]}]},{\"@type\":\"BreadcrumbList\",\"@id\":\"https:\/\/www.hotel-roessle.de\/links\/#breadcrumb\",\"itemListElement\":[{\"@type\":\"ListItem\",\"position\":1,\"name\":\"Startseite\",\"item\":\"https:\/\/www.hotel-roessle.de\/en\/\"},{\"@type\":\"ListItem\",\"position\":2,\"name\":\"Links\"}]},{\"@type\":\"WebSite\",\"@id\":\"https:\/\/www.hotel-roessle.de\/#website\",\"url\":\"https:\/\/www.hotel-roessle.de\/\",\"name\":\"4* Hotel Schwarzwald-Resort R\u00f6\u00dfle Todtmoos\",\"description\":\"Familiengef\u00fchrtes Vier Sterne Superior Hotel in Todtmoos\/Schwarzwald\",\"publisher\":{\"@id\":\"https:\/\/www.hotel-roessle.de\/#organization\"},\"potentialAction\":[{\"@type\":\"SearchAction\",\"target\":{\"@type\":\"EntryPoint\",\"urlTemplate\":\"https:\/\/www.hotel-roessle.de\/?s={search_term_string}\"},\"query-input\":{\"@type\":\"PropertyValueSpecification\",\"valueRequired\":true,\"valueName\":\"search_term_string\"}}],\"inLanguage\":\"en-US\"},{\"@type\":\"Organization\",\"@id\":\"https:\/\/www.hotel-roessle.de\/#organization\",\"name\":\"4* Hotel Schwarzwald-Resort R\u00f6\u00dfle Todtmoos\",\"url\":\"https:\/\/www.hotel-roessle.de\/\",\"logo\":{\"@type\":\"ImageObject\",\"inLanguage\":\"en-US\",\"@id\":\"https:\/\/www.hotel-roessle.de\/#\/schema\/logo\/image\/\",\"url\":\"https:\/\/www.hotel-roessle.de\/cms\/wp-content\/uploads\/2025\/04\/header-logo.jpg\",\"contentUrl\":\"https:\/\/www.hotel-roessle.de\/cms\/wp-content\/uploads\/2025\/04\/header-logo.jpg\",\"width\":400,\"height\":186,\"caption\":\"4* Hotel Schwarzwald-Resort R\u00f6\u00dfle Todtmoos\"},\"image\":{\"@id\":\"https:\/\/www.hotel-roessle.de\/#\/schema\/logo\/image\/\"}}]}<\/script>\n<!-- \/ Yoast SEO plugin. -->","yoast_head_json":{"title":"Links - 4* Hotel Schwarzwald-Resort R\u00f6\u00dfle Todtmoos","robots":{"index":"index","follow":"follow","max-snippet":"max-snippet:-1","max-image-preview":"max-image-preview:large","max-video-preview":"max-video-preview:-1"},"canonical":"https:\/\/www.hotel-roessle.de\/links\/","og_locale":"en_US","og_type":"article","og_title":"Links - 4* Hotel Schwarzwald-Resort R\u00f6\u00dfle Todtmoos","og_description":"Links Hotel R\u00f6\u00dfle Todtmoos Kirchberg hut Learn about the hut nextdoor, which can also be rented www.kirchberg-huette.de About the history of the Hotel R\u00f6\u00dfle www.historische-gasthaeuser.de Todtmoos, a family friendly resort www.familien-ferien.de Aktives Todtmoos e.V. Represents activity in Todtmoos and is an association of crafts, trade, restaurants, services, and private clubs, community and tourism www.aktives-todtmoos.de Activities [&hellip;]","og_url":"https:\/\/www.hotel-roessle.de\/links\/","og_site_name":"4* Hotel Schwarzwald-Resort R\u00f6\u00dfle Todtmoos","article_modified_time":"2025-12-28T22:58:36+00:00","twitter_card":"summary_large_image","twitter_misc":{"Est. reading time":"1 minute"},"schema":{"@context":"https:\/\/schema.org","@graph":[{"@type":"WebPage","@id":"https:\/\/www.hotel-roessle.de\/links\/","url":"https:\/\/www.hotel-roessle.de\/links\/","name":"Links - 4* Hotel Schwarzwald-Resort R\u00f6\u00dfle Todtmoos","isPartOf":{"@id":"https:\/\/www.hotel-roessle.de\/#website"},"datePublished":"2015-04-22T16:39:45+00:00","dateModified":"2025-12-28T22:58:36+00:00","breadcrumb":{"@id":"https:\/\/www.hotel-roessle.de\/links\/#breadcrumb"},"inLanguage":"en-US","potentialAction":[{"@type":"ReadAction","target":["https:\/\/www.hotel-roessle.de\/links\/"]}]},{"@type":"BreadcrumbList","@id":"https:\/\/www.hotel-roessle.de\/links\/#breadcrumb","itemListElement":[{"@type":"ListItem","position":1,"name":"Startseite","item":"https:\/\/www.hotel-roessle.de\/en\/"},{"@type":"ListItem","position":2,"name":"Links"}]},{"@type":"WebSite","@id":"https:\/\/www.hotel-roessle.de\/#website","url":"https:\/\/www.hotel-roessle.de\/","name":"4* Hotel Schwarzwald-Resort R\u00f6\u00dfle Todtmoos","description":"Familiengef\u00fchrtes Vier Sterne Superior Hotel in Todtmoos\/Schwarzwald","publisher":{"@id":"https:\/\/www.hotel-roessle.de\/#organization"},"potentialAction":[{"@type":"SearchAction","target":{"@type":"EntryPoint","urlTemplate":"https:\/\/www.hotel-roessle.de\/?s={search_term_string}"},"query-input":{"@type":"PropertyValueSpecification","valueRequired":true,"valueName":"search_term_string"}}],"inLanguage":"en-US"},{"@type":"Organization","@id":"https:\/\/www.hotel-roessle.de\/#organization","name":"4* Hotel Schwarzwald-Resort R\u00f6\u00dfle Todtmoos","url":"https:\/\/www.hotel-roessle.de\/","logo":{"@type":"ImageObject","inLanguage":"en-US","@id":"https:\/\/www.hotel-roessle.de\/#\/schema\/logo\/image\/","url":"https:\/\/www.hotel-roessle.de\/cms\/wp-content\/uploads\/2025\/04\/header-logo.jpg","contentUrl":"https:\/\/www.hotel-roessle.de\/cms\/wp-content\/uploads\/2025\/04\/header-logo.jpg","width":400,"height":186,"caption":"4* Hotel Schwarzwald-Resort R\u00f6\u00dfle Todtmoos"},"image":{"@id":"https:\/\/www.hotel-roessle.de\/#\/schema\/logo\/image\/"}}]}},"_links":{"self":[{"href":"https:\/\/www.hotel-roessle.de\/en\/wp-json\/wp\/v2\/pages\/1452","targetHints":{"allow":["GET"]}}],"collection":[{"href":"https:\/\/www.hotel-roessle.de\/en\/wp-json\/wp\/v2\/pages"}],"about":[{"href":"https:\/\/www.hotel-roessle.de\/en\/wp-json\/wp\/v2\/types\/page"}],"author":[{"embeddable":true,"href":"https:\/\/www.hotel-roessle.de\/en\/wp-json\/wp\/v2\/users\/1"}],"replies":[{"embeddable":true,"href":"https:\/\/www.hotel-roessle.de\/en\/wp-json\/wp\/v2\/comments?post=1452"}],"version-history":[{"count":0,"href":"https:\/\/www.hotel-roessle.de\/en\/wp-json\/wp\/v2\/pages\/1452\/revisions"}],"wp:attachment":[{"href":"https:\/\/www.hotel-roessle.de\/en\/wp-json\/wp\/v2\/media?parent=1452"}],"curies":[{"name":"wp","href":"https:\/\/api.w.org\/{rel}","templated":true}]}}