{"id":1195,"date":"2015-04-22T12:08:07","date_gmt":"2015-04-22T10:08:07","guid":{"rendered":"http:\/\/www.hotel-roessle.de\/?page_id=1195"},"modified":"2025-04-24T18:00:32","modified_gmt":"2025-04-24T16:00:32","slug":"around-the-roessle","status":"publish","type":"page","link":"https:\/\/www.hotel-roessle.de\/en\/resort\/around-the-roessle\/","title":{"rendered":"Around the R\u00f6ssle"},"content":{"rendered":"<h2>Main House<\/h2>\n<p class=\"absatz\"><a title=\"Around the R\u00f6\u00dfle\" href=\"https:\/\/www.hotel-roessle.de\/cms\/wp-content\/themes\/hello-elementor-child\/images\/roessle\/gr\/haupthaus.jpg\" rel=\"lightbox-roessle\"><img decoding=\"async\" class=\"imgfloat\" src=\"https:\/\/www.hotel-roessle.de\/cms\/wp-content\/themes\/hello-elementor-child\/images\/roessle\/haupthaus.jpg\" \/><\/a><a title=\"Around the R\u00f6\u00dfle\" href=\"https:\/\/www.hotel-roessle.de\/cms\/wp-content\/themes\/hello-elementor-child\/images\/roessle\/gr\/haupthaus2.jpg\" rel=\"lightbox-roessle\"><img decoding=\"async\" class=\"imgfloat\" src=\"https:\/\/www.hotel-roessle.de\/cms\/wp-content\/themes\/hello-elementor-child\/images\/roessle\/haupthaus2.jpg\" \/><\/a><\/p>\n<h2>Ecological Wooden House<\/h2>\n<p class=\"absatz\"><a title=\"Around the R\u00f6\u00dfle\" href=\"https:\/\/www.hotel-roessle.de\/cms\/wp-content\/themes\/hello-elementor-child\/images\/roessle\/gr\/oekologisches-holzhaus.jpg\" rel=\"lightbox-roessle\"><img decoding=\"async\" class=\"imgfloat\" src=\"https:\/\/www.hotel-roessle.de\/cms\/wp-content\/themes\/hello-elementor-child\/images\/roessle\/oekologisches-holzhaus.jpg\" \/><\/a>Stay in the comfortable apartments of our modern Ecological Wooden House and experience the special atmosphere of wood and natural materials &#8211; a unique accommodation in Todtmoos and certainly a rarity throughout the Black Forest.<\/p>\n<h2>Wellness area<\/h2>\n<p class=\"absatz\"><a title=\"Around the R\u00f6\u00dfle\" href=\"https:\/\/www.hotel-roessle.de\/cms\/wp-content\/themes\/hello-elementor-child\/images\/roessle\/gr\/wellness.jpg\" rel=\"lightbox-roessle\"><img decoding=\"async\" class=\"imgfloat\" src=\"https:\/\/www.hotel-roessle.de\/cms\/wp-content\/themes\/hello-elementor-child\/images\/roessle\/wellness.jpg\" \/><\/a><a title=\"Around the R\u00f6\u00dfle\" href=\"https:\/\/www.hotel-roessle.de\/cms\/wp-content\/themes\/hello-elementor-child\/images\/roessle\/gr\/wellness2.jpg\" rel=\"lightbox-roessle\"><img decoding=\"async\" class=\"imgfloat\" src=\"https:\/\/www.hotel-roessle.de\/cms\/wp-content\/themes\/hello-elementor-child\/images\/roessle\/wellness2.jpg\" \/><\/a><\/p>\n<p class=\"absatz\">Look forward to 350m\u00b2 of spa with Finnish sauna, Roman steam bath, whirlpool tubs, showers, textile sauna, relaxation room, massage rooms, dry sauna and indoor swimming pool.<\/p>\n<h2>Pavilion in the park<\/h2>\n<p class=\"absatz\"><a title=\"Around the R\u00f6\u00dfle\" href=\"https:\/\/www.hotel-roessle.de\/cms\/wp-content\/themes\/hello-elementor-child\/images\/roessle\/gr\/pavillon.jpg\" rel=\"lightbox-roessle\"><img decoding=\"async\" class=\"imgfloat\" src=\"https:\/\/www.hotel-roessle.de\/cms\/wp-content\/themes\/hello-elementor-child\/images\/roessle\/pavillon.jpg\" \/><\/a><a title=\"Around the R\u00f6\u00dfle\" href=\"https:\/\/www.hotel-roessle.de\/cms\/wp-content\/themes\/hello-elementor-child\/images\/roessle\/gr\/pavillon2.jpg\" rel=\"lightbox-roessle\"><img decoding=\"async\" class=\"imgfloat\" src=\"https:\/\/www.hotel-roessle.de\/cms\/wp-content\/themes\/hello-elementor-child\/images\/roessle\/pavillon2.jpg\" \/><\/a><\/p>\n<div class=\"break2\">\u00a0<\/div>\n<div class=\"angebot\">\n<p class=\"angebotpreis\">The special highlight: Enjoy a <a class=\"internlink\" href=\"https:\/\/www.hotel-roessle.de\/en\/restaurant-en\/pavilion\/\" target=\"_blank\" rel=\"noopener\">romantic dinner at the Pavilion<\/a> !<\/p>\n<\/div>\n<h2>Vesperh\u00fcsli<\/h2>\n<p class=\"absatz\"><a title=\"Around the R\u00f6\u00dfle\" href=\"https:\/\/www.hotel-roessle.de\/cms\/wp-content\/themes\/hello-elementor-child\/images\/roessle\/gr\/vesperhaeuschen.jpg\" rel=\"lightbox-roessle\"><img decoding=\"async\" class=\"imgfloat\" src=\"https:\/\/www.hotel-roessle.de\/cms\/wp-content\/themes\/hello-elementor-child\/images\/roessle\/vesperhaeuschen.jpg\" \/><\/a>Take a time off for a few hours in our <strong>little snack hut &#8220;Vesperh\u00fcsli&#8221;<\/strong> with iron stove near the archery range. <br clear=\"none\" \/><br \/>\nIn the summer, this is the perfect place to exclusively empty a tea time basket (&#8220;Vesperkorb&#8221;) we have provided you with, and enjoy the beautiful view over the valley.<\/p>\n<p class=\"absatz\">This <strong>Vesperkorb<\/strong> is equipped with 2 bottles of either 0.33 liters of beer \/ Coca Cola \/ Fanta or 0.5 liters of mineral water. It comes with a tasty snack of Black Forest ham and bacon, blood sausage and liver sausage, pork in aspic, Landj\u00e4ger sausage, cheese, coarse rye bread and 2 cl kirsch. <br clear=\"none\" \/><br \/>\nYou get the Vesperkorb in our restaurant. In the Vesperh\u00fcsli, firewood is available, allowing you to heat up the <strong> iron stove <\/strong> yourself.<\/p>\n<div class=\"angebot\">\n<p class=\"angebotpreis\">Price per person (including rental and firewood) \u20ac 15.00<\/p>\n<\/div>\n<p class=\"absatz\">We are looking forward to your reservations by phone ( +49 7674 \/ 90660 ) <br clear=\"none\" \/><br \/>\nor by e-mail ( <script type=\"text\/javascript\" language=\"JavaScript\">\/\/ <![CDATA[\n    var xname = \"info\";\n    var xendung = \"hotel-roessle.de\";\n    document.write('\\<a href=\\\"mailto:' + xname + '@' + xendung + '\">');\n    document.write(xname + '@' + xendung + '<\/a>');\n    \/\/ ]]&gt;<\/script> ) entgegen.<\/p>\n\n\n\n\n<h2>The Kirchberg Hut<\/h2>\n\n\n\n\n<p class=\"absatz\"><a title=\"Around the R\u00f6\u00dfle\" href=\"https:\/\/www.hotel-roessle.de\/cms\/wp-content\/themes\/hello-elementor-child\/images\/roessle\/gr\/kirchberghuette.jpg\" rel=\"lightbox-roessle\"><img decoding=\"async\" class=\"imgfloat\" src=\"https:\/\/www.hotel-roessle.de\/cms\/wp-content\/themes\/hello-elementor-child\/images\/roessle\/kirchberghuette.jpg\" \/><\/a>Directly opposite our hotel, this spacious Black Forest wooden hut with its two separate parts (19 and 23 beds) offers room for small and large groups such as societies and clubs, for celebrations and parties of the whole family.<\/p>\n\n\n\n\n<div class=\"break\">\u00a0<\/div>\n\n\n\n\n<p class=\"absatz\">More information is available on the website <a class=\"externlink\" href=\"http:\/\/www.kirchberg-huette.de\" target=\"_blank\" rel=\"noopener\">www.kirchberg-huette.de<\/a><\/p>\n\n\n\n\n<div class=\"angebot\">\n\n\n<p class=\"angebotpreis\"><a class=\"externlink\" href=\"http:\/\/www.kirchberg-huette.de\/index.php?id=4\" target=\"_blank\" rel=\"noopener\">\u00bb Hut prices<\/a><\/p>\n\n\n<\/div>\n\n\n\n\n<h2>Chapel<\/h2>\n\n\n\n\n<p class=\"absatz\"><a title=\"Around the R\u00f6\u00dfle\" href=\"https:\/\/www.hotel-roessle.de\/cms\/wp-content\/themes\/hello-elementor-child\/images\/roessle\/gr\/kapelle.jpg\" rel=\"lightbox-roessle\"><img decoding=\"async\" class=\"imgfloat\" src=\"https:\/\/www.hotel-roessle.de\/cms\/wp-content\/themes\/hello-elementor-child\/images\/roessle\/kapelle.jpg\" \/><\/a>Our chapel is not just a nice stop for hikers, but also the ideal place for a wedding ceremony with a small number of people.<\/p>\n\n\n\n\n<div class=\"angebot\">\n\n\n<p class=\"angebotpreis\">Please explore\u00a0 <a class=\"internlink\" href=\"https:\/\/www.hotel-roessle.de\/en\/hotel-prices\/wedding-in-todtmoos\/\" target=\"_blank\" rel=\"noopener\">&#8220;Wedding in Todtmoos&#8221;<\/a><\/p>\n\n\n<\/div>\n\n\n\n\n<div class=\"break2\">\u00a0<\/div>\n\n\n<\/p>\n","protected":false},"excerpt":{"rendered":"<p>Main House Ecological Wooden House Stay in the comfortable apartments of our modern Ecological Wooden House and experience the special atmosphere of wood and natural materials &#8211; a unique accommodation in Todtmoos and certainly a rarity throughout the Black Forest. Wellness area Look forward to 350m\u00b2 of spa with Finnish sauna, Roman steam bath, whirlpool [&hellip;]<\/p>\n","protected":false},"author":1,"featured_media":0,"parent":1399,"menu_order":177,"comment_status":"closed","ping_status":"closed","template":"","meta":{"_acf_changed":false,"_glsr_average":0,"_glsr_ranking":0,"_glsr_reviews":0,"footnotes":""},"class_list":["post-1195","page","type-page","status-publish","hentry"],"acf":[],"yoast_head":"<!-- This site is optimized with the Yoast SEO plugin v26.6 - https:\/\/yoast.com\/wordpress\/plugins\/seo\/ -->\n<title>Around the R\u00f6ssle - 4* Hotel Schwarzwald-Resort R\u00f6\u00dfle Todtmoos<\/title>\n<meta name=\"robots\" content=\"index, follow, max-snippet:-1, max-image-preview:large, max-video-preview:-1\" \/>\n<link rel=\"canonical\" href=\"https:\/\/www.hotel-roessle.de\/en\/welcome\/around-the-roessle\/\" \/>\n<meta property=\"og:locale\" content=\"en_US\" \/>\n<meta property=\"og:type\" content=\"article\" \/>\n<meta property=\"og:title\" content=\"Around the R\u00f6ssle - 4* Hotel Schwarzwald-Resort R\u00f6\u00dfle Todtmoos\" \/>\n<meta property=\"og:description\" content=\"Main House Ecological Wooden House Stay in the comfortable apartments of our modern Ecological Wooden House and experience the special atmosphere of wood and natural materials &#8211; a unique accommodation in Todtmoos and certainly a rarity throughout the Black Forest. Wellness area Look forward to 350m\u00b2 of spa with Finnish sauna, Roman steam bath, whirlpool [&hellip;]\" \/>\n<meta property=\"og:url\" content=\"https:\/\/www.hotel-roessle.de\/en\/welcome\/around-the-roessle\/\" \/>\n<meta property=\"og:site_name\" content=\"4* Hotel Schwarzwald-Resort R\u00f6\u00dfle Todtmoos\" \/>\n<meta property=\"article:modified_time\" content=\"2025-04-24T16:00:32+00:00\" \/>\n<meta name=\"twitter:card\" content=\"summary_large_image\" \/>\n<meta name=\"twitter:label1\" content=\"Est. reading time\" \/>\n\t<meta name=\"twitter:data1\" content=\"2 minutes\" \/>\n<script type=\"application\/ld+json\" class=\"yoast-schema-graph\">{\"@context\":\"https:\/\/schema.org\",\"@graph\":[{\"@type\":\"WebPage\",\"@id\":\"https:\/\/www.hotel-roessle.de\/en\/welcome\/around-the-roessle\/\",\"url\":\"https:\/\/www.hotel-roessle.de\/en\/welcome\/around-the-roessle\/\",\"name\":\"Around the R\u00f6ssle - 4* Hotel Schwarzwald-Resort R\u00f6\u00dfle Todtmoos\",\"isPartOf\":{\"@id\":\"https:\/\/www.hotel-roessle.de\/#website\"},\"primaryImageOfPage\":{\"@id\":\"https:\/\/www.hotel-roessle.de\/en\/welcome\/around-the-roessle\/#primaryimage\"},\"image\":{\"@id\":\"https:\/\/www.hotel-roessle.de\/en\/welcome\/around-the-roessle\/#primaryimage\"},\"thumbnailUrl\":\"https:\/\/www.hotel-roessle.de\/cms\/wp-content\/themes\/hello-elementor-child\/images\/roessle\/haupthaus.jpg\",\"datePublished\":\"2015-04-22T10:08:07+00:00\",\"dateModified\":\"2025-04-24T16:00:32+00:00\",\"breadcrumb\":{\"@id\":\"https:\/\/www.hotel-roessle.de\/en\/welcome\/around-the-roessle\/#breadcrumb\"},\"inLanguage\":\"en-US\",\"potentialAction\":[{\"@type\":\"ReadAction\",\"target\":[\"https:\/\/www.hotel-roessle.de\/en\/welcome\/around-the-roessle\/\"]}]},{\"@type\":\"ImageObject\",\"inLanguage\":\"en-US\",\"@id\":\"https:\/\/www.hotel-roessle.de\/en\/welcome\/around-the-roessle\/#primaryimage\",\"url\":\"https:\/\/www.hotel-roessle.de\/cms\/wp-content\/themes\/hello-elementor-child\/images\/roessle\/haupthaus.jpg\",\"contentUrl\":\"https:\/\/www.hotel-roessle.de\/cms\/wp-content\/themes\/hello-elementor-child\/images\/roessle\/haupthaus.jpg\"},{\"@type\":\"BreadcrumbList\",\"@id\":\"https:\/\/www.hotel-roessle.de\/en\/welcome\/around-the-roessle\/#breadcrumb\",\"itemListElement\":[{\"@type\":\"ListItem\",\"position\":1,\"name\":\"Startseite\",\"item\":\"https:\/\/www.hotel-roessle.de\/en\/\"},{\"@type\":\"ListItem\",\"position\":2,\"name\":\"Welcome\",\"item\":\"https:\/\/www.hotel-roessle.de\/en\/\"},{\"@type\":\"ListItem\",\"position\":3,\"name\":\"Around the R\u00f6ssle\"}]},{\"@type\":\"WebSite\",\"@id\":\"https:\/\/www.hotel-roessle.de\/#website\",\"url\":\"https:\/\/www.hotel-roessle.de\/\",\"name\":\"4* Hotel Schwarzwald-Resort R\u00f6\u00dfle Todtmoos\",\"description\":\"Familiengef\u00fchrtes Vier Sterne Superior Hotel in Todtmoos\/Schwarzwald\",\"publisher\":{\"@id\":\"https:\/\/www.hotel-roessle.de\/#organization\"},\"potentialAction\":[{\"@type\":\"SearchAction\",\"target\":{\"@type\":\"EntryPoint\",\"urlTemplate\":\"https:\/\/www.hotel-roessle.de\/?s={search_term_string}\"},\"query-input\":{\"@type\":\"PropertyValueSpecification\",\"valueRequired\":true,\"valueName\":\"search_term_string\"}}],\"inLanguage\":\"en-US\"},{\"@type\":\"Organization\",\"@id\":\"https:\/\/www.hotel-roessle.de\/#organization\",\"name\":\"4* Hotel Schwarzwald-Resort R\u00f6\u00dfle Todtmoos\",\"url\":\"https:\/\/www.hotel-roessle.de\/\",\"logo\":{\"@type\":\"ImageObject\",\"inLanguage\":\"en-US\",\"@id\":\"https:\/\/www.hotel-roessle.de\/#\/schema\/logo\/image\/\",\"url\":\"https:\/\/www.hotel-roessle.de\/cms\/wp-content\/uploads\/2025\/04\/header-logo.jpg\",\"contentUrl\":\"https:\/\/www.hotel-roessle.de\/cms\/wp-content\/uploads\/2025\/04\/header-logo.jpg\",\"width\":400,\"height\":186,\"caption\":\"4* Hotel Schwarzwald-Resort R\u00f6\u00dfle Todtmoos\"},\"image\":{\"@id\":\"https:\/\/www.hotel-roessle.de\/#\/schema\/logo\/image\/\"}}]}<\/script>\n<!-- \/ Yoast SEO plugin. -->","yoast_head_json":{"title":"Around the R\u00f6ssle - 4* Hotel Schwarzwald-Resort R\u00f6\u00dfle Todtmoos","robots":{"index":"index","follow":"follow","max-snippet":"max-snippet:-1","max-image-preview":"max-image-preview:large","max-video-preview":"max-video-preview:-1"},"canonical":"https:\/\/www.hotel-roessle.de\/en\/welcome\/around-the-roessle\/","og_locale":"en_US","og_type":"article","og_title":"Around the R\u00f6ssle - 4* Hotel Schwarzwald-Resort R\u00f6\u00dfle Todtmoos","og_description":"Main House Ecological Wooden House Stay in the comfortable apartments of our modern Ecological Wooden House and experience the special atmosphere of wood and natural materials &#8211; a unique accommodation in Todtmoos and certainly a rarity throughout the Black Forest. Wellness area Look forward to 350m\u00b2 of spa with Finnish sauna, Roman steam bath, whirlpool [&hellip;]","og_url":"https:\/\/www.hotel-roessle.de\/en\/welcome\/around-the-roessle\/","og_site_name":"4* Hotel Schwarzwald-Resort R\u00f6\u00dfle Todtmoos","article_modified_time":"2025-04-24T16:00:32+00:00","twitter_card":"summary_large_image","twitter_misc":{"Est. reading time":"2 minutes"},"schema":{"@context":"https:\/\/schema.org","@graph":[{"@type":"WebPage","@id":"https:\/\/www.hotel-roessle.de\/en\/welcome\/around-the-roessle\/","url":"https:\/\/www.hotel-roessle.de\/en\/welcome\/around-the-roessle\/","name":"Around the R\u00f6ssle - 4* Hotel Schwarzwald-Resort R\u00f6\u00dfle Todtmoos","isPartOf":{"@id":"https:\/\/www.hotel-roessle.de\/#website"},"primaryImageOfPage":{"@id":"https:\/\/www.hotel-roessle.de\/en\/welcome\/around-the-roessle\/#primaryimage"},"image":{"@id":"https:\/\/www.hotel-roessle.de\/en\/welcome\/around-the-roessle\/#primaryimage"},"thumbnailUrl":"https:\/\/www.hotel-roessle.de\/cms\/wp-content\/themes\/hello-elementor-child\/images\/roessle\/haupthaus.jpg","datePublished":"2015-04-22T10:08:07+00:00","dateModified":"2025-04-24T16:00:32+00:00","breadcrumb":{"@id":"https:\/\/www.hotel-roessle.de\/en\/welcome\/around-the-roessle\/#breadcrumb"},"inLanguage":"en-US","potentialAction":[{"@type":"ReadAction","target":["https:\/\/www.hotel-roessle.de\/en\/welcome\/around-the-roessle\/"]}]},{"@type":"ImageObject","inLanguage":"en-US","@id":"https:\/\/www.hotel-roessle.de\/en\/welcome\/around-the-roessle\/#primaryimage","url":"https:\/\/www.hotel-roessle.de\/cms\/wp-content\/themes\/hello-elementor-child\/images\/roessle\/haupthaus.jpg","contentUrl":"https:\/\/www.hotel-roessle.de\/cms\/wp-content\/themes\/hello-elementor-child\/images\/roessle\/haupthaus.jpg"},{"@type":"BreadcrumbList","@id":"https:\/\/www.hotel-roessle.de\/en\/welcome\/around-the-roessle\/#breadcrumb","itemListElement":[{"@type":"ListItem","position":1,"name":"Startseite","item":"https:\/\/www.hotel-roessle.de\/en\/"},{"@type":"ListItem","position":2,"name":"Welcome","item":"https:\/\/www.hotel-roessle.de\/en\/"},{"@type":"ListItem","position":3,"name":"Around the R\u00f6ssle"}]},{"@type":"WebSite","@id":"https:\/\/www.hotel-roessle.de\/#website","url":"https:\/\/www.hotel-roessle.de\/","name":"4* Hotel Schwarzwald-Resort R\u00f6\u00dfle Todtmoos","description":"Familiengef\u00fchrtes Vier Sterne Superior Hotel in Todtmoos\/Schwarzwald","publisher":{"@id":"https:\/\/www.hotel-roessle.de\/#organization"},"potentialAction":[{"@type":"SearchAction","target":{"@type":"EntryPoint","urlTemplate":"https:\/\/www.hotel-roessle.de\/?s={search_term_string}"},"query-input":{"@type":"PropertyValueSpecification","valueRequired":true,"valueName":"search_term_string"}}],"inLanguage":"en-US"},{"@type":"Organization","@id":"https:\/\/www.hotel-roessle.de\/#organization","name":"4* Hotel Schwarzwald-Resort R\u00f6\u00dfle Todtmoos","url":"https:\/\/www.hotel-roessle.de\/","logo":{"@type":"ImageObject","inLanguage":"en-US","@id":"https:\/\/www.hotel-roessle.de\/#\/schema\/logo\/image\/","url":"https:\/\/www.hotel-roessle.de\/cms\/wp-content\/uploads\/2025\/04\/header-logo.jpg","contentUrl":"https:\/\/www.hotel-roessle.de\/cms\/wp-content\/uploads\/2025\/04\/header-logo.jpg","width":400,"height":186,"caption":"4* Hotel Schwarzwald-Resort R\u00f6\u00dfle Todtmoos"},"image":{"@id":"https:\/\/www.hotel-roessle.de\/#\/schema\/logo\/image\/"}}]}},"_links":{"self":[{"href":"https:\/\/www.hotel-roessle.de\/en\/wp-json\/wp\/v2\/pages\/1195","targetHints":{"allow":["GET"]}}],"collection":[{"href":"https:\/\/www.hotel-roessle.de\/en\/wp-json\/wp\/v2\/pages"}],"about":[{"href":"https:\/\/www.hotel-roessle.de\/en\/wp-json\/wp\/v2\/types\/page"}],"author":[{"embeddable":true,"href":"https:\/\/www.hotel-roessle.de\/en\/wp-json\/wp\/v2\/users\/1"}],"replies":[{"embeddable":true,"href":"https:\/\/www.hotel-roessle.de\/en\/wp-json\/wp\/v2\/comments?post=1195"}],"version-history":[{"count":0,"href":"https:\/\/www.hotel-roessle.de\/en\/wp-json\/wp\/v2\/pages\/1195\/revisions"}],"up":[{"embeddable":true,"href":"https:\/\/www.hotel-roessle.de\/en\/wp-json\/wp\/v2\/pages\/1399"}],"wp:attachment":[{"href":"https:\/\/www.hotel-roessle.de\/en\/wp-json\/wp\/v2\/media?parent=1195"}],"curies":[{"name":"wp","href":"https:\/\/api.w.org\/{rel}","templated":true}]}}